{"id":2069,"date":"2025-06-05T12:08:05","date_gmt":"2025-06-05T12:08:05","guid":{"rendered":"https:\/\/academiakineperineo.com\/?post_type=product&#038;p=2069"},"modified":"2025-11-05T00:00:36","modified_gmt":"2025-11-05T00:00:36","slug":"vaginismul-si-reeducarea-perineala","status":"publish","type":"product","link":"https:\/\/academiakineperineo.com\/fr\/product\/vaginismul-si-reeducarea-perineala\/","title":{"rendered":"Modul de perfec\u021bionare- VAGINISMUL \u0218I REEDUCAREA PERINEAL\u0102"},"content":{"rendered":"<p class=\"p1\"><b>Capitole <\/b><\/p>\n<p class=\"p1\"><b>Introduction <\/b><\/p>\n<ol class=\"ol1\">\n<li class=\"li2\"><b>Defini\u021bie si clasificare vaginism <\/b><\/li>\n<li class=\"li2\"><b>Impactul asupra calit\u0103\u021bii vietii <\/b><\/li>\n<li class=\"li2\"><b>Abordare multi-disciplinara<\/b><\/li>\n<li class=\"li2\"><b>Somatizarea emo\u021bional\u0103 <\/b><\/li>\n<li class=\"li2\"><b>Consim\u021b\u0103m\u00e2nt<\/b><\/li>\n<li class=\"li2\"><b>Rolul kinetoterapeutului in vaginism<\/b><\/li>\n<li class=\"li2\"><b>Tehnici de reeducare<\/b>\n<ol class=\"ol2\">\n<li class=\"li2\"><b>Educarea pacientului\u00a0<\/b><\/li>\n<li class=\"li2\"><b>Abordare externa <\/b><\/li>\n<li class=\"li2\"><b>Abordare interna <\/b><\/li>\n<\/ol>\n<\/li>\n<li class=\"li2\"><b>Auto exerci\u021bii <\/b><\/li>\n<li class=\"li2\"><b>Studiu de caz<\/b><\/li>\n<li class=\"li2\"><b>Concluzii <\/b><\/li>\n<\/ol>","protected":false},"excerpt":{"rendered":"<p>Capitole Introducere Defini\u021bie si clasificare vaginism Impactul asupra calit\u0103\u021bii vietii Abordare multi-disciplinara Somatizarea emo\u021bional\u0103 Consim\u021b\u0103m\u00e2nt Rolul kinetoterapeutului in vaginism Tehnici de reeducare Educarea pacientului\u00a0 Abordare externa Abordare interna Auto exerci\u021bii Studiu de caz Concluzii<\/p>","protected":false},"featured_media":2838,"comment_status":"open","ping_status":"closed","template":"","meta":[],"product_brand":[],"product_cat":[16],"product_tag":[],"class_list":{"0":"post-2069","1":"product","2":"type-product","3":"status-publish","4":"has-post-thumbnail","6":"product_cat-uncategorized","8":"first","9":"instock","10":"virtual","11":"sold-individually","12":"purchasable","13":"product-type-simple"},"yoast_head":"<!-- This site is optimized with the Yoast SEO Premium plugin v26.5 (Yoast SEO v26.5) - https:\/\/yoast.com\/wordpress\/plugins\/seo\/ -->\n<title>Modul de perfec\u021bionare- VAGINISMUL \u0218I REEDUCAREA PERINEAL\u0102 - Academia Kineperineo<\/title>\n<meta name=\"robots\" content=\"index, follow, max-snippet:-1, max-image-preview:large, max-video-preview:-1\" \/>\n<link rel=\"canonical\" href=\"https:\/\/academiakineperineo.com\/fr\/product\/vaginismul-si-reeducarea-perineala\/\" \/>\n<meta property=\"og:locale\" content=\"fr_FR\" \/>\n<meta property=\"og:type\" content=\"article\" \/>\n<meta property=\"og:title\" content=\"Modul de perfec\u021bionare- VAGINISMUL \u0218I REEDUCAREA PERINEAL\u0102\" \/>\n<meta property=\"og:description\" content=\"Capitole Introducere Defini\u021bie si clasificare vaginism Impactul asupra calit\u0103\u021bii vietii Abordare multi-disciplinara Somatizarea emo\u021bional\u0103 Consim\u021b\u0103m\u00e2nt Rolul kinetoterapeutului in vaginism Tehnici de reeducare Educarea pacientului\u00a0 Abordare externa Abordare interna Auto exerci\u021bii Studiu de caz Concluzii\" \/>\n<meta property=\"og:url\" content=\"https:\/\/academiakineperineo.com\/fr\/product\/vaginismul-si-reeducarea-perineala\/\" \/>\n<meta property=\"og:site_name\" content=\"Academia Kineperineo\" \/>\n<meta property=\"article:publisher\" content=\"https:\/\/www.facebook.com\/share\/1A6mhUrj5T\/?mibextid=wwXIfr\" \/>\n<meta property=\"article:modified_time\" content=\"2025-11-05T00:00:36+00:00\" \/>\n<meta property=\"og:image\" content=\"https:\/\/academiakineperineo.com\/wp-content\/uploads\/2024\/12\/WhatsApp-Image-2024-07-30-at-18.37.51.webp\" \/>\n\t<meta property=\"og:image:width\" content=\"1600\" \/>\n\t<meta property=\"og:image:height\" content=\"1066\" \/>\n\t<meta property=\"og:image:type\" content=\"image\/webp\" \/>\n<meta name=\"twitter:card\" content=\"summary_large_image\" \/>\n<meta name=\"twitter:label1\" content=\"Dur\u00e9e de lecture estim\u00e9e\" \/>\n\t<meta name=\"twitter:data1\" content=\"1 minute\" \/>\n<script type=\"application\/ld+json\" class=\"yoast-schema-graph\">{\"@context\":\"https:\/\/schema.org\",\"@graph\":[{\"@type\":\"WebPage\",\"@id\":\"https:\/\/academiakineperineo.com\/product\/vaginismul-si-reeducarea-perineala\/\",\"url\":\"https:\/\/academiakineperineo.com\/product\/vaginismul-si-reeducarea-perineala\/\",\"name\":\"Modul de perfec\u021bionare- VAGINISMUL \u0218I REEDUCAREA PERINEAL\u0102 - Academia Kineperineo\",\"isPartOf\":{\"@id\":\"https:\/\/academiakineperineo.com\/#website\"},\"primaryImageOfPage\":{\"@id\":\"https:\/\/academiakineperineo.com\/product\/vaginismul-si-reeducarea-perineala\/#primaryimage\"},\"image\":{\"@id\":\"https:\/\/academiakineperineo.com\/product\/vaginismul-si-reeducarea-perineala\/#primaryimage\"},\"thumbnailUrl\":\"https:\/\/academiakineperineo.com\/wp-content\/uploads\/2025\/11\/photo-couverture-.png\",\"datePublished\":\"2025-06-05T12:08:05+00:00\",\"dateModified\":\"2025-11-05T00:00:36+00:00\",\"breadcrumb\":{\"@id\":\"https:\/\/academiakineperineo.com\/product\/vaginismul-si-reeducarea-perineala\/#breadcrumb\"},\"inLanguage\":\"fr-FR\",\"potentialAction\":[{\"@type\":\"ReadAction\",\"target\":[\"https:\/\/academiakineperineo.com\/product\/vaginismul-si-reeducarea-perineala\/\"]}]},{\"@type\":\"ImageObject\",\"inLanguage\":\"fr-FR\",\"@id\":\"https:\/\/academiakineperineo.com\/product\/vaginismul-si-reeducarea-perineala\/#primaryimage\",\"url\":\"https:\/\/academiakineperineo.com\/wp-content\/uploads\/2025\/11\/photo-couverture-.png\",\"contentUrl\":\"https:\/\/academiakineperineo.com\/wp-content\/uploads\/2025\/11\/photo-couverture-.png\",\"width\":392,\"height\":283},{\"@type\":\"BreadcrumbList\",\"@id\":\"https:\/\/academiakineperineo.com\/product\/vaginismul-si-reeducarea-perineala\/#breadcrumb\",\"itemListElement\":[{\"@type\":\"ListItem\",\"position\":1,\"name\":\"Home\",\"item\":\"https:\/\/academiakineperineo.com\/\"},{\"@type\":\"ListItem\",\"position\":2,\"name\":\"Produse\",\"item\":\"https:\/\/academiakineperineo.com\/shop\/\"},{\"@type\":\"ListItem\",\"position\":3,\"name\":\"Modul de perfec\u021bionare- VAGINISMUL \u0218I REEDUCAREA PERINEAL\u0102\"}]},{\"@type\":\"WebSite\",\"@id\":\"https:\/\/academiakineperineo.com\/#website\",\"url\":\"https:\/\/academiakineperineo.com\/\",\"name\":\"Academia Kineperineo\",\"description\":\"Kinetoterapia planseului pelvin in Romania\",\"publisher\":{\"@id\":\"https:\/\/academiakineperineo.com\/#organization\"},\"potentialAction\":[{\"@type\":\"SearchAction\",\"target\":{\"@type\":\"EntryPoint\",\"urlTemplate\":\"https:\/\/academiakineperineo.com\/?s={search_term_string}\"},\"query-input\":{\"@type\":\"PropertyValueSpecification\",\"valueRequired\":true,\"valueName\":\"search_term_string\"}}],\"inLanguage\":\"fr-FR\"},{\"@type\":\"Organization\",\"@id\":\"https:\/\/academiakineperineo.com\/#organization\",\"name\":\"Academia Kineperineo\",\"url\":\"https:\/\/academiakineperineo.com\/\",\"logo\":{\"@type\":\"ImageObject\",\"inLanguage\":\"fr-FR\",\"@id\":\"https:\/\/academiakineperineo.com\/#\/schema\/logo\/image\/\",\"url\":\"https:\/\/academiakineperineo.com\/wp-content\/uploads\/2024\/08\/LOGO_BLACK.png\",\"contentUrl\":\"https:\/\/academiakineperineo.com\/wp-content\/uploads\/2024\/08\/LOGO_BLACK.png\",\"width\":2301,\"height\":493,\"caption\":\"Academia Kineperineo\"},\"image\":{\"@id\":\"https:\/\/academiakineperineo.com\/#\/schema\/logo\/image\/\"},\"sameAs\":[\"https:\/\/www.facebook.com\/share\/1A6mhUrj5T\/?mibextid=wwXIfr\",\"https:\/\/www.instagram.com\/academiakineperineo\/profilecard\/?igsh=cmtkZHg3dml2ZGFr\"]}]}<\/script>\n<!-- \/ Yoast SEO Premium plugin. -->","yoast_head_json":{"title":"Modul de perfec\u021bionare- VAGINISMUL \u0218I REEDUCAREA PERINEAL\u0102 - Academia Kineperineo","robots":{"index":"index","follow":"follow","max-snippet":"max-snippet:-1","max-image-preview":"max-image-preview:large","max-video-preview":"max-video-preview:-1"},"canonical":"https:\/\/academiakineperineo.com\/fr\/product\/vaginismul-si-reeducarea-perineala\/","og_locale":"fr_FR","og_type":"article","og_title":"Modul de perfec\u021bionare- VAGINISMUL \u0218I REEDUCAREA PERINEAL\u0102","og_description":"Capitole Introducere Defini\u021bie si clasificare vaginism Impactul asupra calit\u0103\u021bii vietii Abordare multi-disciplinara Somatizarea emo\u021bional\u0103 Consim\u021b\u0103m\u00e2nt Rolul kinetoterapeutului in vaginism Tehnici de reeducare Educarea pacientului\u00a0 Abordare externa Abordare interna Auto exerci\u021bii Studiu de caz Concluzii","og_url":"https:\/\/academiakineperineo.com\/fr\/product\/vaginismul-si-reeducarea-perineala\/","og_site_name":"Academia Kineperineo","article_publisher":"https:\/\/www.facebook.com\/share\/1A6mhUrj5T\/?mibextid=wwXIfr","article_modified_time":"2025-11-05T00:00:36+00:00","og_image":[{"width":1600,"height":1066,"url":"https:\/\/academiakineperineo.com\/wp-content\/uploads\/2024\/12\/WhatsApp-Image-2024-07-30-at-18.37.51.webp","type":"image\/webp"}],"twitter_card":"summary_large_image","twitter_misc":{"Dur\u00e9e de lecture estim\u00e9e":"1 minute"},"schema":{"@context":"https:\/\/schema.org","@graph":[{"@type":"WebPage","@id":"https:\/\/academiakineperineo.com\/product\/vaginismul-si-reeducarea-perineala\/","url":"https:\/\/academiakineperineo.com\/product\/vaginismul-si-reeducarea-perineala\/","name":"Modul de perfec\u021bionare- VAGINISMUL \u0218I REEDUCAREA PERINEAL\u0102 - Academia Kineperineo","isPartOf":{"@id":"https:\/\/academiakineperineo.com\/#website"},"primaryImageOfPage":{"@id":"https:\/\/academiakineperineo.com\/product\/vaginismul-si-reeducarea-perineala\/#primaryimage"},"image":{"@id":"https:\/\/academiakineperineo.com\/product\/vaginismul-si-reeducarea-perineala\/#primaryimage"},"thumbnailUrl":"https:\/\/academiakineperineo.com\/wp-content\/uploads\/2025\/11\/photo-couverture-.png","datePublished":"2025-06-05T12:08:05+00:00","dateModified":"2025-11-05T00:00:36+00:00","breadcrumb":{"@id":"https:\/\/academiakineperineo.com\/product\/vaginismul-si-reeducarea-perineala\/#breadcrumb"},"inLanguage":"fr-FR","potentialAction":[{"@type":"ReadAction","target":["https:\/\/academiakineperineo.com\/product\/vaginismul-si-reeducarea-perineala\/"]}]},{"@type":"ImageObject","inLanguage":"fr-FR","@id":"https:\/\/academiakineperineo.com\/product\/vaginismul-si-reeducarea-perineala\/#primaryimage","url":"https:\/\/academiakineperineo.com\/wp-content\/uploads\/2025\/11\/photo-couverture-.png","contentUrl":"https:\/\/academiakineperineo.com\/wp-content\/uploads\/2025\/11\/photo-couverture-.png","width":392,"height":283},{"@type":"BreadcrumbList","@id":"https:\/\/academiakineperineo.com\/product\/vaginismul-si-reeducarea-perineala\/#breadcrumb","itemListElement":[{"@type":"ListItem","position":1,"name":"Home","item":"https:\/\/academiakineperineo.com\/"},{"@type":"ListItem","position":2,"name":"Produse","item":"https:\/\/academiakineperineo.com\/shop\/"},{"@type":"ListItem","position":3,"name":"Modul de perfec\u021bionare- VAGINISMUL \u0218I REEDUCAREA PERINEAL\u0102"}]},{"@type":"WebSite","@id":"https:\/\/academiakineperineo.com\/#website","url":"https:\/\/academiakineperineo.com\/","name":"Acad\u00e9mie Kin\u00e9p\u00e9rin\u00e9o","description":"Kinetoterapia planseului pelvin in Romania","publisher":{"@id":"https:\/\/academiakineperineo.com\/#organization"},"potentialAction":[{"@type":"SearchAction","target":{"@type":"EntryPoint","urlTemplate":"https:\/\/academiakineperineo.com\/?s={search_term_string}"},"query-input":{"@type":"PropertyValueSpecification","valueRequired":true,"valueName":"search_term_string"}}],"inLanguage":"fr-FR"},{"@type":"Organization","@id":"https:\/\/academiakineperineo.com\/#organization","name":"Acad\u00e9mie Kin\u00e9p\u00e9rin\u00e9o","url":"https:\/\/academiakineperineo.com\/","logo":{"@type":"ImageObject","inLanguage":"fr-FR","@id":"https:\/\/academiakineperineo.com\/#\/schema\/logo\/image\/","url":"https:\/\/academiakineperineo.com\/wp-content\/uploads\/2024\/08\/LOGO_BLACK.png","contentUrl":"https:\/\/academiakineperineo.com\/wp-content\/uploads\/2024\/08\/LOGO_BLACK.png","width":2301,"height":493,"caption":"Academia Kineperineo"},"image":{"@id":"https:\/\/academiakineperineo.com\/#\/schema\/logo\/image\/"},"sameAs":["https:\/\/www.facebook.com\/share\/1A6mhUrj5T\/?mibextid=wwXIfr","https:\/\/www.instagram.com\/academiakineperineo\/profilecard\/?igsh=cmtkZHg3dml2ZGFr"]}]}},"_links":{"self":[{"href":"https:\/\/academiakineperineo.com\/fr\/wp-json\/wp\/v2\/product\/2069","targetHints":{"allow":["GET"]}}],"collection":[{"href":"https:\/\/academiakineperineo.com\/fr\/wp-json\/wp\/v2\/product"}],"about":[{"href":"https:\/\/academiakineperineo.com\/fr\/wp-json\/wp\/v2\/types\/product"}],"replies":[{"embeddable":true,"href":"https:\/\/academiakineperineo.com\/fr\/wp-json\/wp\/v2\/comments?post=2069"}],"wp:featuredmedia":[{"embeddable":true,"href":"https:\/\/academiakineperineo.com\/fr\/wp-json\/wp\/v2\/media\/2838"}],"wp:attachment":[{"href":"https:\/\/academiakineperineo.com\/fr\/wp-json\/wp\/v2\/media?parent=2069"}],"wp:term":[{"taxonomy":"product_brand","embeddable":true,"href":"https:\/\/academiakineperineo.com\/fr\/wp-json\/wp\/v2\/product_brand?post=2069"},{"taxonomy":"product_cat","embeddable":true,"href":"https:\/\/academiakineperineo.com\/fr\/wp-json\/wp\/v2\/product_cat?post=2069"},{"taxonomy":"product_tag","embeddable":true,"href":"https:\/\/academiakineperineo.com\/fr\/wp-json\/wp\/v2\/product_tag?post=2069"}],"curies":[{"name":"wp","href":"https:\/\/api.w.org\/{rel}","templated":true}]}}