{"id":1834,"date":"2025-02-24T10:36:49","date_gmt":"2025-02-24T10:36:49","guid":{"rendered":"https:\/\/academiakineperineo.com\/?post_type=product&#038;p=1834"},"modified":"2025-10-31T14:05:52","modified_gmt":"2025-10-31T14:05:52","slug":"bazele-reeducarii-pelvi-perineale-in-patologiile-uro-ginecologice-2","status":"publish","type":"product","link":"https:\/\/academiakineperineo.com\/fr\/product\/bazele-reeducarii-pelvi-perineale-in-patologiile-uro-ginecologice-2\/","title":{"rendered":"( Curs ) Bazele reeduc\u0103rii pelvi-perineale \u00een patologiile uro-ginecologice"},"content":{"rendered":"<p>\u2013 acqu\u00e9rir des connaissances en anatomie, physiologie et physiopathologie du plancher pelvien<\/p>\n<p>\u2013 proc\u00e9der \u00e0 l\u2019\u00e9valuation et \u00e0 l\u2019examen clinique du patient<\/p>\n<p>\u2013 \u00e9tablissement d\u2019un diagnostic cin\u00e9tique<\/p>\n<p>\u2013 \u00e9laborer un programme de r\u00e9cup\u00e9ration adapt\u00e9 \u00e0 chaque patient<\/p>","protected":false},"excerpt":{"rendered":"<p>\u2013 dob\u00e2ndirea cuno\u0219tin\u021belor in anatomia, fiziologia si fiziopatologia planseului pelvin \u2013 realizarea bilan\u021bului si examenul clinic al pacientului \u2013 stabilirea diagnosticului kinetic \u2013 \u00eentocmirea\u00a0 programului de recuperare adaptat fiec\u0103rui pacient<\/p>","protected":false},"featured_media":1539,"comment_status":"open","ping_status":"closed","template":"","meta":[],"product_brand":[],"product_cat":[16,45],"product_tag":[],"class_list":{"0":"post-1834","1":"product","2":"type-product","3":"status-publish","4":"has-post-thumbnail","6":"product_cat-uncategorized","7":"product_cat-cursuri","9":"first","10":"instock","11":"downloadable","12":"virtual","13":"sold-individually","14":"purchasable","15":"product-type-simple"},"yoast_head":"<!-- This site is optimized with the Yoast SEO Premium plugin v26.5 (Yoast SEO v26.5) - https:\/\/yoast.com\/wordpress\/plugins\/seo\/ -->\n<title>( Curs ) Bazele reeduc\u0103rii pelvi-perineale \u00een patologiile uro-ginecologice - Academia Kineperineo<\/title>\n<meta name=\"robots\" content=\"index, follow, max-snippet:-1, max-image-preview:large, max-video-preview:-1\" \/>\n<link rel=\"canonical\" href=\"https:\/\/academiakineperineo.com\/fr\/product\/bazele-reeducarii-pelvi-perineale-in-patologiile-uro-ginecologice-2\/\" \/>\n<meta property=\"og:locale\" content=\"fr_FR\" \/>\n<meta property=\"og:type\" content=\"article\" \/>\n<meta property=\"og:title\" content=\"( Curs ) Bazele reeduc\u0103rii pelvi-perineale \u00een patologiile uro-ginecologice\" \/>\n<meta property=\"og:description\" content=\"\u2013 dob\u00e2ndirea cuno\u0219tin\u021belor in anatomia, fiziologia si fiziopatologia planseului pelvin \u2013 realizarea bilan\u021bului si examenul clinic al pacientului \u2013 stabilirea diagnosticului kinetic \u2013 \u00eentocmirea\u00a0 programului de recuperare adaptat fiec\u0103rui pacient\" \/>\n<meta property=\"og:url\" content=\"https:\/\/academiakineperineo.com\/fr\/product\/bazele-reeducarii-pelvi-perineale-in-patologiile-uro-ginecologice-2\/\" \/>\n<meta property=\"og:site_name\" content=\"Academia Kineperineo\" \/>\n<meta property=\"article:publisher\" content=\"https:\/\/www.facebook.com\/share\/1A6mhUrj5T\/?mibextid=wwXIfr\" \/>\n<meta property=\"article:modified_time\" content=\"2025-10-31T14:05:52+00:00\" \/>\n<meta property=\"og:image\" content=\"https:\/\/academiakineperineo.com\/wp-content\/uploads\/2024\/12\/image4.webp\" \/>\n\t<meta property=\"og:image:width\" content=\"1348\" \/>\n\t<meta property=\"og:image:height\" content=\"899\" \/>\n\t<meta property=\"og:image:type\" content=\"image\/webp\" \/>\n<meta name=\"twitter:card\" content=\"summary_large_image\" \/>\n<meta name=\"twitter:label1\" content=\"Dur\u00e9e de lecture estim\u00e9e\" \/>\n\t<meta name=\"twitter:data1\" content=\"1 minute\" \/>\n<script type=\"application\/ld+json\" class=\"yoast-schema-graph\">{\"@context\":\"https:\/\/schema.org\",\"@graph\":[{\"@type\":\"WebPage\",\"@id\":\"https:\/\/academiakineperineo.com\/product\/bazele-reeducarii-pelvi-perineale-in-patologiile-uro-ginecologice-2\/\",\"url\":\"https:\/\/academiakineperineo.com\/product\/bazele-reeducarii-pelvi-perineale-in-patologiile-uro-ginecologice-2\/\",\"name\":\"( Curs ) Bazele reeduc\u0103rii pelvi-perineale \u00een patologiile uro-ginecologice - Academia Kineperineo\",\"isPartOf\":{\"@id\":\"https:\/\/academiakineperineo.com\/#website\"},\"primaryImageOfPage\":{\"@id\":\"https:\/\/academiakineperineo.com\/product\/bazele-reeducarii-pelvi-perineale-in-patologiile-uro-ginecologice-2\/#primaryimage\"},\"image\":{\"@id\":\"https:\/\/academiakineperineo.com\/product\/bazele-reeducarii-pelvi-perineale-in-patologiile-uro-ginecologice-2\/#primaryimage\"},\"thumbnailUrl\":\"https:\/\/academiakineperineo.com\/wp-content\/uploads\/2024\/12\/image4.webp\",\"datePublished\":\"2025-02-24T10:36:49+00:00\",\"dateModified\":\"2025-10-31T14:05:52+00:00\",\"breadcrumb\":{\"@id\":\"https:\/\/academiakineperineo.com\/product\/bazele-reeducarii-pelvi-perineale-in-patologiile-uro-ginecologice-2\/#breadcrumb\"},\"inLanguage\":\"fr-FR\",\"potentialAction\":[{\"@type\":\"ReadAction\",\"target\":[\"https:\/\/academiakineperineo.com\/product\/bazele-reeducarii-pelvi-perineale-in-patologiile-uro-ginecologice-2\/\"]}]},{\"@type\":\"ImageObject\",\"inLanguage\":\"fr-FR\",\"@id\":\"https:\/\/academiakineperineo.com\/product\/bazele-reeducarii-pelvi-perineale-in-patologiile-uro-ginecologice-2\/#primaryimage\",\"url\":\"https:\/\/academiakineperineo.com\/wp-content\/uploads\/2024\/12\/image4.webp\",\"contentUrl\":\"https:\/\/academiakineperineo.com\/wp-content\/uploads\/2024\/12\/image4.webp\",\"width\":1348,\"height\":899,\"caption\":\"Kinetoterapia si recuperarea planseului pelvin\/ reeducarea perineala cu cel mai performant aparat medical de pe piata mondiala cu electrostimulare si biofeedback Cursuri pentru kinetoterapeuti in recuperarea planseului pelvin Colaborari cu centre medicale pentru integrarea reeducarii perineale\"},{\"@type\":\"BreadcrumbList\",\"@id\":\"https:\/\/academiakineperineo.com\/product\/bazele-reeducarii-pelvi-perineale-in-patologiile-uro-ginecologice-2\/#breadcrumb\",\"itemListElement\":[{\"@type\":\"ListItem\",\"position\":1,\"name\":\"Home\",\"item\":\"https:\/\/academiakineperineo.com\/\"},{\"@type\":\"ListItem\",\"position\":2,\"name\":\"Produse\",\"item\":\"https:\/\/academiakineperineo.com\/shop\/\"},{\"@type\":\"ListItem\",\"position\":3,\"name\":\"( Curs ) Bazele reeduc\u0103rii pelvi-perineale \u00een patologiile uro-ginecologice\"}]},{\"@type\":\"WebSite\",\"@id\":\"https:\/\/academiakineperineo.com\/#website\",\"url\":\"https:\/\/academiakineperineo.com\/\",\"name\":\"Academia Kineperineo\",\"description\":\"Kinetoterapia planseului pelvin in Romania\",\"publisher\":{\"@id\":\"https:\/\/academiakineperineo.com\/#organization\"},\"potentialAction\":[{\"@type\":\"SearchAction\",\"target\":{\"@type\":\"EntryPoint\",\"urlTemplate\":\"https:\/\/academiakineperineo.com\/?s={search_term_string}\"},\"query-input\":{\"@type\":\"PropertyValueSpecification\",\"valueRequired\":true,\"valueName\":\"search_term_string\"}}],\"inLanguage\":\"fr-FR\"},{\"@type\":\"Organization\",\"@id\":\"https:\/\/academiakineperineo.com\/#organization\",\"name\":\"Academia Kineperineo\",\"url\":\"https:\/\/academiakineperineo.com\/\",\"logo\":{\"@type\":\"ImageObject\",\"inLanguage\":\"fr-FR\",\"@id\":\"https:\/\/academiakineperineo.com\/#\/schema\/logo\/image\/\",\"url\":\"https:\/\/academiakineperineo.com\/wp-content\/uploads\/2024\/08\/LOGO_BLACK.png\",\"contentUrl\":\"https:\/\/academiakineperineo.com\/wp-content\/uploads\/2024\/08\/LOGO_BLACK.png\",\"width\":2301,\"height\":493,\"caption\":\"Academia Kineperineo\"},\"image\":{\"@id\":\"https:\/\/academiakineperineo.com\/#\/schema\/logo\/image\/\"},\"sameAs\":[\"https:\/\/www.facebook.com\/share\/1A6mhUrj5T\/?mibextid=wwXIfr\",\"https:\/\/www.instagram.com\/academiakineperineo\/profilecard\/?igsh=cmtkZHg3dml2ZGFr\"]}]}<\/script>\n<!-- \/ Yoast SEO Premium plugin. -->","yoast_head_json":{"title":"( Curs ) Bazele reeduc\u0103rii pelvi-perineale \u00een patologiile uro-ginecologice - Academia Kineperineo","robots":{"index":"index","follow":"follow","max-snippet":"max-snippet:-1","max-image-preview":"max-image-preview:large","max-video-preview":"max-video-preview:-1"},"canonical":"https:\/\/academiakineperineo.com\/fr\/product\/bazele-reeducarii-pelvi-perineale-in-patologiile-uro-ginecologice-2\/","og_locale":"fr_FR","og_type":"article","og_title":"( Curs ) Bazele reeduc\u0103rii pelvi-perineale \u00een patologiile uro-ginecologice","og_description":"\u2013 dob\u00e2ndirea cuno\u0219tin\u021belor in anatomia, fiziologia si fiziopatologia planseului pelvin \u2013 realizarea bilan\u021bului si examenul clinic al pacientului \u2013 stabilirea diagnosticului kinetic \u2013 \u00eentocmirea\u00a0 programului de recuperare adaptat fiec\u0103rui pacient","og_url":"https:\/\/academiakineperineo.com\/fr\/product\/bazele-reeducarii-pelvi-perineale-in-patologiile-uro-ginecologice-2\/","og_site_name":"Academia Kineperineo","article_publisher":"https:\/\/www.facebook.com\/share\/1A6mhUrj5T\/?mibextid=wwXIfr","article_modified_time":"2025-10-31T14:05:52+00:00","og_image":[{"width":1348,"height":899,"url":"https:\/\/academiakineperineo.com\/wp-content\/uploads\/2024\/12\/image4.webp","type":"image\/webp"}],"twitter_card":"summary_large_image","twitter_misc":{"Dur\u00e9e de lecture estim\u00e9e":"1 minute"},"schema":{"@context":"https:\/\/schema.org","@graph":[{"@type":"WebPage","@id":"https:\/\/academiakineperineo.com\/product\/bazele-reeducarii-pelvi-perineale-in-patologiile-uro-ginecologice-2\/","url":"https:\/\/academiakineperineo.com\/product\/bazele-reeducarii-pelvi-perineale-in-patologiile-uro-ginecologice-2\/","name":"( Curs ) Bazele reeduc\u0103rii pelvi-perineale \u00een patologiile uro-ginecologice - Academia Kineperineo","isPartOf":{"@id":"https:\/\/academiakineperineo.com\/#website"},"primaryImageOfPage":{"@id":"https:\/\/academiakineperineo.com\/product\/bazele-reeducarii-pelvi-perineale-in-patologiile-uro-ginecologice-2\/#primaryimage"},"image":{"@id":"https:\/\/academiakineperineo.com\/product\/bazele-reeducarii-pelvi-perineale-in-patologiile-uro-ginecologice-2\/#primaryimage"},"thumbnailUrl":"https:\/\/academiakineperineo.com\/wp-content\/uploads\/2024\/12\/image4.webp","datePublished":"2025-02-24T10:36:49+00:00","dateModified":"2025-10-31T14:05:52+00:00","breadcrumb":{"@id":"https:\/\/academiakineperineo.com\/product\/bazele-reeducarii-pelvi-perineale-in-patologiile-uro-ginecologice-2\/#breadcrumb"},"inLanguage":"fr-FR","potentialAction":[{"@type":"ReadAction","target":["https:\/\/academiakineperineo.com\/product\/bazele-reeducarii-pelvi-perineale-in-patologiile-uro-ginecologice-2\/"]}]},{"@type":"ImageObject","inLanguage":"fr-FR","@id":"https:\/\/academiakineperineo.com\/product\/bazele-reeducarii-pelvi-perineale-in-patologiile-uro-ginecologice-2\/#primaryimage","url":"https:\/\/academiakineperineo.com\/wp-content\/uploads\/2024\/12\/image4.webp","contentUrl":"https:\/\/academiakineperineo.com\/wp-content\/uploads\/2024\/12\/image4.webp","width":1348,"height":899,"caption":"Kinetoterapia si recuperarea planseului pelvin\/ reeducarea perineala cu cel mai performant aparat medical de pe piata mondiala cu electrostimulare si biofeedback Cursuri pentru kinetoterapeuti in recuperarea planseului pelvin Colaborari cu centre medicale pentru integrarea reeducarii perineale"},{"@type":"BreadcrumbList","@id":"https:\/\/academiakineperineo.com\/product\/bazele-reeducarii-pelvi-perineale-in-patologiile-uro-ginecologice-2\/#breadcrumb","itemListElement":[{"@type":"ListItem","position":1,"name":"Home","item":"https:\/\/academiakineperineo.com\/"},{"@type":"ListItem","position":2,"name":"Produse","item":"https:\/\/academiakineperineo.com\/shop\/"},{"@type":"ListItem","position":3,"name":"( Curs ) Bazele reeduc\u0103rii pelvi-perineale \u00een patologiile uro-ginecologice"}]},{"@type":"WebSite","@id":"https:\/\/academiakineperineo.com\/#website","url":"https:\/\/academiakineperineo.com\/","name":"Acad\u00e9mie Kin\u00e9p\u00e9rin\u00e9o","description":"Kinetoterapia planseului pelvin in Romania","publisher":{"@id":"https:\/\/academiakineperineo.com\/#organization"},"potentialAction":[{"@type":"SearchAction","target":{"@type":"EntryPoint","urlTemplate":"https:\/\/academiakineperineo.com\/?s={search_term_string}"},"query-input":{"@type":"PropertyValueSpecification","valueRequired":true,"valueName":"search_term_string"}}],"inLanguage":"fr-FR"},{"@type":"Organization","@id":"https:\/\/academiakineperineo.com\/#organization","name":"Acad\u00e9mie Kin\u00e9p\u00e9rin\u00e9o","url":"https:\/\/academiakineperineo.com\/","logo":{"@type":"ImageObject","inLanguage":"fr-FR","@id":"https:\/\/academiakineperineo.com\/#\/schema\/logo\/image\/","url":"https:\/\/academiakineperineo.com\/wp-content\/uploads\/2024\/08\/LOGO_BLACK.png","contentUrl":"https:\/\/academiakineperineo.com\/wp-content\/uploads\/2024\/08\/LOGO_BLACK.png","width":2301,"height":493,"caption":"Academia Kineperineo"},"image":{"@id":"https:\/\/academiakineperineo.com\/#\/schema\/logo\/image\/"},"sameAs":["https:\/\/www.facebook.com\/share\/1A6mhUrj5T\/?mibextid=wwXIfr","https:\/\/www.instagram.com\/academiakineperineo\/profilecard\/?igsh=cmtkZHg3dml2ZGFr"]}]}},"_links":{"self":[{"href":"https:\/\/academiakineperineo.com\/fr\/wp-json\/wp\/v2\/product\/1834","targetHints":{"allow":["GET"]}}],"collection":[{"href":"https:\/\/academiakineperineo.com\/fr\/wp-json\/wp\/v2\/product"}],"about":[{"href":"https:\/\/academiakineperineo.com\/fr\/wp-json\/wp\/v2\/types\/product"}],"replies":[{"embeddable":true,"href":"https:\/\/academiakineperineo.com\/fr\/wp-json\/wp\/v2\/comments?post=1834"}],"wp:featuredmedia":[{"embeddable":true,"href":"https:\/\/academiakineperineo.com\/fr\/wp-json\/wp\/v2\/media\/1539"}],"wp:attachment":[{"href":"https:\/\/academiakineperineo.com\/fr\/wp-json\/wp\/v2\/media?parent=1834"}],"wp:term":[{"taxonomy":"product_brand","embeddable":true,"href":"https:\/\/academiakineperineo.com\/fr\/wp-json\/wp\/v2\/product_brand?post=1834"},{"taxonomy":"product_cat","embeddable":true,"href":"https:\/\/academiakineperineo.com\/fr\/wp-json\/wp\/v2\/product_cat?post=1834"},{"taxonomy":"product_tag","embeddable":true,"href":"https:\/\/academiakineperineo.com\/fr\/wp-json\/wp\/v2\/product_tag?post=1834"}],"curies":[{"name":"wp","href":"https:\/\/api.w.org\/{rel}","templated":true}]}}