{"id":1554,"date":"2024-12-10T14:17:14","date_gmt":"2024-12-10T14:17:14","guid":{"rendered":"https:\/\/academiakineperineo.com\/?post_type=product&#038;p=1554"},"modified":"2025-10-17T10:11:17","modified_gmt":"2025-10-17T10:11:17","slug":"rolul-kinetoterapiei-in-cresterea-calitatii-vietii-femeilor-e-book","status":"publish","type":"product","link":"https:\/\/academiakineperineo.com\/fr\/product\/rolul-kinetoterapiei-in-cresterea-calitatii-vietii-femeilor-e-book\/","title":{"rendered":"LE R\u00d4LE DE LA PHYSIOTH\u00c9RAPIE DANS L&#039;AUGMENTATION DE LA QUALIT\u00c9 DE VIE DES FEMMES"},"content":{"rendered":"<p>L&#039;incontinence urinaire (UI) est un v\u00e9ritable d\u00e9fi de sant\u00e9 publique mondial et a \u00e9t\u00e9 d\u00e9finie par l&#039;International Continence Society (ICS) comme \u00ab une condition dans laquelle la perte d&#039;urine est un probl\u00e8me social ou hygi\u00e9nique et est objectivement d\u00e9montr\u00e9e \u00bb (Bates et al. , 1979). Cette d\u00e9finition a \u00e9t\u00e9 modifi\u00e9e en 2002 par l&#039;ICS, puis adapt\u00e9e comme \u00ab l&#039;existence de toute perte involontaire d&#039;urine \u00bb (Abrams et al., 2003 ; Haab et al., 2004)\u2026.<\/p>","protected":false},"excerpt":{"rendered":"<p>Incontinent\u0326a urinara\u0306 (IU) este o adeva\u0306rata\u0306 provocare \u00een domeniul sa\u0306na\u0306ta\u0306t\u0326ii publice mondiale s\u0326i a fost definita\u0306 de Societatea Internat\u0326ionala\u0306 pentru Continent\u0326a\u0306 (ICS) ca \u201eo afect\u0326iune \u00een care pierderea de urina\u0306 este o problema\u0306 sociala\u0306 sau de igiena\u0306 s\u0326i este demonstrata\u0306 \u00een mod obiectiv\u201d (Bates et al., 1979). Aceasta\u0306 definit\u0326ie a fost modificata\u0306 \u00een 2002 de [&hellip;]<\/p>","protected":false},"featured_media":2441,"comment_status":"open","ping_status":"closed","template":"","meta":[],"product_brand":[],"product_cat":[31],"product_tag":[],"class_list":{"0":"post-1554","1":"product","2":"type-product","3":"status-publish","4":"has-post-thumbnail","6":"product_cat-carti","8":"first","9":"instock","10":"downloadable","11":"virtual","12":"purchasable","13":"product-type-simple"},"yoast_head":"<!-- This site is optimized with the Yoast SEO Premium plugin v26.5 (Yoast SEO v26.5) - https:\/\/yoast.com\/wordpress\/plugins\/seo\/ -->\n<title>ROLUL KINETOTERAPIEI \u00ceN CRE\u0218TEREA CALIT\u0102\u021aII VIE\u021aII FEMEILOR E-BOOK - Academia Kineperineo<\/title>\n<meta name=\"robots\" content=\"index, follow, max-snippet:-1, max-image-preview:large, max-video-preview:-1\" \/>\n<link rel=\"canonical\" href=\"https:\/\/academiakineperineo.com\/fr\/product\/rolul-kinetoterapiei-in-cresterea-calitatii-vietii-femeilor-e-book\/\" \/>\n<meta property=\"og:locale\" content=\"fr_FR\" \/>\n<meta property=\"og:type\" content=\"article\" \/>\n<meta property=\"og:title\" content=\"ROLUL KINETOTERAPIEI \u00ceN CRE\u0218TEREA CALIT\u0102\u021aII VIE\u021aII FEMEILOR E-BOOK\" \/>\n<meta property=\"og:description\" content=\"Incontinent\u0326a urinara\u0306 (IU) este o adeva\u0306rata\u0306 provocare \u00een domeniul sa\u0306na\u0306ta\u0306t\u0326ii publice mondiale s\u0326i a fost definita\u0306 de Societatea Internat\u0326ionala\u0306 pentru Continent\u0326a\u0306 (ICS) ca \u201eo afect\u0326iune \u00een care pierderea de urina\u0306 este o problema\u0306 sociala\u0306 sau de igiena\u0306 s\u0326i este demonstrata\u0306 \u00een mod obiectiv\u201d (Bates et al., 1979). Aceasta\u0306 definit\u0326ie a fost modificata\u0306 \u00een 2002 de [&hellip;]\" \/>\n<meta property=\"og:url\" content=\"https:\/\/academiakineperineo.com\/fr\/product\/rolul-kinetoterapiei-in-cresterea-calitatii-vietii-femeilor-e-book\/\" \/>\n<meta property=\"og:site_name\" content=\"Academia Kineperineo\" \/>\n<meta property=\"article:publisher\" content=\"https:\/\/www.facebook.com\/share\/1A6mhUrj5T\/?mibextid=wwXIfr\" \/>\n<meta property=\"article:modified_time\" content=\"2025-10-17T10:11:17+00:00\" \/>\n<meta property=\"og:image\" content=\"https:\/\/academiakineperineo.com\/wp-content\/uploads\/2024\/12\/Design-fara-titlu-1-min.png\" \/>\n\t<meta property=\"og:image:width\" content=\"1414\" \/>\n\t<meta property=\"og:image:height\" content=\"2000\" \/>\n\t<meta property=\"og:image:type\" content=\"image\/png\" \/>\n<meta name=\"twitter:card\" content=\"summary_large_image\" \/>\n<meta name=\"twitter:label1\" content=\"Dur\u00e9e de lecture estim\u00e9e\" \/>\n\t<meta name=\"twitter:data1\" content=\"1 minute\" \/>\n<script type=\"application\/ld+json\" class=\"yoast-schema-graph\">{\"@context\":\"https:\/\/schema.org\",\"@graph\":[{\"@type\":\"WebPage\",\"@id\":\"https:\/\/academiakineperineo.com\/product\/rolul-kinetoterapiei-in-cresterea-calitatii-vietii-femeilor-e-book\/\",\"url\":\"https:\/\/academiakineperineo.com\/product\/rolul-kinetoterapiei-in-cresterea-calitatii-vietii-femeilor-e-book\/\",\"name\":\"ROLUL KINETOTERAPIEI \u00ceN CRE\u0218TEREA CALIT\u0102\u021aII VIE\u021aII FEMEILOR E-BOOK - Academia Kineperineo\",\"isPartOf\":{\"@id\":\"https:\/\/academiakineperineo.com\/#website\"},\"primaryImageOfPage\":{\"@id\":\"https:\/\/academiakineperineo.com\/product\/rolul-kinetoterapiei-in-cresterea-calitatii-vietii-femeilor-e-book\/#primaryimage\"},\"image\":{\"@id\":\"https:\/\/academiakineperineo.com\/product\/rolul-kinetoterapiei-in-cresterea-calitatii-vietii-femeilor-e-book\/#primaryimage\"},\"thumbnailUrl\":\"https:\/\/academiakineperineo.com\/wp-content\/uploads\/2024\/12\/Design-fara-titlu-1-min.png\",\"datePublished\":\"2024-12-10T14:17:14+00:00\",\"dateModified\":\"2025-10-17T10:11:17+00:00\",\"breadcrumb\":{\"@id\":\"https:\/\/academiakineperineo.com\/product\/rolul-kinetoterapiei-in-cresterea-calitatii-vietii-femeilor-e-book\/#breadcrumb\"},\"inLanguage\":\"fr-FR\",\"potentialAction\":[{\"@type\":\"ReadAction\",\"target\":[\"https:\/\/academiakineperineo.com\/product\/rolul-kinetoterapiei-in-cresterea-calitatii-vietii-femeilor-e-book\/\"]}]},{\"@type\":\"ImageObject\",\"inLanguage\":\"fr-FR\",\"@id\":\"https:\/\/academiakineperineo.com\/product\/rolul-kinetoterapiei-in-cresterea-calitatii-vietii-femeilor-e-book\/#primaryimage\",\"url\":\"https:\/\/academiakineperineo.com\/wp-content\/uploads\/2024\/12\/Design-fara-titlu-1-min.png\",\"contentUrl\":\"https:\/\/academiakineperineo.com\/wp-content\/uploads\/2024\/12\/Design-fara-titlu-1-min.png\",\"width\":1414,\"height\":2000},{\"@type\":\"BreadcrumbList\",\"@id\":\"https:\/\/academiakineperineo.com\/product\/rolul-kinetoterapiei-in-cresterea-calitatii-vietii-femeilor-e-book\/#breadcrumb\",\"itemListElement\":[{\"@type\":\"ListItem\",\"position\":1,\"name\":\"Home\",\"item\":\"https:\/\/academiakineperineo.com\/\"},{\"@type\":\"ListItem\",\"position\":2,\"name\":\"Produse\",\"item\":\"https:\/\/academiakineperineo.com\/shop\/\"},{\"@type\":\"ListItem\",\"position\":3,\"name\":\"ROLUL KINETOTERAPIEI \u00ceN CRE\u0218TEREA CALIT\u0102\u021aII VIE\u021aII FEMEILOR E-BOOK\"}]},{\"@type\":\"WebSite\",\"@id\":\"https:\/\/academiakineperineo.com\/#website\",\"url\":\"https:\/\/academiakineperineo.com\/\",\"name\":\"Academia Kineperineo\",\"description\":\"Kinetoterapia planseului pelvin in Romania\",\"publisher\":{\"@id\":\"https:\/\/academiakineperineo.com\/#organization\"},\"potentialAction\":[{\"@type\":\"SearchAction\",\"target\":{\"@type\":\"EntryPoint\",\"urlTemplate\":\"https:\/\/academiakineperineo.com\/?s={search_term_string}\"},\"query-input\":{\"@type\":\"PropertyValueSpecification\",\"valueRequired\":true,\"valueName\":\"search_term_string\"}}],\"inLanguage\":\"fr-FR\"},{\"@type\":\"Organization\",\"@id\":\"https:\/\/academiakineperineo.com\/#organization\",\"name\":\"Academia Kineperineo\",\"url\":\"https:\/\/academiakineperineo.com\/\",\"logo\":{\"@type\":\"ImageObject\",\"inLanguage\":\"fr-FR\",\"@id\":\"https:\/\/academiakineperineo.com\/#\/schema\/logo\/image\/\",\"url\":\"https:\/\/academiakineperineo.com\/wp-content\/uploads\/2024\/08\/LOGO_BLACK.png\",\"contentUrl\":\"https:\/\/academiakineperineo.com\/wp-content\/uploads\/2024\/08\/LOGO_BLACK.png\",\"width\":2301,\"height\":493,\"caption\":\"Academia Kineperineo\"},\"image\":{\"@id\":\"https:\/\/academiakineperineo.com\/#\/schema\/logo\/image\/\"},\"sameAs\":[\"https:\/\/www.facebook.com\/share\/1A6mhUrj5T\/?mibextid=wwXIfr\",\"https:\/\/www.instagram.com\/academiakineperineo\/profilecard\/?igsh=cmtkZHg3dml2ZGFr\"]}]}<\/script>\n<!-- \/ Yoast SEO Premium plugin. -->","yoast_head_json":{"title":"ROLUL KINETOTERAPIEI \u00ceN CRE\u0218TEREA CALIT\u0102\u021aII VIE\u021aII FEMEILOR E-BOOK - Academia Kineperineo","robots":{"index":"index","follow":"follow","max-snippet":"max-snippet:-1","max-image-preview":"max-image-preview:large","max-video-preview":"max-video-preview:-1"},"canonical":"https:\/\/academiakineperineo.com\/fr\/product\/rolul-kinetoterapiei-in-cresterea-calitatii-vietii-femeilor-e-book\/","og_locale":"fr_FR","og_type":"article","og_title":"ROLUL KINETOTERAPIEI \u00ceN CRE\u0218TEREA CALIT\u0102\u021aII VIE\u021aII FEMEILOR E-BOOK","og_description":"Incontinent\u0326a urinara\u0306 (IU) este o adeva\u0306rata\u0306 provocare \u00een domeniul sa\u0306na\u0306ta\u0306t\u0326ii publice mondiale s\u0326i a fost definita\u0306 de Societatea Internat\u0326ionala\u0306 pentru Continent\u0326a\u0306 (ICS) ca \u201eo afect\u0326iune \u00een care pierderea de urina\u0306 este o problema\u0306 sociala\u0306 sau de igiena\u0306 s\u0326i este demonstrata\u0306 \u00een mod obiectiv\u201d (Bates et al., 1979). Aceasta\u0306 definit\u0326ie a fost modificata\u0306 \u00een 2002 de [&hellip;]","og_url":"https:\/\/academiakineperineo.com\/fr\/product\/rolul-kinetoterapiei-in-cresterea-calitatii-vietii-femeilor-e-book\/","og_site_name":"Academia Kineperineo","article_publisher":"https:\/\/www.facebook.com\/share\/1A6mhUrj5T\/?mibextid=wwXIfr","article_modified_time":"2025-10-17T10:11:17+00:00","og_image":[{"width":1414,"height":2000,"url":"https:\/\/academiakineperineo.com\/wp-content\/uploads\/2024\/12\/Design-fara-titlu-1-min.png","type":"image\/png"}],"twitter_card":"summary_large_image","twitter_misc":{"Dur\u00e9e de lecture estim\u00e9e":"1 minute"},"schema":{"@context":"https:\/\/schema.org","@graph":[{"@type":"WebPage","@id":"https:\/\/academiakineperineo.com\/product\/rolul-kinetoterapiei-in-cresterea-calitatii-vietii-femeilor-e-book\/","url":"https:\/\/academiakineperineo.com\/product\/rolul-kinetoterapiei-in-cresterea-calitatii-vietii-femeilor-e-book\/","name":"ROLUL KINETOTERAPIEI \u00ceN CRE\u0218TEREA CALIT\u0102\u021aII VIE\u021aII FEMEILOR E-BOOK - Academia Kineperineo","isPartOf":{"@id":"https:\/\/academiakineperineo.com\/#website"},"primaryImageOfPage":{"@id":"https:\/\/academiakineperineo.com\/product\/rolul-kinetoterapiei-in-cresterea-calitatii-vietii-femeilor-e-book\/#primaryimage"},"image":{"@id":"https:\/\/academiakineperineo.com\/product\/rolul-kinetoterapiei-in-cresterea-calitatii-vietii-femeilor-e-book\/#primaryimage"},"thumbnailUrl":"https:\/\/academiakineperineo.com\/wp-content\/uploads\/2024\/12\/Design-fara-titlu-1-min.png","datePublished":"2024-12-10T14:17:14+00:00","dateModified":"2025-10-17T10:11:17+00:00","breadcrumb":{"@id":"https:\/\/academiakineperineo.com\/product\/rolul-kinetoterapiei-in-cresterea-calitatii-vietii-femeilor-e-book\/#breadcrumb"},"inLanguage":"fr-FR","potentialAction":[{"@type":"ReadAction","target":["https:\/\/academiakineperineo.com\/product\/rolul-kinetoterapiei-in-cresterea-calitatii-vietii-femeilor-e-book\/"]}]},{"@type":"ImageObject","inLanguage":"fr-FR","@id":"https:\/\/academiakineperineo.com\/product\/rolul-kinetoterapiei-in-cresterea-calitatii-vietii-femeilor-e-book\/#primaryimage","url":"https:\/\/academiakineperineo.com\/wp-content\/uploads\/2024\/12\/Design-fara-titlu-1-min.png","contentUrl":"https:\/\/academiakineperineo.com\/wp-content\/uploads\/2024\/12\/Design-fara-titlu-1-min.png","width":1414,"height":2000},{"@type":"BreadcrumbList","@id":"https:\/\/academiakineperineo.com\/product\/rolul-kinetoterapiei-in-cresterea-calitatii-vietii-femeilor-e-book\/#breadcrumb","itemListElement":[{"@type":"ListItem","position":1,"name":"Home","item":"https:\/\/academiakineperineo.com\/"},{"@type":"ListItem","position":2,"name":"Produse","item":"https:\/\/academiakineperineo.com\/shop\/"},{"@type":"ListItem","position":3,"name":"ROLUL KINETOTERAPIEI \u00ceN CRE\u0218TEREA CALIT\u0102\u021aII VIE\u021aII FEMEILOR E-BOOK"}]},{"@type":"WebSite","@id":"https:\/\/academiakineperineo.com\/#website","url":"https:\/\/academiakineperineo.com\/","name":"Acad\u00e9mie Kin\u00e9p\u00e9rin\u00e9o","description":"Kinetoterapia planseului pelvin in Romania","publisher":{"@id":"https:\/\/academiakineperineo.com\/#organization"},"potentialAction":[{"@type":"SearchAction","target":{"@type":"EntryPoint","urlTemplate":"https:\/\/academiakineperineo.com\/?s={search_term_string}"},"query-input":{"@type":"PropertyValueSpecification","valueRequired":true,"valueName":"search_term_string"}}],"inLanguage":"fr-FR"},{"@type":"Organization","@id":"https:\/\/academiakineperineo.com\/#organization","name":"Acad\u00e9mie Kin\u00e9p\u00e9rin\u00e9o","url":"https:\/\/academiakineperineo.com\/","logo":{"@type":"ImageObject","inLanguage":"fr-FR","@id":"https:\/\/academiakineperineo.com\/#\/schema\/logo\/image\/","url":"https:\/\/academiakineperineo.com\/wp-content\/uploads\/2024\/08\/LOGO_BLACK.png","contentUrl":"https:\/\/academiakineperineo.com\/wp-content\/uploads\/2024\/08\/LOGO_BLACK.png","width":2301,"height":493,"caption":"Academia Kineperineo"},"image":{"@id":"https:\/\/academiakineperineo.com\/#\/schema\/logo\/image\/"},"sameAs":["https:\/\/www.facebook.com\/share\/1A6mhUrj5T\/?mibextid=wwXIfr","https:\/\/www.instagram.com\/academiakineperineo\/profilecard\/?igsh=cmtkZHg3dml2ZGFr"]}]}},"_links":{"self":[{"href":"https:\/\/academiakineperineo.com\/fr\/wp-json\/wp\/v2\/product\/1554","targetHints":{"allow":["GET"]}}],"collection":[{"href":"https:\/\/academiakineperineo.com\/fr\/wp-json\/wp\/v2\/product"}],"about":[{"href":"https:\/\/academiakineperineo.com\/fr\/wp-json\/wp\/v2\/types\/product"}],"replies":[{"embeddable":true,"href":"https:\/\/academiakineperineo.com\/fr\/wp-json\/wp\/v2\/comments?post=1554"}],"wp:featuredmedia":[{"embeddable":true,"href":"https:\/\/academiakineperineo.com\/fr\/wp-json\/wp\/v2\/media\/2441"}],"wp:attachment":[{"href":"https:\/\/academiakineperineo.com\/fr\/wp-json\/wp\/v2\/media?parent=1554"}],"wp:term":[{"taxonomy":"product_brand","embeddable":true,"href":"https:\/\/academiakineperineo.com\/fr\/wp-json\/wp\/v2\/product_brand?post=1554"},{"taxonomy":"product_cat","embeddable":true,"href":"https:\/\/academiakineperineo.com\/fr\/wp-json\/wp\/v2\/product_cat?post=1554"},{"taxonomy":"product_tag","embeddable":true,"href":"https:\/\/academiakineperineo.com\/fr\/wp-json\/wp\/v2\/product_tag?post=1554"}],"curies":[{"name":"wp","href":"https:\/\/api.w.org\/{rel}","templated":true}]}}