{"id":978,"date":"2024-09-24T17:04:58","date_gmt":"2024-09-24T17:04:58","guid":{"rendered":"https:\/\/academiakineperineo.com\/?page_id=978"},"modified":"2026-03-06T15:54:48","modified_gmt":"2026-03-06T15:54:48","slug":"reeducarea-perineala-dureri-perineale-disfunctii-sexuale","status":"publish","type":"page","link":"https:\/\/academiakineperineo.com\/fr\/reeducarea-perineala-dureri-perineale-disfunctii-sexuale\/","title":{"rendered":"Douleurs p\u00e9rin\u00e9ales et dysfonctionnements sexuels"},"content":{"rendered":"<div data-elementor-type=\"wp-page\" data-elementor-id=\"978\" class=\"elementor elementor-978\" data-elementor-post-type=\"page\">\n\t\t\t\t<div class=\"elementor-element elementor-element-66e1c65 e-con-full e-flex e-con e-parent\" data-id=\"66e1c65\" data-element_type=\"container\" data-settings=\"{&quot;background_background&quot;:&quot;gradient&quot;}\">\n\t\t<div class=\"elementor-element elementor-element-6db55a33 e-con-full e-flex e-con e-child\" data-id=\"6db55a33\" data-element_type=\"container\">\n\t\t\t\t<div class=\"elementor-element elementor-element-50293834 elementor-widget elementor-widget-heading\" data-id=\"50293834\" data-element_type=\"widget\" data-widget_type=\"heading.default\">\n\t\t\t\t<div class=\"elementor-widget-container\">\n\t\t\t\t\t<h2 class=\"elementor-heading-title elementor-size-default\">Douleurs p\u00e9rin\u00e9ales et dysfonctionnements sexuels\n<\/h2>\t\t\t\t<\/div>\n\t\t\t\t<\/div>\n\t\t\t\t<div class=\"elementor-element elementor-element-42ce42fe elementor-widget elementor-widget-text-editor\" data-id=\"42ce42fe\" data-element_type=\"widget\" data-widget_type=\"text-editor.default\">\n\t\t\t\t<div class=\"elementor-widget-container\">\n\t\t\t\t\t\t\t\t\t<p>Consultez un sp\u00e9cialiste d\u00e8s maintenant!<\/p>\t\t\t\t\t\t\t\t<\/div>\n\t\t\t\t<\/div>\n\t\t\t\t<div class=\"elementor-element elementor-element-6ddedf65 elementor-align-center elementor-mobile-align-center elementor-invisible elementor-widget elementor-widget-button\" data-id=\"6ddedf65\" data-element_type=\"widget\" data-settings=\"{&quot;_animation&quot;:&quot;fadeInUp&quot;}\" data-widget_type=\"button.default\">\n\t\t\t\t<div class=\"elementor-widget-container\">\n\t\t\t\t\t\t\t\t\t<div class=\"elementor-button-wrapper\">\n\t\t\t\t\t<a class=\"elementor-button elementor-button-link elementor-size-sm elementor-animation-grow\" href=\"https:\/\/academiakineperineo.com\/fr\/rezervare-academia-kinetoperineo\/\">\n\t\t\t\t\t\t<span class=\"elementor-button-content-wrapper\">\n\t\t\t\t\t\t\t\t\t<span class=\"elementor-button-text\">Planifiez-vous<\/span>\n\t\t\t\t\t<\/span>\n\t\t\t\t\t<\/a>\n\t\t\t\t<\/div>\n\t\t\t\t\t\t\t\t<\/div>\n\t\t\t\t<\/div>\n\t\t\t\t<\/div>\n\t\t\t\t<\/div>\n\t\t\t\t<section class=\"elementor-section elementor-top-section elementor-element elementor-element-5651c409 elementor-section-boxed elementor-section-height-default elementor-section-height-default\" data-id=\"5651c409\" data-element_type=\"section\">\n\t\t\t\t\t\t<div class=\"elementor-container elementor-column-gap-default\">\n\t\t\t\t\t<div class=\"elementor-column elementor-col-50 elementor-top-column elementor-element elementor-element-98c73ec\" data-id=\"98c73ec\" data-element_type=\"column\">\n\t\t\t<div class=\"elementor-widget-wrap elementor-element-populated\">\n\t\t\t\t\t\t<div class=\"elementor-element elementor-element-69dde401 elementor-widget elementor-widget-text-editor\" data-id=\"69dde401\" data-element_type=\"widget\" data-widget_type=\"text-editor.default\">\n\t\t\t\t<div class=\"elementor-widget-container\">\n\t\t\t\t\t\t\t\t\t<p><span style=\"font-weight: 400;\">Les douleurs p\u00e9rin\u00e9ales sont des douleurs ressenties dans la zone inf\u00e9rieure du bassin, persistantes ou r\u00e9currentes, souvent associ\u00e9es \u00e0 des sympt\u00f4mes de dysfonctionnement du syst\u00e8me urinaire ou sexuel en l&#039;absence d&#039;une autre pathologie \u00e9vidente.\u00a0<\/span><\/p><p><span style=\"font-weight: 400;\">Les douleurs p\u00e9rin\u00e9ales peuvent \u00eatre :\u00a0<\/span><\/p><ul><li style=\"font-weight: 400;\" aria-level=\"1\"><span style=\"font-weight: 400;\">dysurie- se d\u00e9finit comme une miction difficile ou une g\u00eane au moment d&#039;uriner\u00a0;<\/span><\/li><li style=\"font-weight: 400;\" aria-level=\"1\"><span style=\"font-weight: 400;\">dyspareunie - douleur manifest\u00e9e pendant les rapports sexuels mais aussi apr\u00e8s ceux-ci, tr\u00e8s probablement caus\u00e9e par une \u00e9pisiotomie ou une rupture p\u00e9rin\u00e9ale lors de l&#039;accouchement ;<\/span><\/li><li style=\"font-weight: 400;\" aria-level=\"1\"><span style=\"font-weight: 400;\">le vaginisme \u2013 est une contraction involontaire des muscles du plancher pelvien suite \u00e0 une tentative ou \u00e0 l&#039;anticipation d&#039;un acte sexuel, d&#039;une p\u00e9n\u00e9tration avec un doigt ou un objet ; le vaginisme est caract\u00e9ris\u00e9 comme un trouble de la p\u00e9n\u00e9tration, rendant ainsi toute p\u00e9n\u00e9tration douloureuse, voire impossible ;<\/span><\/li><li style=\"font-weight: 400;\" aria-level=\"1\"><span style=\"font-weight: 400;\">n\u00e9vralgie pudendale \u2013 compression du nerf \u00ab honteux \u00bb responsable de l&#039;innervation du p\u00e9rin\u00e9e ;<\/span><\/li><li style=\"font-weight: 400;\" aria-level=\"1\"><span style=\"font-weight: 400;\">vulvodynie \u2013 inconfort vulvaire chronique, le plus souvent de type br\u00fblure, sans l\u00e9sion visible pertinente et sans maladie neurologique cliniquement identifiable (Micheletti et al., 2014)\u00a0;<\/span><\/li><li style=\"font-weight: 400;\" aria-level=\"1\"><span style=\"font-weight: 400;\">endom\u00e9triose - migration de l&#039;endom\u00e8tre vers les zones externes de l&#039;ut\u00e9rus ;<\/span><\/li><li style=\"font-weight: 400;\" aria-level=\"1\"><span style=\"font-weight: 400;\">cystite \u2013 infections urinaires ;<\/span><\/li><li style=\"font-weight: 400;\" aria-level=\"1\"><span style=\"font-weight: 400;\">dysfonction \u00e9rectile.<\/span><\/li><\/ul>\t\t\t\t\t\t\t\t<\/div>\n\t\t\t\t<\/div>\n\t\t\t\t\t<\/div>\n\t\t<\/div>\n\t\t\t\t<div class=\"elementor-column elementor-col-50 elementor-top-column elementor-element elementor-element-64df1883\" data-id=\"64df1883\" data-element_type=\"column\">\n\t\t\t<div class=\"elementor-widget-wrap elementor-element-populated\">\n\t\t\t\t\t\t<div class=\"elementor-element elementor-element-590beadd elementor-widget elementor-widget-image\" data-id=\"590beadd\" data-element_type=\"widget\" data-widget_type=\"image.default\">\n\t\t\t\t<div class=\"elementor-widget-container\">\n\t\t\t\t\t\t\t\t\t\t\t\t\t\t\t<img fetchpriority=\"high\" decoding=\"async\" width=\"800\" height=\"645\" src=\"https:\/\/academiakineperineo.com\/wp-content\/uploads\/2024\/08\/ICON_COLOR-1024x826.png\" class=\"attachment-large size-large wp-image-183\" alt=\"\" srcset=\"https:\/\/academiakineperineo.com\/wp-content\/uploads\/2024\/08\/ICON_COLOR-1024x826.png 1024w, https:\/\/academiakineperineo.com\/wp-content\/uploads\/2024\/08\/ICON_COLOR-300x242.png 300w, https:\/\/academiakineperineo.com\/wp-content\/uploads\/2024\/08\/ICON_COLOR-768x620.png 768w, https:\/\/academiakineperineo.com\/wp-content\/uploads\/2024\/08\/ICON_COLOR-600x484.png 600w, https:\/\/academiakineperineo.com\/wp-content\/uploads\/2024\/08\/ICON_COLOR.png 1501w\" sizes=\"(max-width: 800px) 100vw, 800px\" \/>\t\t\t\t\t\t\t\t\t\t\t\t\t\t\t<\/div>\n\t\t\t\t<\/div>\n\t\t\t\t\t<\/div>\n\t\t<\/div>\n\t\t\t\t\t<\/div>\n\t\t<\/section>\n\t\t\t\t<\/div>","protected":false},"excerpt":{"rendered":"<p>Dureri perineale si disfunc\u021bii sexuale Consult\u0103 un specialist acum! Programeaza-te Durerile perineale sunt durerile sunt resim\u021bite \u00een zona bazinului inferior, persistente sau recurente, deseori asociate cu simptome disfunc\u021bionale ale aparatului urinar sau sexual \u00een absen\u021ba unei alte patologii evidente.\u00a0 Durerile perineale pot fi:\u00a0 disuria- se define\u0219te ca o mic\u021biune dificil\u0103 sau jen\u0103 la mic\u021biune; dispareunia- [&hellip;]<\/p>","protected":false},"author":15,"featured_media":183,"parent":0,"menu_order":0,"comment_status":"closed","ping_status":"closed","template":"elementor_header_footer","meta":{"footnotes":""},"class_list":["post-978","page","type-page","status-publish","has-post-thumbnail","hentry"],"yoast_head":"<!-- This site is optimized with the Yoast SEO Premium plugin v26.5 (Yoast SEO v26.5) - https:\/\/yoast.com\/wordpress\/plugins\/seo\/ -->\n<title>Dureri perineale, disfunc\u021bii sexuale Romania-Academia kineperineo<\/title>\n<meta name=\"description\" content=\"Durerile perineale sunt durerile sunt resim\u021bite \u00een zona bazinului inferior, asociate cu simptome disfunc\u021bionale uro-ginecologice.\" \/>\n<meta name=\"robots\" content=\"index, follow, max-snippet:-1, max-image-preview:large, max-video-preview:-1\" \/>\n<link rel=\"canonical\" href=\"https:\/\/academiakineperineo.com\/fr\/reeducarea-perineala-dureri-perineale-disfunctii-sexuale\/\" \/>\n<meta property=\"og:locale\" content=\"fr_FR\" \/>\n<meta property=\"og:type\" content=\"article\" \/>\n<meta property=\"og:title\" content=\"Dureri perineale si disfunc\u021bii sexuale\" \/>\n<meta property=\"og:description\" content=\"Durerile perineale sunt durerile sunt resim\u021bite \u00een zona bazinului inferior, asociate cu simptome disfunc\u021bionale uro-ginecologice.\" \/>\n<meta property=\"og:url\" content=\"https:\/\/academiakineperineo.com\/fr\/reeducarea-perineala-dureri-perineale-disfunctii-sexuale\/\" \/>\n<meta property=\"og:site_name\" content=\"Academia Kineperineo\" \/>\n<meta property=\"article:publisher\" content=\"https:\/\/www.facebook.com\/share\/1A6mhUrj5T\/?mibextid=wwXIfr\" \/>\n<meta property=\"article:modified_time\" content=\"2026-03-06T15:54:48+00:00\" \/>\n<meta property=\"og:image\" content=\"https:\/\/academiakineperineo.com\/wp-content\/uploads\/2024\/08\/ICON_COLOR.png\" \/>\n\t<meta property=\"og:image:width\" content=\"1501\" \/>\n\t<meta property=\"og:image:height\" content=\"1211\" \/>\n\t<meta property=\"og:image:type\" content=\"image\/png\" \/>\n<meta name=\"twitter:card\" content=\"summary_large_image\" \/>\n<meta name=\"twitter:label1\" content=\"Dur\u00e9e de lecture estim\u00e9e\" \/>\n\t<meta name=\"twitter:data1\" content=\"2 minutes\" \/>\n<script type=\"application\/ld+json\" class=\"yoast-schema-graph\">{\"@context\":\"https:\/\/schema.org\",\"@graph\":[{\"@type\":\"WebPage\",\"@id\":\"https:\/\/academiakineperineo.com\/reeducarea-perineala-dureri-perineale-disfunctii-sexuale\/\",\"url\":\"https:\/\/academiakineperineo.com\/reeducarea-perineala-dureri-perineale-disfunctii-sexuale\/\",\"name\":\"Dureri perineale, disfunc\u021bii sexuale Romania-Academia kineperineo\",\"isPartOf\":{\"@id\":\"https:\/\/academiakineperineo.com\/#website\"},\"primaryImageOfPage\":{\"@id\":\"https:\/\/academiakineperineo.com\/reeducarea-perineala-dureri-perineale-disfunctii-sexuale\/#primaryimage\"},\"image\":{\"@id\":\"https:\/\/academiakineperineo.com\/reeducarea-perineala-dureri-perineale-disfunctii-sexuale\/#primaryimage\"},\"thumbnailUrl\":\"https:\/\/academiakineperineo.com\/wp-content\/uploads\/2024\/08\/ICON_COLOR.png\",\"datePublished\":\"2024-09-24T17:04:58+00:00\",\"dateModified\":\"2026-03-06T15:54:48+00:00\",\"description\":\"Durerile perineale sunt durerile sunt resim\u021bite \u00een zona bazinului inferior, asociate cu simptome disfunc\u021bionale uro-ginecologice.\",\"breadcrumb\":{\"@id\":\"https:\/\/academiakineperineo.com\/reeducarea-perineala-dureri-perineale-disfunctii-sexuale\/#breadcrumb\"},\"inLanguage\":\"fr-FR\",\"potentialAction\":[{\"@type\":\"ReadAction\",\"target\":[\"https:\/\/academiakineperineo.com\/reeducarea-perineala-dureri-perineale-disfunctii-sexuale\/\"]}]},{\"@type\":\"ImageObject\",\"inLanguage\":\"fr-FR\",\"@id\":\"https:\/\/academiakineperineo.com\/reeducarea-perineala-dureri-perineale-disfunctii-sexuale\/#primaryimage\",\"url\":\"https:\/\/academiakineperineo.com\/wp-content\/uploads\/2024\/08\/ICON_COLOR.png\",\"contentUrl\":\"https:\/\/academiakineperineo.com\/wp-content\/uploads\/2024\/08\/ICON_COLOR.png\",\"width\":1501,\"height\":1211},{\"@type\":\"BreadcrumbList\",\"@id\":\"https:\/\/academiakineperineo.com\/reeducarea-perineala-dureri-perineale-disfunctii-sexuale\/#breadcrumb\",\"itemListElement\":[{\"@type\":\"ListItem\",\"position\":1,\"name\":\"Home\",\"item\":\"https:\/\/academiakineperineo.com\/\"},{\"@type\":\"ListItem\",\"position\":2,\"name\":\"Dureri perineale si disfunc\u021bii sexuale\"}]},{\"@type\":\"WebSite\",\"@id\":\"https:\/\/academiakineperineo.com\/#website\",\"url\":\"https:\/\/academiakineperineo.com\/\",\"name\":\"Academia Kineperineo\",\"description\":\"Kinetoterapia planseului pelvin in Romania\",\"publisher\":{\"@id\":\"https:\/\/academiakineperineo.com\/#organization\"},\"potentialAction\":[{\"@type\":\"SearchAction\",\"target\":{\"@type\":\"EntryPoint\",\"urlTemplate\":\"https:\/\/academiakineperineo.com\/?s={search_term_string}\"},\"query-input\":{\"@type\":\"PropertyValueSpecification\",\"valueRequired\":true,\"valueName\":\"search_term_string\"}}],\"inLanguage\":\"fr-FR\"},{\"@type\":\"Organization\",\"@id\":\"https:\/\/academiakineperineo.com\/#organization\",\"name\":\"Academia Kineperineo\",\"url\":\"https:\/\/academiakineperineo.com\/\",\"logo\":{\"@type\":\"ImageObject\",\"inLanguage\":\"fr-FR\",\"@id\":\"https:\/\/academiakineperineo.com\/#\/schema\/logo\/image\/\",\"url\":\"https:\/\/academiakineperineo.com\/wp-content\/uploads\/2024\/08\/LOGO_BLACK.png\",\"contentUrl\":\"https:\/\/academiakineperineo.com\/wp-content\/uploads\/2024\/08\/LOGO_BLACK.png\",\"width\":2301,\"height\":493,\"caption\":\"Academia Kineperineo\"},\"image\":{\"@id\":\"https:\/\/academiakineperineo.com\/#\/schema\/logo\/image\/\"},\"sameAs\":[\"https:\/\/www.facebook.com\/share\/1A6mhUrj5T\/?mibextid=wwXIfr\",\"https:\/\/www.instagram.com\/academiakineperineo\/profilecard\/?igsh=cmtkZHg3dml2ZGFr\"]}]}<\/script>\n<!-- \/ Yoast SEO Premium plugin. -->","yoast_head_json":{"title":"Dureri perineale, disfunc\u021bii sexuale Romania-Academia kineperineo","description":"Durerile perineale sunt durerile sunt resim\u021bite \u00een zona bazinului inferior, asociate cu simptome disfunc\u021bionale uro-ginecologice.","robots":{"index":"index","follow":"follow","max-snippet":"max-snippet:-1","max-image-preview":"max-image-preview:large","max-video-preview":"max-video-preview:-1"},"canonical":"https:\/\/academiakineperineo.com\/fr\/reeducarea-perineala-dureri-perineale-disfunctii-sexuale\/","og_locale":"fr_FR","og_type":"article","og_title":"Dureri perineale si disfunc\u021bii sexuale","og_description":"Durerile perineale sunt durerile sunt resim\u021bite \u00een zona bazinului inferior, asociate cu simptome disfunc\u021bionale uro-ginecologice.","og_url":"https:\/\/academiakineperineo.com\/fr\/reeducarea-perineala-dureri-perineale-disfunctii-sexuale\/","og_site_name":"Academia Kineperineo","article_publisher":"https:\/\/www.facebook.com\/share\/1A6mhUrj5T\/?mibextid=wwXIfr","article_modified_time":"2026-03-06T15:54:48+00:00","og_image":[{"width":1501,"height":1211,"url":"https:\/\/academiakineperineo.com\/wp-content\/uploads\/2024\/08\/ICON_COLOR.png","type":"image\/png"}],"twitter_card":"summary_large_image","twitter_misc":{"Dur\u00e9e de lecture estim\u00e9e":"2 minutes"},"schema":{"@context":"https:\/\/schema.org","@graph":[{"@type":"WebPage","@id":"https:\/\/academiakineperineo.com\/reeducarea-perineala-dureri-perineale-disfunctii-sexuale\/","url":"https:\/\/academiakineperineo.com\/reeducarea-perineala-dureri-perineale-disfunctii-sexuale\/","name":"Dureri perineale, disfunc\u021bii sexuale Romania-Academia kineperineo","isPartOf":{"@id":"https:\/\/academiakineperineo.com\/#website"},"primaryImageOfPage":{"@id":"https:\/\/academiakineperineo.com\/reeducarea-perineala-dureri-perineale-disfunctii-sexuale\/#primaryimage"},"image":{"@id":"https:\/\/academiakineperineo.com\/reeducarea-perineala-dureri-perineale-disfunctii-sexuale\/#primaryimage"},"thumbnailUrl":"https:\/\/academiakineperineo.com\/wp-content\/uploads\/2024\/08\/ICON_COLOR.png","datePublished":"2024-09-24T17:04:58+00:00","dateModified":"2026-03-06T15:54:48+00:00","description":"Durerile perineale sunt durerile sunt resim\u021bite \u00een zona bazinului inferior, asociate cu simptome disfunc\u021bionale uro-ginecologice.","breadcrumb":{"@id":"https:\/\/academiakineperineo.com\/reeducarea-perineala-dureri-perineale-disfunctii-sexuale\/#breadcrumb"},"inLanguage":"fr-FR","potentialAction":[{"@type":"ReadAction","target":["https:\/\/academiakineperineo.com\/reeducarea-perineala-dureri-perineale-disfunctii-sexuale\/"]}]},{"@type":"ImageObject","inLanguage":"fr-FR","@id":"https:\/\/academiakineperineo.com\/reeducarea-perineala-dureri-perineale-disfunctii-sexuale\/#primaryimage","url":"https:\/\/academiakineperineo.com\/wp-content\/uploads\/2024\/08\/ICON_COLOR.png","contentUrl":"https:\/\/academiakineperineo.com\/wp-content\/uploads\/2024\/08\/ICON_COLOR.png","width":1501,"height":1211},{"@type":"BreadcrumbList","@id":"https:\/\/academiakineperineo.com\/reeducarea-perineala-dureri-perineale-disfunctii-sexuale\/#breadcrumb","itemListElement":[{"@type":"ListItem","position":1,"name":"Home","item":"https:\/\/academiakineperineo.com\/"},{"@type":"ListItem","position":2,"name":"Dureri perineale si disfunc\u021bii sexuale"}]},{"@type":"WebSite","@id":"https:\/\/academiakineperineo.com\/#website","url":"https:\/\/academiakineperineo.com\/","name":"Acad\u00e9mie Kin\u00e9p\u00e9rin\u00e9o","description":"Kinetoterapia planseului pelvin in Romania","publisher":{"@id":"https:\/\/academiakineperineo.com\/#organization"},"potentialAction":[{"@type":"SearchAction","target":{"@type":"EntryPoint","urlTemplate":"https:\/\/academiakineperineo.com\/?s={search_term_string}"},"query-input":{"@type":"PropertyValueSpecification","valueRequired":true,"valueName":"search_term_string"}}],"inLanguage":"fr-FR"},{"@type":"Organization","@id":"https:\/\/academiakineperineo.com\/#organization","name":"Acad\u00e9mie Kin\u00e9p\u00e9rin\u00e9o","url":"https:\/\/academiakineperineo.com\/","logo":{"@type":"ImageObject","inLanguage":"fr-FR","@id":"https:\/\/academiakineperineo.com\/#\/schema\/logo\/image\/","url":"https:\/\/academiakineperineo.com\/wp-content\/uploads\/2024\/08\/LOGO_BLACK.png","contentUrl":"https:\/\/academiakineperineo.com\/wp-content\/uploads\/2024\/08\/LOGO_BLACK.png","width":2301,"height":493,"caption":"Academia Kineperineo"},"image":{"@id":"https:\/\/academiakineperineo.com\/#\/schema\/logo\/image\/"},"sameAs":["https:\/\/www.facebook.com\/share\/1A6mhUrj5T\/?mibextid=wwXIfr","https:\/\/www.instagram.com\/academiakineperineo\/profilecard\/?igsh=cmtkZHg3dml2ZGFr"]}]}},"_links":{"self":[{"href":"https:\/\/academiakineperineo.com\/fr\/wp-json\/wp\/v2\/pages\/978","targetHints":{"allow":["GET"]}}],"collection":[{"href":"https:\/\/academiakineperineo.com\/fr\/wp-json\/wp\/v2\/pages"}],"about":[{"href":"https:\/\/academiakineperineo.com\/fr\/wp-json\/wp\/v2\/types\/page"}],"author":[{"embeddable":true,"href":"https:\/\/academiakineperineo.com\/fr\/wp-json\/wp\/v2\/users\/15"}],"replies":[{"embeddable":true,"href":"https:\/\/academiakineperineo.com\/fr\/wp-json\/wp\/v2\/comments?post=978"}],"version-history":[{"count":11,"href":"https:\/\/academiakineperineo.com\/fr\/wp-json\/wp\/v2\/pages\/978\/revisions"}],"predecessor-version":[{"id":996,"href":"https:\/\/academiakineperineo.com\/fr\/wp-json\/wp\/v2\/pages\/978\/revisions\/996"}],"wp:featuredmedia":[{"embeddable":true,"href":"https:\/\/academiakineperineo.com\/fr\/wp-json\/wp\/v2\/media\/183"}],"wp:attachment":[{"href":"https:\/\/academiakineperineo.com\/fr\/wp-json\/wp\/v2\/media?parent=978"}],"curies":[{"name":"wp","href":"https:\/\/api.w.org\/{rel}","templated":true}]}}