{"id":969,"date":"2024-09-24T17:00:52","date_gmt":"2024-09-24T17:00:52","guid":{"rendered":"https:\/\/academiakineperineo.com\/?page_id=969"},"modified":"2024-09-24T17:03:28","modified_gmt":"2024-09-24T17:03:28","slug":"reeducarea-anala","status":"publish","type":"page","link":"https:\/\/academiakineperineo.com\/fr\/reeducarea-anala\/","title":{"rendered":"R\u00e9\u00e9ducation incontinence anale"},"content":{"rendered":"<div data-elementor-type=\"wp-page\" data-elementor-id=\"969\" class=\"elementor elementor-969\" data-elementor-post-type=\"page\">\n\t\t\t\t<div class=\"elementor-element elementor-element-66e1c65 e-con-full e-flex e-con e-parent\" data-id=\"66e1c65\" data-element_type=\"container\" data-settings=\"{&quot;background_background&quot;:&quot;gradient&quot;}\">\n\t\t<div class=\"elementor-element elementor-element-6db55a33 e-con-full e-flex e-con e-child\" data-id=\"6db55a33\" data-element_type=\"container\">\n\t\t\t\t<div class=\"elementor-element elementor-element-50293834 elementor-widget elementor-widget-heading\" data-id=\"50293834\" data-element_type=\"widget\" data-widget_type=\"heading.default\">\n\t\t\t\t<div class=\"elementor-widget-container\">\n\t\t\t\t\t<h2 class=\"elementor-heading-title elementor-size-default\">R\u00e9\u00e9ducation incontinence anale\n<\/h2>\t\t\t\t<\/div>\n\t\t\t\t<\/div>\n\t\t\t\t<div class=\"elementor-element elementor-element-42ce42fe elementor-widget elementor-widget-text-editor\" data-id=\"42ce42fe\" data-element_type=\"widget\" data-widget_type=\"text-editor.default\">\n\t\t\t\t<div class=\"elementor-widget-container\">\n\t\t\t\t\t\t\t\t\t<p>Consultez un sp\u00e9cialiste d\u00e8s maintenant!<\/p>\t\t\t\t\t\t\t\t<\/div>\n\t\t\t\t<\/div>\n\t\t\t\t<div class=\"elementor-element elementor-element-6ddedf65 elementor-align-center elementor-mobile-align-center elementor-invisible elementor-widget elementor-widget-button\" data-id=\"6ddedf65\" data-element_type=\"widget\" data-settings=\"{&quot;_animation&quot;:&quot;fadeInUp&quot;}\" data-widget_type=\"button.default\">\n\t\t\t\t<div class=\"elementor-widget-container\">\n\t\t\t\t\t\t\t\t\t<div class=\"elementor-button-wrapper\">\n\t\t\t\t\t<a class=\"elementor-button elementor-button-link elementor-size-sm elementor-animation-grow\" href=\"https:\/\/academiakineperineo.com\/fr\/rezervare-academia-kinetoperineo\/\">\n\t\t\t\t\t\t<span class=\"elementor-button-content-wrapper\">\n\t\t\t\t\t\t\t\t\t<span class=\"elementor-button-text\">Planifiez-vous<\/span>\n\t\t\t\t\t<\/span>\n\t\t\t\t\t<\/a>\n\t\t\t\t<\/div>\n\t\t\t\t\t\t\t\t<\/div>\n\t\t\t\t<\/div>\n\t\t\t\t<\/div>\n\t\t\t\t<\/div>\n\t\t\t\t<section class=\"elementor-section elementor-top-section elementor-element elementor-element-5651c409 elementor-section-boxed elementor-section-height-default elementor-section-height-default\" data-id=\"5651c409\" data-element_type=\"section\">\n\t\t\t\t\t\t<div class=\"elementor-container elementor-column-gap-default\">\n\t\t\t\t\t<div class=\"elementor-column elementor-col-50 elementor-top-column elementor-element elementor-element-98c73ec\" data-id=\"98c73ec\" data-element_type=\"column\">\n\t\t\t<div class=\"elementor-widget-wrap elementor-element-populated\">\n\t\t\t\t\t\t<div class=\"elementor-element elementor-element-69dde401 elementor-widget elementor-widget-text-editor\" data-id=\"69dde401\" data-element_type=\"widget\" data-widget_type=\"text-editor.default\">\n\t\t\t\t<div class=\"elementor-widget-container\">\n\t\t\t\t\t\t\t\t\t<p><span style=\"font-weight: 400;\">L&#039;incontinence anale est d\u00e9finie par l&#039;International Continence Society comme la perte involontaire de mati\u00e8res f\u00e9cales ou de gaz.<\/span><span style=\"font-weight: 400;\">\u00a0Le contenu rectal (f\u00e8ces, gaz) passe involontairement par le canal anal et le patient est incapable de retarder une \u00e9vacuation jusqu&#039;\u00e0 ce que cela soit socialement opportun.<\/span><\/p><p><b><i>La r\u00e9\u00e9ducation anale est recommand\u00e9e dans les cas suivants :<\/i><\/b><\/p><ul><li style=\"font-weight: 400;\" aria-level=\"1\"><span style=\"font-weight: 400;\">en cas d&#039;hypotonie du sphincter externe, des moyens d&#039;entra\u00eenement du sphincter seront utilis\u00e9s par \u00e9lectrostimulation et biofeedback \u00e0 l&#039;aide d&#039;une sonde anale ;<\/span><\/li><li style=\"font-weight: 400;\" aria-level=\"1\"><span style=\"font-weight: 400;\">en cas de constipation terminale par l&#039;apprentissage de la bonne position et du mouvement de pouss\u00e9e de d\u00e9f\u00e9cation, l&#039;entra\u00eenement des muscles abdominaux responsables de la pouss\u00e9e de d\u00e9f\u00e9cation, des conseils comportementaux pour r\u00e9guler le transit ;\u00a0<\/span><\/li><li style=\"font-weight: 400;\" aria-level=\"1\"><span style=\"font-weight: 400;\">dans le cas du micro-rectum ou du macro-rectum, on utilise un appareil de r\u00e9\u00e9ducation ano-rectale qui utilisera une sonde rectale \u00e0 ballon ou double ballon gr\u00e2ce \u00e0 laquelle la sensibilit\u00e9 et la dilatation rectale seront progressivement entra\u00een\u00e9es.\u00a0<\/span><\/li><\/ul><p><br style=\"font-weight: 400;\" \/><br style=\"font-weight: 400;\" \/><\/p>\t\t\t\t\t\t\t\t<\/div>\n\t\t\t\t<\/div>\n\t\t\t\t\t<\/div>\n\t\t<\/div>\n\t\t\t\t<div class=\"elementor-column elementor-col-50 elementor-top-column elementor-element elementor-element-64df1883\" data-id=\"64df1883\" data-element_type=\"column\">\n\t\t\t<div class=\"elementor-widget-wrap elementor-element-populated\">\n\t\t\t\t\t\t<div class=\"elementor-element elementor-element-590beadd elementor-widget elementor-widget-image\" data-id=\"590beadd\" data-element_type=\"widget\" data-widget_type=\"image.default\">\n\t\t\t\t<div class=\"elementor-widget-container\">\n\t\t\t\t\t\t\t\t\t\t\t\t\t\t\t<img fetchpriority=\"high\" decoding=\"async\" width=\"800\" height=\"496\" src=\"https:\/\/academiakineperineo.com\/wp-content\/uploads\/2024\/09\/image20.jpg\" class=\"attachment-large size-large wp-image-970\" alt=\"\" srcset=\"https:\/\/academiakineperineo.com\/wp-content\/uploads\/2024\/09\/image20.jpg 1006w, https:\/\/academiakineperineo.com\/wp-content\/uploads\/2024\/09\/image20-300x186.jpg 300w, https:\/\/academiakineperineo.com\/wp-content\/uploads\/2024\/09\/image20-768x476.jpg 768w, https:\/\/academiakineperineo.com\/wp-content\/uploads\/2024\/09\/image20-600x372.jpg 600w\" sizes=\"(max-width: 800px) 100vw, 800px\" \/>\t\t\t\t\t\t\t\t\t\t\t\t\t\t\t<\/div>\n\t\t\t\t<\/div>\n\t\t\t\t\t<\/div>\n\t\t<\/div>\n\t\t\t\t\t<\/div>\n\t\t<\/section>\n\t\t\t\t<\/div>","protected":false},"excerpt":{"rendered":"<p>Reeducarea anal\u0103 Consult\u0103 un specialist acum! Programeaza-te Incontinen\u021ba anal\u0103 ce este definit\u0103 de Societatea Interna\u021bional\u0103 de Continen\u021b\u0103 ca fiind pierderea involuntar\u0103 de materii fecale sau de gaze.\u00a0Con\u021binutul rectal (fecale, gaze) trece involuntar prin canalul anal \u0219i pacientul este \u00een incapacitatea de a am\u00e2na o evacuare p\u00e2n\u0103 c\u00e2nd este convenabil din punct de vedere social. Reeducarea [&hellip;]<\/p>","protected":false},"author":15,"featured_media":970,"parent":0,"menu_order":0,"comment_status":"closed","ping_status":"closed","template":"elementor_header_footer","meta":{"footnotes":""},"class_list":["post-969","page","type-page","status-publish","has-post-thumbnail","hentry"],"yoast_head":"<!-- This site is optimized with the Yoast SEO Premium plugin v26.5 (Yoast SEO v26.5) - https:\/\/yoast.com\/wordpress\/plugins\/seo\/ -->\n<title>Reeducarea anal\u0103 - Academia Kineperineo<\/title>\n<meta name=\"robots\" content=\"index, follow, max-snippet:-1, max-image-preview:large, max-video-preview:-1\" \/>\n<link rel=\"canonical\" href=\"https:\/\/academiakineperineo.com\/fr\/reeducarea-anala\/\" \/>\n<meta property=\"og:locale\" content=\"fr_FR\" \/>\n<meta property=\"og:type\" content=\"article\" \/>\n<meta property=\"og:title\" content=\"Reeducarea anal\u0103\" \/>\n<meta property=\"og:description\" content=\"Reeducarea anal\u0103 Consult\u0103 un specialist acum! Programeaza-te Incontinen\u021ba anal\u0103 ce este definit\u0103 de Societatea Interna\u021bional\u0103 de Continen\u021b\u0103 ca fiind pierderea involuntar\u0103 de materii fecale sau de gaze.\u00a0Con\u021binutul rectal (fecale, gaze) trece involuntar prin canalul anal \u0219i pacientul este \u00een incapacitatea de a am\u00e2na o evacuare p\u00e2n\u0103 c\u00e2nd este convenabil din punct de vedere social. Reeducarea [&hellip;]\" \/>\n<meta property=\"og:url\" content=\"https:\/\/academiakineperineo.com\/fr\/reeducarea-anala\/\" \/>\n<meta property=\"og:site_name\" content=\"Academia Kineperineo\" \/>\n<meta property=\"article:publisher\" content=\"https:\/\/www.facebook.com\/share\/1A6mhUrj5T\/?mibextid=wwXIfr\" \/>\n<meta property=\"article:modified_time\" content=\"2024-09-24T17:03:28+00:00\" \/>\n<meta property=\"og:image\" content=\"https:\/\/academiakineperineo.com\/wp-content\/uploads\/2024\/09\/image20.jpg\" \/>\n\t<meta property=\"og:image:width\" content=\"1006\" \/>\n\t<meta property=\"og:image:height\" content=\"624\" \/>\n\t<meta property=\"og:image:type\" content=\"image\/jpeg\" \/>\n<meta name=\"twitter:card\" content=\"summary_large_image\" \/>\n<meta name=\"twitter:label1\" content=\"Dur\u00e9e de lecture estim\u00e9e\" \/>\n\t<meta name=\"twitter:data1\" content=\"1 minute\" \/>\n<script type=\"application\/ld+json\" class=\"yoast-schema-graph\">{\"@context\":\"https:\/\/schema.org\",\"@graph\":[{\"@type\":\"WebPage\",\"@id\":\"https:\/\/academiakineperineo.com\/reeducarea-anala\/\",\"url\":\"https:\/\/academiakineperineo.com\/reeducarea-anala\/\",\"name\":\"Reeducarea anal\u0103 - Academia Kineperineo\",\"isPartOf\":{\"@id\":\"https:\/\/academiakineperineo.com\/#website\"},\"primaryImageOfPage\":{\"@id\":\"https:\/\/academiakineperineo.com\/reeducarea-anala\/#primaryimage\"},\"image\":{\"@id\":\"https:\/\/academiakineperineo.com\/reeducarea-anala\/#primaryimage\"},\"thumbnailUrl\":\"https:\/\/academiakineperineo.com\/wp-content\/uploads\/2024\/09\/image20.jpg\",\"datePublished\":\"2024-09-24T17:00:52+00:00\",\"dateModified\":\"2024-09-24T17:03:28+00:00\",\"breadcrumb\":{\"@id\":\"https:\/\/academiakineperineo.com\/reeducarea-anala\/#breadcrumb\"},\"inLanguage\":\"fr-FR\",\"potentialAction\":[{\"@type\":\"ReadAction\",\"target\":[\"https:\/\/academiakineperineo.com\/reeducarea-anala\/\"]}]},{\"@type\":\"ImageObject\",\"inLanguage\":\"fr-FR\",\"@id\":\"https:\/\/academiakineperineo.com\/reeducarea-anala\/#primaryimage\",\"url\":\"https:\/\/academiakineperineo.com\/wp-content\/uploads\/2024\/09\/image20.jpg\",\"contentUrl\":\"https:\/\/academiakineperineo.com\/wp-content\/uploads\/2024\/09\/image20.jpg\",\"width\":1006,\"height\":624},{\"@type\":\"BreadcrumbList\",\"@id\":\"https:\/\/academiakineperineo.com\/reeducarea-anala\/#breadcrumb\",\"itemListElement\":[{\"@type\":\"ListItem\",\"position\":1,\"name\":\"Home\",\"item\":\"https:\/\/academiakineperineo.com\/\"},{\"@type\":\"ListItem\",\"position\":2,\"name\":\"Reeducarea anal\u0103\"}]},{\"@type\":\"WebSite\",\"@id\":\"https:\/\/academiakineperineo.com\/#website\",\"url\":\"https:\/\/academiakineperineo.com\/\",\"name\":\"Academia Kineperineo\",\"description\":\"Kinetoterapia planseului pelvin in Romania\",\"publisher\":{\"@id\":\"https:\/\/academiakineperineo.com\/#organization\"},\"potentialAction\":[{\"@type\":\"SearchAction\",\"target\":{\"@type\":\"EntryPoint\",\"urlTemplate\":\"https:\/\/academiakineperineo.com\/?s={search_term_string}\"},\"query-input\":{\"@type\":\"PropertyValueSpecification\",\"valueRequired\":true,\"valueName\":\"search_term_string\"}}],\"inLanguage\":\"fr-FR\"},{\"@type\":\"Organization\",\"@id\":\"https:\/\/academiakineperineo.com\/#organization\",\"name\":\"Academia Kineperineo\",\"url\":\"https:\/\/academiakineperineo.com\/\",\"logo\":{\"@type\":\"ImageObject\",\"inLanguage\":\"fr-FR\",\"@id\":\"https:\/\/academiakineperineo.com\/#\/schema\/logo\/image\/\",\"url\":\"https:\/\/academiakineperineo.com\/wp-content\/uploads\/2024\/08\/LOGO_BLACK.png\",\"contentUrl\":\"https:\/\/academiakineperineo.com\/wp-content\/uploads\/2024\/08\/LOGO_BLACK.png\",\"width\":2301,\"height\":493,\"caption\":\"Academia Kineperineo\"},\"image\":{\"@id\":\"https:\/\/academiakineperineo.com\/#\/schema\/logo\/image\/\"},\"sameAs\":[\"https:\/\/www.facebook.com\/share\/1A6mhUrj5T\/?mibextid=wwXIfr\",\"https:\/\/www.instagram.com\/academiakineperineo\/profilecard\/?igsh=cmtkZHg3dml2ZGFr\"]}]}<\/script>\n<!-- \/ Yoast SEO Premium plugin. -->","yoast_head_json":{"title":"Reeducarea anal\u0103 - Academia Kineperineo","robots":{"index":"index","follow":"follow","max-snippet":"max-snippet:-1","max-image-preview":"max-image-preview:large","max-video-preview":"max-video-preview:-1"},"canonical":"https:\/\/academiakineperineo.com\/fr\/reeducarea-anala\/","og_locale":"fr_FR","og_type":"article","og_title":"Reeducarea anal\u0103","og_description":"Reeducarea anal\u0103 Consult\u0103 un specialist acum! Programeaza-te Incontinen\u021ba anal\u0103 ce este definit\u0103 de Societatea Interna\u021bional\u0103 de Continen\u021b\u0103 ca fiind pierderea involuntar\u0103 de materii fecale sau de gaze.\u00a0Con\u021binutul rectal (fecale, gaze) trece involuntar prin canalul anal \u0219i pacientul este \u00een incapacitatea de a am\u00e2na o evacuare p\u00e2n\u0103 c\u00e2nd este convenabil din punct de vedere social. Reeducarea [&hellip;]","og_url":"https:\/\/academiakineperineo.com\/fr\/reeducarea-anala\/","og_site_name":"Academia Kineperineo","article_publisher":"https:\/\/www.facebook.com\/share\/1A6mhUrj5T\/?mibextid=wwXIfr","article_modified_time":"2024-09-24T17:03:28+00:00","og_image":[{"width":1006,"height":624,"url":"https:\/\/academiakineperineo.com\/wp-content\/uploads\/2024\/09\/image20.jpg","type":"image\/jpeg"}],"twitter_card":"summary_large_image","twitter_misc":{"Dur\u00e9e de lecture estim\u00e9e":"1 minute"},"schema":{"@context":"https:\/\/schema.org","@graph":[{"@type":"WebPage","@id":"https:\/\/academiakineperineo.com\/reeducarea-anala\/","url":"https:\/\/academiakineperineo.com\/reeducarea-anala\/","name":"Reeducarea anal\u0103 - Academia Kineperineo","isPartOf":{"@id":"https:\/\/academiakineperineo.com\/#website"},"primaryImageOfPage":{"@id":"https:\/\/academiakineperineo.com\/reeducarea-anala\/#primaryimage"},"image":{"@id":"https:\/\/academiakineperineo.com\/reeducarea-anala\/#primaryimage"},"thumbnailUrl":"https:\/\/academiakineperineo.com\/wp-content\/uploads\/2024\/09\/image20.jpg","datePublished":"2024-09-24T17:00:52+00:00","dateModified":"2024-09-24T17:03:28+00:00","breadcrumb":{"@id":"https:\/\/academiakineperineo.com\/reeducarea-anala\/#breadcrumb"},"inLanguage":"fr-FR","potentialAction":[{"@type":"ReadAction","target":["https:\/\/academiakineperineo.com\/reeducarea-anala\/"]}]},{"@type":"ImageObject","inLanguage":"fr-FR","@id":"https:\/\/academiakineperineo.com\/reeducarea-anala\/#primaryimage","url":"https:\/\/academiakineperineo.com\/wp-content\/uploads\/2024\/09\/image20.jpg","contentUrl":"https:\/\/academiakineperineo.com\/wp-content\/uploads\/2024\/09\/image20.jpg","width":1006,"height":624},{"@type":"BreadcrumbList","@id":"https:\/\/academiakineperineo.com\/reeducarea-anala\/#breadcrumb","itemListElement":[{"@type":"ListItem","position":1,"name":"Home","item":"https:\/\/academiakineperineo.com\/"},{"@type":"ListItem","position":2,"name":"Reeducarea anal\u0103"}]},{"@type":"WebSite","@id":"https:\/\/academiakineperineo.com\/#website","url":"https:\/\/academiakineperineo.com\/","name":"Acad\u00e9mie Kin\u00e9p\u00e9rin\u00e9o","description":"Kinetoterapia planseului pelvin in Romania","publisher":{"@id":"https:\/\/academiakineperineo.com\/#organization"},"potentialAction":[{"@type":"SearchAction","target":{"@type":"EntryPoint","urlTemplate":"https:\/\/academiakineperineo.com\/?s={search_term_string}"},"query-input":{"@type":"PropertyValueSpecification","valueRequired":true,"valueName":"search_term_string"}}],"inLanguage":"fr-FR"},{"@type":"Organization","@id":"https:\/\/academiakineperineo.com\/#organization","name":"Acad\u00e9mie Kin\u00e9p\u00e9rin\u00e9o","url":"https:\/\/academiakineperineo.com\/","logo":{"@type":"ImageObject","inLanguage":"fr-FR","@id":"https:\/\/academiakineperineo.com\/#\/schema\/logo\/image\/","url":"https:\/\/academiakineperineo.com\/wp-content\/uploads\/2024\/08\/LOGO_BLACK.png","contentUrl":"https:\/\/academiakineperineo.com\/wp-content\/uploads\/2024\/08\/LOGO_BLACK.png","width":2301,"height":493,"caption":"Academia Kineperineo"},"image":{"@id":"https:\/\/academiakineperineo.com\/#\/schema\/logo\/image\/"},"sameAs":["https:\/\/www.facebook.com\/share\/1A6mhUrj5T\/?mibextid=wwXIfr","https:\/\/www.instagram.com\/academiakineperineo\/profilecard\/?igsh=cmtkZHg3dml2ZGFr"]}]}},"_links":{"self":[{"href":"https:\/\/academiakineperineo.com\/fr\/wp-json\/wp\/v2\/pages\/969","targetHints":{"allow":["GET"]}}],"collection":[{"href":"https:\/\/academiakineperineo.com\/fr\/wp-json\/wp\/v2\/pages"}],"about":[{"href":"https:\/\/academiakineperineo.com\/fr\/wp-json\/wp\/v2\/types\/page"}],"author":[{"embeddable":true,"href":"https:\/\/academiakineperineo.com\/fr\/wp-json\/wp\/v2\/users\/15"}],"replies":[{"embeddable":true,"href":"https:\/\/academiakineperineo.com\/fr\/wp-json\/wp\/v2\/comments?post=969"}],"version-history":[{"count":4,"href":"https:\/\/academiakineperineo.com\/fr\/wp-json\/wp\/v2\/pages\/969\/revisions"}],"predecessor-version":[{"id":974,"href":"https:\/\/academiakineperineo.com\/fr\/wp-json\/wp\/v2\/pages\/969\/revisions\/974"}],"wp:featuredmedia":[{"embeddable":true,"href":"https:\/\/academiakineperineo.com\/fr\/wp-json\/wp\/v2\/media\/970"}],"wp:attachment":[{"href":"https:\/\/academiakineperineo.com\/fr\/wp-json\/wp\/v2\/media?parent=969"}],"curies":[{"name":"wp","href":"https:\/\/api.w.org\/{rel}","templated":true}]}}