{"id":948,"date":"2024-09-24T16:41:01","date_gmt":"2024-09-24T16:41:01","guid":{"rendered":"https:\/\/academiakineperineo.com\/?page_id=948"},"modified":"2026-03-06T13:42:05","modified_gmt":"2026-03-06T13:42:05","slug":"diastazis-abdominal","status":"publish","type":"page","link":"https:\/\/academiakineperineo.com\/fr\/diastazis-abdominal\/","title":{"rendered":"Diastasis abdominale"},"content":{"rendered":"<div data-elementor-type=\"wp-page\" data-elementor-id=\"948\" class=\"elementor elementor-948\" data-elementor-post-type=\"page\">\n\t\t\t\t<div class=\"elementor-element elementor-element-66e1c65 e-con-full e-flex e-con e-parent\" data-id=\"66e1c65\" data-element_type=\"container\" data-settings=\"{&quot;background_background&quot;:&quot;gradient&quot;}\">\n\t\t<div class=\"elementor-element elementor-element-6db55a33 e-con-full e-flex e-con e-child\" data-id=\"6db55a33\" data-element_type=\"container\">\n\t\t\t\t<div class=\"elementor-element elementor-element-50293834 elementor-widget elementor-widget-heading\" data-id=\"50293834\" data-element_type=\"widget\" data-widget_type=\"heading.default\">\n\t\t\t\t<div class=\"elementor-widget-container\">\n\t\t\t\t\t<h2 class=\"elementor-heading-title elementor-size-default\">Diastasis abdominale\n<\/h2>\t\t\t\t<\/div>\n\t\t\t\t<\/div>\n\t\t\t\t<div class=\"elementor-element elementor-element-42ce42fe elementor-widget elementor-widget-text-editor\" data-id=\"42ce42fe\" data-element_type=\"widget\" data-widget_type=\"text-editor.default\">\n\t\t\t\t<div class=\"elementor-widget-container\">\n\t\t\t\t\t\t\t\t\t<p>Consultez un sp\u00e9cialiste d\u00e8s maintenant!<\/p>\t\t\t\t\t\t\t\t<\/div>\n\t\t\t\t<\/div>\n\t\t\t\t<div class=\"elementor-element elementor-element-6ddedf65 elementor-align-center elementor-mobile-align-center elementor-invisible elementor-widget elementor-widget-button\" data-id=\"6ddedf65\" data-element_type=\"widget\" data-settings=\"{&quot;_animation&quot;:&quot;fadeInUp&quot;}\" data-widget_type=\"button.default\">\n\t\t\t\t<div class=\"elementor-widget-container\">\n\t\t\t\t\t\t\t\t\t<div class=\"elementor-button-wrapper\">\n\t\t\t\t\t<a class=\"elementor-button elementor-button-link elementor-size-sm elementor-animation-grow\" href=\"https:\/\/academiakineperineo.com\/fr\/rezervare-academia-kinetoperineo\/\">\n\t\t\t\t\t\t<span class=\"elementor-button-content-wrapper\">\n\t\t\t\t\t\t\t\t\t<span class=\"elementor-button-text\">Planifiez-vous<\/span>\n\t\t\t\t\t<\/span>\n\t\t\t\t\t<\/a>\n\t\t\t\t<\/div>\n\t\t\t\t\t\t\t\t<\/div>\n\t\t\t\t<\/div>\n\t\t\t\t<\/div>\n\t\t\t\t<\/div>\n\t\t\t\t<section class=\"elementor-section elementor-top-section elementor-element elementor-element-5651c409 elementor-section-boxed elementor-section-height-default elementor-section-height-default\" data-id=\"5651c409\" data-element_type=\"section\">\n\t\t\t\t\t\t<div class=\"elementor-container elementor-column-gap-default\">\n\t\t\t\t\t<div class=\"elementor-column elementor-col-50 elementor-top-column elementor-element elementor-element-98c73ec\" data-id=\"98c73ec\" data-element_type=\"column\">\n\t\t\t<div class=\"elementor-widget-wrap elementor-element-populated\">\n\t\t\t\t\t\t<div class=\"elementor-element elementor-element-69dde401 elementor-widget elementor-widget-text-editor\" data-id=\"69dde401\" data-element_type=\"widget\" data-widget_type=\"text-editor.default\">\n\t\t\t\t<div class=\"elementor-widget-container\">\n\t\t\t\t\t\t\t\t\t<p><span style=\"font-weight: 400;\">La diastase abdominale est une condition repr\u00e9sent\u00e9e par la s\u00e9paration des muscles abdominaux qui se produit surtout chez les femmes enceintes ou pendant la p\u00e9riode post-partum, dans le cas de patientes en surpoids. Cela se produit lorsque les muscles droits de l&#039;abdomen s&#039;\u00e9cartent pendant la grossesse en raison de l&#039;augmentation du volume de. l&#039;ut\u00e9rus.\u00a0<\/span><\/p><p><span style=\"font-weight: 400;\">Environ 60% de femmes pr\u00e9sentent un diastasis recti pendant la grossesse ou apr\u00e8s l&#039;accouchement.<\/span><\/p><p><span style=\"font-weight: 400;\">La diastase abdominale ne se limite pas aux femmes enceintes ou en post-partum, mais peut \u00e9galement survenir chez les enfants ou les hommes. Dans certains cas, elle est d\u00e9clench\u00e9e par une mauvaise lev\u00e9e de poids ou par une mauvaise ex\u00e9cution de certains exercices physiques.<\/span><\/p>\t\t\t\t\t\t\t\t<\/div>\n\t\t\t\t<\/div>\n\t\t\t\t\t<\/div>\n\t\t<\/div>\n\t\t\t\t<div class=\"elementor-column elementor-col-50 elementor-top-column elementor-element elementor-element-64df1883\" data-id=\"64df1883\" data-element_type=\"column\">\n\t\t\t<div class=\"elementor-widget-wrap elementor-element-populated\">\n\t\t\t\t\t\t<div class=\"elementor-element elementor-element-590beadd elementor-widget elementor-widget-image\" data-id=\"590beadd\" data-element_type=\"widget\" data-widget_type=\"image.default\">\n\t\t\t\t<div class=\"elementor-widget-container\">\n\t\t\t\t\t\t\t\t\t\t\t\t\t\t\t<img fetchpriority=\"high\" decoding=\"async\" width=\"453\" height=\"404\" src=\"https:\/\/academiakineperineo.com\/wp-content\/uploads\/2024\/09\/image16.jpg\" class=\"attachment-large size-large wp-image-950\" alt=\"\" srcset=\"https:\/\/academiakineperineo.com\/wp-content\/uploads\/2024\/09\/image16.jpg 453w, https:\/\/academiakineperineo.com\/wp-content\/uploads\/2024\/09\/image16-300x268.jpg 300w\" sizes=\"(max-width: 453px) 100vw, 453px\" \/>\t\t\t\t\t\t\t\t\t\t\t\t\t\t\t<\/div>\n\t\t\t\t<\/div>\n\t\t\t\t\t<\/div>\n\t\t<\/div>\n\t\t\t\t\t<\/div>\n\t\t<\/section>\n\t\t\t\t<\/div>","protected":false},"excerpt":{"rendered":"<p>Diastazis Abdominal Consult\u0103 un specialist acum! Programeaza-te Diastazisul abdominal este o afec\u021biune reprezentat\u0103 prin dep\u0103rtarea mu\u0219chilor abdominali ce apare in deosebi la femeile \u00eens\u0103rcinate sau \u00een perioada postpartum, \u00een cazul pacientilor supraponderali, Aceasta apare atunci c\u00e2nd mu\u0219chii drep\u021bi abdominali se dep\u0103rteaz\u0103 \u00een timpul sarcinii din cauza cre\u0219terii \u00een volum a uterului.\u00a0 Aproximativ 60% dintre femei [&hellip;]<\/p>","protected":false},"author":15,"featured_media":183,"parent":0,"menu_order":0,"comment_status":"closed","ping_status":"closed","template":"elementor_header_footer","meta":{"footnotes":""},"class_list":["post-948","page","type-page","status-publish","has-post-thumbnail","hentry"],"yoast_head":"<!-- This site is optimized with the Yoast SEO Premium plugin v26.5 (Yoast SEO v26.5) - https:\/\/yoast.com\/wordpress\/plugins\/seo\/ -->\n<title>Kinetoterapie diastazis abdominal Romania - Academia kineperineo<\/title>\n<meta name=\"description\" content=\"Kinetoterapia diastazisului abdominal post-partum. Recuperarea perineo-abdominala hipopresiva, electrostimulare\" \/>\n<meta name=\"robots\" content=\"index, follow, max-snippet:-1, max-image-preview:large, max-video-preview:-1\" \/>\n<link rel=\"canonical\" href=\"https:\/\/academiakineperineo.com\/fr\/diastazis-abdominal\/\" \/>\n<meta property=\"og:locale\" content=\"fr_FR\" \/>\n<meta property=\"og:type\" content=\"article\" \/>\n<meta property=\"og:title\" content=\"Diastazis Abdominal\" \/>\n<meta property=\"og:description\" content=\"Kinetoterapia diastazisului abdominal post-partum. Recuperarea perineo-abdominala hipopresiva, electrostimulare\" \/>\n<meta property=\"og:url\" content=\"https:\/\/academiakineperineo.com\/fr\/diastazis-abdominal\/\" \/>\n<meta property=\"og:site_name\" content=\"Academia Kineperineo\" \/>\n<meta property=\"article:publisher\" content=\"https:\/\/www.facebook.com\/share\/1A6mhUrj5T\/?mibextid=wwXIfr\" \/>\n<meta property=\"article:modified_time\" content=\"2026-03-06T13:42:05+00:00\" \/>\n<meta property=\"og:image\" content=\"https:\/\/academiakineperineo.com\/wp-content\/uploads\/2024\/08\/ICON_COLOR.png\" \/>\n\t<meta property=\"og:image:width\" content=\"1501\" \/>\n\t<meta property=\"og:image:height\" content=\"1211\" \/>\n\t<meta property=\"og:image:type\" content=\"image\/png\" \/>\n<meta name=\"twitter:card\" content=\"summary_large_image\" \/>\n<meta name=\"twitter:label1\" content=\"Dur\u00e9e de lecture estim\u00e9e\" \/>\n\t<meta name=\"twitter:data1\" content=\"1 minute\" \/>\n<script type=\"application\/ld+json\" class=\"yoast-schema-graph\">{\"@context\":\"https:\/\/schema.org\",\"@graph\":[{\"@type\":\"WebPage\",\"@id\":\"https:\/\/academiakineperineo.com\/diastazis-abdominal\/\",\"url\":\"https:\/\/academiakineperineo.com\/diastazis-abdominal\/\",\"name\":\"Kinetoterapie diastazis abdominal Romania - Academia kineperineo\",\"isPartOf\":{\"@id\":\"https:\/\/academiakineperineo.com\/#website\"},\"primaryImageOfPage\":{\"@id\":\"https:\/\/academiakineperineo.com\/diastazis-abdominal\/#primaryimage\"},\"image\":{\"@id\":\"https:\/\/academiakineperineo.com\/diastazis-abdominal\/#primaryimage\"},\"thumbnailUrl\":\"https:\/\/academiakineperineo.com\/wp-content\/uploads\/2024\/08\/ICON_COLOR.png\",\"datePublished\":\"2024-09-24T16:41:01+00:00\",\"dateModified\":\"2026-03-06T13:42:05+00:00\",\"description\":\"Kinetoterapia diastazisului abdominal post-partum. Recuperarea perineo-abdominala hipopresiva, electrostimulare\",\"breadcrumb\":{\"@id\":\"https:\/\/academiakineperineo.com\/diastazis-abdominal\/#breadcrumb\"},\"inLanguage\":\"fr-FR\",\"potentialAction\":[{\"@type\":\"ReadAction\",\"target\":[\"https:\/\/academiakineperineo.com\/diastazis-abdominal\/\"]}]},{\"@type\":\"ImageObject\",\"inLanguage\":\"fr-FR\",\"@id\":\"https:\/\/academiakineperineo.com\/diastazis-abdominal\/#primaryimage\",\"url\":\"https:\/\/academiakineperineo.com\/wp-content\/uploads\/2024\/08\/ICON_COLOR.png\",\"contentUrl\":\"https:\/\/academiakineperineo.com\/wp-content\/uploads\/2024\/08\/ICON_COLOR.png\",\"width\":1501,\"height\":1211},{\"@type\":\"BreadcrumbList\",\"@id\":\"https:\/\/academiakineperineo.com\/diastazis-abdominal\/#breadcrumb\",\"itemListElement\":[{\"@type\":\"ListItem\",\"position\":1,\"name\":\"Home\",\"item\":\"https:\/\/academiakineperineo.com\/\"},{\"@type\":\"ListItem\",\"position\":2,\"name\":\"Diastazis Abdominal\"}]},{\"@type\":\"WebSite\",\"@id\":\"https:\/\/academiakineperineo.com\/#website\",\"url\":\"https:\/\/academiakineperineo.com\/\",\"name\":\"Academia Kineperineo\",\"description\":\"Kinetoterapia planseului pelvin in Romania\",\"publisher\":{\"@id\":\"https:\/\/academiakineperineo.com\/#organization\"},\"potentialAction\":[{\"@type\":\"SearchAction\",\"target\":{\"@type\":\"EntryPoint\",\"urlTemplate\":\"https:\/\/academiakineperineo.com\/?s={search_term_string}\"},\"query-input\":{\"@type\":\"PropertyValueSpecification\",\"valueRequired\":true,\"valueName\":\"search_term_string\"}}],\"inLanguage\":\"fr-FR\"},{\"@type\":\"Organization\",\"@id\":\"https:\/\/academiakineperineo.com\/#organization\",\"name\":\"Academia Kineperineo\",\"url\":\"https:\/\/academiakineperineo.com\/\",\"logo\":{\"@type\":\"ImageObject\",\"inLanguage\":\"fr-FR\",\"@id\":\"https:\/\/academiakineperineo.com\/#\/schema\/logo\/image\/\",\"url\":\"https:\/\/academiakineperineo.com\/wp-content\/uploads\/2024\/08\/LOGO_BLACK.png\",\"contentUrl\":\"https:\/\/academiakineperineo.com\/wp-content\/uploads\/2024\/08\/LOGO_BLACK.png\",\"width\":2301,\"height\":493,\"caption\":\"Academia Kineperineo\"},\"image\":{\"@id\":\"https:\/\/academiakineperineo.com\/#\/schema\/logo\/image\/\"},\"sameAs\":[\"https:\/\/www.facebook.com\/share\/1A6mhUrj5T\/?mibextid=wwXIfr\",\"https:\/\/www.instagram.com\/academiakineperineo\/profilecard\/?igsh=cmtkZHg3dml2ZGFr\"]}]}<\/script>\n<!-- \/ Yoast SEO Premium plugin. -->","yoast_head_json":{"title":"Kinetoterapie diastazis abdominal Romania - Academia kineperineo","description":"Kinetoterapia diastazisului abdominal post-partum. Recuperarea perineo-abdominala hipopresiva, electrostimulare","robots":{"index":"index","follow":"follow","max-snippet":"max-snippet:-1","max-image-preview":"max-image-preview:large","max-video-preview":"max-video-preview:-1"},"canonical":"https:\/\/academiakineperineo.com\/fr\/diastazis-abdominal\/","og_locale":"fr_FR","og_type":"article","og_title":"Diastazis Abdominal","og_description":"Kinetoterapia diastazisului abdominal post-partum. Recuperarea perineo-abdominala hipopresiva, electrostimulare","og_url":"https:\/\/academiakineperineo.com\/fr\/diastazis-abdominal\/","og_site_name":"Academia Kineperineo","article_publisher":"https:\/\/www.facebook.com\/share\/1A6mhUrj5T\/?mibextid=wwXIfr","article_modified_time":"2026-03-06T13:42:05+00:00","og_image":[{"width":1501,"height":1211,"url":"https:\/\/academiakineperineo.com\/wp-content\/uploads\/2024\/08\/ICON_COLOR.png","type":"image\/png"}],"twitter_card":"summary_large_image","twitter_misc":{"Dur\u00e9e de lecture estim\u00e9e":"1 minute"},"schema":{"@context":"https:\/\/schema.org","@graph":[{"@type":"WebPage","@id":"https:\/\/academiakineperineo.com\/diastazis-abdominal\/","url":"https:\/\/academiakineperineo.com\/diastazis-abdominal\/","name":"Kinetoterapie diastazis abdominal Romania - Academia kineperineo","isPartOf":{"@id":"https:\/\/academiakineperineo.com\/#website"},"primaryImageOfPage":{"@id":"https:\/\/academiakineperineo.com\/diastazis-abdominal\/#primaryimage"},"image":{"@id":"https:\/\/academiakineperineo.com\/diastazis-abdominal\/#primaryimage"},"thumbnailUrl":"https:\/\/academiakineperineo.com\/wp-content\/uploads\/2024\/08\/ICON_COLOR.png","datePublished":"2024-09-24T16:41:01+00:00","dateModified":"2026-03-06T13:42:05+00:00","description":"Kinetoterapia diastazisului abdominal post-partum. Recuperarea perineo-abdominala hipopresiva, electrostimulare","breadcrumb":{"@id":"https:\/\/academiakineperineo.com\/diastazis-abdominal\/#breadcrumb"},"inLanguage":"fr-FR","potentialAction":[{"@type":"ReadAction","target":["https:\/\/academiakineperineo.com\/diastazis-abdominal\/"]}]},{"@type":"ImageObject","inLanguage":"fr-FR","@id":"https:\/\/academiakineperineo.com\/diastazis-abdominal\/#primaryimage","url":"https:\/\/academiakineperineo.com\/wp-content\/uploads\/2024\/08\/ICON_COLOR.png","contentUrl":"https:\/\/academiakineperineo.com\/wp-content\/uploads\/2024\/08\/ICON_COLOR.png","width":1501,"height":1211},{"@type":"BreadcrumbList","@id":"https:\/\/academiakineperineo.com\/diastazis-abdominal\/#breadcrumb","itemListElement":[{"@type":"ListItem","position":1,"name":"Home","item":"https:\/\/academiakineperineo.com\/"},{"@type":"ListItem","position":2,"name":"Diastazis Abdominal"}]},{"@type":"WebSite","@id":"https:\/\/academiakineperineo.com\/#website","url":"https:\/\/academiakineperineo.com\/","name":"Acad\u00e9mie Kin\u00e9p\u00e9rin\u00e9o","description":"Kinetoterapia planseului pelvin in Romania","publisher":{"@id":"https:\/\/academiakineperineo.com\/#organization"},"potentialAction":[{"@type":"SearchAction","target":{"@type":"EntryPoint","urlTemplate":"https:\/\/academiakineperineo.com\/?s={search_term_string}"},"query-input":{"@type":"PropertyValueSpecification","valueRequired":true,"valueName":"search_term_string"}}],"inLanguage":"fr-FR"},{"@type":"Organization","@id":"https:\/\/academiakineperineo.com\/#organization","name":"Acad\u00e9mie Kin\u00e9p\u00e9rin\u00e9o","url":"https:\/\/academiakineperineo.com\/","logo":{"@type":"ImageObject","inLanguage":"fr-FR","@id":"https:\/\/academiakineperineo.com\/#\/schema\/logo\/image\/","url":"https:\/\/academiakineperineo.com\/wp-content\/uploads\/2024\/08\/LOGO_BLACK.png","contentUrl":"https:\/\/academiakineperineo.com\/wp-content\/uploads\/2024\/08\/LOGO_BLACK.png","width":2301,"height":493,"caption":"Academia Kineperineo"},"image":{"@id":"https:\/\/academiakineperineo.com\/#\/schema\/logo\/image\/"},"sameAs":["https:\/\/www.facebook.com\/share\/1A6mhUrj5T\/?mibextid=wwXIfr","https:\/\/www.instagram.com\/academiakineperineo\/profilecard\/?igsh=cmtkZHg3dml2ZGFr"]}]}},"_links":{"self":[{"href":"https:\/\/academiakineperineo.com\/fr\/wp-json\/wp\/v2\/pages\/948","targetHints":{"allow":["GET"]}}],"collection":[{"href":"https:\/\/academiakineperineo.com\/fr\/wp-json\/wp\/v2\/pages"}],"about":[{"href":"https:\/\/academiakineperineo.com\/fr\/wp-json\/wp\/v2\/types\/page"}],"author":[{"embeddable":true,"href":"https:\/\/academiakineperineo.com\/fr\/wp-json\/wp\/v2\/users\/15"}],"replies":[{"embeddable":true,"href":"https:\/\/academiakineperineo.com\/fr\/wp-json\/wp\/v2\/comments?post=948"}],"version-history":[{"count":4,"href":"https:\/\/academiakineperineo.com\/fr\/wp-json\/wp\/v2\/pages\/948\/revisions"}],"predecessor-version":[{"id":953,"href":"https:\/\/academiakineperineo.com\/fr\/wp-json\/wp\/v2\/pages\/948\/revisions\/953"}],"wp:featuredmedia":[{"embeddable":true,"href":"https:\/\/academiakineperineo.com\/fr\/wp-json\/wp\/v2\/media\/183"}],"wp:attachment":[{"href":"https:\/\/academiakineperineo.com\/fr\/wp-json\/wp\/v2\/media?parent=948"}],"curies":[{"name":"wp","href":"https:\/\/api.w.org\/{rel}","templated":true}]}}