{"id":901,"date":"2024-09-24T15:44:55","date_gmt":"2024-09-24T15:44:55","guid":{"rendered":"https:\/\/academiakineperineo.com\/?page_id=901"},"modified":"2026-03-06T15:59:42","modified_gmt":"2026-03-06T15:59:42","slug":"reeducarea-incontinentei-urinare-la-femei","status":"publish","type":"page","link":"https:\/\/academiakineperineo.com\/fr\/reeducarea-incontinentei-urinare-la-femei\/","title":{"rendered":"R\u00e9\u00e9ducation de l&#039;incontinence urinaire chez la femme"},"content":{"rendered":"<div data-elementor-type=\"wp-page\" data-elementor-id=\"901\" class=\"elementor elementor-901\" data-elementor-post-type=\"page\">\n\t\t\t\t<div class=\"elementor-element elementor-element-66e1c65 e-con-full e-flex e-con e-parent\" data-id=\"66e1c65\" data-element_type=\"container\" data-settings=\"{&quot;background_background&quot;:&quot;gradient&quot;}\">\n\t\t<div class=\"elementor-element elementor-element-6db55a33 e-con-full e-flex e-con e-child\" data-id=\"6db55a33\" data-element_type=\"container\">\n\t\t\t\t<div class=\"elementor-element elementor-element-50293834 elementor-widget elementor-widget-heading\" data-id=\"50293834\" data-element_type=\"widget\" data-widget_type=\"heading.default\">\n\t\t\t\t<div class=\"elementor-widget-container\">\n\t\t\t\t\t<h2 class=\"elementor-heading-title elementor-size-default\">R\u00c9\u00c9DUCATION DE L&#039;INCONTINENCE URINAIRE CHEZ LA FEMME\n<\/h2>\t\t\t\t<\/div>\n\t\t\t\t<\/div>\n\t\t\t\t<div class=\"elementor-element elementor-element-42ce42fe elementor-widget elementor-widget-text-editor\" data-id=\"42ce42fe\" data-element_type=\"widget\" data-widget_type=\"text-editor.default\">\n\t\t\t\t<div class=\"elementor-widget-container\">\n\t\t\t\t\t\t\t\t\t<p>Consultez un sp\u00e9cialiste d\u00e8s maintenant!<\/p>\t\t\t\t\t\t\t\t<\/div>\n\t\t\t\t<\/div>\n\t\t\t\t<div class=\"elementor-element elementor-element-6ddedf65 elementor-align-center elementor-mobile-align-center elementor-invisible elementor-widget elementor-widget-button\" data-id=\"6ddedf65\" data-element_type=\"widget\" data-settings=\"{&quot;_animation&quot;:&quot;fadeInUp&quot;}\" data-widget_type=\"button.default\">\n\t\t\t\t<div class=\"elementor-widget-container\">\n\t\t\t\t\t\t\t\t\t<div class=\"elementor-button-wrapper\">\n\t\t\t\t\t<a class=\"elementor-button elementor-button-link elementor-size-sm elementor-animation-grow\" href=\"https:\/\/academiakineperineo.com\/fr\/rezervare-academia-kinetoperineo\/\">\n\t\t\t\t\t\t<span class=\"elementor-button-content-wrapper\">\n\t\t\t\t\t\t\t\t\t<span class=\"elementor-button-text\">Planifiez-vous<\/span>\n\t\t\t\t\t<\/span>\n\t\t\t\t\t<\/a>\n\t\t\t\t<\/div>\n\t\t\t\t\t\t\t\t<\/div>\n\t\t\t\t<\/div>\n\t\t\t\t<\/div>\n\t\t\t\t<\/div>\n\t\t\t\t<section class=\"elementor-section elementor-top-section elementor-element elementor-element-5651c409 elementor-section-boxed elementor-section-height-default elementor-section-height-default\" data-id=\"5651c409\" data-element_type=\"section\">\n\t\t\t\t\t\t<div class=\"elementor-container elementor-column-gap-default\">\n\t\t\t\t\t<div class=\"elementor-column elementor-col-50 elementor-top-column elementor-element elementor-element-98c73ec\" data-id=\"98c73ec\" data-element_type=\"column\">\n\t\t\t<div class=\"elementor-widget-wrap elementor-element-populated\">\n\t\t\t\t\t\t<div class=\"elementor-element elementor-element-69dde401 elementor-widget elementor-widget-text-editor\" data-id=\"69dde401\" data-element_type=\"widget\" data-widget_type=\"text-editor.default\">\n\t\t\t\t<div class=\"elementor-widget-container\">\n\t\t\t\t\t\t\t\t\t<p><span style=\"font-weight: 400;\">L&#039;incontinence urinaire se caract\u00e9rise par une perte accidentelle et involontaire d&#039;urine. Il ne s\u2019agit pas d\u2019une affection en soi, mais plut\u00f4t d\u2019un sympt\u00f4me de probl\u00e8mes du syst\u00e8me urinaire, de d\u00e9ficiences dans la structure du plancher pelvien ou des muscles p\u00e9rin\u00e9aux.\u00a0<\/span><\/p><p><span style=\"font-weight: 400;\">Les fuites incontr\u00f4l\u00e9es d\u2019urine se produisent g\u00e9n\u00e9ralement lors d\u2019activit\u00e9s qui augmentent la pression dans la zone intra-abdominale, par exemple lorsqu\u2019une personne tousse, \u00e9ternue, rit ou dans des situations o\u00f9 elle ne peut pas atteindre les toilettes \u00e0 temps.<\/span><br style=\"font-weight: 400;\" \/><br \/><\/p>\t\t\t\t\t\t\t\t<\/div>\n\t\t\t\t<\/div>\n\t\t\t\t\t<\/div>\n\t\t<\/div>\n\t\t\t\t<div class=\"elementor-column elementor-col-50 elementor-top-column elementor-element elementor-element-64df1883\" data-id=\"64df1883\" data-element_type=\"column\">\n\t\t\t<div class=\"elementor-widget-wrap elementor-element-populated\">\n\t\t\t\t\t\t<div class=\"elementor-element elementor-element-590beadd elementor-widget elementor-widget-image\" data-id=\"590beadd\" data-element_type=\"widget\" data-widget_type=\"image.default\">\n\t\t\t\t<div class=\"elementor-widget-container\">\n\t\t\t\t\t\t\t\t\t\t\t\t\t\t\t<img fetchpriority=\"high\" decoding=\"async\" width=\"800\" height=\"533\" src=\"https:\/\/academiakineperineo.com\/wp-content\/uploads\/2024\/09\/image17-1.png\" class=\"attachment-large size-large wp-image-904\" alt=\"\" srcset=\"https:\/\/academiakineperineo.com\/wp-content\/uploads\/2024\/09\/image17-1.png 936w, https:\/\/academiakineperineo.com\/wp-content\/uploads\/2024\/09\/image17-1-300x200.png 300w, https:\/\/academiakineperineo.com\/wp-content\/uploads\/2024\/09\/image17-1-768x512.png 768w, https:\/\/academiakineperineo.com\/wp-content\/uploads\/2024\/09\/image17-1-600x400.png 600w\" sizes=\"(max-width: 800px) 100vw, 800px\" \/>\t\t\t\t\t\t\t\t\t\t\t\t\t\t\t<\/div>\n\t\t\t\t<\/div>\n\t\t\t\t\t<\/div>\n\t\t<\/div>\n\t\t\t\t\t<\/div>\n\t\t<\/section>\n\t\t\t\t<section class=\"elementor-section elementor-top-section elementor-element elementor-element-34484d22 elementor-section-boxed elementor-section-height-default elementor-section-height-default\" data-id=\"34484d22\" data-element_type=\"section\">\n\t\t\t\t\t\t<div class=\"elementor-container elementor-column-gap-default\">\n\t\t\t\t\t<div class=\"elementor-column elementor-col-100 elementor-top-column elementor-element elementor-element-b094013\" data-id=\"b094013\" data-element_type=\"column\">\n\t\t\t<div class=\"elementor-widget-wrap elementor-element-populated\">\n\t\t\t\t\t\t<div class=\"elementor-element elementor-element-615236eb elementor-widget elementor-widget-text-editor\" data-id=\"615236eb\" data-element_type=\"widget\" data-widget_type=\"text-editor.default\">\n\t\t\t\t<div class=\"elementor-widget-container\">\n\t\t\t\t\t\t\t\t\t<p><span style=\"font-weight: 400;\">Chez les femmes, on estime qu&#039;une femme sur cinq souffre d&#039;incontinence urinaire : 10% des femmes n&#039;ayant jamais accouch\u00e9 ; 30% de femmes ayant une activit\u00e9 sportive intense ; 12% provenant de femmes en post-partum\u00a0; 6 femmes enceintes sur 10 souffrent de \u00ab besoins \u00bb urgents d&#039;aller aux toilettes et 2 d&#039;entre elles souffrent d&#039;une perte involontaire d&#039;urine et 3-4 femmes souffrent d\u00e9j\u00e0 d&#039;incontinence urinaire d\u00e8s le deuxi\u00e8me trimestre de la grossesse. Or, des \u00e9tudes ont montr\u00e9 que l\u2019\u00e2ge le plus touch\u00e9 par l\u2019incontinence urinaire se situe entre 55 et 60 ans. En outre, \u00e0 cause de cette condition, des r\u00e9percussions et des cons\u00e9quences significatives ont \u00e9t\u00e9 observ\u00e9es au niveau psychologique et social, de sorte qu&#039;environ 30% de femmes souffrent de d\u00e9pression, d&#039;auto-isolement, de faible estime de soi et de faible qualit\u00e9 de vie, \u00e9tant ainsi consid\u00e9r\u00e9es un vrai handicap.\u00a0<\/span><\/p><p><br style=\"font-weight: 400;\" \/><br \/><\/p>\t\t\t\t\t\t\t\t<\/div>\n\t\t\t\t<\/div>\n\t\t\t\t\t<\/div>\n\t\t<\/div>\n\t\t\t\t\t<\/div>\n\t\t<\/section>\n\t\t\t\t<\/div>","protected":false},"excerpt":{"rendered":"<p>REEDUCAREA INCONTINEN\u021aEI URINARE LA FEMEI Consult\u0103 un specialist acum! Programeaza-te Incontinen\u021ba urinar\u0103 se caracterizeaz\u0103 prin pierderi accidentale \u0219i involuntare de urin\u0103. Aceasta nu reprezint\u0103 o afec\u021biune \u00een sine, ci mai degrab\u0103 un simptom al unor probleme ale sistemului urinar, deficien\u021belor \u00een structura plan\u0219eului pelvian sau a mu\u0219chilor perineali.\u00a0 Pierderile necontrolate de urin\u0103 au loc, \u00een [&hellip;]<\/p>","protected":false},"author":15,"featured_media":183,"parent":0,"menu_order":0,"comment_status":"closed","ping_status":"closed","template":"elementor_header_footer","meta":{"footnotes":""},"class_list":["post-901","page","type-page","status-publish","has-post-thumbnail","hentry"],"yoast_head":"<!-- This site is optimized with the Yoast SEO Premium plugin v26.5 (Yoast SEO v26.5) - https:\/\/yoast.com\/wordpress\/plugins\/seo\/ -->\n<title>Kinetoterapia incontinentei urinare Romania Academia Kineperineo<\/title>\n<meta name=\"description\" content=\"Kinetoterapia si reeducarea perineala a planseului pelvin in deosebi a incontinentei urinare la femei barbati si copii in Romania\" \/>\n<meta name=\"robots\" content=\"index, follow, max-snippet:-1, max-image-preview:large, max-video-preview:-1\" \/>\n<link rel=\"canonical\" href=\"https:\/\/academiakineperineo.com\/fr\/reeducarea-incontinentei-urinare-la-femei\/\" \/>\n<meta property=\"og:locale\" content=\"fr_FR\" \/>\n<meta property=\"og:type\" content=\"article\" \/>\n<meta property=\"og:title\" content=\"Reeducarea incontinen\u021bei urinare la femei\" \/>\n<meta property=\"og:description\" content=\"Kinetoterapia si reeducarea perineala a planseului pelvin in deosebi a incontinentei urinare la femei barbati si copii in Romania\" \/>\n<meta property=\"og:url\" content=\"https:\/\/academiakineperineo.com\/fr\/reeducarea-incontinentei-urinare-la-femei\/\" \/>\n<meta property=\"og:site_name\" content=\"Academia Kineperineo\" \/>\n<meta property=\"article:publisher\" content=\"https:\/\/www.facebook.com\/share\/1A6mhUrj5T\/?mibextid=wwXIfr\" \/>\n<meta property=\"article:modified_time\" content=\"2026-03-06T15:59:42+00:00\" \/>\n<meta property=\"og:image\" content=\"https:\/\/academiakineperineo.com\/wp-content\/uploads\/2024\/08\/ICON_COLOR.png\" \/>\n\t<meta property=\"og:image:width\" content=\"1501\" \/>\n\t<meta property=\"og:image:height\" content=\"1211\" \/>\n\t<meta property=\"og:image:type\" content=\"image\/png\" \/>\n<meta name=\"twitter:card\" content=\"summary_large_image\" \/>\n<meta name=\"twitter:label1\" content=\"Dur\u00e9e de lecture estim\u00e9e\" \/>\n\t<meta name=\"twitter:data1\" content=\"2 minutes\" \/>\n<script type=\"application\/ld+json\" class=\"yoast-schema-graph\">{\"@context\":\"https:\/\/schema.org\",\"@graph\":[{\"@type\":\"WebPage\",\"@id\":\"https:\/\/academiakineperineo.com\/reeducarea-incontinentei-urinare-la-femei\/\",\"url\":\"https:\/\/academiakineperineo.com\/reeducarea-incontinentei-urinare-la-femei\/\",\"name\":\"Kinetoterapia incontinentei urinare Romania Academia Kineperineo\",\"isPartOf\":{\"@id\":\"https:\/\/academiakineperineo.com\/#website\"},\"primaryImageOfPage\":{\"@id\":\"https:\/\/academiakineperineo.com\/reeducarea-incontinentei-urinare-la-femei\/#primaryimage\"},\"image\":{\"@id\":\"https:\/\/academiakineperineo.com\/reeducarea-incontinentei-urinare-la-femei\/#primaryimage\"},\"thumbnailUrl\":\"https:\/\/academiakineperineo.com\/wp-content\/uploads\/2024\/08\/ICON_COLOR.png\",\"datePublished\":\"2024-09-24T15:44:55+00:00\",\"dateModified\":\"2026-03-06T15:59:42+00:00\",\"description\":\"Kinetoterapia si reeducarea perineala a planseului pelvin in deosebi a incontinentei urinare la femei barbati si copii in Romania\",\"breadcrumb\":{\"@id\":\"https:\/\/academiakineperineo.com\/reeducarea-incontinentei-urinare-la-femei\/#breadcrumb\"},\"inLanguage\":\"fr-FR\",\"potentialAction\":[{\"@type\":\"ReadAction\",\"target\":[\"https:\/\/academiakineperineo.com\/reeducarea-incontinentei-urinare-la-femei\/\"]}]},{\"@type\":\"ImageObject\",\"inLanguage\":\"fr-FR\",\"@id\":\"https:\/\/academiakineperineo.com\/reeducarea-incontinentei-urinare-la-femei\/#primaryimage\",\"url\":\"https:\/\/academiakineperineo.com\/wp-content\/uploads\/2024\/08\/ICON_COLOR.png\",\"contentUrl\":\"https:\/\/academiakineperineo.com\/wp-content\/uploads\/2024\/08\/ICON_COLOR.png\",\"width\":1501,\"height\":1211},{\"@type\":\"BreadcrumbList\",\"@id\":\"https:\/\/academiakineperineo.com\/reeducarea-incontinentei-urinare-la-femei\/#breadcrumb\",\"itemListElement\":[{\"@type\":\"ListItem\",\"position\":1,\"name\":\"Home\",\"item\":\"https:\/\/academiakineperineo.com\/\"},{\"@type\":\"ListItem\",\"position\":2,\"name\":\"Reeducarea incontinen\u021bei urinare la femei\"}]},{\"@type\":\"WebSite\",\"@id\":\"https:\/\/academiakineperineo.com\/#website\",\"url\":\"https:\/\/academiakineperineo.com\/\",\"name\":\"Academia Kineperineo\",\"description\":\"Kinetoterapia planseului pelvin in Romania\",\"publisher\":{\"@id\":\"https:\/\/academiakineperineo.com\/#organization\"},\"potentialAction\":[{\"@type\":\"SearchAction\",\"target\":{\"@type\":\"EntryPoint\",\"urlTemplate\":\"https:\/\/academiakineperineo.com\/?s={search_term_string}\"},\"query-input\":{\"@type\":\"PropertyValueSpecification\",\"valueRequired\":true,\"valueName\":\"search_term_string\"}}],\"inLanguage\":\"fr-FR\"},{\"@type\":\"Organization\",\"@id\":\"https:\/\/academiakineperineo.com\/#organization\",\"name\":\"Academia Kineperineo\",\"url\":\"https:\/\/academiakineperineo.com\/\",\"logo\":{\"@type\":\"ImageObject\",\"inLanguage\":\"fr-FR\",\"@id\":\"https:\/\/academiakineperineo.com\/#\/schema\/logo\/image\/\",\"url\":\"https:\/\/academiakineperineo.com\/wp-content\/uploads\/2024\/08\/LOGO_BLACK.png\",\"contentUrl\":\"https:\/\/academiakineperineo.com\/wp-content\/uploads\/2024\/08\/LOGO_BLACK.png\",\"width\":2301,\"height\":493,\"caption\":\"Academia Kineperineo\"},\"image\":{\"@id\":\"https:\/\/academiakineperineo.com\/#\/schema\/logo\/image\/\"},\"sameAs\":[\"https:\/\/www.facebook.com\/share\/1A6mhUrj5T\/?mibextid=wwXIfr\",\"https:\/\/www.instagram.com\/academiakineperineo\/profilecard\/?igsh=cmtkZHg3dml2ZGFr\"]}]}<\/script>\n<!-- \/ Yoast SEO Premium plugin. -->","yoast_head_json":{"title":"Kinetoterapia incontinentei urinare Romania Academia Kineperineo","description":"Kinetoterapia si reeducarea perineala a planseului pelvin in deosebi a incontinentei urinare la femei barbati si copii in Romania","robots":{"index":"index","follow":"follow","max-snippet":"max-snippet:-1","max-image-preview":"max-image-preview:large","max-video-preview":"max-video-preview:-1"},"canonical":"https:\/\/academiakineperineo.com\/fr\/reeducarea-incontinentei-urinare-la-femei\/","og_locale":"fr_FR","og_type":"article","og_title":"Reeducarea incontinen\u021bei urinare la femei","og_description":"Kinetoterapia si reeducarea perineala a planseului pelvin in deosebi a incontinentei urinare la femei barbati si copii in Romania","og_url":"https:\/\/academiakineperineo.com\/fr\/reeducarea-incontinentei-urinare-la-femei\/","og_site_name":"Academia Kineperineo","article_publisher":"https:\/\/www.facebook.com\/share\/1A6mhUrj5T\/?mibextid=wwXIfr","article_modified_time":"2026-03-06T15:59:42+00:00","og_image":[{"width":1501,"height":1211,"url":"https:\/\/academiakineperineo.com\/wp-content\/uploads\/2024\/08\/ICON_COLOR.png","type":"image\/png"}],"twitter_card":"summary_large_image","twitter_misc":{"Dur\u00e9e de lecture estim\u00e9e":"2 minutes"},"schema":{"@context":"https:\/\/schema.org","@graph":[{"@type":"WebPage","@id":"https:\/\/academiakineperineo.com\/reeducarea-incontinentei-urinare-la-femei\/","url":"https:\/\/academiakineperineo.com\/reeducarea-incontinentei-urinare-la-femei\/","name":"Kinetoterapia incontinentei urinare Romania Academia Kineperineo","isPartOf":{"@id":"https:\/\/academiakineperineo.com\/#website"},"primaryImageOfPage":{"@id":"https:\/\/academiakineperineo.com\/reeducarea-incontinentei-urinare-la-femei\/#primaryimage"},"image":{"@id":"https:\/\/academiakineperineo.com\/reeducarea-incontinentei-urinare-la-femei\/#primaryimage"},"thumbnailUrl":"https:\/\/academiakineperineo.com\/wp-content\/uploads\/2024\/08\/ICON_COLOR.png","datePublished":"2024-09-24T15:44:55+00:00","dateModified":"2026-03-06T15:59:42+00:00","description":"Kinetoterapia si reeducarea perineala a planseului pelvin in deosebi a incontinentei urinare la femei barbati si copii in Romania","breadcrumb":{"@id":"https:\/\/academiakineperineo.com\/reeducarea-incontinentei-urinare-la-femei\/#breadcrumb"},"inLanguage":"fr-FR","potentialAction":[{"@type":"ReadAction","target":["https:\/\/academiakineperineo.com\/reeducarea-incontinentei-urinare-la-femei\/"]}]},{"@type":"ImageObject","inLanguage":"fr-FR","@id":"https:\/\/academiakineperineo.com\/reeducarea-incontinentei-urinare-la-femei\/#primaryimage","url":"https:\/\/academiakineperineo.com\/wp-content\/uploads\/2024\/08\/ICON_COLOR.png","contentUrl":"https:\/\/academiakineperineo.com\/wp-content\/uploads\/2024\/08\/ICON_COLOR.png","width":1501,"height":1211},{"@type":"BreadcrumbList","@id":"https:\/\/academiakineperineo.com\/reeducarea-incontinentei-urinare-la-femei\/#breadcrumb","itemListElement":[{"@type":"ListItem","position":1,"name":"Home","item":"https:\/\/academiakineperineo.com\/"},{"@type":"ListItem","position":2,"name":"Reeducarea incontinen\u021bei urinare la femei"}]},{"@type":"WebSite","@id":"https:\/\/academiakineperineo.com\/#website","url":"https:\/\/academiakineperineo.com\/","name":"Acad\u00e9mie Kin\u00e9p\u00e9rin\u00e9o","description":"Kinetoterapia planseului pelvin in Romania","publisher":{"@id":"https:\/\/academiakineperineo.com\/#organization"},"potentialAction":[{"@type":"SearchAction","target":{"@type":"EntryPoint","urlTemplate":"https:\/\/academiakineperineo.com\/?s={search_term_string}"},"query-input":{"@type":"PropertyValueSpecification","valueRequired":true,"valueName":"search_term_string"}}],"inLanguage":"fr-FR"},{"@type":"Organization","@id":"https:\/\/academiakineperineo.com\/#organization","name":"Acad\u00e9mie Kin\u00e9p\u00e9rin\u00e9o","url":"https:\/\/academiakineperineo.com\/","logo":{"@type":"ImageObject","inLanguage":"fr-FR","@id":"https:\/\/academiakineperineo.com\/#\/schema\/logo\/image\/","url":"https:\/\/academiakineperineo.com\/wp-content\/uploads\/2024\/08\/LOGO_BLACK.png","contentUrl":"https:\/\/academiakineperineo.com\/wp-content\/uploads\/2024\/08\/LOGO_BLACK.png","width":2301,"height":493,"caption":"Academia Kineperineo"},"image":{"@id":"https:\/\/academiakineperineo.com\/#\/schema\/logo\/image\/"},"sameAs":["https:\/\/www.facebook.com\/share\/1A6mhUrj5T\/?mibextid=wwXIfr","https:\/\/www.instagram.com\/academiakineperineo\/profilecard\/?igsh=cmtkZHg3dml2ZGFr"]}]}},"_links":{"self":[{"href":"https:\/\/academiakineperineo.com\/fr\/wp-json\/wp\/v2\/pages\/901","targetHints":{"allow":["GET"]}}],"collection":[{"href":"https:\/\/academiakineperineo.com\/fr\/wp-json\/wp\/v2\/pages"}],"about":[{"href":"https:\/\/academiakineperineo.com\/fr\/wp-json\/wp\/v2\/types\/page"}],"author":[{"embeddable":true,"href":"https:\/\/academiakineperineo.com\/fr\/wp-json\/wp\/v2\/users\/15"}],"replies":[{"embeddable":true,"href":"https:\/\/academiakineperineo.com\/fr\/wp-json\/wp\/v2\/comments?post=901"}],"version-history":[{"count":22,"href":"https:\/\/academiakineperineo.com\/fr\/wp-json\/wp\/v2\/pages\/901\/revisions"}],"predecessor-version":[{"id":930,"href":"https:\/\/academiakineperineo.com\/fr\/wp-json\/wp\/v2\/pages\/901\/revisions\/930"}],"wp:featuredmedia":[{"embeddable":true,"href":"https:\/\/academiakineperineo.com\/fr\/wp-json\/wp\/v2\/media\/183"}],"wp:attachment":[{"href":"https:\/\/academiakineperineo.com\/fr\/wp-json\/wp\/v2\/media?parent=901"}],"curies":[{"name":"wp","href":"https:\/\/api.w.org\/{rel}","templated":true}]}}