{"id":516,"date":"2024-08-30T14:11:43","date_gmt":"2024-08-30T14:11:43","guid":{"rendered":"https:\/\/academiakineperineo.com\/?page_id=516"},"modified":"2026-02-23T16:05:44","modified_gmt":"2026-02-23T16:05:44","slug":"cursuri-de-perfectionare-pentru-kinetoterapeuti","status":"publish","type":"page","link":"https:\/\/academiakineperineo.com\/fr\/cursuri-de-perfectionare-pentru-kinetoterapeuti\/","title":{"rendered":"Cours de formation pour physioth\u00e9rapeutes"},"content":{"rendered":"<div data-elementor-type=\"wp-page\" data-elementor-id=\"516\" class=\"elementor elementor-516\" data-elementor-post-type=\"page\">\n\t\t\t\t\t\t<section class=\"elementor-section elementor-top-section elementor-element elementor-element-5daf9d40 elementor-section-height-min-height elementor-section-full_width elementor-section-content-top elementor-section-height-default elementor-section-items-middle\" data-id=\"5daf9d40\" data-element_type=\"section\" data-settings=\"{&quot;background_background&quot;:&quot;classic&quot;}\">\n\t\t\t\t\t\t\t<div class=\"elementor-background-overlay\"><\/div>\n\t\t\t\t\t\t\t<div class=\"elementor-container elementor-column-gap-default\">\n\t\t\t\t\t<div class=\"elementor-column elementor-col-100 elementor-top-column elementor-element elementor-element-aab325d\" data-id=\"aab325d\" data-element_type=\"column\">\n\t\t\t<div class=\"elementor-widget-wrap elementor-element-populated\">\n\t\t\t\t\t\t<div class=\"elementor-element elementor-element-341da5e elementor-widget elementor-widget-heading\" data-id=\"341da5e\" data-element_type=\"widget\" data-widget_type=\"heading.default\">\n\t\t\t\t<div class=\"elementor-widget-container\">\n\t\t\t\t\t<h2 class=\"elementor-heading-title elementor-size-default\">Cours de formation pour physioth\u00e9rapeutes\n<\/h2>\t\t\t\t<\/div>\n\t\t\t\t<\/div>\n\t\t\t\t\t<\/div>\n\t\t<\/div>\n\t\t\t\t\t<\/div>\n\t\t<\/section>\n\t\t\t\t<section class=\"elementor-section elementor-top-section elementor-element elementor-element-5d37a63e elementor-section-boxed elementor-section-height-default elementor-section-height-default\" data-id=\"5d37a63e\" data-element_type=\"section\" data-settings=\"{&quot;background_background&quot;:&quot;classic&quot;}\">\n\t\t\t\t\t\t<div class=\"elementor-container elementor-column-gap-default\">\n\t\t\t\t\t<div class=\"elementor-column elementor-col-50 elementor-top-column elementor-element elementor-element-5d2db5ab\" data-id=\"5d2db5ab\" data-element_type=\"column\">\n\t\t\t<div class=\"elementor-widget-wrap elementor-element-populated\">\n\t\t\t\t\t\t<div class=\"elementor-element elementor-element-c0c3267 elementor-widget elementor-widget-heading\" data-id=\"c0c3267\" data-element_type=\"widget\" data-widget_type=\"heading.default\">\n\t\t\t\t<div class=\"elementor-widget-container\">\n\t\t\t\t\t<h2 class=\"elementor-heading-title elementor-size-default\">Cours 1 : Les bases de la r\u00e9\u00e9ducation pelvi-p\u00e9rin\u00e9ale dans les pathologies uro-gyn\u00e9cologiques - en ligne <\/h2>\t\t\t\t<\/div>\n\t\t\t\t<\/div>\n\t\t\t\t<div class=\"elementor-element elementor-element-194b8194 elementor-widget-divider--view-line elementor-invisible elementor-widget elementor-widget-divider\" data-id=\"194b8194\" data-element_type=\"widget\" data-settings=\"{&quot;_animation&quot;:&quot;bounceInLeft&quot;}\" data-widget_type=\"divider.default\">\n\t\t\t\t<div class=\"elementor-widget-container\">\n\t\t\t\t\t\t\t<div class=\"elementor-divider\">\n\t\t\t<span class=\"elementor-divider-separator\">\n\t\t\t\t\t\t<\/span>\n\t\t<\/div>\n\t\t\t\t\t\t<\/div>\n\t\t\t\t<\/div>\n\t\t\t\t<div class=\"elementor-element elementor-element-1ce5e70b elementor-widget elementor-widget-text-editor\" data-id=\"1ce5e70b\" data-element_type=\"widget\" data-widget_type=\"text-editor.default\">\n\t\t\t\t<div class=\"elementor-widget-container\">\n\t\t\t\t\t\t\t\t\t<h5>Objectif de la formation :<\/h5><p><span style=\"font-weight: 400;\">- acqu\u00e9rir des connaissances en anatomie, physiologie et physiopathologie du plancher pelvien\u00a0<\/span><\/p><p><span style=\"font-weight: 400;\">- r\u00e9alisation du bilan et de l&#039;examen clinique du patient\u00a0<\/span><\/p><p><span style=\"font-weight: 400;\">- \u00e9tablir le diagnostic cin\u00e9tique\u00a0<\/span><\/p><p><span style=\"font-weight: 400;\">- \u00e9laboration du programme de r\u00e9cup\u00e9ration adapt\u00e9 \u00e0 chaque patient<\/span><\/p>\t\t\t\t\t\t\t\t<\/div>\n\t\t\t\t<\/div>\n\t\t\t\t\t<\/div>\n\t\t<\/div>\n\t\t\t\t<div class=\"elementor-column elementor-col-50 elementor-top-column elementor-element elementor-element-a5e1af8\" data-id=\"a5e1af8\" data-element_type=\"column\" data-settings=\"{&quot;background_background&quot;:&quot;classic&quot;}\">\n\t\t\t<div class=\"elementor-widget-wrap elementor-element-populated\">\n\t\t\t\t\t<div class=\"elementor-background-overlay\"><\/div>\n\t\t\t\t\t\t<section class=\"elementor-section elementor-inner-section elementor-element elementor-element-4b66da9 elementor-section-height-min-height elementor-section-boxed elementor-section-height-default\" data-id=\"4b66da9\" data-element_type=\"section\">\n\t\t\t\t\t\t<div class=\"elementor-container elementor-column-gap-default\">\n\t\t\t\t\t<div class=\"elementor-column elementor-col-100 elementor-inner-column elementor-element elementor-element-a4c4f29\" data-id=\"a4c4f29\" data-element_type=\"column\">\n\t\t\t<div class=\"elementor-widget-wrap elementor-element-populated\">\n\t\t\t\t\t\t<div class=\"elementor-element elementor-element-0e8047c elementor-widget elementor-widget-heading\" data-id=\"0e8047c\" data-element_type=\"widget\" data-widget_type=\"heading.default\">\n\t\t\t\t<div class=\"elementor-widget-container\">\n\t\t\t\t\t<h5 class=\"elementor-heading-title elementor-size-default\">Rejoindre <\/h5>\t\t\t\t<\/div>\n\t\t\t\t<\/div>\n\t\t\t\t<div class=\"elementor-element elementor-element-7d25dda elementor-widget elementor-widget-heading\" data-id=\"7d25dda\" data-element_type=\"widget\" data-widget_type=\"heading.default\">\n\t\t\t\t<div class=\"elementor-widget-container\">\n\t\t\t\t\t<h2 class=\"elementor-heading-title elementor-size-xl\">Acad\u00e9mie Kin\u00e9top\u00e9rin\u00e9o<\/h2>\t\t\t\t<\/div>\n\t\t\t\t<\/div>\n\t\t\t\t<div class=\"elementor-element elementor-element-adab15b elementor-widget-divider--view-line elementor-invisible elementor-widget elementor-widget-divider\" data-id=\"adab15b\" data-element_type=\"widget\" data-settings=\"{&quot;_animation&quot;:&quot;bounceInRight&quot;}\" data-widget_type=\"divider.default\">\n\t\t\t\t<div class=\"elementor-widget-container\">\n\t\t\t\t\t\t\t<div class=\"elementor-divider\">\n\t\t\t<span class=\"elementor-divider-separator\">\n\t\t\t\t\t\t<\/span>\n\t\t<\/div>\n\t\t\t\t\t\t<\/div>\n\t\t\t\t<\/div>\n\t\t\t\t<div class=\"elementor-element elementor-element-8ae916b elementor-widget elementor-widget-text-editor\" data-id=\"8ae916b\" data-element_type=\"widget\" data-widget_type=\"text-editor.default\">\n\t\t\t\t<div class=\"elementor-widget-container\">\n\t\t\t\t\t\t\t\t\t<p>\u00c0 Kinetoperineo Academy, nous croyons au pouvoir de la formation continue et \u00e0 l\u2019importance du d\u00e9veloppement professionnel.<\/p>\t\t\t\t\t\t\t\t<\/div>\n\t\t\t\t<\/div>\n\t\t\t\t<div class=\"elementor-element elementor-element-0e2a505 elementor-widget elementor-widget-button\" data-id=\"0e2a505\" data-element_type=\"widget\" data-widget_type=\"button.default\">\n\t\t\t\t<div class=\"elementor-widget-container\">\n\t\t\t\t\t\t\t\t\t<div class=\"elementor-button-wrapper\">\n\t\t\t\t\t<a class=\"elementor-button elementor-button-link elementor-size-md elementor-animation-float\" href=\"https:\/\/academiakineperineo.com\/fr\/courses\/master-class-kinetoterapie\/\">\n\t\t\t\t\t\t<span class=\"elementor-button-content-wrapper\">\n\t\t\t\t\t\t<span class=\"elementor-button-icon\">\n\t\t\t\t<svg aria-hidden=\"true\" class=\"e-font-icon-svg e-fas-angle-right\" viewbox=\"0 0 256 512\" xmlns=\"http:\/\/www.w3.org\/2000\/svg\"><path d=\"M224.3 273l-136 136c-9.4 9.4-24.6 9.4-33.9 0l-22.6-22.6c-9.4-9.4-9.4-24.6 0-33.9l96.4-96.4-96.4-96.4c-9.4-9.4-9.4-24.6 0-33.9L54.3 103c9.4-9.4 24.6-9.4 33.9 0l136 136c9.5 9.4 9.5 24.6.1 34z\"><\/path><\/svg>\t\t\t<\/span>\n\t\t\t\t\t\t\t\t\t<span class=\"elementor-button-text\">Inscrivez-vous maintenant<\/span>\n\t\t\t\t\t<\/span>\n\t\t\t\t\t<\/a>\n\t\t\t\t<\/div>\n\t\t\t\t\t\t\t\t<\/div>\n\t\t\t\t<\/div>\n\t\t\t\t\t<\/div>\n\t\t<\/div>\n\t\t\t\t\t<\/div>\n\t\t<\/section>\n\t\t\t\t\t<\/div>\n\t\t<\/div>\n\t\t\t\t\t<\/div>\n\t\t<\/section>\n\t\t\t\t<section class=\"elementor-section elementor-top-section elementor-element elementor-element-68c82f9d elementor-section-boxed elementor-section-height-default elementor-section-height-default\" data-id=\"68c82f9d\" data-element_type=\"section\">\n\t\t\t\t\t\t<div class=\"elementor-container elementor-column-gap-default\">\n\t\t\t\t\t<div class=\"elementor-column elementor-col-100 elementor-top-column elementor-element elementor-element-4fabb30c\" data-id=\"4fabb30c\" data-element_type=\"column\">\n\t\t\t<div class=\"elementor-widget-wrap elementor-element-populated\">\n\t\t\t\t\t\t<div class=\"elementor-element elementor-element-7be0e7d8 elementor-widget elementor-widget-heading\" data-id=\"7be0e7d8\" data-element_type=\"widget\" data-widget_type=\"heading.default\">\n\t\t\t\t<div class=\"elementor-widget-container\">\n\t\t\t\t\t<h2 class=\"elementor-heading-title elementor-size-default\">PROGRAMME - Jour I<br><\/h2>\t\t\t\t<\/div>\n\t\t\t\t<\/div>\n\t\t\t\t<div class=\"elementor-element elementor-element-385c18c2 elementor-widget-divider--view-line elementor-invisible elementor-widget elementor-widget-divider\" data-id=\"385c18c2\" data-element_type=\"widget\" data-settings=\"{&quot;_animation&quot;:&quot;bounceInLeft&quot;}\" data-widget_type=\"divider.default\">\n\t\t\t\t<div class=\"elementor-widget-container\">\n\t\t\t\t\t\t\t<div class=\"elementor-divider\">\n\t\t\t<span class=\"elementor-divider-separator\">\n\t\t\t\t\t\t<\/span>\n\t\t<\/div>\n\t\t\t\t\t\t<\/div>\n\t\t\t\t<\/div>\n\t\t\t\t<div class=\"elementor-element elementor-element-68a85cdd elementor-widget elementor-widget-text-editor\" data-id=\"68a85cdd\" data-element_type=\"widget\" data-widget_type=\"text-editor.default\">\n\t\t\t\t<div class=\"elementor-widget-container\">\n\t\t\t\t\t\t\t\t\t<p><span style=\"font-weight: 400;\">\u2013 D\u00e9finition de l\u2019incontinence urinaire (UI)\u00a0<\/span><\/p><p><span style=\"font-weight: 400;\">\u00a0\u2013 Incidence de l\u2019UI chez les femmes\u00a0<\/span><\/p><p><span style=\"font-weight: 400;\">\u2013 L\u2019importance de la physioth\u00e9rapie pour augmenter la qualit\u00e9 de vie des femmes souffrant d\u2019incontinence urinaire\u00a0<\/span><\/p><p>\u00a0\u2013 Incontinence urinaire d\u2019effort (IUE)\u00a0<\/p><p>\u2013 Incontinence urinaire d\u2019urgence (IUU)\u00a0<\/p><p>\u2013 Incontinence urinaire combin\u00e9e (mixte)\u00a0<\/p><p>\u00a0-Anatomie du plancher pelvien \u2013 Statique pelvienne \u2013 prolapsus g\u00e9nital \u2013 Le r\u00f4le du p\u00e9rin\u00e9e \u2013 Signes de dysfonctionnement du plancher pelvien\u00a0<\/p><p>\u2013 Biom\u00e9canique p\u00e9rin\u00e9e et lombo-abdominale \/ P\u00e9rin\u00e9e en post-partum \/ Sport et p\u00e9rin\u00e9e f\u00e9minin \/ P\u00e9rin\u00e9e et m\u00e9nopause\u00a0<\/p><h5 style=\"font-family: Kanit, sans-serif; font-weight: var( --e-global-typography-secondary-font-weight ); font-style: var( --e-global-typography-secondary-font-style );\">\u2013 Vessie neurog\u00e8ne<\/h5><h5 style=\"font-family: Kanit, sans-serif; font-weight: var( --e-global-typography-secondary-font-weight ); font-style: var( --e-global-typography-secondary-font-style );\">\u2013 Douleurs p\u00e9rin\u00e9ales\u00a0<\/h5><div>\u00a0<\/div>\t\t\t\t\t\t\t\t<\/div>\n\t\t\t\t<\/div>\n\t\t\t\t\t<\/div>\n\t\t<\/div>\n\t\t\t\t\t<\/div>\n\t\t<\/section>\n\t\t\t\t<section class=\"elementor-section elementor-top-section elementor-element elementor-element-61354370 elementor-section-boxed elementor-section-height-default elementor-section-height-default\" data-id=\"61354370\" data-element_type=\"section\">\n\t\t\t\t\t\t<div class=\"elementor-container elementor-column-gap-default\">\n\t\t\t\t\t<div class=\"elementor-column elementor-col-100 elementor-top-column elementor-element elementor-element-46d2fdd3\" data-id=\"46d2fdd3\" data-element_type=\"column\">\n\t\t\t<div class=\"elementor-widget-wrap elementor-element-populated\">\n\t\t\t\t\t\t<div class=\"elementor-element elementor-element-76f14d0d elementor-widget elementor-widget-heading\" data-id=\"76f14d0d\" data-element_type=\"widget\" data-widget_type=\"heading.default\">\n\t\t\t\t<div class=\"elementor-widget-container\">\n\t\t\t\t\t<h2 class=\"elementor-heading-title elementor-size-default\">PROGRAMME - Jour II\n<\/h2>\t\t\t\t<\/div>\n\t\t\t\t<\/div>\n\t\t\t\t<div class=\"elementor-element elementor-element-745352c5 elementor-widget-divider--view-line elementor-invisible elementor-widget elementor-widget-divider\" data-id=\"745352c5\" data-element_type=\"widget\" data-settings=\"{&quot;_animation&quot;:&quot;bounceInLeft&quot;}\" data-widget_type=\"divider.default\">\n\t\t\t\t<div class=\"elementor-widget-container\">\n\t\t\t\t\t\t\t<div class=\"elementor-divider\">\n\t\t\t<span class=\"elementor-divider-separator\">\n\t\t\t\t\t\t<\/span>\n\t\t<\/div>\n\t\t\t\t\t\t<\/div>\n\t\t\t\t<\/div>\n\t\t\t\t<div class=\"elementor-element elementor-element-35b0ab6b elementor-widget elementor-widget-text-editor\" data-id=\"35b0ab6b\" data-element_type=\"widget\" data-widget_type=\"text-editor.default\">\n\t\t\t\t<div class=\"elementor-widget-container\">\n\t\t\t\t\t\t\t\t\t<p>\u00a0<\/p><p><span style=\"font-weight: 400;\">\u2013 R\u00e9\u00e9ducation p\u00e9rin\u00e9ale :\u00a0\u00a0<\/span><span style=\"color: var( --e-global-color-text ); font-family: var( --e-global-typography-text-font-family ), Sans-serif; font-size: 1rem;\">Examen du patient \u2013 Techniques de r\u00e9\u00e9ducation\u00a0<\/span><\/p><p><span style=\"font-weight: 400;\">\u2013 Exercices physiques \u2013 Exercices physiques de base \u2013 Exercices physiques dynamiques \u2013 Exercices \u00e0 domicile\u00a0\u00a0<\/span><\/p><p><span style=\"font-weight: 400;\">\u2013 Stimulation \u00e9lectrique \u2013 \u00c9lectrostimulation inhibitrice du d\u00e9trusor \u2013 Biofeedback\u00a0<\/span><\/p><p><span style=\"font-weight: 400;\">\u2013 Programmes ESM associ\u00e9s au BFB \u2013 R\u00e9\u00e9ducation dynamique complexe combinant ESM et BFB avec des exercices physiques\u00a0<\/span><\/p><p><span style=\"font-weight: 400;\">\u2013 Webinaire ZOOM<\/span><span style=\"color: var( --e-global-color-text ); font-family: var( --e-global-typography-text-font-family ), Sans-serif; font-size: 1rem; font-weight: var( --e-global-typography-text-font-weight );\">\u00a0<\/span><span style=\"color: var( --e-global-color-text ); font-family: var( --e-global-typography-text-font-family ), Sans-serif; font-size: 1rem;\">pour les questions\/r\u00e9ponses \/ c<\/span><span style=\"color: var( --e-global-color-text ); font-family: var( --e-global-typography-text-font-family ), Sans-serif; font-size: 1rem; font-weight: var( --e-global-typography-text-font-weight );\">azurs cliniques<\/span><\/p>\t\t\t\t\t\t\t\t<\/div>\n\t\t\t\t<\/div>\n\t\t\t\t\t<\/div>\n\t\t<\/div>\n\t\t\t\t\t<\/div>\n\t\t<\/section>\n\t\t\t\t<\/div>","protected":false},"excerpt":{"rendered":"<p>Cursuri de perfec\u021bionare pentru kinetoterapeu\u021bi Curs 1 : Bazele reeduc\u0103rii pelvi-perineale \u00een patologiile uro-ginecologice \u2013 online Scopul formarii: &#8211; dob\u00e2ndirea cuno\u0219tin\u021belor in anatomia, fiziologia si fiziopatologia planseului pelvin\u00a0 &#8211; realizarea bilan\u021bului si examenul clinic al pacientului\u00a0 &#8211; stabilirea diagnosticului kinetic\u00a0 &#8211; \u00eentocmirea\u00a0 programului de recuperare adaptat fiec\u0103rui pacient Al\u0103tur\u0103-te Academiei Kinetoperineo La Academia Kinetoperineo, credem [&hellip;]<\/p>","protected":false},"author":15,"featured_media":0,"parent":0,"menu_order":0,"comment_status":"closed","ping_status":"closed","template":"elementor_header_footer","meta":{"footnotes":""},"class_list":["post-516","page","type-page","status-publish","hentry"],"yoast_head":"<!-- This site is optimized with the Yoast SEO Premium plugin v26.5 (Yoast SEO v26.5) - https:\/\/yoast.com\/wordpress\/plugins\/seo\/ -->\n<title>Cursuri kinetoterapeuti Romania - Academia Kineperineo<\/title>\n<meta name=\"description\" content=\"Cursuri de perfectionare pentru kinetoterapeuti in recuperarea plaseului pelvin si reeducarea perineala uro-ginecologica.\" \/>\n<meta name=\"robots\" content=\"index, follow, max-snippet:-1, max-image-preview:large, max-video-preview:-1\" \/>\n<link rel=\"canonical\" href=\"https:\/\/academiakineperineo.com\/fr\/cursuri-de-perfectionare-pentru-kinetoterapeuti\/\" \/>\n<meta property=\"og:locale\" content=\"fr_FR\" \/>\n<meta property=\"og:type\" content=\"article\" \/>\n<meta property=\"og:title\" content=\"Cursuri de perfec\u021bionare pentru kinetoterapeu\u021bi\" \/>\n<meta property=\"og:description\" content=\"Cursuri de perfectionare pentru kinetoterapeuti in recuperarea plaseului pelvin si reeducarea perineala uro-ginecologica.\" \/>\n<meta property=\"og:url\" content=\"https:\/\/academiakineperineo.com\/fr\/cursuri-de-perfectionare-pentru-kinetoterapeuti\/\" \/>\n<meta property=\"og:site_name\" content=\"Academia Kineperineo\" \/>\n<meta property=\"article:publisher\" content=\"https:\/\/www.facebook.com\/share\/1A6mhUrj5T\/?mibextid=wwXIfr\" \/>\n<meta property=\"article:modified_time\" content=\"2026-02-23T16:05:44+00:00\" \/>\n<meta property=\"og:image\" content=\"https:\/\/academiakineperineo.com\/wp-content\/uploads\/2024\/08\/WEB_REEDUCARE_PERINEALA.png\" \/>\n\t<meta property=\"og:image:width\" content=\"1921\" \/>\n\t<meta property=\"og:image:height\" content=\"1080\" \/>\n\t<meta property=\"og:image:type\" content=\"image\/png\" \/>\n<meta name=\"twitter:card\" content=\"summary_large_image\" \/>\n<meta name=\"twitter:label1\" content=\"Dur\u00e9e de lecture estim\u00e9e\" \/>\n\t<meta name=\"twitter:data1\" content=\"1 minute\" \/>\n<script type=\"application\/ld+json\" class=\"yoast-schema-graph\">{\"@context\":\"https:\/\/schema.org\",\"@graph\":[{\"@type\":\"WebPage\",\"@id\":\"https:\/\/academiakineperineo.com\/cursuri-de-perfectionare-pentru-kinetoterapeuti\/\",\"url\":\"https:\/\/academiakineperineo.com\/cursuri-de-perfectionare-pentru-kinetoterapeuti\/\",\"name\":\"Cursuri kinetoterapeuti Romania - Academia Kineperineo\",\"isPartOf\":{\"@id\":\"https:\/\/academiakineperineo.com\/#website\"},\"datePublished\":\"2024-08-30T14:11:43+00:00\",\"dateModified\":\"2026-02-23T16:05:44+00:00\",\"description\":\"Cursuri de perfectionare pentru kinetoterapeuti in recuperarea plaseului pelvin si reeducarea perineala uro-ginecologica.\",\"breadcrumb\":{\"@id\":\"https:\/\/academiakineperineo.com\/cursuri-de-perfectionare-pentru-kinetoterapeuti\/#breadcrumb\"},\"inLanguage\":\"fr-FR\",\"potentialAction\":[{\"@type\":\"ReadAction\",\"target\":[\"https:\/\/academiakineperineo.com\/cursuri-de-perfectionare-pentru-kinetoterapeuti\/\"]}]},{\"@type\":\"BreadcrumbList\",\"@id\":\"https:\/\/academiakineperineo.com\/cursuri-de-perfectionare-pentru-kinetoterapeuti\/#breadcrumb\",\"itemListElement\":[{\"@type\":\"ListItem\",\"position\":1,\"name\":\"Home\",\"item\":\"https:\/\/academiakineperineo.com\/\"},{\"@type\":\"ListItem\",\"position\":2,\"name\":\"Cursuri de perfec\u021bionare pentru kinetoterapeu\u021bi\"}]},{\"@type\":\"WebSite\",\"@id\":\"https:\/\/academiakineperineo.com\/#website\",\"url\":\"https:\/\/academiakineperineo.com\/\",\"name\":\"Academia Kineperineo\",\"description\":\"Kinetoterapia planseului pelvin in Romania\",\"publisher\":{\"@id\":\"https:\/\/academiakineperineo.com\/#organization\"},\"potentialAction\":[{\"@type\":\"SearchAction\",\"target\":{\"@type\":\"EntryPoint\",\"urlTemplate\":\"https:\/\/academiakineperineo.com\/?s={search_term_string}\"},\"query-input\":{\"@type\":\"PropertyValueSpecification\",\"valueRequired\":true,\"valueName\":\"search_term_string\"}}],\"inLanguage\":\"fr-FR\"},{\"@type\":\"Organization\",\"@id\":\"https:\/\/academiakineperineo.com\/#organization\",\"name\":\"Academia Kineperineo\",\"url\":\"https:\/\/academiakineperineo.com\/\",\"logo\":{\"@type\":\"ImageObject\",\"inLanguage\":\"fr-FR\",\"@id\":\"https:\/\/academiakineperineo.com\/#\/schema\/logo\/image\/\",\"url\":\"https:\/\/academiakineperineo.com\/wp-content\/uploads\/2024\/08\/LOGO_BLACK.png\",\"contentUrl\":\"https:\/\/academiakineperineo.com\/wp-content\/uploads\/2024\/08\/LOGO_BLACK.png\",\"width\":2301,\"height\":493,\"caption\":\"Academia Kineperineo\"},\"image\":{\"@id\":\"https:\/\/academiakineperineo.com\/#\/schema\/logo\/image\/\"},\"sameAs\":[\"https:\/\/www.facebook.com\/share\/1A6mhUrj5T\/?mibextid=wwXIfr\",\"https:\/\/www.instagram.com\/academiakineperineo\/profilecard\/?igsh=cmtkZHg3dml2ZGFr\"]}]}<\/script>\n<!-- \/ Yoast SEO Premium plugin. -->","yoast_head_json":{"title":"Cursuri kinetoterapeuti Romania - Academia Kineperineo","description":"Cursuri de perfectionare pentru kinetoterapeuti in recuperarea plaseului pelvin si reeducarea perineala uro-ginecologica.","robots":{"index":"index","follow":"follow","max-snippet":"max-snippet:-1","max-image-preview":"max-image-preview:large","max-video-preview":"max-video-preview:-1"},"canonical":"https:\/\/academiakineperineo.com\/fr\/cursuri-de-perfectionare-pentru-kinetoterapeuti\/","og_locale":"fr_FR","og_type":"article","og_title":"Cursuri de perfec\u021bionare pentru kinetoterapeu\u021bi","og_description":"Cursuri de perfectionare pentru kinetoterapeuti in recuperarea plaseului pelvin si reeducarea perineala uro-ginecologica.","og_url":"https:\/\/academiakineperineo.com\/fr\/cursuri-de-perfectionare-pentru-kinetoterapeuti\/","og_site_name":"Academia Kineperineo","article_publisher":"https:\/\/www.facebook.com\/share\/1A6mhUrj5T\/?mibextid=wwXIfr","article_modified_time":"2026-02-23T16:05:44+00:00","og_image":[{"width":1921,"height":1080,"url":"https:\/\/academiakineperineo.com\/wp-content\/uploads\/2024\/08\/WEB_REEDUCARE_PERINEALA.png","type":"image\/png"}],"twitter_card":"summary_large_image","twitter_misc":{"Dur\u00e9e de lecture estim\u00e9e":"1 minute"},"schema":{"@context":"https:\/\/schema.org","@graph":[{"@type":"WebPage","@id":"https:\/\/academiakineperineo.com\/cursuri-de-perfectionare-pentru-kinetoterapeuti\/","url":"https:\/\/academiakineperineo.com\/cursuri-de-perfectionare-pentru-kinetoterapeuti\/","name":"Cursuri kinetoterapeuti Romania - Academia Kineperineo","isPartOf":{"@id":"https:\/\/academiakineperineo.com\/#website"},"datePublished":"2024-08-30T14:11:43+00:00","dateModified":"2026-02-23T16:05:44+00:00","description":"Cursuri de perfectionare pentru kinetoterapeuti in recuperarea plaseului pelvin si reeducarea perineala uro-ginecologica.","breadcrumb":{"@id":"https:\/\/academiakineperineo.com\/cursuri-de-perfectionare-pentru-kinetoterapeuti\/#breadcrumb"},"inLanguage":"fr-FR","potentialAction":[{"@type":"ReadAction","target":["https:\/\/academiakineperineo.com\/cursuri-de-perfectionare-pentru-kinetoterapeuti\/"]}]},{"@type":"BreadcrumbList","@id":"https:\/\/academiakineperineo.com\/cursuri-de-perfectionare-pentru-kinetoterapeuti\/#breadcrumb","itemListElement":[{"@type":"ListItem","position":1,"name":"Home","item":"https:\/\/academiakineperineo.com\/"},{"@type":"ListItem","position":2,"name":"Cursuri de perfec\u021bionare pentru kinetoterapeu\u021bi"}]},{"@type":"WebSite","@id":"https:\/\/academiakineperineo.com\/#website","url":"https:\/\/academiakineperineo.com\/","name":"Acad\u00e9mie Kin\u00e9p\u00e9rin\u00e9o","description":"Kinetoterapia planseului pelvin in Romania","publisher":{"@id":"https:\/\/academiakineperineo.com\/#organization"},"potentialAction":[{"@type":"SearchAction","target":{"@type":"EntryPoint","urlTemplate":"https:\/\/academiakineperineo.com\/?s={search_term_string}"},"query-input":{"@type":"PropertyValueSpecification","valueRequired":true,"valueName":"search_term_string"}}],"inLanguage":"fr-FR"},{"@type":"Organization","@id":"https:\/\/academiakineperineo.com\/#organization","name":"Acad\u00e9mie Kin\u00e9p\u00e9rin\u00e9o","url":"https:\/\/academiakineperineo.com\/","logo":{"@type":"ImageObject","inLanguage":"fr-FR","@id":"https:\/\/academiakineperineo.com\/#\/schema\/logo\/image\/","url":"https:\/\/academiakineperineo.com\/wp-content\/uploads\/2024\/08\/LOGO_BLACK.png","contentUrl":"https:\/\/academiakineperineo.com\/wp-content\/uploads\/2024\/08\/LOGO_BLACK.png","width":2301,"height":493,"caption":"Academia Kineperineo"},"image":{"@id":"https:\/\/academiakineperineo.com\/#\/schema\/logo\/image\/"},"sameAs":["https:\/\/www.facebook.com\/share\/1A6mhUrj5T\/?mibextid=wwXIfr","https:\/\/www.instagram.com\/academiakineperineo\/profilecard\/?igsh=cmtkZHg3dml2ZGFr"]}]}},"_links":{"self":[{"href":"https:\/\/academiakineperineo.com\/fr\/wp-json\/wp\/v2\/pages\/516","targetHints":{"allow":["GET"]}}],"collection":[{"href":"https:\/\/academiakineperineo.com\/fr\/wp-json\/wp\/v2\/pages"}],"about":[{"href":"https:\/\/academiakineperineo.com\/fr\/wp-json\/wp\/v2\/types\/page"}],"author":[{"embeddable":true,"href":"https:\/\/academiakineperineo.com\/fr\/wp-json\/wp\/v2\/users\/15"}],"replies":[{"embeddable":true,"href":"https:\/\/academiakineperineo.com\/fr\/wp-json\/wp\/v2\/comments?post=516"}],"version-history":[{"count":25,"href":"https:\/\/academiakineperineo.com\/fr\/wp-json\/wp\/v2\/pages\/516\/revisions"}],"predecessor-version":[{"id":1624,"href":"https:\/\/academiakineperineo.com\/fr\/wp-json\/wp\/v2\/pages\/516\/revisions\/1624"}],"wp:attachment":[{"href":"https:\/\/academiakineperineo.com\/fr\/wp-json\/wp\/v2\/media?parent=516"}],"curies":[{"name":"wp","href":"https:\/\/api.w.org\/{rel}","templated":true}]}}