{"id":3,"date":"2024-08-05T09:35:59","date_gmt":"2024-08-05T09:35:59","guid":{"rendered":"https:\/\/academiakineperineo.com\/?page_id=3"},"modified":"2024-12-02T20:14:45","modified_gmt":"2024-12-02T20:14:45","slug":"politica-de-confidentialitate","status":"publish","type":"page","link":"https:\/\/academiakineperineo.com\/fr\/politica-de-confidentialitate\/","title":{"rendered":"Politique de confidentialit\u00e9"},"content":{"rendered":"<div data-elementor-type=\"wp-page\" data-elementor-id=\"3\" class=\"elementor elementor-3\" data-elementor-post-type=\"page\">\n\t\t\t\t<div class=\"elementor-element elementor-element-3206e1e9 e-flex e-con-boxed e-con e-parent\" data-id=\"3206e1e9\" data-element_type=\"container\">\n\t\t\t\t\t<div class=\"e-con-inner\">\n\t\t\t\t<div class=\"elementor-element elementor-element-71803f87 elementor-widget elementor-widget-text-editor\" data-id=\"71803f87\" data-element_type=\"widget\" data-widget_type=\"text-editor.default\">\n\t\t\t\t<div class=\"elementor-widget-container\">\n\t\t\t\t\t\t\t\t\t<p class=\"p1\"><b>Politique de confidentialit\u00e9 <\/b><span class=\"s1\"><br \/><\/span><\/p>\n<p class=\"p1\">Date de mise \u00e0 jour<span class=\"Apple-converted-space\">\u00a0 <\/span>20-08-1987 <span class=\"s1\"><br \/><\/span>Date d&#039;entr\u00e9e en vigueur 20\/08\/1987<\/p>\n<p class=\"p2\">Cette politique de confidentialit\u00e9 d\u00e9crit la politique de la soci\u00e9t\u00e9 KINEPERINEO SRL :, Jud. Galati, municipalit\u00e9 de Galati, rue ING. ANGHEL SALINGNY b No. 141, BI. 3B, escalier 4, \u00e9tage 2, app. 67, Galati, email : contact@academiakineperineo.com, t\u00e9l\u00e9phone : 0750225606, concernant la collecte, l&#039;utilisation et le partage des donn\u00e9es personnelles, donn\u00e9es collect\u00e9es si vous utilisez notre site internet (https:\/\/academiakineperineo.com\/), appel\u00e9 le \u00ab Service \u00bb . En acc\u00e9dant et en utilisant notre Service, vous acceptez la collecte, l&#039;utilisation et le partage des informations et donn\u00e9es personnelles mises \u00e0 disposition conform\u00e9ment \u00e0 la pr\u00e9sente Politique de confidentialit\u00e9. Si vous n&#039;\u00eates pas d&#039;accord avec cela, veuillez ne pas acc\u00e9der ou utiliser notre service.<span class=\"s2\">.<\/span><\/p>\n<p class=\"p3\">PEUT<span class=\"Apple-converted-space\">\u00a0 <\/span>modifier<span class=\"Apple-converted-space\">\u00a0 <\/span>ce<span class=\"Apple-converted-space\">\u00a0 <\/span>Politique<span class=\"Apple-converted-space\">\u00a0 <\/span>de<span class=\"Apple-converted-space\">\u00a0 <\/span>CONFIDENTIALIT\u00c9<span class=\"Apple-converted-space\">\u00a0 <\/span>dans<span class=\"Apple-converted-space\">\u00a0 <\/span>n&#039;importe lequel<span class=\"Apple-converted-space\">\u00a0 <\/span>moment,<span class=\"Apple-converted-space\">\u00a0 <\/span>sans<span class=\"Apple-converted-space\">\u00a0 <\/span>notification pr\u00e9alable, et nous publierons la version r\u00e9vis\u00e9e et la date d&#039;entr\u00e9e en vigueur. La politique r\u00e9vis\u00e9e entrera en vigueur dans les 180 jours \u00e0 compter de la date de publication et pour les utilisateurs ayant accept\u00e9 l&#039;ancienne politique. L&#039;acc\u00e8s au Service et son utilisation apr\u00e8s cette p\u00e9riode impliquent l&#039;acceptation automatique des Politiques r\u00e9vis\u00e9es. Par cons\u00e9quent, nous vous recommandons de consulter p\u00e9riodiquement la page Politique de confidentialit\u00e9.<\/p>\n<p class=\"p4\"><span class=\"s3\"><b>LES INFORMATIONS QUE NOUS COLLECTONS<\/b><\/span><\/p>\n<p class=\"p5\">Nous collectons et traitons les informations suivantes mises \u00e0 disposition par l&#039;utilisateur dans le cadre de l&#039;acc\u00e8s et de l&#039;utilisation du Service :<\/p>\n<p class=\"p6\">Nom, Adresse e-mail, T\u00e9l\u00e9phone, Adresse, Donn\u00e9es de facturation<\/p>\n<p class=\"p7\"><span class=\"s3\"><b>COMMENT NOUS COLLECTONS CES INFORMATIONS<\/b><\/span><\/p>\n<p class=\"p8\">Nous collectons\/traitons des informations dans les situations suivantes\u00a0:<\/p>\n<p class=\"p9\">(1) Lors de l&#039;ouverture d&#039;un nouveau compte sur le site Internet : Oui ;<\/p>\n<p class=\"p10\">(2) Lorsque vous interagissez avec le site\u00a0: Cookies tels que Autres, autres cookies conform\u00e9ment \u00e0 la Politique en mati\u00e8re de cookies, etc.\u00a0;<\/p>\n<p class=\"p9\">(3) Sur la base du consentement (par exemple : abonnement \u00e0 la newsletter) : Oui;<\/p>\n<p class=\"p10\">(4) Lorsque vous nous contactez directement ou via les formulaires de contact\u00a0;<\/p>\n<p class=\"p11\">(5) Lorsque vous effectuez un paiement : Oui. Nous ne stockons pas les donn\u00e9es de carte sur notre serveur, le paiement s&#039;effectue de mani\u00e8re s\u00e9curis\u00e9e via un processeur de paiement (ex : paypal, stripe, mobilpay, payu, etc.) ;<\/p>\n<p class=\"p12\">\u00a0<\/p>\n<p class=\"p7\"><span class=\"s3\"><b>COMMENT NOUS UTILISONS LES INFORMATIONS COLLECT\u00c9ES<\/b><\/span><\/p>\n<p class=\"p13\">Nous utilisons les informations collect\u00e9es aux fins suivantes :<\/p>\n<p class=\"p7\">Marketing, Cr\u00e9ation de comptes utilisateurs, Traitement des commandes, Conditions g\u00e9n\u00e9rales de consentement<\/p>\n<p class=\"p14\">Si nous avons l&#039;intention d&#039;utiliser les informations collect\u00e9es \u00e0 d&#039;autres fins, nous vous demanderons votre consentement avant de les utiliser, et ce n&#039;est qu&#039;apr\u00e8s avoir re\u00e7u votre consentement, et uniquement aux fins pour lesquelles il a \u00e9t\u00e9 demand\u00e9, qu&#039;elles seront utilis\u00e9es en cons\u00e9quence. L\u2019exception ne peut concerner que les exigences ou obligations impos\u00e9es par la loi.<\/p>\n<p class=\"p7\"><span class=\"s3\"><b>AVEC QUI NOUS PARTAGEONS DES INFORMATIONS\u00a0:<\/b><\/span><\/p>\n<p class=\"p8\">Nous ne partagerons pas les informations personnelles collect\u00e9es avec des tiers sans votre consentement, sauf dans des situations limit\u00e9es, telles que celles ci-dessous.<\/p>\n<p class=\"p7\">Collecte et analyse des donn\u00e9es<\/p>\n<p class=\"p5\">Nous conditionnons le transfert \u00e0 ces tiers \u00e0 l&#039;utilisation des informations uniquement aux fins pour lesquelles elles ont \u00e9t\u00e9 collect\u00e9es et transf\u00e9r\u00e9es, et \u00e0 ne pas les conserver plus longtemps que la dur\u00e9e convenue lors de la collecte pour atteindre l&#039;objectif.<\/p>\n<p class=\"p14\">Il est possible de partager les informations collect\u00e9es dans les cas suivants : (1) pour se conformer \u00e0 des obligations l\u00e9gales ou pour appliquer des d\u00e9cisions de justice ; (2) pour d\u00e9montrer la collecte du consentement pour cette politique de confidentialit\u00e9\u00a0; (3) pour r\u00e9pondre aux plaintes concernant la violation des droits de tiers par notre Service. En cas de fusion ou d&#039;acquisition de notre Service ou de la soci\u00e9t\u00e9 par une autre soci\u00e9t\u00e9, les informations collect\u00e9es repr\u00e9senteront les actifs transf\u00e9r\u00e9s au nouveau propri\u00e9taire.<\/p>\n<p class=\"p7\"><span class=\"s3\"><b>STOCKAGE DES INFORMATIONS COLLECT\u00c9ES<\/b><\/span><\/p>\n<p class=\"p5\">Nous conserverons les informations collect\u00e9es jusqu&#039;\u00e0 la suppression du compte ou aussi longtemps que n\u00e9cessaire pour atteindre l&#039;objectif pour lequel elles ont \u00e9t\u00e9 collect\u00e9es, comme d\u00e9taill\u00e9 dans la pr\u00e9sente politique de confidentialit\u00e9. Nous serons oblig\u00e9s de conserver certaines informations pour une dur\u00e9e plus longue, comme les pi\u00e8ces comptables requises par la l\u00e9gislation en vigueur, ou \u00e0 d&#039;autres fins l\u00e9gitimes, telles que : application de la loi, pr\u00e9vention des fraudes.<\/p>\n<p class=\"p14\">Les donn\u00e9es anonymes et les informations agr\u00e9g\u00e9es, qui ne peuvent vous identifier (directement ou indirectement), pourraient \u00eatre conserv\u00e9es ind\u00e9finiment.<\/p>\n<p class=\"p7\"><span class=\"s3\"><b>VOS DROITS<\/b><\/span><\/p>\n<p class=\"p15\">Selon la l\u00e9gislation applicable, vous disposez d&#039;un droit d&#039;acc\u00e8s, de rectification ou de suppression des donn\u00e9es personnelles que nous collectons, vous avez le droit de recevoir une copie des donn\u00e9es collect\u00e9es, vous avez<\/p>\n<p class=\"p12\">\u00a0<\/p>\n<p class=\"p5\">le droit de vous opposer ou de restreindre le traitement de certaines donn\u00e9es personnelles, vous avez le droit de vous adresser \u00e0 l&#039;autorit\u00e9 comp\u00e9tente avec des p\u00e9titions ou des plaintes concernant vos droits. Pour exercer ces droits, vous pouvez nous contacter aux coordonn\u00e9es suivantes : Alexandra Tufa, Jud. Galati, municipalit\u00e9 de Galati, rue ING. ANGHEL SALIGNY Non. 141, BI. 3B, escalier 4, \u00e9tage] 2, Ap. 67, <span class=\"s1\"><br \/><\/span>alexandratufa@yahoo.com. Nous r\u00e9pondrons \u00e0 votre demande conform\u00e9ment \u00e0 la loi <span class=\"s1\"><br \/><\/span>applicable dans les 30 jours.<\/p>\n<p class=\"p5\">Vous avez la possibilit\u00e9 de vous opposer au traitement \u00e0 des fins de communications marketing ou \u00e0 l&#039;analyse \u00e0 des fins de publicit\u00e9 personnalis\u00e9e, en modifiant les param\u00e8tres ou directement par email \u00e0 alexandratufa@yahoo.com.<\/p>\n<p class=\"p14\">Veuillez consid\u00e9rer que certaines informations collect\u00e9es sont n\u00e9cessaires au fonctionnement du Service et que le retrait du consentement peut les rendre indisponibles.<\/p>\n<p class=\"p7\"><span class=\"s3\"><b>COOKIES, SUIVI<\/b><\/span><\/p>\n<p class=\"p16\">Pour plus de d\u00e9tails sur les cookies et technologies utilis\u00e9es, veuillez consulter la Politique en mati\u00e8re de cookies.<\/p>\n<p class=\"p7\"><span class=\"s3\"><b>S\u00c9CURIT\u00c9<\/b><\/span><\/p>\n<p class=\"p14\">La s\u00e9curit\u00e9 des donn\u00e9es et informations collect\u00e9es est importante pour nous, et nous mettrons en \u0153uvre des mesures de s\u00e9curit\u00e9 appropri\u00e9es pour emp\u00eacher la perte, l&#039;alt\u00e9ration et l&#039;acc\u00e8s non autoris\u00e9 aux donn\u00e9es collect\u00e9es. Cependant, compte tenu des risques inh\u00e9rents, nous ne pouvons garantir une s\u00e9curit\u00e9 absolue et par cons\u00e9quent nous ne pouvons garantir la s\u00e9curit\u00e9 des informations collect\u00e9es.<\/p>\n<p class=\"p7\"><span class=\"s3\"><b>LIENS EXTERNES<\/b><\/span><\/p>\n<p class=\"p14\">Notre service peut afficher des liens vers d&#039;autres sites qui ne sont pas exploit\u00e9s par nous. Cette politique de confidentialit\u00e9 n&#039;est pas li\u00e9e aux politiques et pratiques d&#039;autres sites, y compris, mais sans s&#039;y limiter, les sites accessibles via des liens publi\u00e9s par ce service. Nous vous recommandons de consulter les politiques de confidentialit\u00e9 de tout autre site que vous visitez, \u00e0 partir de ce Service. Nous n&#039;avons aucun contr\u00f4le et nous ne pr\u00e9sumons pas <span class=\"s1\"><br \/><\/span>responsabilit\u00e9 du contenu, des politiques de confidentialit\u00e9 et des pratiques des autres sites.<\/p>\n<p class=\"p7\"><span class=\"s3\"><b>CONTACT \/ DPD<\/b><\/span><\/p>\n<p class=\"p17\">Si vous avez des questions ou des pr\u00e9occupations concernant le traitement des informations\/donn\u00e9es personnelles que nous collectons, veuillez nous contacter, \u00ab \u00c0 l&#039;attention du responsable du traitement des donn\u00e9es personnelles \u00bb, \u00e0 l&#039;adresse : Alexandra Tufa, Jud. Galati, municipalit\u00e9 de Galati, rue ING. ANGHEL SALIGNY Non. 141, BI. 3B, escalier 4, \u00e9tage] 2, Ap. 67, courriel : alexandratufa@yahoo.com. Nous allons<\/p>\n<p class=\"p12\">\u00a0<\/p>\n<p class=\"p18\">r\u00e9pondre \u00e0 la demande conform\u00e9ment aux dispositions l\u00e9gales applicables en vigueur.<\/p>\n<p class=\"p19\">La politique de confidentialit\u00e9 a \u00e9t\u00e9 g\u00e9n\u00e9r\u00e9e par , \u00a9 copyright et droits<\/p>\n<p class=\"p20\">de la propri\u00e9t\u00e9 intellectuelle.<\/p>\t\t\t\t\t\t\t\t<\/div>\n\t\t\t\t<\/div>\n\t\t\t\t\t<\/div>\n\t\t\t\t<\/div>\n\t\t\t\t<\/div>","protected":false},"excerpt":{"rendered":"<p>Politica de confidentialitate Data actualizarii\u00a0 20-08-1987 Data intrarii in vigoare 20-08-1987 Aceasta Politica de confidentialitate descrie politica societatii KINEPERINEO S.R.L.:, Jud. Galati, Municipiul Galati, Strada ING. ANGHEL SALINGNY b Nr. 141, BI. 3B, Scara 4, Etaj 2, Ap. 67, Galati, email: contact@academiakineperineo.com, telefon: 0750225606, cu privire la colectarea, utilizarea si partajarea datelor personale, date colectate [&hellip;]<\/p>","protected":false},"author":15,"featured_media":0,"parent":0,"menu_order":0,"comment_status":"closed","ping_status":"open","template":"elementor_header_footer","meta":{"footnotes":""},"class_list":["post-3","page","type-page","status-publish","hentry"],"yoast_head":"<!-- This site is optimized with the Yoast SEO Premium plugin v26.5 (Yoast SEO v26.5) - https:\/\/yoast.com\/wordpress\/plugins\/seo\/ -->\n<title>Politica de confidentialitate - Academia Kineperineo<\/title>\n<meta name=\"robots\" content=\"index, follow, max-snippet:-1, max-image-preview:large, max-video-preview:-1\" \/>\n<link rel=\"canonical\" href=\"https:\/\/academiakineperineo.com\/fr\/politica-de-confidentialitate\/\" \/>\n<meta property=\"og:locale\" content=\"fr_FR\" \/>\n<meta property=\"og:type\" content=\"article\" \/>\n<meta property=\"og:title\" content=\"Politica de confidentialitate\" \/>\n<meta property=\"og:description\" content=\"Politica de confidentialitate Data actualizarii\u00a0 20-08-1987 Data intrarii in vigoare 20-08-1987 Aceasta Politica de confidentialitate descrie politica societatii KINEPERINEO S.R.L.:, Jud. Galati, Municipiul Galati, Strada ING. ANGHEL SALINGNY b Nr. 141, BI. 3B, Scara 4, Etaj 2, Ap. 67, Galati, email: contact@academiakineperineo.com, telefon: 0750225606, cu privire la colectarea, utilizarea si partajarea datelor personale, date colectate [&hellip;]\" \/>\n<meta property=\"og:url\" content=\"https:\/\/academiakineperineo.com\/fr\/politica-de-confidentialitate\/\" \/>\n<meta property=\"og:site_name\" content=\"Academia Kineperineo\" \/>\n<meta property=\"article:publisher\" content=\"https:\/\/www.facebook.com\/share\/1A6mhUrj5T\/?mibextid=wwXIfr\" \/>\n<meta property=\"article:modified_time\" content=\"2024-12-02T20:14:45+00:00\" \/>\n<meta property=\"og:image\" content=\"https:\/\/academiakineperineo.com\/wp-content\/uploads\/2024\/08\/WEB_REEDUCARE_PERINEALA.png\" \/>\n\t<meta property=\"og:image:width\" content=\"1921\" \/>\n\t<meta property=\"og:image:height\" content=\"1080\" \/>\n\t<meta property=\"og:image:type\" content=\"image\/png\" \/>\n<meta name=\"twitter:card\" content=\"summary_large_image\" \/>\n<meta name=\"twitter:label1\" content=\"Dur\u00e9e de lecture estim\u00e9e\" \/>\n\t<meta name=\"twitter:data1\" content=\"6 minutes\" \/>\n<script type=\"application\/ld+json\" class=\"yoast-schema-graph\">{\"@context\":\"https:\/\/schema.org\",\"@graph\":[{\"@type\":\"WebPage\",\"@id\":\"https:\/\/academiakineperineo.com\/politica-de-confidentialitate\/\",\"url\":\"https:\/\/academiakineperineo.com\/politica-de-confidentialitate\/\",\"name\":\"Politica de confidentialitate - Academia Kineperineo\",\"isPartOf\":{\"@id\":\"https:\/\/academiakineperineo.com\/#website\"},\"datePublished\":\"2024-08-05T09:35:59+00:00\",\"dateModified\":\"2024-12-02T20:14:45+00:00\",\"breadcrumb\":{\"@id\":\"https:\/\/academiakineperineo.com\/politica-de-confidentialitate\/#breadcrumb\"},\"inLanguage\":\"fr-FR\",\"potentialAction\":[{\"@type\":\"ReadAction\",\"target\":[\"https:\/\/academiakineperineo.com\/politica-de-confidentialitate\/\"]}]},{\"@type\":\"BreadcrumbList\",\"@id\":\"https:\/\/academiakineperineo.com\/politica-de-confidentialitate\/#breadcrumb\",\"itemListElement\":[{\"@type\":\"ListItem\",\"position\":1,\"name\":\"Home\",\"item\":\"https:\/\/academiakineperineo.com\/\"},{\"@type\":\"ListItem\",\"position\":2,\"name\":\"Politica de confidentialitate\"}]},{\"@type\":\"WebSite\",\"@id\":\"https:\/\/academiakineperineo.com\/#website\",\"url\":\"https:\/\/academiakineperineo.com\/\",\"name\":\"Academia Kineperineo\",\"description\":\"Kinetoterapia planseului pelvin in Romania\",\"publisher\":{\"@id\":\"https:\/\/academiakineperineo.com\/#organization\"},\"potentialAction\":[{\"@type\":\"SearchAction\",\"target\":{\"@type\":\"EntryPoint\",\"urlTemplate\":\"https:\/\/academiakineperineo.com\/?s={search_term_string}\"},\"query-input\":{\"@type\":\"PropertyValueSpecification\",\"valueRequired\":true,\"valueName\":\"search_term_string\"}}],\"inLanguage\":\"fr-FR\"},{\"@type\":\"Organization\",\"@id\":\"https:\/\/academiakineperineo.com\/#organization\",\"name\":\"Academia Kineperineo\",\"url\":\"https:\/\/academiakineperineo.com\/\",\"logo\":{\"@type\":\"ImageObject\",\"inLanguage\":\"fr-FR\",\"@id\":\"https:\/\/academiakineperineo.com\/#\/schema\/logo\/image\/\",\"url\":\"https:\/\/academiakineperineo.com\/wp-content\/uploads\/2024\/08\/LOGO_BLACK.png\",\"contentUrl\":\"https:\/\/academiakineperineo.com\/wp-content\/uploads\/2024\/08\/LOGO_BLACK.png\",\"width\":2301,\"height\":493,\"caption\":\"Academia Kineperineo\"},\"image\":{\"@id\":\"https:\/\/academiakineperineo.com\/#\/schema\/logo\/image\/\"},\"sameAs\":[\"https:\/\/www.facebook.com\/share\/1A6mhUrj5T\/?mibextid=wwXIfr\",\"https:\/\/www.instagram.com\/academiakineperineo\/profilecard\/?igsh=cmtkZHg3dml2ZGFr\"]}]}<\/script>\n<!-- \/ Yoast SEO Premium plugin. -->","yoast_head_json":{"title":"Politica de confidentialitate - Academia Kineperineo","robots":{"index":"index","follow":"follow","max-snippet":"max-snippet:-1","max-image-preview":"max-image-preview:large","max-video-preview":"max-video-preview:-1"},"canonical":"https:\/\/academiakineperineo.com\/fr\/politica-de-confidentialitate\/","og_locale":"fr_FR","og_type":"article","og_title":"Politica de confidentialitate","og_description":"Politica de confidentialitate Data actualizarii\u00a0 20-08-1987 Data intrarii in vigoare 20-08-1987 Aceasta Politica de confidentialitate descrie politica societatii KINEPERINEO S.R.L.:, Jud. Galati, Municipiul Galati, Strada ING. ANGHEL SALINGNY b Nr. 141, BI. 3B, Scara 4, Etaj 2, Ap. 67, Galati, email: contact@academiakineperineo.com, telefon: 0750225606, cu privire la colectarea, utilizarea si partajarea datelor personale, date colectate [&hellip;]","og_url":"https:\/\/academiakineperineo.com\/fr\/politica-de-confidentialitate\/","og_site_name":"Academia Kineperineo","article_publisher":"https:\/\/www.facebook.com\/share\/1A6mhUrj5T\/?mibextid=wwXIfr","article_modified_time":"2024-12-02T20:14:45+00:00","og_image":[{"width":1921,"height":1080,"url":"https:\/\/academiakineperineo.com\/wp-content\/uploads\/2024\/08\/WEB_REEDUCARE_PERINEALA.png","type":"image\/png"}],"twitter_card":"summary_large_image","twitter_misc":{"Dur\u00e9e de lecture estim\u00e9e":"6 minutes"},"schema":{"@context":"https:\/\/schema.org","@graph":[{"@type":"WebPage","@id":"https:\/\/academiakineperineo.com\/politica-de-confidentialitate\/","url":"https:\/\/academiakineperineo.com\/politica-de-confidentialitate\/","name":"Politica de confidentialitate - Academia Kineperineo","isPartOf":{"@id":"https:\/\/academiakineperineo.com\/#website"},"datePublished":"2024-08-05T09:35:59+00:00","dateModified":"2024-12-02T20:14:45+00:00","breadcrumb":{"@id":"https:\/\/academiakineperineo.com\/politica-de-confidentialitate\/#breadcrumb"},"inLanguage":"fr-FR","potentialAction":[{"@type":"ReadAction","target":["https:\/\/academiakineperineo.com\/politica-de-confidentialitate\/"]}]},{"@type":"BreadcrumbList","@id":"https:\/\/academiakineperineo.com\/politica-de-confidentialitate\/#breadcrumb","itemListElement":[{"@type":"ListItem","position":1,"name":"Home","item":"https:\/\/academiakineperineo.com\/"},{"@type":"ListItem","position":2,"name":"Politica de confidentialitate"}]},{"@type":"WebSite","@id":"https:\/\/academiakineperineo.com\/#website","url":"https:\/\/academiakineperineo.com\/","name":"Acad\u00e9mie Kin\u00e9p\u00e9rin\u00e9o","description":"Kinetoterapia planseului pelvin in Romania","publisher":{"@id":"https:\/\/academiakineperineo.com\/#organization"},"potentialAction":[{"@type":"SearchAction","target":{"@type":"EntryPoint","urlTemplate":"https:\/\/academiakineperineo.com\/?s={search_term_string}"},"query-input":{"@type":"PropertyValueSpecification","valueRequired":true,"valueName":"search_term_string"}}],"inLanguage":"fr-FR"},{"@type":"Organization","@id":"https:\/\/academiakineperineo.com\/#organization","name":"Acad\u00e9mie Kin\u00e9p\u00e9rin\u00e9o","url":"https:\/\/academiakineperineo.com\/","logo":{"@type":"ImageObject","inLanguage":"fr-FR","@id":"https:\/\/academiakineperineo.com\/#\/schema\/logo\/image\/","url":"https:\/\/academiakineperineo.com\/wp-content\/uploads\/2024\/08\/LOGO_BLACK.png","contentUrl":"https:\/\/academiakineperineo.com\/wp-content\/uploads\/2024\/08\/LOGO_BLACK.png","width":2301,"height":493,"caption":"Academia Kineperineo"},"image":{"@id":"https:\/\/academiakineperineo.com\/#\/schema\/logo\/image\/"},"sameAs":["https:\/\/www.facebook.com\/share\/1A6mhUrj5T\/?mibextid=wwXIfr","https:\/\/www.instagram.com\/academiakineperineo\/profilecard\/?igsh=cmtkZHg3dml2ZGFr"]}]}},"_links":{"self":[{"href":"https:\/\/academiakineperineo.com\/fr\/wp-json\/wp\/v2\/pages\/3","targetHints":{"allow":["GET"]}}],"collection":[{"href":"https:\/\/academiakineperineo.com\/fr\/wp-json\/wp\/v2\/pages"}],"about":[{"href":"https:\/\/academiakineperineo.com\/fr\/wp-json\/wp\/v2\/types\/page"}],"author":[{"embeddable":true,"href":"https:\/\/academiakineperineo.com\/fr\/wp-json\/wp\/v2\/users\/15"}],"replies":[{"embeddable":true,"href":"https:\/\/academiakineperineo.com\/fr\/wp-json\/wp\/v2\/comments?post=3"}],"version-history":[{"count":4,"href":"https:\/\/academiakineperineo.com\/fr\/wp-json\/wp\/v2\/pages\/3\/revisions"}],"predecessor-version":[{"id":1274,"href":"https:\/\/academiakineperineo.com\/fr\/wp-json\/wp\/v2\/pages\/3\/revisions\/1274"}],"wp:attachment":[{"href":"https:\/\/academiakineperineo.com\/fr\/wp-json\/wp\/v2\/media?parent=3"}],"curies":[{"name":"wp","href":"https:\/\/api.w.org\/{rel}","templated":true}]}}