{"id":2457,"date":"2025-10-22T07:59:46","date_gmt":"2025-10-22T07:59:46","guid":{"rendered":"https:\/\/academiakineperineo.com\/inregistrare-cursant\/"},"modified":"2025-10-22T07:59:46","modified_gmt":"2025-10-22T07:59:46","slug":"inregistrare-cursant","status":"publish","type":"page","link":"https:\/\/academiakineperineo.com\/fr\/inregistrare-cursant\/","title":{"rendered":"\u00cenregistrare cursant"},"content":{"rendered":"<div id=\"tutor-registration-wrap\">\n\n\t\t\n\t\t<form method=\"post\" enctype=\"multipart\/form-data\" id=\"tutor-registration-form\" action=\"\">\n\t\t\t<input type=\"hidden\" name=\"tutor_course_enroll_attempt\" value=\"\">\n\t\t\t\n\t\t\t<input type=\"hidden\" id=\"_tutor_nonce\" name=\"_tutor_nonce\" value=\"1931720725\" \/><input type=\"hidden\" name=\"_wp_http_referer\" value=\"\/fr\/wp-json\/wp\/v2\/pages\/2457\" \/>\t\t\t<input type=\"hidden\" value=\"tutor_register_student\" name=\"tutor_action\"\/>\n\n\t\t\t\n\t\t\t<div class=\"tutor-form-row\">\n\t\t\t\t<div class=\"tutor-form-col-6\">\n\t\t\t\t\t<div class=\"tutor-form-group\">\n\t\t\t\t\t\t<label>\n\t\t\t\t\t\t\tPr\u00e9nom\t\t\t\t\t\t<\/label>\n\n\t\t\t\t\t\t<input type=\"text\" name=\"first_name\" value=\"\" placeholder=\"Pr\u00e9nom\" required autocomplete=\"given-name\">\n\t\t\t\t\t<\/div>\n\t\t\t\t<\/div>\n\n\t\t\t\t<div class=\"tutor-form-col-6\">\n\t\t\t\t\t<div class=\"tutor-form-group\">\n\t\t\t\t\t\t<label>\n\t\t\t\t\t\t\tNom de famille\t\t\t\t\t\t<\/label>\n\n\t\t\t\t\t\t<input type=\"text\" name=\"last_name\" value=\"\" placeholder=\"Nom de famille\" required autocomplete=\"family-name\">\n\t\t\t\t\t<\/div>\n\t\t\t\t<\/div>\n\n\t\t\t<\/div>\n\n\t\t\t<div class=\"tutor-form-row\">\n\t\t\t\t<div class=\"tutor-form-col-6\">\n\t\t\t\t\t<div class=\"tutor-form-group\">\n\t\t\t\t\t\t<label>\n\t\t\t\t\t\t\tNom de l\u2019utilisateur ou de l\u2019utilisatrice\t\t\t\t\t\t<\/label>\n\n\t\t\t\t\t\t<input type=\"text\" name=\"user_login\" class=\"tutor_user_name\" value=\"\" placeholder=\"Nom de l\u2019utilisateur ou de l\u2019utilisatrice\" required autocomplete=\"username\">\n\t\t\t\t\t<\/div>\n\t\t\t\t<\/div>\n\n\t\t\t\t<div class=\"tutor-form-col-6\">\n\t\t\t\t\t<div class=\"tutor-form-group\">\n\t\t\t\t\t\t<label>\n\t\t\t\t\t\t\tAdresse e-mail\t\t\t\t\t\t<\/label>\n\n\t\t\t\t\t\t<input type=\"text\" name=\"email\" value=\"\" placeholder=\"Adresse e-mail\" required autocomplete=\"email\">\n\t\t\t\t\t<\/div>\n\t\t\t\t<\/div>\n\n\t\t\t<\/div>\n\n\t\t\t<div class=\"tutor-form-row\">\n\t\t\t\t<div class=\"tutor-form-col-6\">\n\t\t\t\t\t<div class=\"tutor-form-group\">\n\t\t\t\t\t\t<div class=\"tutor-password-strength-checker\">\n\t\t\t\t\t\t\t<div class=\"tutor-password-field\">\n\t\t\t\t\t\t\t\t<label>\n\t\t\t\t\t\t\t\t\tMot de passe\t\t\t\t\t\t\t\t<\/label>\n\n\t\t\t\t\t\t\t\t<input class=\"password-checker\" id=\"tutor-new-password\" type=\"password\" name=\"password\" value=\"\" placeholder=\"Mot de passe\" required autocomplete=\"new-password\" style=\"margin-bottom: 0;\">\n\t\t\t\t\t\t\t\t<span class=\"show-hide-btn\"><\/span>\n\t\t\t\t\t\t\t<\/div>\n\n\t\t\t\t\t\t\t<div class=\"tutor-password-strength-hint\">\n\t\t\t\t\t\t\t\t<div class=\"indicator\">\n\t\t\t\t\t\t\t\t\t<span class=\"weak\"><\/span>\n\t\t\t\t\t\t\t\t\t<span class=\"medium\"><\/span>\n\t\t\t\t\t\t\t\t\t<span class=\"strong\"><\/span>\n\t\t\t\t\t\t\t\t<\/div>\n\t\t\t\t\t\t\t\t<div class=\"text tutor-fs-7 tutor-color-muted\"><\/div>\n\t\t\t\t\t\t\t<\/div>\n\t\t\t\t\t\t<\/div>\n\t\t\t\t\t<\/div>\n\t\t\t\t<\/div>\n\n\t\t\t\t<div class=\"tutor-form-col-6\">\n\t\t\t\t\t<div class=\"tutor-form-group\">\n\t\t\t\t\t\t<label>\n\t\t\t\t\t\t\tConfirmation du mot de passe\t\t\t\t\t\t<\/label>\n\n\t\t\t\t\t\t<div class=\"tutor-form-wrap\">\n\t\t\t\t\t\t\t<span class=\"tutor-validation-icon tutor-icon-mark tutor-color-success tutor-form-icon tutor-form-icon-reverse\" style=\"display: none;\"><\/span>\n\t\t\t\t\t\t\t<input type=\"password\" name=\"password_confirmation\" value=\"\" placeholder=\"Confirmation du mot de passe\" required autocomplete=\"new-password\" style=\"margin-bottom: 0;\">\n\t\t\t\t\t\t<\/div>\n\t\t\t\t\t<\/div>\n\t\t\t\t<\/div>\n\t\t\t<\/div>\n\n\n\t\t\t<div class=\"tutor-form-row\">\n\t\t\t\t<div class=\"tutor-form-col-12\">\n\t\t\t\t\t<div class=\"tutor-form-group\">\n\t\t\t\t\t\t\t\t\t\t<\/div>\n\t\t\t\t<\/div>\n\t\t\t<\/div>    \n\n\t\t\t\n\t\t\t\t\t\t\t\t\t\t<div class=\"tutor-form-row tutor-mb-24\">\n\t\t\t\t\t<div class=\"tutor-form-col-12\">\n\t\t\t\t\t\t<div class=\"tutor-d-flex tutor-gap-1 tutor-align-center\">\n\t\t\t\t\t\t\t<div class=\"tutor-form-wrap\">\n\t\t\t\t\t\t\t\t<input type=\"checkbox\" id=\"tutor-terms-conditions\" name=\"terms_conditions\" required>\n\t\t\t\t\t\t\t<\/div>\n\t\t\t\t\t\t\t<label for=\"tutor-terms-conditions\">\n\t\t\t\t\t\t\t\tBy signing up, you agree to the  <a target=\"_blank\" href=\"https:\/\/academiakineperineo.com\/fr\/termeni-si-conditii\/\" title=\"Conditions G\u00e9n\u00e9rales d\u2019Utilisation\">Conditions G\u00e9n\u00e9rales d\u2019Utilisation<\/a>\n\t\t\t\t\t\t\t<\/label>\n\t\t\t\t\t\t<\/div>\n\t\t\t\t\t<\/div>\n\t\t\t\t<\/div> \n\t\t\t\n\t\t\t<div>\n\t\t\t\t<button type=\"submit\" name=\"tutor_register_student_btn\" value=\"register\" class=\"tutor-btn tutor-btn-primary tutor-btn-block\">S\u2019inscrire<\/button>\n\t\t\t<\/div>\n\t\t\t\t\t\t\n\t\t<input type=\"hidden\" name=\"trp-form-language\" value=\"fr\"\/><\/form>\n\t\t\t\t<style>\n\t\t\t#tutor-pro-twitter-login {\n\t\t\t\twidth: 400px; background-color: #00acee; border-color: #00acee; font-weight: bold;\n\t\t\t}\n\t\t<\/style>\n\t\t<div id=\"tutor-pro-social-authentication\" class=\"tutor-pt-24 tutor-d-flex tutor-flex-column tutor-align-center tutor-border-top-light\" style=\"gap: 10px;\">\n\t\t\t\t\t<\/div>\n\t\t\t\t\n\t<\/div>","protected":false},"excerpt":{"rendered":"<p>Pr\u00e9nom Nom de famille Nom de l\u2019utilisateur ou de l\u2019utilisatrice Adresse e-mail Mot de passe Confirmation du mot de passe By signing up, you agree to the Conditions G\u00e9n\u00e9rales d\u2019Utilisation S\u2019inscrire<\/p>","protected":false},"author":15,"featured_media":0,"parent":0,"menu_order":0,"comment_status":"closed","ping_status":"closed","template":"","meta":{"footnotes":""},"class_list":["post-2457","page","type-page","status-publish","hentry"],"yoast_head":"<!-- This site is optimized with the Yoast SEO Premium plugin v26.5 (Yoast SEO v26.5) - https:\/\/yoast.com\/wordpress\/plugins\/seo\/ -->\n<title>\u00cenregistrare cursant - Academia Kineperineo<\/title>\n<meta name=\"robots\" content=\"index, follow, max-snippet:-1, max-image-preview:large, max-video-preview:-1\" \/>\n<link rel=\"canonical\" href=\"https:\/\/academiakineperineo.com\/fr\/inregistrare-cursant\/\" \/>\n<meta property=\"og:locale\" content=\"fr_FR\" \/>\n<meta property=\"og:type\" content=\"article\" \/>\n<meta property=\"og:title\" content=\"\u00cenregistrare cursant\" \/>\n<meta property=\"og:description\" content=\"Pr\u00e9nom Nom de famille Nom de l\u2019utilisateur ou de l\u2019utilisatrice Adresse e-mail Mot de passe Confirmation du mot de passe By signing up, you agree to the Conditions G\u00e9n\u00e9rales d\u2019Utilisation S\u2019inscrire\" \/>\n<meta property=\"og:url\" content=\"https:\/\/academiakineperineo.com\/fr\/inregistrare-cursant\/\" \/>\n<meta property=\"og:site_name\" content=\"Academia Kineperineo\" \/>\n<meta property=\"article:publisher\" content=\"https:\/\/www.facebook.com\/share\/1A6mhUrj5T\/?mibextid=wwXIfr\" \/>\n<meta property=\"og:image\" content=\"https:\/\/academiakineperineo.com\/wp-content\/uploads\/2024\/08\/WEB_REEDUCARE_PERINEALA.png\" \/>\n\t<meta property=\"og:image:width\" content=\"1921\" \/>\n\t<meta property=\"og:image:height\" content=\"1080\" \/>\n\t<meta property=\"og:image:type\" content=\"image\/png\" \/>\n<meta name=\"twitter:card\" content=\"summary_large_image\" \/>\n<script type=\"application\/ld+json\" class=\"yoast-schema-graph\">{\"@context\":\"https:\/\/schema.org\",\"@graph\":[{\"@type\":\"WebPage\",\"@id\":\"https:\/\/academiakineperineo.com\/inregistrare-cursant\/\",\"url\":\"https:\/\/academiakineperineo.com\/inregistrare-cursant\/\",\"name\":\"\u00cenregistrare cursant - Academia Kineperineo\",\"isPartOf\":{\"@id\":\"https:\/\/academiakineperineo.com\/#website\"},\"datePublished\":\"2025-10-22T07:59:46+00:00\",\"breadcrumb\":{\"@id\":\"https:\/\/academiakineperineo.com\/inregistrare-cursant\/#breadcrumb\"},\"inLanguage\":\"fr-FR\",\"potentialAction\":[{\"@type\":\"ReadAction\",\"target\":[\"https:\/\/academiakineperineo.com\/inregistrare-cursant\/\"]}]},{\"@type\":\"BreadcrumbList\",\"@id\":\"https:\/\/academiakineperineo.com\/inregistrare-cursant\/#breadcrumb\",\"itemListElement\":[{\"@type\":\"ListItem\",\"position\":1,\"name\":\"Home\",\"item\":\"https:\/\/academiakineperineo.com\/\"},{\"@type\":\"ListItem\",\"position\":2,\"name\":\"\u00cenregistrare cursant\"}]},{\"@type\":\"WebSite\",\"@id\":\"https:\/\/academiakineperineo.com\/#website\",\"url\":\"https:\/\/academiakineperineo.com\/\",\"name\":\"Academia Kineperineo\",\"description\":\"Kinetoterapia planseului pelvin in Romania\",\"publisher\":{\"@id\":\"https:\/\/academiakineperineo.com\/#organization\"},\"potentialAction\":[{\"@type\":\"SearchAction\",\"target\":{\"@type\":\"EntryPoint\",\"urlTemplate\":\"https:\/\/academiakineperineo.com\/?s={search_term_string}\"},\"query-input\":{\"@type\":\"PropertyValueSpecification\",\"valueRequired\":true,\"valueName\":\"search_term_string\"}}],\"inLanguage\":\"fr-FR\"},{\"@type\":\"Organization\",\"@id\":\"https:\/\/academiakineperineo.com\/#organization\",\"name\":\"Academia Kineperineo\",\"url\":\"https:\/\/academiakineperineo.com\/\",\"logo\":{\"@type\":\"ImageObject\",\"inLanguage\":\"fr-FR\",\"@id\":\"https:\/\/academiakineperineo.com\/#\/schema\/logo\/image\/\",\"url\":\"https:\/\/academiakineperineo.com\/wp-content\/uploads\/2024\/08\/LOGO_BLACK.png\",\"contentUrl\":\"https:\/\/academiakineperineo.com\/wp-content\/uploads\/2024\/08\/LOGO_BLACK.png\",\"width\":2301,\"height\":493,\"caption\":\"Academia Kineperineo\"},\"image\":{\"@id\":\"https:\/\/academiakineperineo.com\/#\/schema\/logo\/image\/\"},\"sameAs\":[\"https:\/\/www.facebook.com\/share\/1A6mhUrj5T\/?mibextid=wwXIfr\",\"https:\/\/www.instagram.com\/academiakineperineo\/profilecard\/?igsh=cmtkZHg3dml2ZGFr\"]}]}<\/script>\n<!-- \/ Yoast SEO Premium plugin. -->","yoast_head_json":{"title":"\u00cenregistrare cursant - Academia Kineperineo","robots":{"index":"index","follow":"follow","max-snippet":"max-snippet:-1","max-image-preview":"max-image-preview:large","max-video-preview":"max-video-preview:-1"},"canonical":"https:\/\/academiakineperineo.com\/fr\/inregistrare-cursant\/","og_locale":"fr_FR","og_type":"article","og_title":"\u00cenregistrare cursant","og_description":"Pr\u00e9nom Nom de famille Nom de l\u2019utilisateur ou de l\u2019utilisatrice Adresse e-mail Mot de passe Confirmation du mot de passe By signing up, you agree to the Conditions G\u00e9n\u00e9rales d\u2019Utilisation S\u2019inscrire","og_url":"https:\/\/academiakineperineo.com\/fr\/inregistrare-cursant\/","og_site_name":"Academia Kineperineo","article_publisher":"https:\/\/www.facebook.com\/share\/1A6mhUrj5T\/?mibextid=wwXIfr","og_image":[{"width":1921,"height":1080,"url":"https:\/\/academiakineperineo.com\/wp-content\/uploads\/2024\/08\/WEB_REEDUCARE_PERINEALA.png","type":"image\/png"}],"twitter_card":"summary_large_image","schema":{"@context":"https:\/\/schema.org","@graph":[{"@type":"WebPage","@id":"https:\/\/academiakineperineo.com\/inregistrare-cursant\/","url":"https:\/\/academiakineperineo.com\/inregistrare-cursant\/","name":"\u00cenregistrare cursant - Academia Kineperineo","isPartOf":{"@id":"https:\/\/academiakineperineo.com\/#website"},"datePublished":"2025-10-22T07:59:46+00:00","breadcrumb":{"@id":"https:\/\/academiakineperineo.com\/inregistrare-cursant\/#breadcrumb"},"inLanguage":"fr-FR","potentialAction":[{"@type":"ReadAction","target":["https:\/\/academiakineperineo.com\/inregistrare-cursant\/"]}]},{"@type":"BreadcrumbList","@id":"https:\/\/academiakineperineo.com\/inregistrare-cursant\/#breadcrumb","itemListElement":[{"@type":"ListItem","position":1,"name":"Home","item":"https:\/\/academiakineperineo.com\/"},{"@type":"ListItem","position":2,"name":"\u00cenregistrare cursant"}]},{"@type":"WebSite","@id":"https:\/\/academiakineperineo.com\/#website","url":"https:\/\/academiakineperineo.com\/","name":"Acad\u00e9mie Kin\u00e9p\u00e9rin\u00e9o","description":"Kinetoterapia planseului pelvin in Romania","publisher":{"@id":"https:\/\/academiakineperineo.com\/#organization"},"potentialAction":[{"@type":"SearchAction","target":{"@type":"EntryPoint","urlTemplate":"https:\/\/academiakineperineo.com\/?s={search_term_string}"},"query-input":{"@type":"PropertyValueSpecification","valueRequired":true,"valueName":"search_term_string"}}],"inLanguage":"fr-FR"},{"@type":"Organization","@id":"https:\/\/academiakineperineo.com\/#organization","name":"Acad\u00e9mie Kin\u00e9p\u00e9rin\u00e9o","url":"https:\/\/academiakineperineo.com\/","logo":{"@type":"ImageObject","inLanguage":"fr-FR","@id":"https:\/\/academiakineperineo.com\/#\/schema\/logo\/image\/","url":"https:\/\/academiakineperineo.com\/wp-content\/uploads\/2024\/08\/LOGO_BLACK.png","contentUrl":"https:\/\/academiakineperineo.com\/wp-content\/uploads\/2024\/08\/LOGO_BLACK.png","width":2301,"height":493,"caption":"Academia Kineperineo"},"image":{"@id":"https:\/\/academiakineperineo.com\/#\/schema\/logo\/image\/"},"sameAs":["https:\/\/www.facebook.com\/share\/1A6mhUrj5T\/?mibextid=wwXIfr","https:\/\/www.instagram.com\/academiakineperineo\/profilecard\/?igsh=cmtkZHg3dml2ZGFr"]}]}},"_links":{"self":[{"href":"https:\/\/academiakineperineo.com\/fr\/wp-json\/wp\/v2\/pages\/2457","targetHints":{"allow":["GET"]}}],"collection":[{"href":"https:\/\/academiakineperineo.com\/fr\/wp-json\/wp\/v2\/pages"}],"about":[{"href":"https:\/\/academiakineperineo.com\/fr\/wp-json\/wp\/v2\/types\/page"}],"author":[{"embeddable":true,"href":"https:\/\/academiakineperineo.com\/fr\/wp-json\/wp\/v2\/users\/15"}],"replies":[{"embeddable":true,"href":"https:\/\/academiakineperineo.com\/fr\/wp-json\/wp\/v2\/comments?post=2457"}],"version-history":[{"count":0,"href":"https:\/\/academiakineperineo.com\/fr\/wp-json\/wp\/v2\/pages\/2457\/revisions"}],"wp:attachment":[{"href":"https:\/\/academiakineperineo.com\/fr\/wp-json\/wp\/v2\/media?parent=2457"}],"curies":[{"name":"wp","href":"https:\/\/api.w.org\/{rel}","templated":true}]}}