{"id":218,"date":"2024-08-15T09:02:04","date_gmt":"2024-08-15T09:02:04","guid":{"rendered":"https:\/\/academiakineperineo.com\/?page_id=218"},"modified":"2026-03-06T15:45:56","modified_gmt":"2026-03-06T15:45:56","slug":"contact-kinetoperineo","status":"publish","type":"page","link":"https:\/\/academiakineperineo.com\/fr\/contact-kinetoperineo\/","title":{"rendered":"Contact | Kineperineo"},"content":{"rendered":"<div data-elementor-type=\"wp-page\" data-elementor-id=\"218\" class=\"elementor elementor-218\" data-elementor-post-type=\"page\">\n\t\t\t\t\t\t<section class=\"elementor-section elementor-top-section elementor-element elementor-element-254da3e7 elementor-section-boxed elementor-section-height-default elementor-section-height-default\" data-id=\"254da3e7\" data-element_type=\"section\" data-settings=\"{&quot;background_background&quot;:&quot;classic&quot;}\">\n\t\t\t\t\t\t\t<div class=\"elementor-background-overlay\"><\/div>\n\t\t\t\t\t\t\t<div class=\"elementor-container elementor-column-gap-default\">\n\t\t\t\t\t<div class=\"elementor-column elementor-col-100 elementor-top-column elementor-element elementor-element-3753bcda\" data-id=\"3753bcda\" data-element_type=\"column\">\n\t\t\t<div class=\"elementor-widget-wrap elementor-element-populated\">\n\t\t\t\t\t\t<div class=\"elementor-element elementor-element-4288cc0f elementor-widget elementor-widget-heading\" data-id=\"4288cc0f\" data-element_type=\"widget\" data-widget_type=\"heading.default\">\n\t\t\t\t<div class=\"elementor-widget-container\">\n\t\t\t\t\t<h1 class=\"elementor-heading-title elementor-size-xxl\">Contact<\/h1>\t\t\t\t<\/div>\n\t\t\t\t<\/div>\n\t\t\t\t<div class=\"elementor-element elementor-element-23c98be4 elementor-widget-divider--view-line elementor-invisible elementor-widget elementor-widget-divider\" data-id=\"23c98be4\" data-element_type=\"widget\" data-settings=\"{&quot;_animation&quot;:&quot;bounceInUp&quot;}\" data-widget_type=\"divider.default\">\n\t\t\t\t<div class=\"elementor-widget-container\">\n\t\t\t\t\t\t\t<div class=\"elementor-divider\">\n\t\t\t<span class=\"elementor-divider-separator\">\n\t\t\t\t\t\t<\/span>\n\t\t<\/div>\n\t\t\t\t\t\t<\/div>\n\t\t\t\t<\/div>\n\t\t\t\t\t<\/div>\n\t\t<\/div>\n\t\t\t\t\t<\/div>\n\t\t<\/section>\n\t\t<div class=\"elementor-element elementor-element-60fe8f24 e-flex e-con-boxed e-con e-parent\" data-id=\"60fe8f24\" data-element_type=\"container\" data-settings=\"{&quot;background_background&quot;:&quot;gradient&quot;}\">\n\t\t\t\t\t<div class=\"e-con-inner\">\n\t\t\t\t<div class=\"elementor-element elementor-element-5afcb59f elementor-widget__width-initial elementor-widget elementor-widget-icon-box\" data-id=\"5afcb59f\" data-element_type=\"widget\" data-widget_type=\"icon-box.default\">\n\t\t\t\t<div class=\"elementor-widget-container\">\n\t\t\t\t\t\t\t<div class=\"elementor-icon-box-wrapper\">\n\n\t\t\t\n\t\t\t\t\t\t<div class=\"elementor-icon-box-content\">\n\n\t\t\t\t\t\t\t\t\t<h2 class=\"elementor-icon-box-title\">\n\t\t\t\t\t\t<span  >\n\t\t\t\t\t\t\tEn savoir plus\t\t\t\t\t\t<\/span>\n\t\t\t\t\t<\/h2>\n\t\t\t\t\n\t\t\t\t\t\t\t\t\t<p class=\"elementor-icon-box-description\">\n\t\t\t\t\t\tNous vous invitons \u00e0 nous contacter pour toute question \t\t\t\t\t<\/p>\n\t\t\t\t\n\t\t\t<\/div>\n\t\t\t\n\t\t<\/div>\n\t\t\t\t\t\t<\/div>\n\t\t\t\t<\/div>\n\t\t<div class=\"elementor-element elementor-element-1e803a08 e-con-full e-flex e-con e-child\" data-id=\"1e803a08\" data-element_type=\"container\">\n\t\t<div class=\"elementor-element elementor-element-3996a57e e-con-full e-flex e-con e-child\" data-id=\"3996a57e\" data-element_type=\"container\">\n\t\t\t\t<div class=\"elementor-element elementor-element-789f4c20 elementor-widget elementor-widget-icon-box\" data-id=\"789f4c20\" data-element_type=\"widget\" data-widget_type=\"icon-box.default\">\n\t\t\t\t<div class=\"elementor-widget-container\">\n\t\t\t\t\t\t\t<div class=\"elementor-icon-box-wrapper\">\n\n\t\t\t\n\t\t\t\t\t\t<div class=\"elementor-icon-box-content\">\n\n\t\t\t\t\t\t\t\t\t<h3 class=\"elementor-icon-box-title\">\n\t\t\t\t\t\t<span  >\n\t\t\t\t\t\t\tL&#039;emplacement\t\t\t\t\t\t<\/span>\n\t\t\t\t\t<\/h3>\n\t\t\t\t\n\t\t\t\t\t\t\t\t\t<p class=\"elementor-icon-box-description\">\n\t\t\t\t\t\tEn ligne<\/br>\nBucarest (\u00e0 venir)<\/br>\n\nFrance (24 rue des brosses, 69780 Mions)\t\t\t\t\t<\/p>\n\t\t\t\t\n\t\t\t<\/div>\n\t\t\t\n\t\t<\/div>\n\t\t\t\t\t\t<\/div>\n\t\t\t\t<\/div>\n\t\t\t\t<div class=\"elementor-element elementor-element-37484cad elementor-widget elementor-widget-icon-box\" data-id=\"37484cad\" data-element_type=\"widget\" data-widget_type=\"icon-box.default\">\n\t\t\t\t<div class=\"elementor-widget-container\">\n\t\t\t\t\t\t\t<div class=\"elementor-icon-box-wrapper\">\n\n\t\t\t\n\t\t\t\t\t\t<div class=\"elementor-icon-box-content\">\n\n\t\t\t\t\t\t\t\t\t<h3 class=\"elementor-icon-box-title\">\n\t\t\t\t\t\t<span  >\n\t\t\t\t\t\t\tE-mail \t\t\t\t\t\t<\/span>\n\t\t\t\t\t<\/h3>\n\t\t\t\t\n\t\t\t\t\t\t\t\t\t<p class=\"elementor-icon-box-description\">\n\t\t\t\t\t\tcontact@academiakineperineo.com\t\t\t\t\t<\/p>\n\t\t\t\t\n\t\t\t<\/div>\n\t\t\t\n\t\t<\/div>\n\t\t\t\t\t\t<\/div>\n\t\t\t\t<\/div>\n\t\t\t\t<div class=\"elementor-element elementor-element-2de682d6 elementor-widget elementor-widget-icon-box\" data-id=\"2de682d6\" data-element_type=\"widget\" data-widget_type=\"icon-box.default\">\n\t\t\t\t<div class=\"elementor-widget-container\">\n\t\t\t\t\t\t\t<div class=\"elementor-icon-box-wrapper\">\n\n\t\t\t\n\t\t\t\t\t\t<div class=\"elementor-icon-box-content\">\n\n\t\t\t\t\t\t\t\t\t<h3 class=\"elementor-icon-box-title\">\n\t\t\t\t\t\t<span  >\n\t\t\t\t\t\t\tR\u00e9seaux sociaux\t\t\t\t\t\t<\/span>\n\t\t\t\t\t<\/h3>\n\t\t\t\t\n\t\t\t\t\n\t\t\t<\/div>\n\t\t\t\n\t\t<\/div>\n\t\t\t\t\t\t<\/div>\n\t\t\t\t<\/div>\n\t\t\t\t<div class=\"elementor-element elementor-element-67df7674 e-grid-align-left e-grid-align-mobile-center elementor-shape-rounded elementor-grid-0 elementor-widget elementor-widget-social-icons\" data-id=\"67df7674\" data-element_type=\"widget\" data-widget_type=\"social-icons.default\">\n\t\t\t\t<div class=\"elementor-widget-container\">\n\t\t\t\t\t\t\t<div class=\"elementor-social-icons-wrapper elementor-grid\" role=\"list\">\n\t\t\t\t\t\t\t<span class=\"elementor-grid-item\" role=\"listitem\">\n\t\t\t\t\t<a class=\"elementor-icon elementor-social-icon elementor-social-icon-instagram elementor-repeater-item-e487838\" href=\"https:\/\/www.instagram.com\/academiakineperineo\/\" target=\"_blank\">\n\t\t\t\t\t\t<span class=\"elementor-screen-only\">Instagram<\/span>\n\t\t\t\t\t\t<svg aria-hidden=\"true\" class=\"e-font-icon-svg e-fab-instagram\" viewbox=\"0 0 448 512\" xmlns=\"http:\/\/www.w3.org\/2000\/svg\"><path d=\"M224.1 141c-63.6 0-114.9 51.3-114.9 114.9s51.3 114.9 114.9 114.9S339 319.5 339 255.9 287.7 141 224.1 141zm0 189.6c-41.1 0-74.7-33.5-74.7-74.7s33.5-74.7 74.7-74.7 74.7 33.5 74.7 74.7-33.6 74.7-74.7 74.7zm146.4-194.3c0 14.9-12 26.8-26.8 26.8-14.9 0-26.8-12-26.8-26.8s12-26.8 26.8-26.8 26.8 12 26.8 26.8zm76.1 27.2c-1.7-35.9-9.9-67.7-36.2-93.9-26.2-26.2-58-34.4-93.9-36.2-37-2.1-147.9-2.1-184.9 0-35.8 1.7-67.6 9.9-93.9 36.1s-34.4 58-36.2 93.9c-2.1 37-2.1 147.9 0 184.9 1.7 35.9 9.9 67.7 36.2 93.9s58 34.4 93.9 36.2c37 2.1 147.9 2.1 184.9 0 35.9-1.7 67.7-9.9 93.9-36.2 26.2-26.2 34.4-58 36.2-93.9 2.1-37 2.1-147.8 0-184.8zM398.8 388c-7.8 19.6-22.9 34.7-42.6 42.6-29.5 11.7-99.5 9-132.1 9s-102.7 2.6-132.1-9c-19.6-7.8-34.7-22.9-42.6-42.6-11.7-29.5-9-99.5-9-132.1s-2.6-102.7 9-132.1c7.8-19.6 22.9-34.7 42.6-42.6 29.5-11.7 99.5-9 132.1-9s102.7-2.6 132.1 9c19.6 7.8 34.7 22.9 42.6 42.6 11.7 29.5 9 99.5 9 132.1s2.7 102.7-9 132.1z\"><\/path><\/svg>\t\t\t\t\t<\/a>\n\t\t\t\t<\/span>\n\t\t\t\t\t\t\t<span class=\"elementor-grid-item\" role=\"listitem\">\n\t\t\t\t\t<a class=\"elementor-icon elementor-social-icon elementor-social-icon-facebook elementor-repeater-item-8828a55\" href=\"https:\/\/www.facebook.com\/profile.php?id=61564553446412\" target=\"_blank\">\n\t\t\t\t\t\t<span class=\"elementor-screen-only\">Facebook<\/span>\n\t\t\t\t\t\t<svg aria-hidden=\"true\" class=\"e-font-icon-svg e-fab-facebook\" viewbox=\"0 0 512 512\" xmlns=\"http:\/\/www.w3.org\/2000\/svg\"><path d=\"M504 256C504 119 393 8 256 8S8 119 8 256c0 123.78 90.69 226.38 209.25 245V327.69h-63V256h63v-54.64c0-62.15 37-96.48 93.67-96.48 27.14 0 55.52 4.84 55.52 4.84v61h-31.28c-30.8 0-40.41 19.12-40.41 38.73V256h68.78l-11 71.69h-57.78V501C413.31 482.38 504 379.78 504 256z\"><\/path><\/svg>\t\t\t\t\t<\/a>\n\t\t\t\t<\/span>\n\t\t\t\t\t<\/div>\n\t\t\t\t\t\t<\/div>\n\t\t\t\t<\/div>\n\t\t\t\t<\/div>\n\t\t<div class=\"elementor-element elementor-element-ad2c2b8 e-con-full e-flex e-con e-child\" data-id=\"ad2c2b8\" data-element_type=\"container\">\n\t\t\t\t<div class=\"elementor-element elementor-element-7df319db elementor-button-align-end elementor-mobile-button-align-center elementor-widget elementor-widget-form\" data-id=\"7df319db\" data-element_type=\"widget\" data-settings=\"{&quot;step_next_label&quot;:&quot;Next&quot;,&quot;step_previous_label&quot;:&quot;Previous&quot;,&quot;button_width&quot;:&quot;100&quot;,&quot;step_type&quot;:&quot;number_text&quot;,&quot;step_icon_shape&quot;:&quot;circle&quot;}\" data-widget_type=\"form.default\">\n\t\t\t\t<div class=\"elementor-widget-container\">\n\t\t\t\t\t\t\t<form class=\"elementor-form\" method=\"post\" name=\"New Form\" aria-label=\"New Form\" action=\"\">\n\t\t\t<input type=\"hidden\" name=\"post_id\" value=\"218\"\/>\n\t\t\t<input type=\"hidden\" name=\"form_id\" value=\"7df319db\"\/>\n\t\t\t<input type=\"hidden\" name=\"referer_title\" value=\"Contact - reeducarea perineala in Romania - Academia Kineperineo\" \/>\n\n\t\t\t\t\t\t\t<input type=\"hidden\" name=\"queried_id\" value=\"218\"\/>\n\t\t\t\n\t\t\t<div class=\"elementor-form-fields-wrapper elementor-labels-\">\n\t\t\t\t\t\t\t\t<div class=\"elementor-field-type-text elementor-field-group elementor-column elementor-field-group-name elementor-col-50\">\n\t\t\t\t\t\t\t\t\t\t\t\t<label for=\"form-field-name\" class=\"elementor-field-label elementor-screen-only\">\n\t\t\t\t\t\t\t\tPr\u00e9nom\t\t\t\t\t\t\t<\/label>\n\t\t\t\t\t\t\t\t\t\t\t\t\t\t<input size=\"1\" type=\"text\" name=\"form_fields[name]\" id=\"form-field-name\" class=\"elementor-field elementor-size-sm  elementor-field-textual\" placeholder=\"Pr\u00e9nom*\">\n\t\t\t\t\t\t\t\t\t\t\t<\/div>\n\t\t\t\t\t\t\t\t<div class=\"elementor-field-type-text elementor-field-group elementor-column elementor-field-group-field_5e63ec7 elementor-col-50\">\n\t\t\t\t\t\t\t\t\t\t\t\t<label for=\"form-field-field_5e63ec7\" class=\"elementor-field-label elementor-screen-only\">\n\t\t\t\t\t\t\t\tNom\t\t\t\t\t\t\t<\/label>\n\t\t\t\t\t\t\t\t\t\t\t\t\t\t<input size=\"1\" type=\"text\" name=\"form_fields[field_5e63ec7]\" id=\"form-field-field_5e63ec7\" class=\"elementor-field elementor-size-sm  elementor-field-textual\" placeholder=\"Nom*\">\n\t\t\t\t\t\t\t\t\t\t\t<\/div>\n\t\t\t\t\t\t\t\t<div class=\"elementor-field-type-tel elementor-field-group elementor-column elementor-field-group-field_f5f1e1b elementor-col-50\">\n\t\t\t\t\t\t\t\t\t\t\t\t<label for=\"form-field-field_f5f1e1b\" class=\"elementor-field-label elementor-screen-only\">\n\t\t\t\t\t\t\t\tT\u00e9l\u00e9phone\t\t\t\t\t\t\t<\/label>\n\t\t\t\t\t\t\t\t<input size=\"1\" type=\"tel\" name=\"form_fields[field_f5f1e1b]\" id=\"form-field-field_f5f1e1b\" class=\"elementor-field elementor-size-sm  elementor-field-textual\" placeholder=\"T\u00e9l\u00e9phone*\" pattern=\"[0-9()#&amp;+*-=.]+\" title=\"Seuls les caract\u00e8res de num\u00e9ros de t\u00e9l\u00e9phone (#, -, *, etc.) sont accept\u00e9s.\" data-no-translation-title=\"\">\n\n\t\t\t\t\t\t<\/div>\n\t\t\t\t\t\t\t\t<div class=\"elementor-field-type-email elementor-field-group elementor-column elementor-field-group-email elementor-col-50 elementor-field-required\">\n\t\t\t\t\t\t\t\t\t\t\t\t<label for=\"form-field-email\" class=\"elementor-field-label elementor-screen-only\">\n\t\t\t\t\t\t\t\tE-mail\t\t\t\t\t\t\t<\/label>\n\t\t\t\t\t\t\t\t\t\t\t\t\t\t<input size=\"1\" type=\"email\" name=\"form_fields[email]\" id=\"form-field-email\" class=\"elementor-field elementor-size-sm  elementor-field-textual\" placeholder=\"E-mail*\" required=\"required\">\n\t\t\t\t\t\t\t\t\t\t\t<\/div>\n\t\t\t\t\t\t\t\t<div class=\"elementor-field-type-textarea elementor-field-group elementor-column elementor-field-group-message elementor-col-100\">\n\t\t\t\t\t\t\t\t\t\t\t\t<label for=\"form-field-message\" class=\"elementor-field-label elementor-screen-only\">\n\t\t\t\t\t\t\t\tQue souhaitez-vous nous transmettre ?\t\t\t\t\t\t\t<\/label>\n\t\t\t\t\t\t<textarea class=\"elementor-field-textual elementor-field  elementor-size-sm\" name=\"form_fields[message]\" id=\"form-field-message\" rows=\"4\" placeholder=\"Que souhaitez-vous nous transmettre ?\"><\/textarea>\t\t\t\t<\/div>\n\t\t\t\t\t\t\t\t<div class=\"elementor-field-type-recaptcha elementor-field-group elementor-column elementor-field-group-field_61bf7bb elementor-col-100\">\n\t\t\t\t\t<div class=\"elementor-field\" id=\"form-field-field_61bf7bb\"><div class=\"elementor-g-recaptcha\" data-sitekey=\"6Lfder4qAAAAAEDuN5fwCZk_LumUtI-cMefW3brO\" data-type=\"v2_checkbox\" data-theme=\"light\" data-size=\"normal\"><\/div><\/div>\t\t\t\t<\/div>\n\t\t\t\t\t\t\t\t<div class=\"elementor-field-group elementor-column elementor-field-type-submit elementor-col-100 e-form__buttons\">\n\t\t\t\t\t<button class=\"elementor-button elementor-size-md elementor-animation-grow\" type=\"submit\">\n\t\t\t\t\t\t<span class=\"elementor-button-content-wrapper\">\n\t\t\t\t\t\t\t\t\t\t\t\t\t\t\t\t\t\t\t\t\t\t<span class=\"elementor-button-text\">ENVOYER<\/span>\n\t\t\t\t\t\t\t\t\t\t\t\t\t<\/span>\n\t\t\t\t\t<\/button>\n\t\t\t\t<\/div>\n\t\t\t<\/div>\n\t\t<input type=\"hidden\" name=\"trp-form-language\" value=\"fr\"\/><\/form>\n\t\t\t\t\t\t<\/div>\n\t\t\t\t<\/div>\n\t\t\t\t<\/div>\n\t\t\t\t<\/div>\n\t\t\t\t\t<\/div>\n\t\t\t\t<\/div>\n\t\t\t\t<\/div>","protected":false},"excerpt":{"rendered":"<p>Contact Afla mai multe Te invitam sa ne contactezi pentru orice intrebare Locatia Online Bucuresti ( \u00een cur\u00e2nd ) Fran\u021ba (24 rue des brosses, 69780 Mions) Email contact@academiakineperineo.com Social Media Instagram Facebook<\/p>","protected":false},"author":15,"featured_media":0,"parent":0,"menu_order":0,"comment_status":"closed","ping_status":"closed","template":"elementor_header_footer","meta":{"footnotes":""},"class_list":["post-218","page","type-page","status-publish","hentry"],"yoast_head":"<!-- This site is optimized with the Yoast SEO Premium plugin v26.5 (Yoast SEO v26.5) - https:\/\/yoast.com\/wordpress\/plugins\/seo\/ -->\n<title>Contact - reeducarea perineala in Romania - Academia Kineperineo<\/title>\n<meta name=\"description\" content=\"Kinetoterapia la femei, barbati si copii in recuperarea planseului pelvin si reeducarea perineala in afectiunile uro-ginecologice.\" \/>\n<meta name=\"robots\" content=\"index, follow, max-snippet:-1, max-image-preview:large, max-video-preview:-1\" \/>\n<link rel=\"canonical\" href=\"https:\/\/academiakineperineo.com\/fr\/contact-kinetoperineo\/\" \/>\n<meta property=\"og:locale\" content=\"fr_FR\" \/>\n<meta property=\"og:type\" content=\"article\" \/>\n<meta property=\"og:title\" content=\"Contact | Kineperineo\" \/>\n<meta property=\"og:description\" content=\"Kinetoterapia la femei, barbati si copii in recuperarea planseului pelvin si reeducarea perineala in afectiunile uro-ginecologice.\" \/>\n<meta property=\"og:url\" content=\"https:\/\/academiakineperineo.com\/fr\/contact-kinetoperineo\/\" \/>\n<meta property=\"og:site_name\" content=\"Academia Kineperineo\" \/>\n<meta property=\"article:publisher\" content=\"https:\/\/www.facebook.com\/share\/1A6mhUrj5T\/?mibextid=wwXIfr\" \/>\n<meta property=\"article:modified_time\" content=\"2026-03-06T15:45:56+00:00\" \/>\n<meta property=\"og:image\" content=\"https:\/\/academiakineperineo.com\/wp-content\/uploads\/2024\/08\/WEB_REEDUCARE_PERINEALA.png\" \/>\n\t<meta property=\"og:image:width\" content=\"1921\" \/>\n\t<meta property=\"og:image:height\" content=\"1080\" \/>\n\t<meta property=\"og:image:type\" content=\"image\/png\" \/>\n<meta name=\"twitter:card\" content=\"summary_large_image\" \/>\n<meta name=\"twitter:label1\" content=\"Dur\u00e9e de lecture estim\u00e9e\" \/>\n\t<meta name=\"twitter:data1\" content=\"1 minute\" \/>\n<script type=\"application\/ld+json\" class=\"yoast-schema-graph\">{\"@context\":\"https:\/\/schema.org\",\"@graph\":[{\"@type\":\"WebPage\",\"@id\":\"https:\/\/academiakineperineo.com\/contact-kinetoperineo\/\",\"url\":\"https:\/\/academiakineperineo.com\/contact-kinetoperineo\/\",\"name\":\"Contact - reeducarea perineala in Romania - Academia Kineperineo\",\"isPartOf\":{\"@id\":\"https:\/\/academiakineperineo.com\/#website\"},\"datePublished\":\"2024-08-15T09:02:04+00:00\",\"dateModified\":\"2026-03-06T15:45:56+00:00\",\"description\":\"Kinetoterapia la femei, barbati si copii in recuperarea planseului pelvin si reeducarea perineala in afectiunile uro-ginecologice.\",\"breadcrumb\":{\"@id\":\"https:\/\/academiakineperineo.com\/contact-kinetoperineo\/#breadcrumb\"},\"inLanguage\":\"fr-FR\",\"potentialAction\":[{\"@type\":\"ReadAction\",\"target\":[\"https:\/\/academiakineperineo.com\/contact-kinetoperineo\/\"]}]},{\"@type\":\"BreadcrumbList\",\"@id\":\"https:\/\/academiakineperineo.com\/contact-kinetoperineo\/#breadcrumb\",\"itemListElement\":[{\"@type\":\"ListItem\",\"position\":1,\"name\":\"Home\",\"item\":\"https:\/\/academiakineperineo.com\/\"},{\"@type\":\"ListItem\",\"position\":2,\"name\":\"Contact | Kineperineo\"}]},{\"@type\":\"WebSite\",\"@id\":\"https:\/\/academiakineperineo.com\/#website\",\"url\":\"https:\/\/academiakineperineo.com\/\",\"name\":\"Academia Kineperineo\",\"description\":\"Kinetoterapia planseului pelvin in Romania\",\"publisher\":{\"@id\":\"https:\/\/academiakineperineo.com\/#organization\"},\"potentialAction\":[{\"@type\":\"SearchAction\",\"target\":{\"@type\":\"EntryPoint\",\"urlTemplate\":\"https:\/\/academiakineperineo.com\/?s={search_term_string}\"},\"query-input\":{\"@type\":\"PropertyValueSpecification\",\"valueRequired\":true,\"valueName\":\"search_term_string\"}}],\"inLanguage\":\"fr-FR\"},{\"@type\":\"Organization\",\"@id\":\"https:\/\/academiakineperineo.com\/#organization\",\"name\":\"Academia Kineperineo\",\"url\":\"https:\/\/academiakineperineo.com\/\",\"logo\":{\"@type\":\"ImageObject\",\"inLanguage\":\"fr-FR\",\"@id\":\"https:\/\/academiakineperineo.com\/#\/schema\/logo\/image\/\",\"url\":\"https:\/\/academiakineperineo.com\/wp-content\/uploads\/2024\/08\/LOGO_BLACK.png\",\"contentUrl\":\"https:\/\/academiakineperineo.com\/wp-content\/uploads\/2024\/08\/LOGO_BLACK.png\",\"width\":2301,\"height\":493,\"caption\":\"Academia Kineperineo\"},\"image\":{\"@id\":\"https:\/\/academiakineperineo.com\/#\/schema\/logo\/image\/\"},\"sameAs\":[\"https:\/\/www.facebook.com\/share\/1A6mhUrj5T\/?mibextid=wwXIfr\",\"https:\/\/www.instagram.com\/academiakineperineo\/profilecard\/?igsh=cmtkZHg3dml2ZGFr\"]}]}<\/script>\n<!-- \/ Yoast SEO Premium plugin. -->","yoast_head_json":{"title":"Contact - reeducarea perineala in Romania - Academia Kineperineo","description":"Kinetoterapia la femei, barbati si copii in recuperarea planseului pelvin si reeducarea perineala in afectiunile uro-ginecologice.","robots":{"index":"index","follow":"follow","max-snippet":"max-snippet:-1","max-image-preview":"max-image-preview:large","max-video-preview":"max-video-preview:-1"},"canonical":"https:\/\/academiakineperineo.com\/fr\/contact-kinetoperineo\/","og_locale":"fr_FR","og_type":"article","og_title":"Contact | Kineperineo","og_description":"Kinetoterapia la femei, barbati si copii in recuperarea planseului pelvin si reeducarea perineala in afectiunile uro-ginecologice.","og_url":"https:\/\/academiakineperineo.com\/fr\/contact-kinetoperineo\/","og_site_name":"Academia Kineperineo","article_publisher":"https:\/\/www.facebook.com\/share\/1A6mhUrj5T\/?mibextid=wwXIfr","article_modified_time":"2026-03-06T15:45:56+00:00","og_image":[{"width":1921,"height":1080,"url":"https:\/\/academiakineperineo.com\/wp-content\/uploads\/2024\/08\/WEB_REEDUCARE_PERINEALA.png","type":"image\/png"}],"twitter_card":"summary_large_image","twitter_misc":{"Dur\u00e9e de lecture estim\u00e9e":"1 minute"},"schema":{"@context":"https:\/\/schema.org","@graph":[{"@type":"WebPage","@id":"https:\/\/academiakineperineo.com\/contact-kinetoperineo\/","url":"https:\/\/academiakineperineo.com\/contact-kinetoperineo\/","name":"Contact - reeducarea perineala in Romania - Academia Kineperineo","isPartOf":{"@id":"https:\/\/academiakineperineo.com\/#website"},"datePublished":"2024-08-15T09:02:04+00:00","dateModified":"2026-03-06T15:45:56+00:00","description":"Kinetoterapia la femei, barbati si copii in recuperarea planseului pelvin si reeducarea perineala in afectiunile uro-ginecologice.","breadcrumb":{"@id":"https:\/\/academiakineperineo.com\/contact-kinetoperineo\/#breadcrumb"},"inLanguage":"fr-FR","potentialAction":[{"@type":"ReadAction","target":["https:\/\/academiakineperineo.com\/contact-kinetoperineo\/"]}]},{"@type":"BreadcrumbList","@id":"https:\/\/academiakineperineo.com\/contact-kinetoperineo\/#breadcrumb","itemListElement":[{"@type":"ListItem","position":1,"name":"Home","item":"https:\/\/academiakineperineo.com\/"},{"@type":"ListItem","position":2,"name":"Contact | Kineperineo"}]},{"@type":"WebSite","@id":"https:\/\/academiakineperineo.com\/#website","url":"https:\/\/academiakineperineo.com\/","name":"Acad\u00e9mie Kin\u00e9p\u00e9rin\u00e9o","description":"Kinetoterapia planseului pelvin in Romania","publisher":{"@id":"https:\/\/academiakineperineo.com\/#organization"},"potentialAction":[{"@type":"SearchAction","target":{"@type":"EntryPoint","urlTemplate":"https:\/\/academiakineperineo.com\/?s={search_term_string}"},"query-input":{"@type":"PropertyValueSpecification","valueRequired":true,"valueName":"search_term_string"}}],"inLanguage":"fr-FR"},{"@type":"Organization","@id":"https:\/\/academiakineperineo.com\/#organization","name":"Acad\u00e9mie Kin\u00e9p\u00e9rin\u00e9o","url":"https:\/\/academiakineperineo.com\/","logo":{"@type":"ImageObject","inLanguage":"fr-FR","@id":"https:\/\/academiakineperineo.com\/#\/schema\/logo\/image\/","url":"https:\/\/academiakineperineo.com\/wp-content\/uploads\/2024\/08\/LOGO_BLACK.png","contentUrl":"https:\/\/academiakineperineo.com\/wp-content\/uploads\/2024\/08\/LOGO_BLACK.png","width":2301,"height":493,"caption":"Academia Kineperineo"},"image":{"@id":"https:\/\/academiakineperineo.com\/#\/schema\/logo\/image\/"},"sameAs":["https:\/\/www.facebook.com\/share\/1A6mhUrj5T\/?mibextid=wwXIfr","https:\/\/www.instagram.com\/academiakineperineo\/profilecard\/?igsh=cmtkZHg3dml2ZGFr"]}]}},"_links":{"self":[{"href":"https:\/\/academiakineperineo.com\/fr\/wp-json\/wp\/v2\/pages\/218","targetHints":{"allow":["GET"]}}],"collection":[{"href":"https:\/\/academiakineperineo.com\/fr\/wp-json\/wp\/v2\/pages"}],"about":[{"href":"https:\/\/academiakineperineo.com\/fr\/wp-json\/wp\/v2\/types\/page"}],"author":[{"embeddable":true,"href":"https:\/\/academiakineperineo.com\/fr\/wp-json\/wp\/v2\/users\/15"}],"replies":[{"embeddable":true,"href":"https:\/\/academiakineperineo.com\/fr\/wp-json\/wp\/v2\/comments?post=218"}],"version-history":[{"count":41,"href":"https:\/\/academiakineperineo.com\/fr\/wp-json\/wp\/v2\/pages\/218\/revisions"}],"predecessor-version":[{"id":2473,"href":"https:\/\/academiakineperineo.com\/fr\/wp-json\/wp\/v2\/pages\/218\/revisions\/2473"}],"wp:attachment":[{"href":"https:\/\/academiakineperineo.com\/fr\/wp-json\/wp\/v2\/media?parent=218"}],"curies":[{"name":"wp","href":"https:\/\/api.w.org\/{rel}","templated":true}]}}