{"id":1283,"date":"2024-12-02T20:18:58","date_gmt":"2024-12-02T20:18:58","guid":{"rendered":"https:\/\/academiakineperineo.com\/?page_id=1283"},"modified":"2024-12-02T20:22:49","modified_gmt":"2024-12-02T20:22:49","slug":"politica-de-retur","status":"publish","type":"page","link":"https:\/\/academiakineperineo.com\/fr\/politica-de-retur\/","title":{"rendered":"Politique de retour"},"content":{"rendered":"<div data-elementor-type=\"wp-page\" data-elementor-id=\"1283\" class=\"elementor elementor-1283\" data-elementor-post-type=\"page\">\n\t\t\t\t<div class=\"elementor-element elementor-element-3206e1e9 e-flex e-con-boxed e-con e-parent\" data-id=\"3206e1e9\" data-element_type=\"container\">\n\t\t\t\t\t<div class=\"e-con-inner\">\n\t\t\t\t<div class=\"elementor-element elementor-element-71803f87 elementor-widget elementor-widget-text-editor\" data-id=\"71803f87\" data-element_type=\"widget\" data-widget_type=\"text-editor.default\">\n\t\t\t\t<div class=\"elementor-widget-container\">\n\t\t\t\t\t\t\t\t\t<p class=\"p1\"><b>Politique de retour<\/b><\/p><p class=\"p3\">\u00e0 <b>KIN\u00c9PERINEO SRL<\/b>, nous voulons garantir une exp\u00e9rience d&#039;achat satisfaisante. Notre politique de retour est conforme \u00e0 la l\u00e9gislation en vigueur et s&#039;applique comme suit :<\/p><p class=\"p4\"><b>Produits physiques (livres)<\/b><\/p><p class=\"p3\">Vous avez le droit de retourner les produits physiques achet\u00e9s (ex : livres) dans un d\u00e9lai <b>14 jours calendaires<\/b> \u00e0 compter de la date de leur r\u00e9ception, sans indication de motif, selon GEO 34\/2014.<\/p><p class=\"p3\">Pour \u00eatre \u00e9ligible au retour\u00a0:<\/p><p class=\"p5\">\u2022Le produit doit \u00eatre dans le m\u00eame \u00e9tat dans lequel il a \u00e9t\u00e9 re\u00e7u.<\/p><p class=\"p5\">\u2022 Le produit ne doit pr\u00e9senter aucun signe d&#039;utilisation et l&#039;emballage d&#039;origine doit \u00eatre intact.<\/p><p class=\"p5\">\u2022 Il est n\u00e9cessaire de pr\u00e9senter une preuve d&#039;achat (facture ou re\u00e7u).<\/p><p class=\"p3\">Les frais de retour sont \u00e0 la charge du client, sauf dans les cas o\u00f9 le produit est d\u00e9fectueux ou mal livr\u00e9.<\/p><p class=\"p3\"><b>Adresse de retour:<\/b><\/p><p class=\"p3\">Rue ING. ANGHEL SALIGNY Non. 141, Bl. 3B, escalier 4, \u00e9tage 2, app. 67, Galati, Roumanie.<\/p><p class=\"p3\">Pour plus de d\u00e9tails, contactez-nous \u00e0 : <b>contact@academiakineperineo.com<\/b> ou <b>0750225606<\/b>.<\/p><p class=\"p4\"><b>Cours en ligne<\/b><\/p><p class=\"p3\">L&#039;achat de cours en ligne rel\u00e8ve des exceptions pr\u00e9vues par GEO 34\/2014 (art. 16). Aucune demande de retour ou de remboursement n&#039;est accept\u00e9e pour les cours consult\u00e9s, t\u00e9l\u00e9charg\u00e9s ou visionn\u00e9s, si la repr\u00e9sentation a commenc\u00e9 avec votre accord expr\u00e8s et apr\u00e8s confirmation que vous avez pris conscience que vous perdez votre droit de r\u00e9tractation d\u00e8s le d\u00e9but de l&#039;acc\u00e8s au contenu.<\/p><p class=\"p3\">Cette politique s&#039;applique car le contenu num\u00e9rique est fourni sans support physique et ne peut \u00eatre r\u00e9voqu\u00e9 une fois consult\u00e9.<\/p><p class=\"p4\"><b>Dommages et produits d\u00e9fectueux<\/b><\/p><p class=\"p3\">Si vous avez re\u00e7u un produit d\u00e9fectueux, endommag\u00e9 ou erron\u00e9, veuillez nous contacter imm\u00e9diatement au <b>contact@academiakineperineo.com<\/b> ou <b>0750225606<\/b>. Nous \u00e9valuerons la situation et apporterons des solutions adapt\u00e9es (remplacement, remboursement, etc.).<\/p><p class=\"p4\"><b>remboursement<\/b><\/p><p class=\"p3\">Si le retour est accept\u00e9, le remboursement sera trait\u00e9 dans les <b>10 jours ouvrables<\/b> d\u00e8s la r\u00e9ception du produit. Les remboursements sont effectu\u00e9s exclusivement via le mode de paiement d&#039;origine.<\/p><p class=\"p3\">Si vous avez des questions, vous pouvez toujours nous contacter au <b>contact@academiakineperineo.com<\/b> ou \u00e0 <b>0750225606<\/b>.<\/p>\t\t\t\t\t\t\t\t<\/div>\n\t\t\t\t<\/div>\n\t\t\t\t\t<\/div>\n\t\t\t\t<\/div>\n\t\t\t\t<\/div>","protected":false},"excerpt":{"rendered":"<p>Politica de Retur La KINEPERINEO S.R.L., dorim s\u0103 asigur\u0103m o experien\u021b\u0103 de cump\u0103rare satisf\u0103c\u0103toare. Politica noastr\u0103 de retur respect\u0103 legisla\u021bia \u00een vigoare \u0219i se aplic\u0103 astfel: Produse Fizice (C\u0103r\u021bi) Ave\u021bi dreptul s\u0103 returna\u021bi produsele fizice achizi\u021bionate (ex.: c\u0103r\u021bi) \u00een termen de 14 zile calendaristice de la data primirii acestora, f\u0103r\u0103 a preciza un motiv, conform [&hellip;]<\/p>","protected":false},"author":15,"featured_media":0,"parent":0,"menu_order":0,"comment_status":"closed","ping_status":"open","template":"elementor_header_footer","meta":{"footnotes":""},"class_list":["post-1283","page","type-page","status-publish","hentry"],"yoast_head":"<!-- This site is optimized with the Yoast SEO Premium plugin v26.5 (Yoast SEO v26.5) - https:\/\/yoast.com\/wordpress\/plugins\/seo\/ -->\n<title>Politica de Retur - Academia Kineperineo<\/title>\n<meta name=\"robots\" content=\"index, follow, max-snippet:-1, max-image-preview:large, max-video-preview:-1\" \/>\n<link rel=\"canonical\" href=\"https:\/\/academiakineperineo.com\/fr\/politica-de-retur\/\" \/>\n<meta property=\"og:locale\" content=\"fr_FR\" \/>\n<meta property=\"og:type\" content=\"article\" \/>\n<meta property=\"og:title\" content=\"Politica de Retur\" \/>\n<meta property=\"og:description\" content=\"Politica de Retur La KINEPERINEO S.R.L., dorim s\u0103 asigur\u0103m o experien\u021b\u0103 de cump\u0103rare satisf\u0103c\u0103toare. Politica noastr\u0103 de retur respect\u0103 legisla\u021bia \u00een vigoare \u0219i se aplic\u0103 astfel: Produse Fizice (C\u0103r\u021bi) Ave\u021bi dreptul s\u0103 returna\u021bi produsele fizice achizi\u021bionate (ex.: c\u0103r\u021bi) \u00een termen de 14 zile calendaristice de la data primirii acestora, f\u0103r\u0103 a preciza un motiv, conform [&hellip;]\" \/>\n<meta property=\"og:url\" content=\"https:\/\/academiakineperineo.com\/fr\/politica-de-retur\/\" \/>\n<meta property=\"og:site_name\" content=\"Academia Kineperineo\" \/>\n<meta property=\"article:publisher\" content=\"https:\/\/www.facebook.com\/share\/1A6mhUrj5T\/?mibextid=wwXIfr\" \/>\n<meta property=\"article:modified_time\" content=\"2024-12-02T20:22:49+00:00\" \/>\n<meta property=\"og:image\" content=\"https:\/\/academiakineperineo.com\/wp-content\/uploads\/2024\/08\/WEB_REEDUCARE_PERINEALA.png\" \/>\n\t<meta property=\"og:image:width\" content=\"1921\" \/>\n\t<meta property=\"og:image:height\" content=\"1080\" \/>\n\t<meta property=\"og:image:type\" content=\"image\/png\" \/>\n<meta name=\"twitter:card\" content=\"summary_large_image\" \/>\n<meta name=\"twitter:label1\" content=\"Dur\u00e9e de lecture estim\u00e9e\" \/>\n\t<meta name=\"twitter:data1\" content=\"2 minutes\" \/>\n<script type=\"application\/ld+json\" class=\"yoast-schema-graph\">{\"@context\":\"https:\/\/schema.org\",\"@graph\":[{\"@type\":\"WebPage\",\"@id\":\"https:\/\/academiakineperineo.com\/politica-de-retur\/\",\"url\":\"https:\/\/academiakineperineo.com\/politica-de-retur\/\",\"name\":\"Politica de Retur - Academia Kineperineo\",\"isPartOf\":{\"@id\":\"https:\/\/academiakineperineo.com\/#website\"},\"datePublished\":\"2024-12-02T20:18:58+00:00\",\"dateModified\":\"2024-12-02T20:22:49+00:00\",\"breadcrumb\":{\"@id\":\"https:\/\/academiakineperineo.com\/politica-de-retur\/#breadcrumb\"},\"inLanguage\":\"fr-FR\",\"potentialAction\":[{\"@type\":\"ReadAction\",\"target\":[\"https:\/\/academiakineperineo.com\/politica-de-retur\/\"]}]},{\"@type\":\"BreadcrumbList\",\"@id\":\"https:\/\/academiakineperineo.com\/politica-de-retur\/#breadcrumb\",\"itemListElement\":[{\"@type\":\"ListItem\",\"position\":1,\"name\":\"Home\",\"item\":\"https:\/\/academiakineperineo.com\/\"},{\"@type\":\"ListItem\",\"position\":2,\"name\":\"Politica de Retur\"}]},{\"@type\":\"WebSite\",\"@id\":\"https:\/\/academiakineperineo.com\/#website\",\"url\":\"https:\/\/academiakineperineo.com\/\",\"name\":\"Academia Kineperineo\",\"description\":\"Kinetoterapia planseului pelvin in Romania\",\"publisher\":{\"@id\":\"https:\/\/academiakineperineo.com\/#organization\"},\"potentialAction\":[{\"@type\":\"SearchAction\",\"target\":{\"@type\":\"EntryPoint\",\"urlTemplate\":\"https:\/\/academiakineperineo.com\/?s={search_term_string}\"},\"query-input\":{\"@type\":\"PropertyValueSpecification\",\"valueRequired\":true,\"valueName\":\"search_term_string\"}}],\"inLanguage\":\"fr-FR\"},{\"@type\":\"Organization\",\"@id\":\"https:\/\/academiakineperineo.com\/#organization\",\"name\":\"Academia Kineperineo\",\"url\":\"https:\/\/academiakineperineo.com\/\",\"logo\":{\"@type\":\"ImageObject\",\"inLanguage\":\"fr-FR\",\"@id\":\"https:\/\/academiakineperineo.com\/#\/schema\/logo\/image\/\",\"url\":\"https:\/\/academiakineperineo.com\/wp-content\/uploads\/2024\/08\/LOGO_BLACK.png\",\"contentUrl\":\"https:\/\/academiakineperineo.com\/wp-content\/uploads\/2024\/08\/LOGO_BLACK.png\",\"width\":2301,\"height\":493,\"caption\":\"Academia Kineperineo\"},\"image\":{\"@id\":\"https:\/\/academiakineperineo.com\/#\/schema\/logo\/image\/\"},\"sameAs\":[\"https:\/\/www.facebook.com\/share\/1A6mhUrj5T\/?mibextid=wwXIfr\",\"https:\/\/www.instagram.com\/academiakineperineo\/profilecard\/?igsh=cmtkZHg3dml2ZGFr\"]}]}<\/script>\n<!-- \/ Yoast SEO Premium plugin. -->","yoast_head_json":{"title":"Politica de Retur - Academia Kineperineo","robots":{"index":"index","follow":"follow","max-snippet":"max-snippet:-1","max-image-preview":"max-image-preview:large","max-video-preview":"max-video-preview:-1"},"canonical":"https:\/\/academiakineperineo.com\/fr\/politica-de-retur\/","og_locale":"fr_FR","og_type":"article","og_title":"Politica de Retur","og_description":"Politica de Retur La KINEPERINEO S.R.L., dorim s\u0103 asigur\u0103m o experien\u021b\u0103 de cump\u0103rare satisf\u0103c\u0103toare. Politica noastr\u0103 de retur respect\u0103 legisla\u021bia \u00een vigoare \u0219i se aplic\u0103 astfel: Produse Fizice (C\u0103r\u021bi) Ave\u021bi dreptul s\u0103 returna\u021bi produsele fizice achizi\u021bionate (ex.: c\u0103r\u021bi) \u00een termen de 14 zile calendaristice de la data primirii acestora, f\u0103r\u0103 a preciza un motiv, conform [&hellip;]","og_url":"https:\/\/academiakineperineo.com\/fr\/politica-de-retur\/","og_site_name":"Academia Kineperineo","article_publisher":"https:\/\/www.facebook.com\/share\/1A6mhUrj5T\/?mibextid=wwXIfr","article_modified_time":"2024-12-02T20:22:49+00:00","og_image":[{"width":1921,"height":1080,"url":"https:\/\/academiakineperineo.com\/wp-content\/uploads\/2024\/08\/WEB_REEDUCARE_PERINEALA.png","type":"image\/png"}],"twitter_card":"summary_large_image","twitter_misc":{"Dur\u00e9e de lecture estim\u00e9e":"2 minutes"},"schema":{"@context":"https:\/\/schema.org","@graph":[{"@type":"WebPage","@id":"https:\/\/academiakineperineo.com\/politica-de-retur\/","url":"https:\/\/academiakineperineo.com\/politica-de-retur\/","name":"Politica de Retur - Academia Kineperineo","isPartOf":{"@id":"https:\/\/academiakineperineo.com\/#website"},"datePublished":"2024-12-02T20:18:58+00:00","dateModified":"2024-12-02T20:22:49+00:00","breadcrumb":{"@id":"https:\/\/academiakineperineo.com\/politica-de-retur\/#breadcrumb"},"inLanguage":"fr-FR","potentialAction":[{"@type":"ReadAction","target":["https:\/\/academiakineperineo.com\/politica-de-retur\/"]}]},{"@type":"BreadcrumbList","@id":"https:\/\/academiakineperineo.com\/politica-de-retur\/#breadcrumb","itemListElement":[{"@type":"ListItem","position":1,"name":"Home","item":"https:\/\/academiakineperineo.com\/"},{"@type":"ListItem","position":2,"name":"Politica de Retur"}]},{"@type":"WebSite","@id":"https:\/\/academiakineperineo.com\/#website","url":"https:\/\/academiakineperineo.com\/","name":"Acad\u00e9mie Kin\u00e9p\u00e9rin\u00e9o","description":"Kinetoterapia planseului pelvin in Romania","publisher":{"@id":"https:\/\/academiakineperineo.com\/#organization"},"potentialAction":[{"@type":"SearchAction","target":{"@type":"EntryPoint","urlTemplate":"https:\/\/academiakineperineo.com\/?s={search_term_string}"},"query-input":{"@type":"PropertyValueSpecification","valueRequired":true,"valueName":"search_term_string"}}],"inLanguage":"fr-FR"},{"@type":"Organization","@id":"https:\/\/academiakineperineo.com\/#organization","name":"Acad\u00e9mie Kin\u00e9p\u00e9rin\u00e9o","url":"https:\/\/academiakineperineo.com\/","logo":{"@type":"ImageObject","inLanguage":"fr-FR","@id":"https:\/\/academiakineperineo.com\/#\/schema\/logo\/image\/","url":"https:\/\/academiakineperineo.com\/wp-content\/uploads\/2024\/08\/LOGO_BLACK.png","contentUrl":"https:\/\/academiakineperineo.com\/wp-content\/uploads\/2024\/08\/LOGO_BLACK.png","width":2301,"height":493,"caption":"Academia Kineperineo"},"image":{"@id":"https:\/\/academiakineperineo.com\/#\/schema\/logo\/image\/"},"sameAs":["https:\/\/www.facebook.com\/share\/1A6mhUrj5T\/?mibextid=wwXIfr","https:\/\/www.instagram.com\/academiakineperineo\/profilecard\/?igsh=cmtkZHg3dml2ZGFr"]}]}},"_links":{"self":[{"href":"https:\/\/academiakineperineo.com\/fr\/wp-json\/wp\/v2\/pages\/1283","targetHints":{"allow":["GET"]}}],"collection":[{"href":"https:\/\/academiakineperineo.com\/fr\/wp-json\/wp\/v2\/pages"}],"about":[{"href":"https:\/\/academiakineperineo.com\/fr\/wp-json\/wp\/v2\/types\/page"}],"author":[{"embeddable":true,"href":"https:\/\/academiakineperineo.com\/fr\/wp-json\/wp\/v2\/users\/15"}],"replies":[{"embeddable":true,"href":"https:\/\/academiakineperineo.com\/fr\/wp-json\/wp\/v2\/comments?post=1283"}],"version-history":[{"count":4,"href":"https:\/\/academiakineperineo.com\/fr\/wp-json\/wp\/v2\/pages\/1283\/revisions"}],"predecessor-version":[{"id":1287,"href":"https:\/\/academiakineperineo.com\/fr\/wp-json\/wp\/v2\/pages\/1283\/revisions\/1287"}],"wp:attachment":[{"href":"https:\/\/academiakineperineo.com\/fr\/wp-json\/wp\/v2\/media?parent=1283"}],"curies":[{"name":"wp","href":"https:\/\/api.w.org\/{rel}","templated":true}]}}