{"id":1080,"date":"2024-09-30T16:42:31","date_gmt":"2024-09-30T16:42:31","guid":{"rendered":"https:\/\/academiakineperineo.com\/?page_id=1080"},"modified":"2025-10-17T10:16:22","modified_gmt":"2025-10-17T10:16:22","slug":"carti","status":"publish","type":"page","link":"https:\/\/academiakineperineo.com\/fr\/carti\/","title":{"rendered":"Livre"},"content":{"rendered":"<div data-elementor-type=\"wp-page\" data-elementor-id=\"1080\" class=\"elementor elementor-1080\" data-elementor-post-type=\"page\">\n\t\t\t\t\t\t<section class=\"elementor-section elementor-top-section elementor-element elementor-element-9f415cf elementor-section-boxed elementor-section-height-default elementor-section-height-default\" data-id=\"9f415cf\" data-element_type=\"section\" data-settings=\"{&quot;background_background&quot;:&quot;classic&quot;}\">\n\t\t\t\t\t\t\t<div class=\"elementor-background-overlay\"><\/div>\n\t\t\t\t\t\t\t<div class=\"elementor-container elementor-column-gap-default\">\n\t\t\t\t\t<div class=\"elementor-column elementor-col-100 elementor-top-column elementor-element elementor-element-e8262a6\" data-id=\"e8262a6\" data-element_type=\"column\">\n\t\t\t<div class=\"elementor-widget-wrap elementor-element-populated\">\n\t\t\t\t\t\t<div class=\"elementor-element elementor-element-04e216e elementor-widget elementor-widget-heading\" data-id=\"04e216e\" data-element_type=\"widget\" data-widget_type=\"heading.default\">\n\t\t\t\t<div class=\"elementor-widget-container\">\n\t\t\t\t\t<h1 class=\"elementor-heading-title elementor-size-xxl\">CAR\u021aILE MELE<\/h1>\t\t\t\t<\/div>\n\t\t\t\t<\/div>\n\t\t\t\t<div class=\"elementor-element elementor-element-dea0b66 elementor-widget-divider--view-line elementor-invisible elementor-widget elementor-widget-divider\" data-id=\"dea0b66\" data-element_type=\"widget\" data-settings=\"{&quot;_animation&quot;:&quot;bounceInUp&quot;}\" data-widget_type=\"divider.default\">\n\t\t\t\t<div class=\"elementor-widget-container\">\n\t\t\t\t\t\t\t<div class=\"elementor-divider\">\n\t\t\t<span class=\"elementor-divider-separator\">\n\t\t\t\t\t\t<\/span>\n\t\t<\/div>\n\t\t\t\t\t\t<\/div>\n\t\t\t\t<\/div>\n\t\t\t\t\t<\/div>\n\t\t<\/div>\n\t\t\t\t\t<\/div>\n\t\t<\/section>\n\t\t<div class=\"elementor-element elementor-element-79ad722f e-flex e-con-boxed e-con e-parent\" data-id=\"79ad722f\" data-element_type=\"container\">\n\t\t\t\t\t<div class=\"e-con-inner\">\n\t\t\t\t<div class=\"woocommerce elementor-element elementor-element-a402514 elementor-grid-3 elementor-grid-tablet-2 elementor-grid-mobile-1 elementor-widget elementor-widget-loop-grid\" data-id=\"a402514\" data-element_type=\"widget\" data-settings=\"{&quot;_skin&quot;:&quot;product&quot;,&quot;template_id&quot;:1089,&quot;columns&quot;:&quot;3&quot;,&quot;columns_tablet&quot;:&quot;2&quot;,&quot;columns_mobile&quot;:&quot;1&quot;,&quot;edit_handle_selector&quot;:&quot;[data-elementor-type=\\&quot;loop-item\\&quot;]&quot;,&quot;row_gap&quot;:{&quot;unit&quot;:&quot;px&quot;,&quot;size&quot;:&quot;&quot;,&quot;sizes&quot;:[]},&quot;row_gap_tablet&quot;:{&quot;unit&quot;:&quot;px&quot;,&quot;size&quot;:&quot;&quot;,&quot;sizes&quot;:[]},&quot;row_gap_mobile&quot;:{&quot;unit&quot;:&quot;px&quot;,&quot;size&quot;:&quot;&quot;,&quot;sizes&quot;:[]}}\" data-widget_type=\"loop-grid.product\">\n\t\t\t\t<div class=\"elementor-widget-container\">\n\t\t\t\t\t\t\t<div class=\"elementor-loop-container elementor-grid\" role=\"list\">\n\t\t<style id=\"loop-1089\">.elementor-1089 .elementor-element.elementor-element-5841a29{--display:flex;--min-height:0px;border-style:none;--border-style:none;--border-radius:30px 30px 30px 30px;--margin-top:0px;--margin-bottom:0px;--margin-left:0px;--margin-right:0px;--padding-top:40px;--padding-bottom:40px;--padding-left:20px;--padding-right:20px;}.elementor-1089 .elementor-element.elementor-element-5841a29:not(.elementor-motion-effects-element-type-background), .elementor-1089 .elementor-element.elementor-element-5841a29 > .elementor-motion-effects-container > .elementor-motion-effects-layer{background-color:transparent;background-image:linear-gradient(180deg, #FFFFFF00 24%, #FF5C8A7D 100%);}.elementor-1089 .elementor-element.elementor-element-695f7a3 > .elementor-widget-container:hover{--e-transform-scale:1.1;}.elementor-1089 .elementor-element.elementor-element-b7ff7b1 > .elementor-widget-container{margin:10px 0px 0px 0px;}.elementor-1089 .elementor-element.elementor-element-b7ff7b1{text-align:center;}.elementor-1089 .elementor-element.elementor-element-b7ff7b1 .elementor-heading-title{font-size:18px;text-shadow:0px 0px 5px rgba(0, 0, 0, 0.2);color:var( --e-global-color-5867524 );}.elementor-1089 .elementor-element.elementor-element-47a37e1 > .elementor-widget-container{margin:0px 0px -24px 0px;padding:0px 0px 0px 0px;}.elementor-1089 .elementor-element.elementor-element-47a37e1{text-align:center;}.woocommerce .elementor-1089 .elementor-element.elementor-element-47a37e1 .price{color:var( --e-global-color-secondary );}.woocommerce .elementor-1089 .elementor-element.elementor-element-47a37e1 .price ins{color:var( --e-global-color-text );}body:not(.rtl) .elementor-1089 .elementor-element.elementor-element-47a37e1:not(.elementor-product-price-block-yes) del{margin-right:0px;}body.rtl .elementor-1089 .elementor-element.elementor-element-47a37e1:not(.elementor-product-price-block-yes) del{margin-left:0px;}.elementor-1089 .elementor-element.elementor-element-47a37e1.elementor-product-price-block-yes del{margin-bottom:0px;}.elementor-1089 .elementor-element.elementor-element-dfff64f .elementor-button:hover, .elementor-1089 .elementor-element.elementor-element-dfff64f .elementor-button:focus{background-color:var( --e-global-color-text );}@media(min-width:768px){.elementor-1089 .elementor-element.elementor-element-5841a29{--content-width:100%;}}<\/style>\t\t<div data-elementor-type=\"loop-item\" data-elementor-id=\"1089\" class=\"elementor elementor-1089 e-loop-item e-loop-item-1554 post-1554 product type-product status-publish has-post-thumbnail product_cat-carti first instock downloadable virtual purchasable product-type-simple\" data-elementor-post-type=\"elementor_library\" data-custom-edit-handle=\"1\">\n\t\t\t<div class=\"elementor-element elementor-element-5841a29 e-flex e-con-boxed e-con e-parent\" data-id=\"5841a29\" data-element_type=\"container\" data-settings=\"{&quot;background_background&quot;:&quot;gradient&quot;}\">\n\t\t\t\t\t<div class=\"e-con-inner\">\n\t\t\t\t<div class=\"elementor-element elementor-element-695f7a3 e-transform elementor-widget elementor-widget-theme-post-featured-image elementor-widget-image\" data-id=\"695f7a3\" data-element_type=\"widget\" data-settings=\"{&quot;_transform_scale_effect_hover&quot;:{&quot;unit&quot;:&quot;px&quot;,&quot;size&quot;:1.1,&quot;sizes&quot;:[]},&quot;_transform_scale_effect_hover_tablet&quot;:{&quot;unit&quot;:&quot;px&quot;,&quot;size&quot;:&quot;&quot;,&quot;sizes&quot;:[]},&quot;_transform_scale_effect_hover_mobile&quot;:{&quot;unit&quot;:&quot;px&quot;,&quot;size&quot;:&quot;&quot;,&quot;sizes&quot;:[]}}\" data-widget_type=\"theme-post-featured-image.default\">\n\t\t\t\t<div class=\"elementor-widget-container\">\n\t\t\t\t\t\t\t\t\t\t\t\t\t\t\t\t<a href=\"https:\/\/academiakineperineo.com\/fr\/product\/rolul-kinetoterapiei-in-cresterea-calitatii-vietii-femeilor-e-book\/\">\n\t\t\t\t\t\t\t<img fetchpriority=\"high\" decoding=\"async\" width=\"212\" height=\"300\" src=\"https:\/\/academiakineperineo.com\/wp-content\/uploads\/2024\/12\/Design-fara-titlu-1-min-212x300.png\" class=\"attachment-medium size-medium wp-image-2441\" alt=\"\" srcset=\"https:\/\/academiakineperineo.com\/wp-content\/uploads\/2024\/12\/Design-fara-titlu-1-min-212x300.png 212w, https:\/\/academiakineperineo.com\/wp-content\/uploads\/2024\/12\/Design-fara-titlu-1-min-724x1024.png 724w, https:\/\/academiakineperineo.com\/wp-content\/uploads\/2024\/12\/Design-fara-titlu-1-min-768x1086.png 768w, https:\/\/academiakineperineo.com\/wp-content\/uploads\/2024\/12\/Design-fara-titlu-1-min-1086x1536.png 1086w, https:\/\/academiakineperineo.com\/wp-content\/uploads\/2024\/12\/Design-fara-titlu-1-min-8x12.png 8w, https:\/\/academiakineperineo.com\/wp-content\/uploads\/2024\/12\/Design-fara-titlu-1-min-600x849.png 600w, https:\/\/academiakineperineo.com\/wp-content\/uploads\/2024\/12\/Design-fara-titlu-1-min.png 1414w\" sizes=\"(max-width: 212px) 100vw, 212px\" \/>\t\t\t\t\t\t\t\t<\/a>\n\t\t\t\t\t\t\t\t\t\t\t\t\t\t\t<\/div>\n\t\t\t\t<\/div>\n\t\t\t\t<div class=\"elementor-element elementor-element-b7ff7b1 elementor-widget elementor-widget-woocommerce-product-title elementor-page-title elementor-widget-heading\" data-id=\"b7ff7b1\" data-element_type=\"widget\" data-widget_type=\"woocommerce-product-title.default\">\n\t\t\t\t<div class=\"elementor-widget-container\">\n\t\t\t\t\t<h1 class=\"product_title entry-title elementor-heading-title elementor-size-default\"><a href=\"https:\/\/academiakineperineo.com\/fr\/product\/rolul-kinetoterapiei-in-cresterea-calitatii-vietii-femeilor-e-book\/\">LE R\u00d4LE DE LA PHYSIOTH\u00c9RAPIE DANS L&#039;AUGMENTATION DE LA QUALIT\u00c9 DE VIE DES FEMMES<\/a><\/h1>\t\t\t\t<\/div>\n\t\t\t\t<\/div>\n\t\t\t\t<div class=\"elementor-element elementor-element-47a37e1 elementor-widget elementor-widget-woocommerce-product-price\" data-id=\"47a37e1\" data-element_type=\"widget\" data-widget_type=\"woocommerce-product-price.default\">\n\t\t\t\t<div class=\"elementor-widget-container\">\n\t\t\t\t\t<p class=\"price\"><span class=\"woocommerce-Price-amount amount\"><bdi>49,00&nbsp;<span class=\"woocommerce-Price-currencySymbol\">lei<\/span><\/bdi><\/span><\/p>\n\t\t\t\t<\/div>\n\t\t\t\t<\/div>\n\t\t\t\t<div class=\"elementor-element elementor-element-dfff64f elementor-align-center elementor-widget elementor-widget-button\" data-id=\"dfff64f\" data-element_type=\"widget\" data-widget_type=\"button.default\">\n\t\t\t\t<div class=\"elementor-widget-container\">\n\t\t\t\t\t\t\t\t\t<div class=\"elementor-button-wrapper\">\n\t\t\t\t\t<a class=\"elementor-button elementor-button-link elementor-size-sm\" href=\"https:\/\/academiakineperineo.com\/fr?add-to-cart=1554&#038;quantity=1&#038;e-redirect=https:\/\/academiakineperineo.com\/fr\/product\/rolul-kinetoterapiei-in-cresterea-calitatii-vietii-femeilor-e-book\/\">\n\t\t\t\t\t\t<span class=\"elementor-button-content-wrapper\">\n\t\t\t\t\t\t\t\t\t<span class=\"elementor-button-text\">Adaug\u0103 in co\u0219<\/span>\n\t\t\t\t\t<\/span>\n\t\t\t\t\t<\/a>\n\t\t\t\t<\/div>\n\t\t\t\t\t\t\t\t<\/div>\n\t\t\t\t<\/div>\n\t\t\t\t\t<\/div>\n\t\t\t\t<\/div>\n\t\t\t\t<\/div>\n\t\t\t\t<div data-elementor-type=\"loop-item\" data-elementor-id=\"1089\" class=\"elementor elementor-1089 e-loop-item e-loop-item-1553 post-1553 product type-product status-publish has-post-thumbnail product_cat-carti product_shipping_class-carte-fizica  outofstock shipping-taxable purchasable product-type-simple\" data-elementor-post-type=\"elementor_library\" data-custom-edit-handle=\"1\">\n\t\t\t<div class=\"elementor-element elementor-element-5841a29 e-flex e-con-boxed e-con e-parent\" data-id=\"5841a29\" data-element_type=\"container\" data-settings=\"{&quot;background_background&quot;:&quot;gradient&quot;}\">\n\t\t\t\t\t<div class=\"e-con-inner\">\n\t\t\t\t<div class=\"elementor-element elementor-element-695f7a3 e-transform elementor-widget elementor-widget-theme-post-featured-image elementor-widget-image\" data-id=\"695f7a3\" data-element_type=\"widget\" data-settings=\"{&quot;_transform_scale_effect_hover&quot;:{&quot;unit&quot;:&quot;px&quot;,&quot;size&quot;:1.1,&quot;sizes&quot;:[]},&quot;_transform_scale_effect_hover_tablet&quot;:{&quot;unit&quot;:&quot;px&quot;,&quot;size&quot;:&quot;&quot;,&quot;sizes&quot;:[]},&quot;_transform_scale_effect_hover_mobile&quot;:{&quot;unit&quot;:&quot;px&quot;,&quot;size&quot;:&quot;&quot;,&quot;sizes&quot;:[]}}\" data-widget_type=\"theme-post-featured-image.default\">\n\t\t\t\t<div class=\"elementor-widget-container\">\n\t\t\t\t\t\t\t\t\t\t\t\t\t\t\t\t<a href=\"https:\/\/academiakineperineo.com\/fr\/product\/rolul-kinetoterapiei-in-cresterea-calitatii-vietii-femeilor-carte-fizica\/\">\n\t\t\t\t\t\t\t<img decoding=\"async\" width=\"212\" height=\"300\" src=\"https:\/\/academiakineperineo.com\/wp-content\/uploads\/2024\/12\/Design-fara-titlu-min-212x300.png\" class=\"attachment-medium size-medium wp-image-2440\" alt=\"\" srcset=\"https:\/\/academiakineperineo.com\/wp-content\/uploads\/2024\/12\/Design-fara-titlu-min-212x300.png 212w, https:\/\/academiakineperineo.com\/wp-content\/uploads\/2024\/12\/Design-fara-titlu-min-724x1024.png 724w, https:\/\/academiakineperineo.com\/wp-content\/uploads\/2024\/12\/Design-fara-titlu-min-768x1086.png 768w, https:\/\/academiakineperineo.com\/wp-content\/uploads\/2024\/12\/Design-fara-titlu-min-1086x1536.png 1086w, https:\/\/academiakineperineo.com\/wp-content\/uploads\/2024\/12\/Design-fara-titlu-min-8x12.png 8w, https:\/\/academiakineperineo.com\/wp-content\/uploads\/2024\/12\/Design-fara-titlu-min-600x849.png 600w, https:\/\/academiakineperineo.com\/wp-content\/uploads\/2024\/12\/Design-fara-titlu-min.png 1414w\" sizes=\"(max-width: 212px) 100vw, 212px\" \/>\t\t\t\t\t\t\t\t<\/a>\n\t\t\t\t\t\t\t\t\t\t\t\t\t\t\t<\/div>\n\t\t\t\t<\/div>\n\t\t\t\t<div class=\"elementor-element elementor-element-b7ff7b1 elementor-widget elementor-widget-woocommerce-product-title elementor-page-title elementor-widget-heading\" data-id=\"b7ff7b1\" data-element_type=\"widget\" data-widget_type=\"woocommerce-product-title.default\">\n\t\t\t\t<div class=\"elementor-widget-container\">\n\t\t\t\t\t<h1 class=\"product_title entry-title elementor-heading-title elementor-size-default\"><a href=\"https:\/\/academiakineperineo.com\/fr\/product\/rolul-kinetoterapiei-in-cresterea-calitatii-vietii-femeilor-carte-fizica\/\">LE R\u00d4LE DE LA PHYSIOTH\u00c9RAPIE DANS L&#039;AUGMENTATION DE LA QUALIT\u00c9 DE LA VIE DES FEMMES LIVRE PHYSIQUE<\/a><\/h1>\t\t\t\t<\/div>\n\t\t\t\t<\/div>\n\t\t\t\t<div class=\"elementor-element elementor-element-47a37e1 elementor-widget elementor-widget-woocommerce-product-price\" data-id=\"47a37e1\" data-element_type=\"widget\" data-widget_type=\"woocommerce-product-price.default\">\n\t\t\t\t<div class=\"elementor-widget-container\">\n\t\t\t\t\t<p class=\"price\"><span class=\"woocommerce-Price-amount amount\"><bdi>69,00&nbsp;<span class=\"woocommerce-Price-currencySymbol\">lei<\/span><\/bdi><\/span><\/p>\n\t\t\t\t<\/div>\n\t\t\t\t<\/div>\n\t\t\t\t<div class=\"elementor-element elementor-element-dfff64f elementor-align-center elementor-widget elementor-widget-button\" data-id=\"dfff64f\" data-element_type=\"widget\" data-widget_type=\"button.default\">\n\t\t\t\t<div class=\"elementor-widget-container\">\n\t\t\t\t\t\t\t\t\t<div class=\"elementor-button-wrapper\">\n\t\t\t\t\t<a class=\"elementor-button elementor-button-link elementor-size-sm\" href=\"https:\/\/academiakineperineo.com\/fr?add-to-cart=1553&#038;quantity=1&#038;e-redirect=https:\/\/academiakineperineo.com\/fr\/product\/rolul-kinetoterapiei-in-cresterea-calitatii-vietii-femeilor-carte-fizica\/\">\n\t\t\t\t\t\t<span class=\"elementor-button-content-wrapper\">\n\t\t\t\t\t\t\t\t\t<span class=\"elementor-button-text\">Adaug\u0103 in co\u0219<\/span>\n\t\t\t\t\t<\/span>\n\t\t\t\t\t<\/a>\n\t\t\t\t<\/div>\n\t\t\t\t\t\t\t\t<\/div>\n\t\t\t\t<\/div>\n\t\t\t\t\t<\/div>\n\t\t\t\t<\/div>\n\t\t\t\t<\/div>\n\t\t\t\t<\/div>\n\t\t\n\t\t\t\t\t\t<\/div>\n\t\t\t\t<\/div>\n\t\t\t\t\t<\/div>\n\t\t\t\t<\/div>\n\t\t\t\t<\/div>","protected":false},"excerpt":{"rendered":"<p>CAR\u021aILE MELE<\/p>","protected":false},"author":15,"featured_media":183,"parent":0,"menu_order":0,"comment_status":"closed","ping_status":"closed","template":"elementor_header_footer","meta":{"footnotes":""},"class_list":["post-1080","page","type-page","status-publish","has-post-thumbnail","hentry"],"yoast_head":"<!-- This site is optimized with the Yoast SEO Premium plugin v26.5 (Yoast SEO v26.5) - https:\/\/yoast.com\/wordpress\/plugins\/seo\/ -->\n<title>Carte - Kinetoterapia in incontinenta urinara Romania - Kineperineo<\/title>\n<meta name=\"description\" content=\"Carte\/ e-book kinetoterapie- Rolul kinetoterapiei in cresterea calitatii vietii femeilor cu incontinenta urinara.\" \/>\n<meta name=\"robots\" content=\"index, follow, max-snippet:-1, max-image-preview:large, max-video-preview:-1\" \/>\n<link rel=\"canonical\" href=\"https:\/\/academiakineperineo.com\/fr\/carti\/\" \/>\n<meta property=\"og:locale\" content=\"fr_FR\" \/>\n<meta property=\"og:type\" content=\"article\" \/>\n<meta property=\"og:title\" content=\"Carti\" \/>\n<meta property=\"og:description\" content=\"Carte\/ e-book kinetoterapie- Rolul kinetoterapiei in cresterea calitatii vietii femeilor cu incontinenta urinara.\" \/>\n<meta property=\"og:url\" content=\"https:\/\/academiakineperineo.com\/fr\/carti\/\" \/>\n<meta property=\"og:site_name\" content=\"Academia Kineperineo\" \/>\n<meta property=\"article:publisher\" content=\"https:\/\/www.facebook.com\/share\/1A6mhUrj5T\/?mibextid=wwXIfr\" \/>\n<meta property=\"article:modified_time\" content=\"2025-10-17T10:16:22+00:00\" \/>\n<meta property=\"og:image\" content=\"https:\/\/academiakineperineo.com\/wp-content\/uploads\/2024\/08\/ICON_COLOR.png\" \/>\n\t<meta property=\"og:image:width\" content=\"1501\" \/>\n\t<meta property=\"og:image:height\" content=\"1211\" \/>\n\t<meta property=\"og:image:type\" content=\"image\/png\" \/>\n<meta name=\"twitter:card\" content=\"summary_large_image\" \/>\n<meta name=\"twitter:label1\" content=\"Dur\u00e9e de lecture estim\u00e9e\" \/>\n\t<meta name=\"twitter:data1\" content=\"2 minutes\" \/>\n<script type=\"application\/ld+json\" class=\"yoast-schema-graph\">{\"@context\":\"https:\/\/schema.org\",\"@graph\":[{\"@type\":\"WebPage\",\"@id\":\"https:\/\/academiakineperineo.com\/carti\/\",\"url\":\"https:\/\/academiakineperineo.com\/carti\/\",\"name\":\"Carte - Kinetoterapia in incontinenta urinara Romania - Kineperineo\",\"isPartOf\":{\"@id\":\"https:\/\/academiakineperineo.com\/#website\"},\"primaryImageOfPage\":{\"@id\":\"https:\/\/academiakineperineo.com\/carti\/#primaryimage\"},\"image\":{\"@id\":\"https:\/\/academiakineperineo.com\/carti\/#primaryimage\"},\"thumbnailUrl\":\"https:\/\/academiakineperineo.com\/wp-content\/uploads\/2024\/08\/ICON_COLOR.png\",\"datePublished\":\"2024-09-30T16:42:31+00:00\",\"dateModified\":\"2025-10-17T10:16:22+00:00\",\"description\":\"Carte\/ e-book kinetoterapie- Rolul kinetoterapiei in cresterea calitatii vietii femeilor cu incontinenta urinara.\",\"breadcrumb\":{\"@id\":\"https:\/\/academiakineperineo.com\/carti\/#breadcrumb\"},\"inLanguage\":\"fr-FR\",\"potentialAction\":[{\"@type\":\"ReadAction\",\"target\":[\"https:\/\/academiakineperineo.com\/carti\/\"]}]},{\"@type\":\"ImageObject\",\"inLanguage\":\"fr-FR\",\"@id\":\"https:\/\/academiakineperineo.com\/carti\/#primaryimage\",\"url\":\"https:\/\/academiakineperineo.com\/wp-content\/uploads\/2024\/08\/ICON_COLOR.png\",\"contentUrl\":\"https:\/\/academiakineperineo.com\/wp-content\/uploads\/2024\/08\/ICON_COLOR.png\",\"width\":1501,\"height\":1211},{\"@type\":\"BreadcrumbList\",\"@id\":\"https:\/\/academiakineperineo.com\/carti\/#breadcrumb\",\"itemListElement\":[{\"@type\":\"ListItem\",\"position\":1,\"name\":\"Home\",\"item\":\"https:\/\/academiakineperineo.com\/\"},{\"@type\":\"ListItem\",\"position\":2,\"name\":\"Carti\"}]},{\"@type\":\"WebSite\",\"@id\":\"https:\/\/academiakineperineo.com\/#website\",\"url\":\"https:\/\/academiakineperineo.com\/\",\"name\":\"Academia Kineperineo\",\"description\":\"Kinetoterapia planseului pelvin in Romania\",\"publisher\":{\"@id\":\"https:\/\/academiakineperineo.com\/#organization\"},\"potentialAction\":[{\"@type\":\"SearchAction\",\"target\":{\"@type\":\"EntryPoint\",\"urlTemplate\":\"https:\/\/academiakineperineo.com\/?s={search_term_string}\"},\"query-input\":{\"@type\":\"PropertyValueSpecification\",\"valueRequired\":true,\"valueName\":\"search_term_string\"}}],\"inLanguage\":\"fr-FR\"},{\"@type\":\"Organization\",\"@id\":\"https:\/\/academiakineperineo.com\/#organization\",\"name\":\"Academia Kineperineo\",\"url\":\"https:\/\/academiakineperineo.com\/\",\"logo\":{\"@type\":\"ImageObject\",\"inLanguage\":\"fr-FR\",\"@id\":\"https:\/\/academiakineperineo.com\/#\/schema\/logo\/image\/\",\"url\":\"https:\/\/academiakineperineo.com\/wp-content\/uploads\/2024\/08\/LOGO_BLACK.png\",\"contentUrl\":\"https:\/\/academiakineperineo.com\/wp-content\/uploads\/2024\/08\/LOGO_BLACK.png\",\"width\":2301,\"height\":493,\"caption\":\"Academia Kineperineo\"},\"image\":{\"@id\":\"https:\/\/academiakineperineo.com\/#\/schema\/logo\/image\/\"},\"sameAs\":[\"https:\/\/www.facebook.com\/share\/1A6mhUrj5T\/?mibextid=wwXIfr\",\"https:\/\/www.instagram.com\/academiakineperineo\/profilecard\/?igsh=cmtkZHg3dml2ZGFr\"]}]}<\/script>\n<!-- \/ Yoast SEO Premium plugin. -->","yoast_head_json":{"title":"Carte - Kinetoterapia in incontinenta urinara Romania - Kineperineo","description":"Carte\/ e-book kinetoterapie- Rolul kinetoterapiei in cresterea calitatii vietii femeilor cu incontinenta urinara.","robots":{"index":"index","follow":"follow","max-snippet":"max-snippet:-1","max-image-preview":"max-image-preview:large","max-video-preview":"max-video-preview:-1"},"canonical":"https:\/\/academiakineperineo.com\/fr\/carti\/","og_locale":"fr_FR","og_type":"article","og_title":"Carti","og_description":"Carte\/ e-book kinetoterapie- Rolul kinetoterapiei in cresterea calitatii vietii femeilor cu incontinenta urinara.","og_url":"https:\/\/academiakineperineo.com\/fr\/carti\/","og_site_name":"Academia Kineperineo","article_publisher":"https:\/\/www.facebook.com\/share\/1A6mhUrj5T\/?mibextid=wwXIfr","article_modified_time":"2025-10-17T10:16:22+00:00","og_image":[{"width":1501,"height":1211,"url":"https:\/\/academiakineperineo.com\/wp-content\/uploads\/2024\/08\/ICON_COLOR.png","type":"image\/png"}],"twitter_card":"summary_large_image","twitter_misc":{"Dur\u00e9e de lecture estim\u00e9e":"2 minutes"},"schema":{"@context":"https:\/\/schema.org","@graph":[{"@type":"WebPage","@id":"https:\/\/academiakineperineo.com\/carti\/","url":"https:\/\/academiakineperineo.com\/carti\/","name":"Carte - Kinetoterapia in incontinenta urinara Romania - Kineperineo","isPartOf":{"@id":"https:\/\/academiakineperineo.com\/#website"},"primaryImageOfPage":{"@id":"https:\/\/academiakineperineo.com\/carti\/#primaryimage"},"image":{"@id":"https:\/\/academiakineperineo.com\/carti\/#primaryimage"},"thumbnailUrl":"https:\/\/academiakineperineo.com\/wp-content\/uploads\/2024\/08\/ICON_COLOR.png","datePublished":"2024-09-30T16:42:31+00:00","dateModified":"2025-10-17T10:16:22+00:00","description":"Carte\/ e-book kinetoterapie- Rolul kinetoterapiei in cresterea calitatii vietii femeilor cu incontinenta urinara.","breadcrumb":{"@id":"https:\/\/academiakineperineo.com\/carti\/#breadcrumb"},"inLanguage":"fr-FR","potentialAction":[{"@type":"ReadAction","target":["https:\/\/academiakineperineo.com\/carti\/"]}]},{"@type":"ImageObject","inLanguage":"fr-FR","@id":"https:\/\/academiakineperineo.com\/carti\/#primaryimage","url":"https:\/\/academiakineperineo.com\/wp-content\/uploads\/2024\/08\/ICON_COLOR.png","contentUrl":"https:\/\/academiakineperineo.com\/wp-content\/uploads\/2024\/08\/ICON_COLOR.png","width":1501,"height":1211},{"@type":"BreadcrumbList","@id":"https:\/\/academiakineperineo.com\/carti\/#breadcrumb","itemListElement":[{"@type":"ListItem","position":1,"name":"Home","item":"https:\/\/academiakineperineo.com\/"},{"@type":"ListItem","position":2,"name":"Carti"}]},{"@type":"WebSite","@id":"https:\/\/academiakineperineo.com\/#website","url":"https:\/\/academiakineperineo.com\/","name":"Acad\u00e9mie Kin\u00e9p\u00e9rin\u00e9o","description":"Kinetoterapia planseului pelvin in Romania","publisher":{"@id":"https:\/\/academiakineperineo.com\/#organization"},"potentialAction":[{"@type":"SearchAction","target":{"@type":"EntryPoint","urlTemplate":"https:\/\/academiakineperineo.com\/?s={search_term_string}"},"query-input":{"@type":"PropertyValueSpecification","valueRequired":true,"valueName":"search_term_string"}}],"inLanguage":"fr-FR"},{"@type":"Organization","@id":"https:\/\/academiakineperineo.com\/#organization","name":"Acad\u00e9mie Kin\u00e9p\u00e9rin\u00e9o","url":"https:\/\/academiakineperineo.com\/","logo":{"@type":"ImageObject","inLanguage":"fr-FR","@id":"https:\/\/academiakineperineo.com\/#\/schema\/logo\/image\/","url":"https:\/\/academiakineperineo.com\/wp-content\/uploads\/2024\/08\/LOGO_BLACK.png","contentUrl":"https:\/\/academiakineperineo.com\/wp-content\/uploads\/2024\/08\/LOGO_BLACK.png","width":2301,"height":493,"caption":"Academia Kineperineo"},"image":{"@id":"https:\/\/academiakineperineo.com\/#\/schema\/logo\/image\/"},"sameAs":["https:\/\/www.facebook.com\/share\/1A6mhUrj5T\/?mibextid=wwXIfr","https:\/\/www.instagram.com\/academiakineperineo\/profilecard\/?igsh=cmtkZHg3dml2ZGFr"]}]}},"_links":{"self":[{"href":"https:\/\/academiakineperineo.com\/fr\/wp-json\/wp\/v2\/pages\/1080","targetHints":{"allow":["GET"]}}],"collection":[{"href":"https:\/\/academiakineperineo.com\/fr\/wp-json\/wp\/v2\/pages"}],"about":[{"href":"https:\/\/academiakineperineo.com\/fr\/wp-json\/wp\/v2\/types\/page"}],"author":[{"embeddable":true,"href":"https:\/\/academiakineperineo.com\/fr\/wp-json\/wp\/v2\/users\/15"}],"replies":[{"embeddable":true,"href":"https:\/\/academiakineperineo.com\/fr\/wp-json\/wp\/v2\/comments?post=1080"}],"version-history":[{"count":29,"href":"https:\/\/academiakineperineo.com\/fr\/wp-json\/wp\/v2\/pages\/1080\/revisions"}],"predecessor-version":[{"id":2448,"href":"https:\/\/academiakineperineo.com\/fr\/wp-json\/wp\/v2\/pages\/1080\/revisions\/2448"}],"wp:featuredmedia":[{"embeddable":true,"href":"https:\/\/academiakineperineo.com\/fr\/wp-json\/wp\/v2\/media\/183"}],"wp:attachment":[{"href":"https:\/\/academiakineperineo.com\/fr\/wp-json\/wp\/v2\/media?parent=1080"}],"curies":[{"name":"wp","href":"https:\/\/api.w.org\/{rel}","templated":true}]}}