{"id":1047,"date":"2024-09-30T14:43:51","date_gmt":"2024-09-30T14:43:51","guid":{"rendered":"https:\/\/academiakineperineo.com\/?page_id=1047"},"modified":"2026-02-23T15:49:46","modified_gmt":"2026-02-23T15:49:46","slug":"colaborari-cu-centre-medicale","status":"publish","type":"page","link":"https:\/\/academiakineperineo.com\/fr\/colaborari-cu-centre-medicale\/","title":{"rendered":"Collaborations avec des centres m\u00e9dicaux"},"content":{"rendered":"<div data-elementor-type=\"wp-page\" data-elementor-id=\"1047\" class=\"elementor elementor-1047\" data-elementor-post-type=\"page\">\n\t\t\t\t<div class=\"elementor-element elementor-element-66e1c65 e-con-full e-flex e-con e-parent\" data-id=\"66e1c65\" data-element_type=\"container\" data-settings=\"{&quot;background_background&quot;:&quot;gradient&quot;}\">\n\t\t<div class=\"elementor-element elementor-element-6db55a33 e-con-full e-flex e-con e-child\" data-id=\"6db55a33\" data-element_type=\"container\">\n\t\t\t\t<div class=\"elementor-element elementor-element-50293834 elementor-widget elementor-widget-heading\" data-id=\"50293834\" data-element_type=\"widget\" data-widget_type=\"heading.default\">\n\t\t\t\t<div class=\"elementor-widget-container\">\n\t\t\t\t\t<h2 class=\"elementor-heading-title elementor-size-default\">Collaborations avec des centres m\u00e9dicaux\n<\/h2>\t\t\t\t<\/div>\n\t\t\t\t<\/div>\n\t\t\t\t<div class=\"elementor-element elementor-element-42ce42fe elementor-widget elementor-widget-text-editor\" data-id=\"42ce42fe\" data-element_type=\"widget\" data-widget_type=\"text-editor.default\">\n\t\t\t\t<div class=\"elementor-widget-container\">\n\t\t\t\t\t\t\t\t\t<p>Devenons partenaires !<\/p>\t\t\t\t\t\t\t\t<\/div>\n\t\t\t\t<\/div>\n\t\t\t\t<div class=\"elementor-element elementor-element-6ddedf65 elementor-align-center elementor-mobile-align-center elementor-invisible elementor-widget elementor-widget-button\" data-id=\"6ddedf65\" data-element_type=\"widget\" data-settings=\"{&quot;_animation&quot;:&quot;fadeInUp&quot;}\" data-widget_type=\"button.default\">\n\t\t\t\t<div class=\"elementor-widget-container\">\n\t\t\t\t\t\t\t\t\t<div class=\"elementor-button-wrapper\">\n\t\t\t\t\t<a class=\"elementor-button elementor-button-link elementor-size-sm elementor-animation-grow\" href=\"https:\/\/academiakineperineo.com\/fr\/contact-kinetoperineo\/\">\n\t\t\t\t\t\t<span class=\"elementor-button-content-wrapper\">\n\t\t\t\t\t\t\t\t\t<span class=\"elementor-button-text\">Contactez-nous<\/span>\n\t\t\t\t\t<\/span>\n\t\t\t\t\t<\/a>\n\t\t\t\t<\/div>\n\t\t\t\t\t\t\t\t<\/div>\n\t\t\t\t<\/div>\n\t\t\t\t<\/div>\n\t\t\t\t<\/div>\n\t\t\t\t<section class=\"elementor-section elementor-top-section elementor-element elementor-element-5651c409 elementor-section-boxed elementor-section-height-default elementor-section-height-default\" data-id=\"5651c409\" data-element_type=\"section\">\n\t\t\t\t\t\t<div class=\"elementor-container elementor-column-gap-default\">\n\t\t\t\t\t<div class=\"elementor-column elementor-col-50 elementor-top-column elementor-element elementor-element-98c73ec\" data-id=\"98c73ec\" data-element_type=\"column\">\n\t\t\t<div class=\"elementor-widget-wrap elementor-element-populated\">\n\t\t\t\t\t\t<div class=\"elementor-element elementor-element-69dde401 elementor-widget elementor-widget-text-editor\" data-id=\"69dde401\" data-element_type=\"widget\" data-widget_type=\"text-editor.default\">\n\t\t\t\t<div class=\"elementor-widget-container\">\n\t\t\t\t\t\t\t\t\t<p>\u00a0<\/p><p><span style=\"font-weight: 400;\">Vous \u00eates un centre m\u00e9dical et souhaitez int\u00e9grer la r\u00e9cup\u00e9ration p\u00e9rin\u00e9ale dans votre structure ? L&#039;Acad\u00e9mie KinePerineo vous propose la solution en mettant \u00e0 votre disposition :<\/span><\/p><ul><li style=\"font-weight: 400;\" aria-level=\"1\"><span style=\"font-weight: 400;\">\u00c9quipement \u00e0 la fine pointe de la technologie;\u00a0\u00a0\u00a0<\/span><\/li><li style=\"font-weight: 400;\" aria-level=\"1\"><span style=\"font-weight: 400;\">Cours de formation pour kin\u00e9sith\u00e9rapeutes et m\u00e9decins ;<\/span><\/li><li style=\"font-weight: 400;\" aria-level=\"1\"><span style=\"font-weight: 400;\">Consultation sur le traitement des patients et l&#039;utilisation de l&#039;appareil.\u00a0<\/span><\/li><\/ul><p><span style=\"font-weight: 400;\">Pour plus de d\u00e9tails, vous pouvez nous contacter ici. Nous vous r\u00e9pondrons dans les plus brefs d\u00e9lais.<\/span><\/p>\t\t\t\t\t\t\t\t<\/div>\n\t\t\t\t<\/div>\n\t\t\t\t<div class=\"elementor-element elementor-element-81eef4f elementor-align-center elementor-mobile-align-center elementor-invisible elementor-widget elementor-widget-button\" data-id=\"81eef4f\" data-element_type=\"widget\" data-settings=\"{&quot;_animation&quot;:&quot;fadeInUp&quot;}\" data-widget_type=\"button.default\">\n\t\t\t\t<div class=\"elementor-widget-container\">\n\t\t\t\t\t\t\t\t\t<div class=\"elementor-button-wrapper\">\n\t\t\t\t\t<a class=\"elementor-button elementor-button-link elementor-size-sm elementor-animation-grow\" href=\"https:\/\/academiakineperineo.com\/fr\/contact-kinetoperineo\/\">\n\t\t\t\t\t\t<span class=\"elementor-button-content-wrapper\">\n\t\t\t\t\t\t\t\t\t<span class=\"elementor-button-text\">Contactez-nous<\/span>\n\t\t\t\t\t<\/span>\n\t\t\t\t\t<\/a>\n\t\t\t\t<\/div>\n\t\t\t\t\t\t\t\t<\/div>\n\t\t\t\t<\/div>\n\t\t\t\t\t<\/div>\n\t\t<\/div>\n\t\t\t\t<div class=\"elementor-column elementor-col-50 elementor-top-column elementor-element elementor-element-64df1883\" data-id=\"64df1883\" data-element_type=\"column\">\n\t\t\t<div class=\"elementor-widget-wrap elementor-element-populated\">\n\t\t\t\t\t\t<div class=\"elementor-element elementor-element-590beadd elementor-widget elementor-widget-image\" data-id=\"590beadd\" data-element_type=\"widget\" data-widget_type=\"image.default\">\n\t\t\t\t<div class=\"elementor-widget-container\">\n\t\t\t\t\t\t\t\t\t\t\t\t\t\t\t<img fetchpriority=\"high\" decoding=\"async\" width=\"800\" height=\"533\" src=\"https:\/\/academiakineperineo.com\/wp-content\/uploads\/2024\/08\/WhatsApp-Image-2024-07-30-at-18.30.11-1024x682.jpeg\" class=\"attachment-large size-large wp-image-228\" alt=\"\" srcset=\"https:\/\/academiakineperineo.com\/wp-content\/uploads\/2024\/08\/WhatsApp-Image-2024-07-30-at-18.30.11-1024x682.jpeg 1024w, https:\/\/academiakineperineo.com\/wp-content\/uploads\/2024\/08\/WhatsApp-Image-2024-07-30-at-18.30.11-300x200.jpeg 300w, https:\/\/academiakineperineo.com\/wp-content\/uploads\/2024\/08\/WhatsApp-Image-2024-07-30-at-18.30.11-768x512.jpeg 768w, https:\/\/academiakineperineo.com\/wp-content\/uploads\/2024\/08\/WhatsApp-Image-2024-07-30-at-18.30.11-1536x1023.jpeg 1536w, https:\/\/academiakineperineo.com\/wp-content\/uploads\/2024\/08\/WhatsApp-Image-2024-07-30-at-18.30.11-600x400.jpeg 600w, https:\/\/academiakineperineo.com\/wp-content\/uploads\/2024\/08\/WhatsApp-Image-2024-07-30-at-18.30.11.jpeg 1600w\" sizes=\"(max-width: 800px) 100vw, 800px\" \/>\t\t\t\t\t\t\t\t\t\t\t\t\t\t\t<\/div>\n\t\t\t\t<\/div>\n\t\t\t\t\t<\/div>\n\t\t<\/div>\n\t\t\t\t\t<\/div>\n\t\t<\/section>\n\t\t\t\t<\/div>","protected":false},"excerpt":{"rendered":"<p>Colabor\u0103ri cu centre medicale Hai sa devenim parteneri! Contacteaza-ne \u00a0 Sunte\u021bi un centru medical \u0219i dori\u021bi s\u0103 integra\u021bi recuperarea perineal\u0103 \u00een cadrul structurii dumneavoastr\u0103? Academia KinePerineo v\u0103 ofer\u0103 solu\u021bia prin posibilitatea de v\u0103 a pune la dispozi\u021bie: Aparatur\u0103 de ultim\u0103 tehnologie;\u00a0\u00a0\u00a0 Cursuri de formare pentru kinetoterapeu\u021bi \u0219i medici; Consultan\u021b\u0103 \u00een tratarea pacien\u021bilor \u0219i utilizarea aparatului.\u00a0 [&hellip;]<\/p>","protected":false},"author":15,"featured_media":228,"parent":0,"menu_order":0,"comment_status":"closed","ping_status":"closed","template":"elementor_header_footer","meta":{"footnotes":""},"class_list":["post-1047","page","type-page","status-publish","has-post-thumbnail","hentry"],"yoast_head":"<!-- This site is optimized with the Yoast SEO Premium plugin v26.5 (Yoast SEO v26.5) - https:\/\/yoast.com\/wordpress\/plugins\/seo\/ -->\n<title>Colaborare cu centre medicale Rom\u00e2nia - Academia Kineperineo<\/title>\n<meta name=\"description\" content=\"Parteneriate medicale pentru clinici din Rom\u00e2nia: expertiz\u0103 \u00een reeducare pelvin\u0103, formare specializat\u0103 \u0219i aparatur\u0103 uroginecologic\u0103.\" \/>\n<meta name=\"robots\" content=\"index, follow, max-snippet:-1, max-image-preview:large, max-video-preview:-1\" \/>\n<link rel=\"canonical\" href=\"https:\/\/academiakineperineo.com\/fr\/colaborari-cu-centre-medicale\/\" \/>\n<meta property=\"og:locale\" content=\"fr_FR\" \/>\n<meta property=\"og:type\" content=\"article\" \/>\n<meta property=\"og:title\" content=\"Colabor\u0103ri cu centre medicale\" \/>\n<meta property=\"og:description\" content=\"Parteneriate medicale pentru clinici din Rom\u00e2nia: expertiz\u0103 \u00een reeducare pelvin\u0103, formare specializat\u0103 \u0219i aparatur\u0103 uroginecologic\u0103.\" \/>\n<meta property=\"og:url\" content=\"https:\/\/academiakineperineo.com\/fr\/colaborari-cu-centre-medicale\/\" \/>\n<meta property=\"og:site_name\" content=\"Academia Kineperineo\" \/>\n<meta property=\"article:publisher\" content=\"https:\/\/www.facebook.com\/share\/1A6mhUrj5T\/?mibextid=wwXIfr\" \/>\n<meta property=\"article:modified_time\" content=\"2026-02-23T15:49:46+00:00\" \/>\n<meta property=\"og:image\" content=\"https:\/\/academiakineperineo.com\/wp-content\/uploads\/2024\/08\/WhatsApp-Image-2024-07-30-at-18.30.11.jpeg\" \/>\n\t<meta property=\"og:image:width\" content=\"1600\" \/>\n\t<meta property=\"og:image:height\" content=\"1066\" \/>\n\t<meta property=\"og:image:type\" content=\"image\/jpeg\" \/>\n<meta name=\"twitter:card\" content=\"summary_large_image\" \/>\n<meta name=\"twitter:label1\" content=\"Dur\u00e9e de lecture estim\u00e9e\" \/>\n\t<meta name=\"twitter:data1\" content=\"1 minute\" \/>\n<script type=\"application\/ld+json\" class=\"yoast-schema-graph\">{\"@context\":\"https:\/\/schema.org\",\"@graph\":[{\"@type\":\"WebPage\",\"@id\":\"https:\/\/academiakineperineo.com\/colaborari-cu-centre-medicale\/\",\"url\":\"https:\/\/academiakineperineo.com\/colaborari-cu-centre-medicale\/\",\"name\":\"Colaborare cu centre medicale Rom\u00e2nia - Academia Kineperineo\",\"isPartOf\":{\"@id\":\"https:\/\/academiakineperineo.com\/#website\"},\"primaryImageOfPage\":{\"@id\":\"https:\/\/academiakineperineo.com\/colaborari-cu-centre-medicale\/#primaryimage\"},\"image\":{\"@id\":\"https:\/\/academiakineperineo.com\/colaborari-cu-centre-medicale\/#primaryimage\"},\"thumbnailUrl\":\"https:\/\/academiakineperineo.com\/wp-content\/uploads\/2024\/08\/WhatsApp-Image-2024-07-30-at-18.30.11.jpeg\",\"datePublished\":\"2024-09-30T14:43:51+00:00\",\"dateModified\":\"2026-02-23T15:49:46+00:00\",\"description\":\"Parteneriate medicale pentru clinici din Rom\u00e2nia: expertiz\u0103 \u00een reeducare pelvin\u0103, formare specializat\u0103 \u0219i aparatur\u0103 uroginecologic\u0103.\",\"breadcrumb\":{\"@id\":\"https:\/\/academiakineperineo.com\/colaborari-cu-centre-medicale\/#breadcrumb\"},\"inLanguage\":\"fr-FR\",\"potentialAction\":[{\"@type\":\"ReadAction\",\"target\":[\"https:\/\/academiakineperineo.com\/colaborari-cu-centre-medicale\/\"]}]},{\"@type\":\"ImageObject\",\"inLanguage\":\"fr-FR\",\"@id\":\"https:\/\/academiakineperineo.com\/colaborari-cu-centre-medicale\/#primaryimage\",\"url\":\"https:\/\/academiakineperineo.com\/wp-content\/uploads\/2024\/08\/WhatsApp-Image-2024-07-30-at-18.30.11.jpeg\",\"contentUrl\":\"https:\/\/academiakineperineo.com\/wp-content\/uploads\/2024\/08\/WhatsApp-Image-2024-07-30-at-18.30.11.jpeg\",\"width\":1600,\"height\":1066},{\"@type\":\"BreadcrumbList\",\"@id\":\"https:\/\/academiakineperineo.com\/colaborari-cu-centre-medicale\/#breadcrumb\",\"itemListElement\":[{\"@type\":\"ListItem\",\"position\":1,\"name\":\"Home\",\"item\":\"https:\/\/academiakineperineo.com\/\"},{\"@type\":\"ListItem\",\"position\":2,\"name\":\"Colabor\u0103ri cu centre medicale\"}]},{\"@type\":\"WebSite\",\"@id\":\"https:\/\/academiakineperineo.com\/#website\",\"url\":\"https:\/\/academiakineperineo.com\/\",\"name\":\"Academia Kineperineo\",\"description\":\"Kinetoterapia planseului pelvin in Romania\",\"publisher\":{\"@id\":\"https:\/\/academiakineperineo.com\/#organization\"},\"potentialAction\":[{\"@type\":\"SearchAction\",\"target\":{\"@type\":\"EntryPoint\",\"urlTemplate\":\"https:\/\/academiakineperineo.com\/?s={search_term_string}\"},\"query-input\":{\"@type\":\"PropertyValueSpecification\",\"valueRequired\":true,\"valueName\":\"search_term_string\"}}],\"inLanguage\":\"fr-FR\"},{\"@type\":\"Organization\",\"@id\":\"https:\/\/academiakineperineo.com\/#organization\",\"name\":\"Academia Kineperineo\",\"url\":\"https:\/\/academiakineperineo.com\/\",\"logo\":{\"@type\":\"ImageObject\",\"inLanguage\":\"fr-FR\",\"@id\":\"https:\/\/academiakineperineo.com\/#\/schema\/logo\/image\/\",\"url\":\"https:\/\/academiakineperineo.com\/wp-content\/uploads\/2024\/08\/LOGO_BLACK.png\",\"contentUrl\":\"https:\/\/academiakineperineo.com\/wp-content\/uploads\/2024\/08\/LOGO_BLACK.png\",\"width\":2301,\"height\":493,\"caption\":\"Academia Kineperineo\"},\"image\":{\"@id\":\"https:\/\/academiakineperineo.com\/#\/schema\/logo\/image\/\"},\"sameAs\":[\"https:\/\/www.facebook.com\/share\/1A6mhUrj5T\/?mibextid=wwXIfr\",\"https:\/\/www.instagram.com\/academiakineperineo\/profilecard\/?igsh=cmtkZHg3dml2ZGFr\"]}]}<\/script>\n<!-- \/ Yoast SEO Premium plugin. -->","yoast_head_json":{"title":"Colaborare cu centre medicale Rom\u00e2nia - Academia Kineperineo","description":"Parteneriate medicale pentru clinici din Rom\u00e2nia: expertiz\u0103 \u00een reeducare pelvin\u0103, formare specializat\u0103 \u0219i aparatur\u0103 uroginecologic\u0103.","robots":{"index":"index","follow":"follow","max-snippet":"max-snippet:-1","max-image-preview":"max-image-preview:large","max-video-preview":"max-video-preview:-1"},"canonical":"https:\/\/academiakineperineo.com\/fr\/colaborari-cu-centre-medicale\/","og_locale":"fr_FR","og_type":"article","og_title":"Colabor\u0103ri cu centre medicale","og_description":"Parteneriate medicale pentru clinici din Rom\u00e2nia: expertiz\u0103 \u00een reeducare pelvin\u0103, formare specializat\u0103 \u0219i aparatur\u0103 uroginecologic\u0103.","og_url":"https:\/\/academiakineperineo.com\/fr\/colaborari-cu-centre-medicale\/","og_site_name":"Academia Kineperineo","article_publisher":"https:\/\/www.facebook.com\/share\/1A6mhUrj5T\/?mibextid=wwXIfr","article_modified_time":"2026-02-23T15:49:46+00:00","og_image":[{"width":1600,"height":1066,"url":"https:\/\/academiakineperineo.com\/wp-content\/uploads\/2024\/08\/WhatsApp-Image-2024-07-30-at-18.30.11.jpeg","type":"image\/jpeg"}],"twitter_card":"summary_large_image","twitter_misc":{"Dur\u00e9e de lecture estim\u00e9e":"1 minute"},"schema":{"@context":"https:\/\/schema.org","@graph":[{"@type":"WebPage","@id":"https:\/\/academiakineperineo.com\/colaborari-cu-centre-medicale\/","url":"https:\/\/academiakineperineo.com\/colaborari-cu-centre-medicale\/","name":"Colaborare cu centre medicale Rom\u00e2nia - Academia Kineperineo","isPartOf":{"@id":"https:\/\/academiakineperineo.com\/#website"},"primaryImageOfPage":{"@id":"https:\/\/academiakineperineo.com\/colaborari-cu-centre-medicale\/#primaryimage"},"image":{"@id":"https:\/\/academiakineperineo.com\/colaborari-cu-centre-medicale\/#primaryimage"},"thumbnailUrl":"https:\/\/academiakineperineo.com\/wp-content\/uploads\/2024\/08\/WhatsApp-Image-2024-07-30-at-18.30.11.jpeg","datePublished":"2024-09-30T14:43:51+00:00","dateModified":"2026-02-23T15:49:46+00:00","description":"Parteneriate medicale pentru clinici din Rom\u00e2nia: expertiz\u0103 \u00een reeducare pelvin\u0103, formare specializat\u0103 \u0219i aparatur\u0103 uroginecologic\u0103.","breadcrumb":{"@id":"https:\/\/academiakineperineo.com\/colaborari-cu-centre-medicale\/#breadcrumb"},"inLanguage":"fr-FR","potentialAction":[{"@type":"ReadAction","target":["https:\/\/academiakineperineo.com\/colaborari-cu-centre-medicale\/"]}]},{"@type":"ImageObject","inLanguage":"fr-FR","@id":"https:\/\/academiakineperineo.com\/colaborari-cu-centre-medicale\/#primaryimage","url":"https:\/\/academiakineperineo.com\/wp-content\/uploads\/2024\/08\/WhatsApp-Image-2024-07-30-at-18.30.11.jpeg","contentUrl":"https:\/\/academiakineperineo.com\/wp-content\/uploads\/2024\/08\/WhatsApp-Image-2024-07-30-at-18.30.11.jpeg","width":1600,"height":1066},{"@type":"BreadcrumbList","@id":"https:\/\/academiakineperineo.com\/colaborari-cu-centre-medicale\/#breadcrumb","itemListElement":[{"@type":"ListItem","position":1,"name":"Home","item":"https:\/\/academiakineperineo.com\/"},{"@type":"ListItem","position":2,"name":"Colabor\u0103ri cu centre medicale"}]},{"@type":"WebSite","@id":"https:\/\/academiakineperineo.com\/#website","url":"https:\/\/academiakineperineo.com\/","name":"Acad\u00e9mie Kin\u00e9p\u00e9rin\u00e9o","description":"Kinetoterapia planseului pelvin in Romania","publisher":{"@id":"https:\/\/academiakineperineo.com\/#organization"},"potentialAction":[{"@type":"SearchAction","target":{"@type":"EntryPoint","urlTemplate":"https:\/\/academiakineperineo.com\/?s={search_term_string}"},"query-input":{"@type":"PropertyValueSpecification","valueRequired":true,"valueName":"search_term_string"}}],"inLanguage":"fr-FR"},{"@type":"Organization","@id":"https:\/\/academiakineperineo.com\/#organization","name":"Acad\u00e9mie Kin\u00e9p\u00e9rin\u00e9o","url":"https:\/\/academiakineperineo.com\/","logo":{"@type":"ImageObject","inLanguage":"fr-FR","@id":"https:\/\/academiakineperineo.com\/#\/schema\/logo\/image\/","url":"https:\/\/academiakineperineo.com\/wp-content\/uploads\/2024\/08\/LOGO_BLACK.png","contentUrl":"https:\/\/academiakineperineo.com\/wp-content\/uploads\/2024\/08\/LOGO_BLACK.png","width":2301,"height":493,"caption":"Academia Kineperineo"},"image":{"@id":"https:\/\/academiakineperineo.com\/#\/schema\/logo\/image\/"},"sameAs":["https:\/\/www.facebook.com\/share\/1A6mhUrj5T\/?mibextid=wwXIfr","https:\/\/www.instagram.com\/academiakineperineo\/profilecard\/?igsh=cmtkZHg3dml2ZGFr"]}]}},"_links":{"self":[{"href":"https:\/\/academiakineperineo.com\/fr\/wp-json\/wp\/v2\/pages\/1047","targetHints":{"allow":["GET"]}}],"collection":[{"href":"https:\/\/academiakineperineo.com\/fr\/wp-json\/wp\/v2\/pages"}],"about":[{"href":"https:\/\/academiakineperineo.com\/fr\/wp-json\/wp\/v2\/types\/page"}],"author":[{"embeddable":true,"href":"https:\/\/academiakineperineo.com\/fr\/wp-json\/wp\/v2\/users\/15"}],"replies":[{"embeddable":true,"href":"https:\/\/academiakineperineo.com\/fr\/wp-json\/wp\/v2\/comments?post=1047"}],"version-history":[{"count":4,"href":"https:\/\/academiakineperineo.com\/fr\/wp-json\/wp\/v2\/pages\/1047\/revisions"}],"predecessor-version":[{"id":1051,"href":"https:\/\/academiakineperineo.com\/fr\/wp-json\/wp\/v2\/pages\/1047\/revisions\/1051"}],"wp:featuredmedia":[{"embeddable":true,"href":"https:\/\/academiakineperineo.com\/fr\/wp-json\/wp\/v2\/media\/228"}],"wp:attachment":[{"href":"https:\/\/academiakineperineo.com\/fr\/wp-json\/wp\/v2\/media?parent=1047"}],"curies":[{"name":"wp","href":"https:\/\/api.w.org\/{rel}","templated":true}]}}