{"id":1023,"date":"2024-09-30T06:56:04","date_gmt":"2024-09-30T06:56:04","guid":{"rendered":"https:\/\/academiakineperineo.com\/?page_id=1023"},"modified":"2026-03-06T13:37:19","modified_gmt":"2026-03-06T13:37:19","slug":"dr-alexandra-tufa","status":"publish","type":"page","link":"https:\/\/academiakineperineo.com\/fr\/dr-alexandra-tufa\/","title":{"rendered":"Dr. Alexandra Tufa"},"content":{"rendered":"<div data-elementor-type=\"wp-page\" data-elementor-id=\"1023\" class=\"elementor elementor-1023\" data-elementor-post-type=\"page\">\n\t\t\t\t\t\t<section class=\"elementor-section elementor-top-section elementor-element elementor-element-52d6c1ab elementor-section-boxed elementor-section-height-default elementor-section-height-default\" data-id=\"52d6c1ab\" data-element_type=\"section\" data-settings=\"{&quot;background_background&quot;:&quot;classic&quot;}\">\n\t\t\t\t\t\t\t<div class=\"elementor-background-overlay\"><\/div>\n\t\t\t\t\t\t\t<div class=\"elementor-container elementor-column-gap-default\">\n\t\t\t\t\t<div class=\"elementor-column elementor-col-100 elementor-top-column elementor-element elementor-element-50366dab\" data-id=\"50366dab\" data-element_type=\"column\">\n\t\t\t<div class=\"elementor-widget-wrap elementor-element-populated\">\n\t\t\t\t\t\t<div class=\"elementor-element elementor-element-46fc10f4 elementor-widget elementor-widget-heading\" data-id=\"46fc10f4\" data-element_type=\"widget\" data-widget_type=\"heading.default\">\n\t\t\t\t<div class=\"elementor-widget-container\">\n\t\t\t\t\t<h1 class=\"elementor-heading-title elementor-size-xxl\">Notre \u00e9quipe<\/h1>\t\t\t\t<\/div>\n\t\t\t\t<\/div>\n\t\t\t\t<div class=\"elementor-element elementor-element-25a17ced elementor-widget-divider--view-line elementor-invisible elementor-widget elementor-widget-divider\" data-id=\"25a17ced\" data-element_type=\"widget\" data-settings=\"{&quot;_animation&quot;:&quot;bounceInUp&quot;}\" data-widget_type=\"divider.default\">\n\t\t\t\t<div class=\"elementor-widget-container\">\n\t\t\t\t\t\t\t<div class=\"elementor-divider\">\n\t\t\t<span class=\"elementor-divider-separator\">\n\t\t\t\t\t\t<\/span>\n\t\t<\/div>\n\t\t\t\t\t\t<\/div>\n\t\t\t\t<\/div>\n\t\t\t\t\t<\/div>\n\t\t<\/div>\n\t\t\t\t\t<\/div>\n\t\t<\/section>\n\t\t\t\t<section class=\"elementor-section elementor-top-section elementor-element elementor-element-60acc58f elementor-section-boxed elementor-section-height-default elementor-section-height-default\" data-id=\"60acc58f\" data-element_type=\"section\">\n\t\t\t\t\t\t<div class=\"elementor-container elementor-column-gap-default\">\n\t\t\t\t\t<div class=\"elementor-column elementor-col-50 elementor-top-column elementor-element elementor-element-7e32fb08\" data-id=\"7e32fb08\" data-element_type=\"column\">\n\t\t\t<div class=\"elementor-widget-wrap elementor-element-populated\">\n\t\t\t\t\t\t<div class=\"elementor-element elementor-element-3a4bc39 elementor-position-left elementor-view-default elementor-mobile-position-top elementor-widget elementor-widget-icon-box\" data-id=\"3a4bc39\" data-element_type=\"widget\" data-widget_type=\"icon-box.default\">\n\t\t\t\t<div class=\"elementor-widget-container\">\n\t\t\t\t\t\t\t<div class=\"elementor-icon-box-wrapper\">\n\n\t\t\t\t\t\t<div class=\"elementor-icon-box-icon\">\n\t\t\t\t<span  class=\"elementor-icon\">\n\t\t\t\t<i aria-hidden=\"true\" class=\"icon icon-doctor\"><\/i>\t\t\t\t<\/span>\n\t\t\t<\/div>\n\t\t\t\n\t\t\t\t\t\t<div class=\"elementor-icon-box-content\">\n\n\t\t\t\t\t\t\t\t\t<h2 class=\"elementor-icon-box-title\">\n\t\t\t\t\t\t<span  >\n\t\t\t\t\t\t\tDr Alexandra Tuf\u0103, Physioth\u00e9rapeute    \t\t\t\t\t\t<\/span>\n\t\t\t\t\t<\/h2>\n\t\t\t\t\n\t\t\t\t\n\t\t\t<\/div>\n\t\t\t\n\t\t<\/div>\n\t\t\t\t\t\t<\/div>\n\t\t\t\t<\/div>\n\t\t\t\t<div class=\"elementor-element elementor-element-20108877 elementor-widget-divider--view-line elementor-invisible elementor-widget elementor-widget-divider\" data-id=\"20108877\" data-element_type=\"widget\" data-settings=\"{&quot;_animation&quot;:&quot;bounceInLeft&quot;}\" data-widget_type=\"divider.default\">\n\t\t\t\t<div class=\"elementor-widget-container\">\n\t\t\t\t\t\t\t<div class=\"elementor-divider\">\n\t\t\t<span class=\"elementor-divider-separator\">\n\t\t\t\t\t\t<\/span>\n\t\t<\/div>\n\t\t\t\t\t\t<\/div>\n\t\t\t\t<\/div>\n\t\t\t\t<div class=\"elementor-element elementor-element-62f68470 elementor-widget elementor-widget-text-editor\" data-id=\"62f68470\" data-element_type=\"widget\" data-widget_type=\"text-editor.default\">\n\t\t\t\t<div class=\"elementor-widget-container\">\n\t\t\t\t\t\t\t\t\t<p><span style=\"font-weight: 400;\">Kin\u00e9sith\u00e9rapeute en France avec 12 ans d&#039;exp\u00e9rience et sp\u00e9cialiste de la r\u00e9\u00e9ducation p\u00e9rin\u00e9ale depuis plus de 8 ans, je me suis rendu compte que cette branche de la r\u00e9cup\u00e9ration p\u00e9rin\u00e9ale n&#039;est pas suffisamment d\u00e9velopp\u00e9e dans la plupart des cabinets ou centres m\u00e9dicaux, le niveau d&#039;information \u00e9tant tr\u00e8s faible tant au niveau de la population \u00e0 grande \u00e9chelle ainsi qu&#039;au niveau du personnel m\u00e9dical.\u00a0<\/span><\/p><p><span style=\"font-weight: 400;\">\u00a0La femme dans la soci\u00e9t\u00e9 actuelle accorde beaucoup d&#039;importance \u00e0 la qualit\u00e9 de vie, d&#039;o\u00f9 l&#039;int\u00e9r\u00eat, depuis quelques ann\u00e9es seulement, pour le p\u00e9rin\u00e9e. Les affections p\u00e9rin\u00e9ales ont un impact n\u00e9gatif sur la qualit\u00e9 de vie de la femme moderne sur les plans social, psychologique et intime. Nous avons \u00e9galement constat\u00e9 que le niveau d&#039;information au niveau de la population, \u00e0 ce sujet, est encore tr\u00e8s faible. La plupart des femmes n&#039;entrent en contact avec le nom \u00ab p\u00e9rin\u00e9e \u00bb qu&#039;au premier accouchement et certaines d&#039;entre elles ne parviennent pas \u00e0 localiser ou \u00e0 effectuer une contraction spontan\u00e9e du muscle p\u00e9rin\u00e9al.\u00a0<\/span><\/p>\t\t\t\t\t\t\t\t<\/div>\n\t\t\t\t<\/div>\n\t\t\t\t\t<\/div>\n\t\t<\/div>\n\t\t\t\t<div class=\"elementor-column elementor-col-50 elementor-top-column elementor-element elementor-element-6e510a57\" data-id=\"6e510a57\" data-element_type=\"column\">\n\t\t\t<div class=\"elementor-widget-wrap elementor-element-populated\">\n\t\t\t\t\t\t<div class=\"elementor-element elementor-element-795db7e9 elementor-widget elementor-widget-image\" data-id=\"795db7e9\" data-element_type=\"widget\" data-widget_type=\"image.default\">\n\t\t\t\t<div class=\"elementor-widget-container\">\n\t\t\t\t\t\t\t\t\t\t\t\t\t\t\t<img fetchpriority=\"high\" decoding=\"async\" width=\"800\" height=\"533\" src=\"https:\/\/academiakineperineo.com\/wp-content\/uploads\/2024\/08\/WhatsApp-Image-2024-07-30-at-18.28.57-1024x682.jpeg\" class=\"attachment-large size-large wp-image-227\" alt=\"\" srcset=\"https:\/\/academiakineperineo.com\/wp-content\/uploads\/2024\/08\/WhatsApp-Image-2024-07-30-at-18.28.57-1024x682.jpeg 1024w, https:\/\/academiakineperineo.com\/wp-content\/uploads\/2024\/08\/WhatsApp-Image-2024-07-30-at-18.28.57-300x200.jpeg 300w, https:\/\/academiakineperineo.com\/wp-content\/uploads\/2024\/08\/WhatsApp-Image-2024-07-30-at-18.28.57-768x512.jpeg 768w, https:\/\/academiakineperineo.com\/wp-content\/uploads\/2024\/08\/WhatsApp-Image-2024-07-30-at-18.28.57-1536x1023.jpeg 1536w, https:\/\/academiakineperineo.com\/wp-content\/uploads\/2024\/08\/WhatsApp-Image-2024-07-30-at-18.28.57-600x400.jpeg 600w, https:\/\/academiakineperineo.com\/wp-content\/uploads\/2024\/08\/WhatsApp-Image-2024-07-30-at-18.28.57.jpeg 1600w\" sizes=\"(max-width: 800px) 100vw, 800px\" \/>\t\t\t\t\t\t\t\t\t\t\t\t\t\t\t<\/div>\n\t\t\t\t<\/div>\n\t\t\t\t\t<\/div>\n\t\t<\/div>\n\t\t\t\t\t<\/div>\n\t\t<\/section>\n\t\t\t\t<section class=\"elementor-section elementor-top-section elementor-element elementor-element-6f68e701 elementor-section-boxed elementor-section-height-default elementor-section-height-default\" data-id=\"6f68e701\" data-element_type=\"section\">\n\t\t\t\t\t\t<div class=\"elementor-container elementor-column-gap-default\">\n\t\t\t\t\t<div class=\"elementor-column elementor-col-100 elementor-top-column elementor-element elementor-element-32e07356\" data-id=\"32e07356\" data-element_type=\"column\">\n\t\t\t<div class=\"elementor-widget-wrap elementor-element-populated\">\n\t\t\t\t\t\t<div class=\"elementor-element elementor-element-43f3dbf5 elementor-widget elementor-widget-text-editor\" data-id=\"43f3dbf5\" data-element_type=\"widget\" data-widget_type=\"text-editor.default\">\n\t\t\t\t<div class=\"elementor-widget-container\">\n\t\t\t\t\t\t\t\t\t<p><span style=\"font-weight: 400;\">Cette sp\u00e9cialisation a \u00e9veill\u00e9 mon int\u00e9r\u00eat il y a quelques ann\u00e9es lorsque j&#039;ai r\u00e9alis\u00e9 que de nombreuses patientes souffraient en silence, acceptant l&#039;incontinence urinaire en pensant que c&#039;\u00e9tait normal, surtout apr\u00e8s un accouchement. Ces id\u00e9es pr\u00e9con\u00e7ues devront \u00eatre modifi\u00e9es au fil du temps, gr\u00e2ce \u00e0 l&#039;information et \u00e0 l&#039;\u00e9ducation des patients et des femmes \u00e0 grande \u00e9chelle. Dans la plupart des cas, ils pourront, gr\u00e2ce \u00e0 des m\u00e9thodes non invasives et non douloureuses, retrouver une vie \u00ab normale \u00bb, sans perte involontaire d&#039;urine due \u00e0 la r\u00e9cup\u00e9ration par l&#039;entra\u00eenement et la r\u00e9\u00e9ducation p\u00e9rin\u00e9ale par des moyens cin\u00e9tiques.\u00a0<\/span><\/p>\t\t\t\t\t\t\t\t<\/div>\n\t\t\t\t<\/div>\n\t\t\t\t<div class=\"elementor-element elementor-element-a20f4bb elementor-widget elementor-widget-text-editor\" data-id=\"a20f4bb\" data-element_type=\"widget\" data-widget_type=\"text-editor.default\">\n\t\t\t\t<div class=\"elementor-widget-container\">\n\t\t\t\t\t\t\t\t\t<p><b>DIPL\u00d4MES UNIVERSITAIRES<\/b><\/p><ul><li style=\"font-weight: 400;\" aria-level=\"1\"><span style=\"font-weight: 400;\">[ 2020 \u2013 2024 ] Doctorat - Universit\u00e9 Nationale d&#039;\u00c9ducation Physique et Sportive, Bucarest<\/span><\/li><li style=\"font-weight: 400;\" aria-level=\"1\"><span style=\"font-weight: 400;\">[ 2021 \u2013 2022 ] Dipl\u00f4me Universitaire - sp\u00e9cialisation en P\u00e9rinologie - Universit\u00e9 Claude Bernard, LYON, France<\/span><\/li><li style=\"font-weight: 400;\" aria-level=\"1\"><span style=\"font-weight: 400;\">[ 2015 \u2013 2016 ] MASTER 2 \u2013 Management, Organisation Responsable Ing\u00e9nierie des Syst\u00e8mes \u2013 Universit\u00e9 Paul Val\u00e9ry Montpellier 3, France<\/span><\/li><li style=\"font-weight: 400;\" aria-level=\"1\"><span style=\"font-weight: 400;\">[ 2008 \u2013 2011 ] Dipl\u00f4me en physioth\u00e9rapie et mobilit\u00e9 sp\u00e9ciale \u2013 Universit\u00e9 du Bas Danube, Galati<\/span><\/li><\/ul><p><b>FORMATION PROFESSIONNELLE<\/b><\/p><ul><li style=\"font-weight: 400;\" aria-level=\"1\"><span style=\"font-weight: 400;\">Cr\u00e9ation et d\u00e9veloppement d&#039;une activit\u00e9 de formation2022, Webmarketing, Cr\u00e9teil\u00a0\u00a0<\/span><\/li><li style=\"font-weight: 400;\" aria-level=\"1\"><span style=\"font-weight: 400;\">R\u00e9\u00e9ducation masculine en urologie \u2013 2021 \u2013 Formation Ambroise Par\u00e9<\/span><\/li><li style=\"font-weight: 400;\" aria-level=\"1\"><span style=\"font-weight: 400;\">Perfectionnement de la r\u00e9\u00e9ducation p\u00e9rin\u00e9ale \u2013 2020 \u2013 Formation Ambroise Par\u00e9<\/span><\/li><li style=\"font-weight: 400;\" aria-level=\"1\"><span style=\"font-weight: 400;\">R\u00e9\u00e9ducation pelvi-p\u00e9rin\u00e9ale chez la femme, l&#039;homme et l&#039;enfant- 2020- Formation DPC EREVO<\/span><\/li><li style=\"font-weight: 400;\" aria-level=\"1\"><span style=\"font-weight: 400;\">Aiguillage \u00e0 sec - Points trigger -2019- PAPL Formation LYON<\/span><\/li><li style=\"font-weight: 400;\" aria-level=\"1\"><span style=\"font-weight: 400;\">Th\u00e9rapie visc\u00e9rale- 2017- ITSM Lyon<\/span><\/li><li style=\"font-weight: 400;\" aria-level=\"1\"><span style=\"font-weight: 400;\">Th\u00e9rapie par ventouses- 2015- Kine formation Paris<\/span><\/li><li style=\"font-weight: 400;\" aria-level=\"1\"><span style=\"font-weight: 400;\">R\u00e9\u00e9ducation Uro-Gyn\u00e9cologique- 2014- ONREK Paris<\/span><\/li><li style=\"font-weight: 400;\" aria-level=\"1\"><span style=\"font-weight: 400;\">Th\u00e9rapie K-Taping- 2013- Kine Formations Paris<\/span><\/li><li style=\"font-weight: 400;\" aria-level=\"1\"><span style=\"font-weight: 400;\">Instructeur de tennis- 2008- F\u00e9d\u00e9ration Roumaine de Tennis<\/span><\/li><\/ul>\t\t\t\t\t\t\t\t<\/div>\n\t\t\t\t<\/div>\n\t\t\t\t\t<\/div>\n\t\t<\/div>\n\t\t\t\t\t<\/div>\n\t\t<\/section>\n\t\t\t\t<\/div>","protected":false},"excerpt":{"rendered":"<p>Echipa Noastra Dr Kinetoterapeut Alexandra Tuf\u0103 Kinetoterapeut \u00een Fran\u021ba cu o experien\u021b\u0103 de 12 ani \u0219i specialist \u00een reeducarea perineal\u0103 de peste 8 ani, am realizat c\u0103 aceast\u0103 ramur\u0103 a recuper\u0103rii perineale nu este \u00eendeajuns de dezvoltat\u0103 \u00een majoritatea cabinetelor sau centrelor medicale, nivelul de informa\u021bie fiind unul foarte sc\u0103zut at\u00e2t la nivelul popula\u021biei la [&hellip;]<\/p>","protected":false},"author":15,"featured_media":227,"parent":0,"menu_order":0,"comment_status":"closed","ping_status":"closed","template":"elementor_header_footer","meta":{"footnotes":""},"class_list":["post-1023","page","type-page","status-publish","has-post-thumbnail","hentry"],"yoast_head":"<!-- This site is optimized with the Yoast SEO Premium plugin v26.5 (Yoast SEO v26.5) - https:\/\/yoast.com\/wordpress\/plugins\/seo\/ -->\n<title>Kinetoterapeut Dr Alexandra TUFA - Academia Kineperineo<\/title>\n<meta name=\"description\" content=\"Kinetoterapeut Dr Tufa Alexandra. Formator in reeducarea perineala si recuperarea plaseului pelvin, fondator al Academiei Kineperineo.\" \/>\n<meta name=\"robots\" content=\"index, follow, max-snippet:-1, max-image-preview:large, max-video-preview:-1\" \/>\n<link rel=\"canonical\" href=\"https:\/\/academiakineperineo.com\/fr\/dr-alexandra-tufa\/\" \/>\n<meta property=\"og:locale\" content=\"fr_FR\" \/>\n<meta property=\"og:type\" content=\"article\" \/>\n<meta property=\"og:title\" content=\"Dr. Alexandra Tufa\" \/>\n<meta property=\"og:description\" content=\"Kinetoterapeut Dr Tufa Alexandra. Formator in reeducarea perineala si recuperarea plaseului pelvin, fondator al Academiei Kineperineo.\" \/>\n<meta property=\"og:url\" content=\"https:\/\/academiakineperineo.com\/fr\/dr-alexandra-tufa\/\" \/>\n<meta property=\"og:site_name\" content=\"Academia Kineperineo\" \/>\n<meta property=\"article:publisher\" content=\"https:\/\/www.facebook.com\/share\/1A6mhUrj5T\/?mibextid=wwXIfr\" \/>\n<meta property=\"article:modified_time\" content=\"2026-03-06T13:37:19+00:00\" \/>\n<meta property=\"og:image\" content=\"https:\/\/academiakineperineo.com\/wp-content\/uploads\/2024\/08\/WhatsApp-Image-2024-07-30-at-18.28.57.jpeg\" \/>\n\t<meta property=\"og:image:width\" content=\"1600\" \/>\n\t<meta property=\"og:image:height\" content=\"1066\" \/>\n\t<meta property=\"og:image:type\" content=\"image\/jpeg\" \/>\n<meta name=\"twitter:card\" content=\"summary_large_image\" \/>\n<meta name=\"twitter:label1\" content=\"Dur\u00e9e de lecture estim\u00e9e\" \/>\n\t<meta name=\"twitter:data1\" content=\"3 minutes\" \/>\n<script type=\"application\/ld+json\" class=\"yoast-schema-graph\">{\"@context\":\"https:\/\/schema.org\",\"@graph\":[{\"@type\":\"WebPage\",\"@id\":\"https:\/\/academiakineperineo.com\/dr-alexandra-tufa\/\",\"url\":\"https:\/\/academiakineperineo.com\/dr-alexandra-tufa\/\",\"name\":\"Kinetoterapeut Dr Alexandra TUFA - Academia Kineperineo\",\"isPartOf\":{\"@id\":\"https:\/\/academiakineperineo.com\/#website\"},\"primaryImageOfPage\":{\"@id\":\"https:\/\/academiakineperineo.com\/dr-alexandra-tufa\/#primaryimage\"},\"image\":{\"@id\":\"https:\/\/academiakineperineo.com\/dr-alexandra-tufa\/#primaryimage\"},\"thumbnailUrl\":\"https:\/\/academiakineperineo.com\/wp-content\/uploads\/2024\/08\/WhatsApp-Image-2024-07-30-at-18.28.57.jpeg\",\"datePublished\":\"2024-09-30T06:56:04+00:00\",\"dateModified\":\"2026-03-06T13:37:19+00:00\",\"description\":\"Kinetoterapeut Dr Tufa Alexandra. Formator in reeducarea perineala si recuperarea plaseului pelvin, fondator al Academiei Kineperineo.\",\"breadcrumb\":{\"@id\":\"https:\/\/academiakineperineo.com\/dr-alexandra-tufa\/#breadcrumb\"},\"inLanguage\":\"fr-FR\",\"potentialAction\":[{\"@type\":\"ReadAction\",\"target\":[\"https:\/\/academiakineperineo.com\/dr-alexandra-tufa\/\"]}]},{\"@type\":\"ImageObject\",\"inLanguage\":\"fr-FR\",\"@id\":\"https:\/\/academiakineperineo.com\/dr-alexandra-tufa\/#primaryimage\",\"url\":\"https:\/\/academiakineperineo.com\/wp-content\/uploads\/2024\/08\/WhatsApp-Image-2024-07-30-at-18.28.57.jpeg\",\"contentUrl\":\"https:\/\/academiakineperineo.com\/wp-content\/uploads\/2024\/08\/WhatsApp-Image-2024-07-30-at-18.28.57.jpeg\",\"width\":1600,\"height\":1066},{\"@type\":\"BreadcrumbList\",\"@id\":\"https:\/\/academiakineperineo.com\/dr-alexandra-tufa\/#breadcrumb\",\"itemListElement\":[{\"@type\":\"ListItem\",\"position\":1,\"name\":\"Home\",\"item\":\"https:\/\/academiakineperineo.com\/\"},{\"@type\":\"ListItem\",\"position\":2,\"name\":\"Dr. Alexandra Tufa\"}]},{\"@type\":\"WebSite\",\"@id\":\"https:\/\/academiakineperineo.com\/#website\",\"url\":\"https:\/\/academiakineperineo.com\/\",\"name\":\"Academia Kineperineo\",\"description\":\"Kinetoterapia planseului pelvin in Romania\",\"publisher\":{\"@id\":\"https:\/\/academiakineperineo.com\/#organization\"},\"potentialAction\":[{\"@type\":\"SearchAction\",\"target\":{\"@type\":\"EntryPoint\",\"urlTemplate\":\"https:\/\/academiakineperineo.com\/?s={search_term_string}\"},\"query-input\":{\"@type\":\"PropertyValueSpecification\",\"valueRequired\":true,\"valueName\":\"search_term_string\"}}],\"inLanguage\":\"fr-FR\"},{\"@type\":\"Organization\",\"@id\":\"https:\/\/academiakineperineo.com\/#organization\",\"name\":\"Academia Kineperineo\",\"url\":\"https:\/\/academiakineperineo.com\/\",\"logo\":{\"@type\":\"ImageObject\",\"inLanguage\":\"fr-FR\",\"@id\":\"https:\/\/academiakineperineo.com\/#\/schema\/logo\/image\/\",\"url\":\"https:\/\/academiakineperineo.com\/wp-content\/uploads\/2024\/08\/LOGO_BLACK.png\",\"contentUrl\":\"https:\/\/academiakineperineo.com\/wp-content\/uploads\/2024\/08\/LOGO_BLACK.png\",\"width\":2301,\"height\":493,\"caption\":\"Academia Kineperineo\"},\"image\":{\"@id\":\"https:\/\/academiakineperineo.com\/#\/schema\/logo\/image\/\"},\"sameAs\":[\"https:\/\/www.facebook.com\/share\/1A6mhUrj5T\/?mibextid=wwXIfr\",\"https:\/\/www.instagram.com\/academiakineperineo\/profilecard\/?igsh=cmtkZHg3dml2ZGFr\"]}]}<\/script>\n<!-- \/ Yoast SEO Premium plugin. -->","yoast_head_json":{"title":"Kinetoterapeut Dr Alexandra TUFA - Academia Kineperineo","description":"Kinetoterapeut Dr Tufa Alexandra. Formator in reeducarea perineala si recuperarea plaseului pelvin, fondator al Academiei Kineperineo.","robots":{"index":"index","follow":"follow","max-snippet":"max-snippet:-1","max-image-preview":"max-image-preview:large","max-video-preview":"max-video-preview:-1"},"canonical":"https:\/\/academiakineperineo.com\/fr\/dr-alexandra-tufa\/","og_locale":"fr_FR","og_type":"article","og_title":"Dr. Alexandra Tufa","og_description":"Kinetoterapeut Dr Tufa Alexandra. Formator in reeducarea perineala si recuperarea plaseului pelvin, fondator al Academiei Kineperineo.","og_url":"https:\/\/academiakineperineo.com\/fr\/dr-alexandra-tufa\/","og_site_name":"Academia Kineperineo","article_publisher":"https:\/\/www.facebook.com\/share\/1A6mhUrj5T\/?mibextid=wwXIfr","article_modified_time":"2026-03-06T13:37:19+00:00","og_image":[{"width":1600,"height":1066,"url":"https:\/\/academiakineperineo.com\/wp-content\/uploads\/2024\/08\/WhatsApp-Image-2024-07-30-at-18.28.57.jpeg","type":"image\/jpeg"}],"twitter_card":"summary_large_image","twitter_misc":{"Dur\u00e9e de lecture estim\u00e9e":"3 minutes"},"schema":{"@context":"https:\/\/schema.org","@graph":[{"@type":"WebPage","@id":"https:\/\/academiakineperineo.com\/dr-alexandra-tufa\/","url":"https:\/\/academiakineperineo.com\/dr-alexandra-tufa\/","name":"Kinetoterapeut Dr Alexandra TUFA - Academia Kineperineo","isPartOf":{"@id":"https:\/\/academiakineperineo.com\/#website"},"primaryImageOfPage":{"@id":"https:\/\/academiakineperineo.com\/dr-alexandra-tufa\/#primaryimage"},"image":{"@id":"https:\/\/academiakineperineo.com\/dr-alexandra-tufa\/#primaryimage"},"thumbnailUrl":"https:\/\/academiakineperineo.com\/wp-content\/uploads\/2024\/08\/WhatsApp-Image-2024-07-30-at-18.28.57.jpeg","datePublished":"2024-09-30T06:56:04+00:00","dateModified":"2026-03-06T13:37:19+00:00","description":"Kinetoterapeut Dr Tufa Alexandra. Formator in reeducarea perineala si recuperarea plaseului pelvin, fondator al Academiei Kineperineo.","breadcrumb":{"@id":"https:\/\/academiakineperineo.com\/dr-alexandra-tufa\/#breadcrumb"},"inLanguage":"fr-FR","potentialAction":[{"@type":"ReadAction","target":["https:\/\/academiakineperineo.com\/dr-alexandra-tufa\/"]}]},{"@type":"ImageObject","inLanguage":"fr-FR","@id":"https:\/\/academiakineperineo.com\/dr-alexandra-tufa\/#primaryimage","url":"https:\/\/academiakineperineo.com\/wp-content\/uploads\/2024\/08\/WhatsApp-Image-2024-07-30-at-18.28.57.jpeg","contentUrl":"https:\/\/academiakineperineo.com\/wp-content\/uploads\/2024\/08\/WhatsApp-Image-2024-07-30-at-18.28.57.jpeg","width":1600,"height":1066},{"@type":"BreadcrumbList","@id":"https:\/\/academiakineperineo.com\/dr-alexandra-tufa\/#breadcrumb","itemListElement":[{"@type":"ListItem","position":1,"name":"Home","item":"https:\/\/academiakineperineo.com\/"},{"@type":"ListItem","position":2,"name":"Dr. Alexandra Tufa"}]},{"@type":"WebSite","@id":"https:\/\/academiakineperineo.com\/#website","url":"https:\/\/academiakineperineo.com\/","name":"Acad\u00e9mie Kin\u00e9p\u00e9rin\u00e9o","description":"Kinetoterapia planseului pelvin in Romania","publisher":{"@id":"https:\/\/academiakineperineo.com\/#organization"},"potentialAction":[{"@type":"SearchAction","target":{"@type":"EntryPoint","urlTemplate":"https:\/\/academiakineperineo.com\/?s={search_term_string}"},"query-input":{"@type":"PropertyValueSpecification","valueRequired":true,"valueName":"search_term_string"}}],"inLanguage":"fr-FR"},{"@type":"Organization","@id":"https:\/\/academiakineperineo.com\/#organization","name":"Acad\u00e9mie Kin\u00e9p\u00e9rin\u00e9o","url":"https:\/\/academiakineperineo.com\/","logo":{"@type":"ImageObject","inLanguage":"fr-FR","@id":"https:\/\/academiakineperineo.com\/#\/schema\/logo\/image\/","url":"https:\/\/academiakineperineo.com\/wp-content\/uploads\/2024\/08\/LOGO_BLACK.png","contentUrl":"https:\/\/academiakineperineo.com\/wp-content\/uploads\/2024\/08\/LOGO_BLACK.png","width":2301,"height":493,"caption":"Academia Kineperineo"},"image":{"@id":"https:\/\/academiakineperineo.com\/#\/schema\/logo\/image\/"},"sameAs":["https:\/\/www.facebook.com\/share\/1A6mhUrj5T\/?mibextid=wwXIfr","https:\/\/www.instagram.com\/academiakineperineo\/profilecard\/?igsh=cmtkZHg3dml2ZGFr"]}]}},"_links":{"self":[{"href":"https:\/\/academiakineperineo.com\/fr\/wp-json\/wp\/v2\/pages\/1023","targetHints":{"allow":["GET"]}}],"collection":[{"href":"https:\/\/academiakineperineo.com\/fr\/wp-json\/wp\/v2\/pages"}],"about":[{"href":"https:\/\/academiakineperineo.com\/fr\/wp-json\/wp\/v2\/types\/page"}],"author":[{"embeddable":true,"href":"https:\/\/academiakineperineo.com\/fr\/wp-json\/wp\/v2\/users\/15"}],"replies":[{"embeddable":true,"href":"https:\/\/academiakineperineo.com\/fr\/wp-json\/wp\/v2\/comments?post=1023"}],"version-history":[{"count":4,"href":"https:\/\/academiakineperineo.com\/fr\/wp-json\/wp\/v2\/pages\/1023\/revisions"}],"predecessor-version":[{"id":1029,"href":"https:\/\/academiakineperineo.com\/fr\/wp-json\/wp\/v2\/pages\/1023\/revisions\/1029"}],"wp:featuredmedia":[{"embeddable":true,"href":"https:\/\/academiakineperineo.com\/fr\/wp-json\/wp\/v2\/media\/227"}],"wp:attachment":[{"href":"https:\/\/academiakineperineo.com\/fr\/wp-json\/wp\/v2\/media?parent=1023"}],"curies":[{"name":"wp","href":"https:\/\/api.w.org\/{rel}","templated":true}]}}