{"id":1014,"date":"2024-09-30T06:52:03","date_gmt":"2024-09-30T06:52:03","guid":{"rendered":"https:\/\/academiakineperineo.com\/?page_id=1014"},"modified":"2025-01-14T16:19:32","modified_gmt":"2025-01-14T16:19:32","slug":"reeducarea-perineala-la-barbati-2","status":"publish","type":"page","link":"https:\/\/academiakineperineo.com\/fr\/reeducarea-perineala-la-barbati-2\/","title":{"rendered":"R\u00e9\u00e9ducation p\u00e9rin\u00e9ale chez l&#039;homme"},"content":{"rendered":"<div data-elementor-type=\"wp-page\" data-elementor-id=\"1014\" class=\"elementor elementor-1014\" data-elementor-post-type=\"page\">\n\t\t\t\t<div class=\"elementor-element elementor-element-66e1c65 e-con-full e-flex e-con e-parent\" data-id=\"66e1c65\" data-element_type=\"container\" data-settings=\"{&quot;background_background&quot;:&quot;gradient&quot;}\">\n\t\t<div class=\"elementor-element elementor-element-6db55a33 e-con-full e-flex e-con e-child\" data-id=\"6db55a33\" data-element_type=\"container\">\n\t\t\t\t<div class=\"elementor-element elementor-element-50293834 elementor-widget elementor-widget-heading\" data-id=\"50293834\" data-element_type=\"widget\" data-widget_type=\"heading.default\">\n\t\t\t\t<div class=\"elementor-widget-container\">\n\t\t\t\t\t<h2 class=\"elementor-heading-title elementor-size-default\">R\u00e9\u00e9ducation p\u00e9rin\u00e9ale chez l&#039;homme\n<\/h2>\t\t\t\t<\/div>\n\t\t\t\t<\/div>\n\t\t\t\t<div class=\"elementor-element elementor-element-42ce42fe elementor-widget elementor-widget-text-editor\" data-id=\"42ce42fe\" data-element_type=\"widget\" data-widget_type=\"text-editor.default\">\n\t\t\t\t<div class=\"elementor-widget-container\">\n\t\t\t\t\t\t\t\t\t<p>Consultez un sp\u00e9cialiste d\u00e8s maintenant!<\/p>\t\t\t\t\t\t\t\t<\/div>\n\t\t\t\t<\/div>\n\t\t\t\t<div class=\"elementor-element elementor-element-6ddedf65 elementor-align-center elementor-mobile-align-center elementor-invisible elementor-widget elementor-widget-button\" data-id=\"6ddedf65\" data-element_type=\"widget\" data-settings=\"{&quot;_animation&quot;:&quot;fadeInUp&quot;}\" data-widget_type=\"button.default\">\n\t\t\t\t<div class=\"elementor-widget-container\">\n\t\t\t\t\t\t\t\t\t<div class=\"elementor-button-wrapper\">\n\t\t\t\t\t<a class=\"elementor-button elementor-button-link elementor-size-sm elementor-animation-grow\" href=\"https:\/\/academiakineperineo.com\/fr\/rezervare-academia-kinetoperineo\/\">\n\t\t\t\t\t\t<span class=\"elementor-button-content-wrapper\">\n\t\t\t\t\t\t\t\t\t<span class=\"elementor-button-text\">Planifiez-vous<\/span>\n\t\t\t\t\t<\/span>\n\t\t\t\t\t<\/a>\n\t\t\t\t<\/div>\n\t\t\t\t\t\t\t\t<\/div>\n\t\t\t\t<\/div>\n\t\t\t\t<\/div>\n\t\t\t\t<\/div>\n\t\t\t\t<section class=\"elementor-section elementor-top-section elementor-element elementor-element-5651c409 elementor-section-boxed elementor-section-height-default elementor-section-height-default\" data-id=\"5651c409\" data-element_type=\"section\">\n\t\t\t\t\t\t<div class=\"elementor-container elementor-column-gap-default\">\n\t\t\t\t\t<div class=\"elementor-column elementor-col-50 elementor-top-column elementor-element elementor-element-98c73ec\" data-id=\"98c73ec\" data-element_type=\"column\">\n\t\t\t<div class=\"elementor-widget-wrap elementor-element-populated\">\n\t\t\t\t\t\t<div class=\"elementor-element elementor-element-69dde401 elementor-widget elementor-widget-text-editor\" data-id=\"69dde401\" data-element_type=\"widget\" data-widget_type=\"text-editor.default\">\n\t\t\t\t<div class=\"elementor-widget-container\">\n\t\t\t\t\t\t\t\t\t<p><span style=\"font-weight: 400;\">Les hommes peuvent \u00e9galement souffrir de dysfonctionnement p\u00e9rin\u00e9al\u00a0:\u00a0<\/span><\/p><ul><li style=\"font-weight: 400;\" aria-level=\"1\"><span style=\"font-weight: 400;\">incontinence urinaire (notamment provoqu\u00e9e par des pathologies de la prostate)<\/span><\/li><li style=\"font-weight: 400;\" aria-level=\"1\"><span style=\"font-weight: 400;\">incontinence anale (f\u00e9cale ou gazeuse)<\/span><\/li><li style=\"font-weight: 400;\" aria-level=\"1\"><span style=\"font-weight: 400;\">dysfonctions sexuelles\u00a0<\/span><\/li><li style=\"font-weight: 400;\" aria-level=\"1\"><span style=\"font-weight: 400;\">douleur dans la r\u00e9gion pelvienne<\/span><\/li><li style=\"font-weight: 400;\" aria-level=\"1\"><span style=\"font-weight: 400;\">constipation chronique s\u00e9v\u00e8re<\/span><\/li><\/ul>\t\t\t\t\t\t\t\t<\/div>\n\t\t\t\t<\/div>\n\t\t\t\t\t<\/div>\n\t\t<\/div>\n\t\t\t\t<div class=\"elementor-column elementor-col-50 elementor-top-column elementor-element elementor-element-64df1883\" data-id=\"64df1883\" data-element_type=\"column\">\n\t\t\t<div class=\"elementor-widget-wrap elementor-element-populated\">\n\t\t\t\t\t\t<div class=\"elementor-element elementor-element-590beadd elementor-widget elementor-widget-image\" data-id=\"590beadd\" data-element_type=\"widget\" data-widget_type=\"image.default\">\n\t\t\t\t<div class=\"elementor-widget-container\">\n\t\t\t\t\t\t\t\t\t\t\t\t\t\t\t<img fetchpriority=\"high\" decoding=\"async\" width=\"800\" height=\"533\" src=\"https:\/\/academiakineperineo.com\/wp-content\/uploads\/2024\/09\/image21-1024x682.jpg\" class=\"attachment-large size-large wp-image-979\" alt=\"\" srcset=\"https:\/\/academiakineperineo.com\/wp-content\/uploads\/2024\/09\/image21-1024x682.jpg 1024w, https:\/\/academiakineperineo.com\/wp-content\/uploads\/2024\/09\/image21-300x200.jpg 300w, https:\/\/academiakineperineo.com\/wp-content\/uploads\/2024\/09\/image21-768x511.jpg 768w, https:\/\/academiakineperineo.com\/wp-content\/uploads\/2024\/09\/image21-600x399.jpg 600w, https:\/\/academiakineperineo.com\/wp-content\/uploads\/2024\/09\/image21.jpg 1077w\" sizes=\"(max-width: 800px) 100vw, 800px\" \/>\t\t\t\t\t\t\t\t\t\t\t\t\t\t\t<\/div>\n\t\t\t\t<\/div>\n\t\t\t\t\t<\/div>\n\t\t<\/div>\n\t\t\t\t\t<\/div>\n\t\t<\/section>\n\t\t\t\t<\/div>","protected":false},"excerpt":{"rendered":"<p>Reeducarea perineal\u0103 la b\u0103rba\u021bi Consult\u0103 un specialist acum! Programeaza-te B\u0103rba\u021bii se pot confrunta de asemenea cu disfunc\u021bii perineale:\u00a0 incontinen\u021b\u0103 urinar\u0103 (cauzate \u00eendeosebi de patologii ale prostatei) incontinen\u021b\u0103 anal\u0103 (fecal\u0103 sau la gaze) disfunc\u021bii sexuale\u00a0 dureri \u00een zona pelvin\u0103 constipa\u021bie cronic\u0103 sever\u0103<\/p>","protected":false},"author":15,"featured_media":979,"parent":0,"menu_order":0,"comment_status":"closed","ping_status":"closed","template":"elementor_header_footer","meta":{"footnotes":""},"class_list":["post-1014","page","type-page","status-publish","has-post-thumbnail","hentry"],"yoast_head":"<!-- This site is optimized with the Yoast SEO Premium plugin v26.5 (Yoast SEO v26.5) - https:\/\/yoast.com\/wordpress\/plugins\/seo\/ -->\n<title>Incontineta urinara la barbati - Romania - Academia Kineperineo<\/title>\n<meta name=\"description\" content=\"Incontineta urinara la barbati mai ales din cauza unei hipertrofii ale prostatei ori dupa operatie in urma unui cancer de prostata\" \/>\n<meta name=\"robots\" content=\"index, follow, max-snippet:-1, max-image-preview:large, max-video-preview:-1\" \/>\n<link rel=\"canonical\" href=\"https:\/\/academiakineperineo.com\/fr\/reeducarea-perineala-la-barbati-2\/\" \/>\n<meta property=\"og:locale\" content=\"fr_FR\" \/>\n<meta property=\"og:type\" content=\"article\" \/>\n<meta property=\"og:title\" content=\"Reeducarea perineal\u0103 la b\u0103rba\u021bi\" \/>\n<meta property=\"og:description\" content=\"Incontineta urinara la barbati mai ales din cauza unei hipertrofii ale prostatei ori dupa operatie in urma unui cancer de prostata\" \/>\n<meta property=\"og:url\" content=\"https:\/\/academiakineperineo.com\/fr\/reeducarea-perineala-la-barbati-2\/\" \/>\n<meta property=\"og:site_name\" content=\"Academia Kineperineo\" \/>\n<meta property=\"article:publisher\" content=\"https:\/\/www.facebook.com\/share\/1A6mhUrj5T\/?mibextid=wwXIfr\" \/>\n<meta property=\"article:modified_time\" content=\"2025-01-14T16:19:32+00:00\" \/>\n<meta property=\"og:image\" content=\"https:\/\/academiakineperineo.com\/wp-content\/uploads\/2024\/09\/image21.jpg\" \/>\n\t<meta property=\"og:image:width\" content=\"1077\" \/>\n\t<meta property=\"og:image:height\" content=\"717\" \/>\n\t<meta property=\"og:image:type\" content=\"image\/jpeg\" \/>\n<meta name=\"twitter:card\" content=\"summary_large_image\" \/>\n<meta name=\"twitter:label1\" content=\"Dur\u00e9e de lecture estim\u00e9e\" \/>\n\t<meta name=\"twitter:data1\" content=\"1 minute\" \/>\n<script type=\"application\/ld+json\" class=\"yoast-schema-graph\">{\"@context\":\"https:\/\/schema.org\",\"@graph\":[{\"@type\":\"WebPage\",\"@id\":\"https:\/\/academiakineperineo.com\/reeducarea-perineala-la-barbati-2\/\",\"url\":\"https:\/\/academiakineperineo.com\/reeducarea-perineala-la-barbati-2\/\",\"name\":\"Incontineta urinara la barbati - Romania - Academia Kineperineo\",\"isPartOf\":{\"@id\":\"https:\/\/academiakineperineo.com\/#website\"},\"primaryImageOfPage\":{\"@id\":\"https:\/\/academiakineperineo.com\/reeducarea-perineala-la-barbati-2\/#primaryimage\"},\"image\":{\"@id\":\"https:\/\/academiakineperineo.com\/reeducarea-perineala-la-barbati-2\/#primaryimage\"},\"thumbnailUrl\":\"https:\/\/academiakineperineo.com\/wp-content\/uploads\/2024\/09\/image21.jpg\",\"datePublished\":\"2024-09-30T06:52:03+00:00\",\"dateModified\":\"2025-01-14T16:19:32+00:00\",\"description\":\"Incontineta urinara la barbati mai ales din cauza unei hipertrofii ale prostatei ori dupa operatie in urma unui cancer de prostata\",\"breadcrumb\":{\"@id\":\"https:\/\/academiakineperineo.com\/reeducarea-perineala-la-barbati-2\/#breadcrumb\"},\"inLanguage\":\"fr-FR\",\"potentialAction\":[{\"@type\":\"ReadAction\",\"target\":[\"https:\/\/academiakineperineo.com\/reeducarea-perineala-la-barbati-2\/\"]}]},{\"@type\":\"ImageObject\",\"inLanguage\":\"fr-FR\",\"@id\":\"https:\/\/academiakineperineo.com\/reeducarea-perineala-la-barbati-2\/#primaryimage\",\"url\":\"https:\/\/academiakineperineo.com\/wp-content\/uploads\/2024\/09\/image21.jpg\",\"contentUrl\":\"https:\/\/academiakineperineo.com\/wp-content\/uploads\/2024\/09\/image21.jpg\",\"width\":1077,\"height\":717},{\"@type\":\"BreadcrumbList\",\"@id\":\"https:\/\/academiakineperineo.com\/reeducarea-perineala-la-barbati-2\/#breadcrumb\",\"itemListElement\":[{\"@type\":\"ListItem\",\"position\":1,\"name\":\"Home\",\"item\":\"https:\/\/academiakineperineo.com\/\"},{\"@type\":\"ListItem\",\"position\":2,\"name\":\"Reeducarea perineal\u0103 la b\u0103rba\u021bi\"}]},{\"@type\":\"WebSite\",\"@id\":\"https:\/\/academiakineperineo.com\/#website\",\"url\":\"https:\/\/academiakineperineo.com\/\",\"name\":\"Academia Kineperineo\",\"description\":\"Kinetoterapia planseului pelvin in Romania\",\"publisher\":{\"@id\":\"https:\/\/academiakineperineo.com\/#organization\"},\"potentialAction\":[{\"@type\":\"SearchAction\",\"target\":{\"@type\":\"EntryPoint\",\"urlTemplate\":\"https:\/\/academiakineperineo.com\/?s={search_term_string}\"},\"query-input\":{\"@type\":\"PropertyValueSpecification\",\"valueRequired\":true,\"valueName\":\"search_term_string\"}}],\"inLanguage\":\"fr-FR\"},{\"@type\":\"Organization\",\"@id\":\"https:\/\/academiakineperineo.com\/#organization\",\"name\":\"Academia Kineperineo\",\"url\":\"https:\/\/academiakineperineo.com\/\",\"logo\":{\"@type\":\"ImageObject\",\"inLanguage\":\"fr-FR\",\"@id\":\"https:\/\/academiakineperineo.com\/#\/schema\/logo\/image\/\",\"url\":\"https:\/\/academiakineperineo.com\/wp-content\/uploads\/2024\/08\/LOGO_BLACK.png\",\"contentUrl\":\"https:\/\/academiakineperineo.com\/wp-content\/uploads\/2024\/08\/LOGO_BLACK.png\",\"width\":2301,\"height\":493,\"caption\":\"Academia Kineperineo\"},\"image\":{\"@id\":\"https:\/\/academiakineperineo.com\/#\/schema\/logo\/image\/\"},\"sameAs\":[\"https:\/\/www.facebook.com\/share\/1A6mhUrj5T\/?mibextid=wwXIfr\",\"https:\/\/www.instagram.com\/academiakineperineo\/profilecard\/?igsh=cmtkZHg3dml2ZGFr\"]}]}<\/script>\n<!-- \/ Yoast SEO Premium plugin. -->","yoast_head_json":{"title":"Incontineta urinara la barbati - Romania - Academia Kineperineo","description":"Incontineta urinara la barbati mai ales din cauza unei hipertrofii ale prostatei ori dupa operatie in urma unui cancer de prostata","robots":{"index":"index","follow":"follow","max-snippet":"max-snippet:-1","max-image-preview":"max-image-preview:large","max-video-preview":"max-video-preview:-1"},"canonical":"https:\/\/academiakineperineo.com\/fr\/reeducarea-perineala-la-barbati-2\/","og_locale":"fr_FR","og_type":"article","og_title":"Reeducarea perineal\u0103 la b\u0103rba\u021bi","og_description":"Incontineta urinara la barbati mai ales din cauza unei hipertrofii ale prostatei ori dupa operatie in urma unui cancer de prostata","og_url":"https:\/\/academiakineperineo.com\/fr\/reeducarea-perineala-la-barbati-2\/","og_site_name":"Academia Kineperineo","article_publisher":"https:\/\/www.facebook.com\/share\/1A6mhUrj5T\/?mibextid=wwXIfr","article_modified_time":"2025-01-14T16:19:32+00:00","og_image":[{"width":1077,"height":717,"url":"https:\/\/academiakineperineo.com\/wp-content\/uploads\/2024\/09\/image21.jpg","type":"image\/jpeg"}],"twitter_card":"summary_large_image","twitter_misc":{"Dur\u00e9e de lecture estim\u00e9e":"1 minute"},"schema":{"@context":"https:\/\/schema.org","@graph":[{"@type":"WebPage","@id":"https:\/\/academiakineperineo.com\/reeducarea-perineala-la-barbati-2\/","url":"https:\/\/academiakineperineo.com\/reeducarea-perineala-la-barbati-2\/","name":"Incontineta urinara la barbati - Romania - Academia Kineperineo","isPartOf":{"@id":"https:\/\/academiakineperineo.com\/#website"},"primaryImageOfPage":{"@id":"https:\/\/academiakineperineo.com\/reeducarea-perineala-la-barbati-2\/#primaryimage"},"image":{"@id":"https:\/\/academiakineperineo.com\/reeducarea-perineala-la-barbati-2\/#primaryimage"},"thumbnailUrl":"https:\/\/academiakineperineo.com\/wp-content\/uploads\/2024\/09\/image21.jpg","datePublished":"2024-09-30T06:52:03+00:00","dateModified":"2025-01-14T16:19:32+00:00","description":"Incontineta urinara la barbati mai ales din cauza unei hipertrofii ale prostatei ori dupa operatie in urma unui cancer de prostata","breadcrumb":{"@id":"https:\/\/academiakineperineo.com\/reeducarea-perineala-la-barbati-2\/#breadcrumb"},"inLanguage":"fr-FR","potentialAction":[{"@type":"ReadAction","target":["https:\/\/academiakineperineo.com\/reeducarea-perineala-la-barbati-2\/"]}]},{"@type":"ImageObject","inLanguage":"fr-FR","@id":"https:\/\/academiakineperineo.com\/reeducarea-perineala-la-barbati-2\/#primaryimage","url":"https:\/\/academiakineperineo.com\/wp-content\/uploads\/2024\/09\/image21.jpg","contentUrl":"https:\/\/academiakineperineo.com\/wp-content\/uploads\/2024\/09\/image21.jpg","width":1077,"height":717},{"@type":"BreadcrumbList","@id":"https:\/\/academiakineperineo.com\/reeducarea-perineala-la-barbati-2\/#breadcrumb","itemListElement":[{"@type":"ListItem","position":1,"name":"Home","item":"https:\/\/academiakineperineo.com\/"},{"@type":"ListItem","position":2,"name":"Reeducarea perineal\u0103 la b\u0103rba\u021bi"}]},{"@type":"WebSite","@id":"https:\/\/academiakineperineo.com\/#website","url":"https:\/\/academiakineperineo.com\/","name":"Acad\u00e9mie Kin\u00e9p\u00e9rin\u00e9o","description":"Kinetoterapia planseului pelvin in Romania","publisher":{"@id":"https:\/\/academiakineperineo.com\/#organization"},"potentialAction":[{"@type":"SearchAction","target":{"@type":"EntryPoint","urlTemplate":"https:\/\/academiakineperineo.com\/?s={search_term_string}"},"query-input":{"@type":"PropertyValueSpecification","valueRequired":true,"valueName":"search_term_string"}}],"inLanguage":"fr-FR"},{"@type":"Organization","@id":"https:\/\/academiakineperineo.com\/#organization","name":"Acad\u00e9mie Kin\u00e9p\u00e9rin\u00e9o","url":"https:\/\/academiakineperineo.com\/","logo":{"@type":"ImageObject","inLanguage":"fr-FR","@id":"https:\/\/academiakineperineo.com\/#\/schema\/logo\/image\/","url":"https:\/\/academiakineperineo.com\/wp-content\/uploads\/2024\/08\/LOGO_BLACK.png","contentUrl":"https:\/\/academiakineperineo.com\/wp-content\/uploads\/2024\/08\/LOGO_BLACK.png","width":2301,"height":493,"caption":"Academia Kineperineo"},"image":{"@id":"https:\/\/academiakineperineo.com\/#\/schema\/logo\/image\/"},"sameAs":["https:\/\/www.facebook.com\/share\/1A6mhUrj5T\/?mibextid=wwXIfr","https:\/\/www.instagram.com\/academiakineperineo\/profilecard\/?igsh=cmtkZHg3dml2ZGFr"]}]}},"_links":{"self":[{"href":"https:\/\/academiakineperineo.com\/fr\/wp-json\/wp\/v2\/pages\/1014","targetHints":{"allow":["GET"]}}],"collection":[{"href":"https:\/\/academiakineperineo.com\/fr\/wp-json\/wp\/v2\/pages"}],"about":[{"href":"https:\/\/academiakineperineo.com\/fr\/wp-json\/wp\/v2\/types\/page"}],"author":[{"embeddable":true,"href":"https:\/\/academiakineperineo.com\/fr\/wp-json\/wp\/v2\/users\/15"}],"replies":[{"embeddable":true,"href":"https:\/\/academiakineperineo.com\/fr\/wp-json\/wp\/v2\/comments?post=1014"}],"version-history":[{"count":4,"href":"https:\/\/academiakineperineo.com\/fr\/wp-json\/wp\/v2\/pages\/1014\/revisions"}],"predecessor-version":[{"id":1018,"href":"https:\/\/academiakineperineo.com\/fr\/wp-json\/wp\/v2\/pages\/1014\/revisions\/1018"}],"wp:featuredmedia":[{"embeddable":true,"href":"https:\/\/academiakineperineo.com\/fr\/wp-json\/wp\/v2\/media\/979"}],"wp:attachment":[{"href":"https:\/\/academiakineperineo.com\/fr\/wp-json\/wp\/v2\/media?parent=1014"}],"curies":[{"name":"wp","href":"https:\/\/api.w.org\/{rel}","templated":true}]}}