{"id":1000,"date":"2024-09-24T17:29:27","date_gmt":"2024-09-24T17:29:27","guid":{"rendered":"https:\/\/academiakineperineo.com\/?page_id=1000"},"modified":"2025-01-14T16:26:48","modified_gmt":"2025-01-14T16:26:48","slug":"reeducarea-perineala-pediatrica","status":"publish","type":"page","link":"https:\/\/academiakineperineo.com\/fr\/reeducarea-perineala-pediatrica\/","title":{"rendered":"R\u00e9\u00e9ducation p\u00e9rin\u00e9ale p\u00e9diatrique"},"content":{"rendered":"<div data-elementor-type=\"wp-page\" data-elementor-id=\"1000\" class=\"elementor elementor-1000\" data-elementor-post-type=\"page\">\n\t\t\t\t<div class=\"elementor-element elementor-element-66e1c65 e-con-full e-flex e-con e-parent\" data-id=\"66e1c65\" data-element_type=\"container\" data-settings=\"{&quot;background_background&quot;:&quot;gradient&quot;}\">\n\t\t<div class=\"elementor-element elementor-element-6db55a33 e-con-full e-flex e-con e-child\" data-id=\"6db55a33\" data-element_type=\"container\">\n\t\t\t\t<div class=\"elementor-element elementor-element-50293834 elementor-widget elementor-widget-heading\" data-id=\"50293834\" data-element_type=\"widget\" data-widget_type=\"heading.default\">\n\t\t\t\t<div class=\"elementor-widget-container\">\n\t\t\t\t\t<h2 class=\"elementor-heading-title elementor-size-default\">R\u00e9\u00e9ducation p\u00e9rin\u00e9ale p\u00e9diatrique<\/h2>\t\t\t\t<\/div>\n\t\t\t\t<\/div>\n\t\t\t\t<div class=\"elementor-element elementor-element-42ce42fe elementor-widget elementor-widget-text-editor\" data-id=\"42ce42fe\" data-element_type=\"widget\" data-widget_type=\"text-editor.default\">\n\t\t\t\t<div class=\"elementor-widget-container\">\n\t\t\t\t\t\t\t\t\t<p>Consultez un sp\u00e9cialiste d\u00e8s maintenant!<\/p>\t\t\t\t\t\t\t\t<\/div>\n\t\t\t\t<\/div>\n\t\t\t\t<div class=\"elementor-element elementor-element-6ddedf65 elementor-align-center elementor-mobile-align-center elementor-invisible elementor-widget elementor-widget-button\" data-id=\"6ddedf65\" data-element_type=\"widget\" data-settings=\"{&quot;_animation&quot;:&quot;fadeInUp&quot;}\" data-widget_type=\"button.default\">\n\t\t\t\t<div class=\"elementor-widget-container\">\n\t\t\t\t\t\t\t\t\t<div class=\"elementor-button-wrapper\">\n\t\t\t\t\t<a class=\"elementor-button elementor-button-link elementor-size-sm elementor-animation-grow\" href=\"https:\/\/academiakineperineo.com\/fr\/rezervare-academia-kinetoperineo\/\">\n\t\t\t\t\t\t<span class=\"elementor-button-content-wrapper\">\n\t\t\t\t\t\t\t\t\t<span class=\"elementor-button-text\">Planifiez-vous<\/span>\n\t\t\t\t\t<\/span>\n\t\t\t\t\t<\/a>\n\t\t\t\t<\/div>\n\t\t\t\t\t\t\t\t<\/div>\n\t\t\t\t<\/div>\n\t\t\t\t<\/div>\n\t\t\t\t<\/div>\n\t\t\t\t<section class=\"elementor-section elementor-top-section elementor-element elementor-element-5651c409 elementor-section-boxed elementor-section-height-default elementor-section-height-default\" data-id=\"5651c409\" data-element_type=\"section\">\n\t\t\t\t\t\t<div class=\"elementor-container elementor-column-gap-default\">\n\t\t\t\t\t<div class=\"elementor-column elementor-col-50 elementor-top-column elementor-element elementor-element-98c73ec\" data-id=\"98c73ec\" data-element_type=\"column\">\n\t\t\t<div class=\"elementor-widget-wrap elementor-element-populated\">\n\t\t\t\t\t\t<div class=\"elementor-element elementor-element-69dde401 elementor-widget elementor-widget-text-editor\" data-id=\"69dde401\" data-element_type=\"widget\" data-widget_type=\"text-editor.default\">\n\t\t\t\t<div class=\"elementor-widget-container\">\n\t\t\t\t\t\t\t\t\t<p><b>La physioth\u00e9rapie p\u00e9rin\u00e9ale p\u00e9diatrique traite les enfants de plus de 4 ans pouvant pr\u00e9senter les dysfonctionnements p\u00e9rin\u00e9aux suivants :\u00a0<\/b><\/p><p><span style=\"font-weight: 400;\">\u2013 incontinence urinaire (\u00e9nur\u00e9sie diurne et nocturne)<\/span><\/p><p><span style=\"font-weight: 400;\">\u2013 constipation chronique<\/span><\/p><p><span style=\"font-weight: 400;\">\u2013 incontinence f\u00e9cale<\/span><span style=\"font-weight: 400;\"> (<\/span><b>encopr\u00e9sie)\u00a0<\/b><\/p><p>\u00a0<\/p>\t\t\t\t\t\t\t\t<\/div>\n\t\t\t\t<\/div>\n\t\t\t\t\t<\/div>\n\t\t<\/div>\n\t\t\t\t<div class=\"elementor-column elementor-col-50 elementor-top-column elementor-element elementor-element-64df1883\" data-id=\"64df1883\" data-element_type=\"column\">\n\t\t\t<div class=\"elementor-widget-wrap elementor-element-populated\">\n\t\t\t\t\t\t<div class=\"elementor-element elementor-element-590beadd elementor-widget elementor-widget-image\" data-id=\"590beadd\" data-element_type=\"widget\" data-widget_type=\"image.default\">\n\t\t\t\t<div class=\"elementor-widget-container\">\n\t\t\t\t\t\t\t\t\t\t\t\t\t\t\t<img fetchpriority=\"high\" decoding=\"async\" width=\"800\" height=\"533\" src=\"https:\/\/academiakineperineo.com\/wp-content\/uploads\/2024\/09\/image23-1024x682.jpg\" class=\"attachment-large size-large wp-image-1001\" alt=\"\" srcset=\"https:\/\/academiakineperineo.com\/wp-content\/uploads\/2024\/09\/image23-1024x682.jpg 1024w, https:\/\/academiakineperineo.com\/wp-content\/uploads\/2024\/09\/image23-300x200.jpg 300w, https:\/\/academiakineperineo.com\/wp-content\/uploads\/2024\/09\/image23-768x512.jpg 768w, https:\/\/academiakineperineo.com\/wp-content\/uploads\/2024\/09\/image23-600x400.jpg 600w, https:\/\/academiakineperineo.com\/wp-content\/uploads\/2024\/09\/image23.jpg 1114w\" sizes=\"(max-width: 800px) 100vw, 800px\" \/>\t\t\t\t\t\t\t\t\t\t\t\t\t\t\t<\/div>\n\t\t\t\t<\/div>\n\t\t\t\t\t<\/div>\n\t\t<\/div>\n\t\t\t\t\t<\/div>\n\t\t<\/section>\n\t\t\t\t<\/div>","protected":false},"excerpt":{"rendered":"<p>Reeducarea perineal\u0103 pediatric\u0103 Consult\u0103 un specialist acum! Programeaza-te Kinetoterapia pediatric\u0103 perineal\u0103 trateaz\u0103 copiii peste 4 ani ce pot prezenta urmato\u0103rele disfunc\u021bii perineale :\u00a0 &#8211; incontinen\u021b\u0103 urinar\u0103 (enurezis diurn si nocturn) &#8211; constipa\u021bie cronic\u0103 &#8211; incontinen\u021b\u0103 fecal\u0103 (encoprezis)\u00a0 \u00a0<\/p>","protected":false},"author":15,"featured_media":1001,"parent":0,"menu_order":0,"comment_status":"closed","ping_status":"closed","template":"elementor_header_footer","meta":{"footnotes":""},"class_list":["post-1000","page","type-page","status-publish","has-post-thumbnail","hentry"],"yoast_head":"<!-- This site is optimized with the Yoast SEO Premium plugin v26.5 (Yoast SEO v26.5) - https:\/\/yoast.com\/wordpress\/plugins\/seo\/ -->\n<title>Kinetoterapia la copiii cu afectiuni urinare -Romania- Kineperineo<\/title>\n<meta name=\"description\" content=\"Kinetoterapia la copiii cu afectiuni urinare, pierderi urinare, incontinenta, enurezis nocturn (pipi in pat) -Romania- Kineperineo\" \/>\n<meta name=\"robots\" content=\"index, follow, max-snippet:-1, max-image-preview:large, max-video-preview:-1\" \/>\n<link rel=\"canonical\" href=\"https:\/\/academiakineperineo.com\/fr\/reeducarea-perineala-pediatrica\/\" \/>\n<meta property=\"og:locale\" content=\"fr_FR\" \/>\n<meta property=\"og:type\" content=\"article\" \/>\n<meta property=\"og:title\" content=\"Reeducarea perineal\u0103 pediatric\u0103\" \/>\n<meta property=\"og:description\" content=\"Kinetoterapia la copiii cu afectiuni urinare, pierderi urinare, incontinenta, enurezis nocturn (pipi in pat) -Romania- Kineperineo\" \/>\n<meta property=\"og:url\" content=\"https:\/\/academiakineperineo.com\/fr\/reeducarea-perineala-pediatrica\/\" \/>\n<meta property=\"og:site_name\" content=\"Academia Kineperineo\" \/>\n<meta property=\"article:publisher\" content=\"https:\/\/www.facebook.com\/share\/1A6mhUrj5T\/?mibextid=wwXIfr\" \/>\n<meta property=\"article:modified_time\" content=\"2025-01-14T16:26:48+00:00\" \/>\n<meta property=\"og:image\" content=\"https:\/\/academiakineperineo.com\/wp-content\/uploads\/2024\/09\/image23.jpg\" \/>\n\t<meta property=\"og:image:width\" content=\"1114\" \/>\n\t<meta property=\"og:image:height\" content=\"742\" \/>\n\t<meta property=\"og:image:type\" content=\"image\/jpeg\" \/>\n<meta name=\"twitter:card\" content=\"summary_large_image\" \/>\n<meta name=\"twitter:label1\" content=\"Dur\u00e9e de lecture estim\u00e9e\" \/>\n\t<meta name=\"twitter:data1\" content=\"1 minute\" \/>\n<script type=\"application\/ld+json\" class=\"yoast-schema-graph\">{\"@context\":\"https:\/\/schema.org\",\"@graph\":[{\"@type\":\"WebPage\",\"@id\":\"https:\/\/academiakineperineo.com\/reeducarea-perineala-pediatrica\/\",\"url\":\"https:\/\/academiakineperineo.com\/reeducarea-perineala-pediatrica\/\",\"name\":\"Kinetoterapia la copiii cu afectiuni urinare -Romania- Kineperineo\",\"isPartOf\":{\"@id\":\"https:\/\/academiakineperineo.com\/#website\"},\"primaryImageOfPage\":{\"@id\":\"https:\/\/academiakineperineo.com\/reeducarea-perineala-pediatrica\/#primaryimage\"},\"image\":{\"@id\":\"https:\/\/academiakineperineo.com\/reeducarea-perineala-pediatrica\/#primaryimage\"},\"thumbnailUrl\":\"https:\/\/academiakineperineo.com\/wp-content\/uploads\/2024\/09\/image23.jpg\",\"datePublished\":\"2024-09-24T17:29:27+00:00\",\"dateModified\":\"2025-01-14T16:26:48+00:00\",\"description\":\"Kinetoterapia la copiii cu afectiuni urinare, pierderi urinare, incontinenta, enurezis nocturn (pipi in pat) -Romania- Kineperineo\",\"breadcrumb\":{\"@id\":\"https:\/\/academiakineperineo.com\/reeducarea-perineala-pediatrica\/#breadcrumb\"},\"inLanguage\":\"fr-FR\",\"potentialAction\":[{\"@type\":\"ReadAction\",\"target\":[\"https:\/\/academiakineperineo.com\/reeducarea-perineala-pediatrica\/\"]}]},{\"@type\":\"ImageObject\",\"inLanguage\":\"fr-FR\",\"@id\":\"https:\/\/academiakineperineo.com\/reeducarea-perineala-pediatrica\/#primaryimage\",\"url\":\"https:\/\/academiakineperineo.com\/wp-content\/uploads\/2024\/09\/image23.jpg\",\"contentUrl\":\"https:\/\/academiakineperineo.com\/wp-content\/uploads\/2024\/09\/image23.jpg\",\"width\":1114,\"height\":742},{\"@type\":\"BreadcrumbList\",\"@id\":\"https:\/\/academiakineperineo.com\/reeducarea-perineala-pediatrica\/#breadcrumb\",\"itemListElement\":[{\"@type\":\"ListItem\",\"position\":1,\"name\":\"Home\",\"item\":\"https:\/\/academiakineperineo.com\/\"},{\"@type\":\"ListItem\",\"position\":2,\"name\":\"Reeducarea perineal\u0103 pediatric\u0103\"}]},{\"@type\":\"WebSite\",\"@id\":\"https:\/\/academiakineperineo.com\/#website\",\"url\":\"https:\/\/academiakineperineo.com\/\",\"name\":\"Academia Kineperineo\",\"description\":\"Kinetoterapia planseului pelvin in Romania\",\"publisher\":{\"@id\":\"https:\/\/academiakineperineo.com\/#organization\"},\"potentialAction\":[{\"@type\":\"SearchAction\",\"target\":{\"@type\":\"EntryPoint\",\"urlTemplate\":\"https:\/\/academiakineperineo.com\/?s={search_term_string}\"},\"query-input\":{\"@type\":\"PropertyValueSpecification\",\"valueRequired\":true,\"valueName\":\"search_term_string\"}}],\"inLanguage\":\"fr-FR\"},{\"@type\":\"Organization\",\"@id\":\"https:\/\/academiakineperineo.com\/#organization\",\"name\":\"Academia Kineperineo\",\"url\":\"https:\/\/academiakineperineo.com\/\",\"logo\":{\"@type\":\"ImageObject\",\"inLanguage\":\"fr-FR\",\"@id\":\"https:\/\/academiakineperineo.com\/#\/schema\/logo\/image\/\",\"url\":\"https:\/\/academiakineperineo.com\/wp-content\/uploads\/2024\/08\/LOGO_BLACK.png\",\"contentUrl\":\"https:\/\/academiakineperineo.com\/wp-content\/uploads\/2024\/08\/LOGO_BLACK.png\",\"width\":2301,\"height\":493,\"caption\":\"Academia Kineperineo\"},\"image\":{\"@id\":\"https:\/\/academiakineperineo.com\/#\/schema\/logo\/image\/\"},\"sameAs\":[\"https:\/\/www.facebook.com\/share\/1A6mhUrj5T\/?mibextid=wwXIfr\",\"https:\/\/www.instagram.com\/academiakineperineo\/profilecard\/?igsh=cmtkZHg3dml2ZGFr\"]}]}<\/script>\n<!-- \/ Yoast SEO Premium plugin. -->","yoast_head_json":{"title":"Kinetoterapia la copiii cu afectiuni urinare -Romania- Kineperineo","description":"Kinetoterapia la copiii cu afectiuni urinare, pierderi urinare, incontinenta, enurezis nocturn (pipi in pat) -Romania- Kineperineo","robots":{"index":"index","follow":"follow","max-snippet":"max-snippet:-1","max-image-preview":"max-image-preview:large","max-video-preview":"max-video-preview:-1"},"canonical":"https:\/\/academiakineperineo.com\/fr\/reeducarea-perineala-pediatrica\/","og_locale":"fr_FR","og_type":"article","og_title":"Reeducarea perineal\u0103 pediatric\u0103","og_description":"Kinetoterapia la copiii cu afectiuni urinare, pierderi urinare, incontinenta, enurezis nocturn (pipi in pat) -Romania- Kineperineo","og_url":"https:\/\/academiakineperineo.com\/fr\/reeducarea-perineala-pediatrica\/","og_site_name":"Academia Kineperineo","article_publisher":"https:\/\/www.facebook.com\/share\/1A6mhUrj5T\/?mibextid=wwXIfr","article_modified_time":"2025-01-14T16:26:48+00:00","og_image":[{"width":1114,"height":742,"url":"https:\/\/academiakineperineo.com\/wp-content\/uploads\/2024\/09\/image23.jpg","type":"image\/jpeg"}],"twitter_card":"summary_large_image","twitter_misc":{"Dur\u00e9e de lecture estim\u00e9e":"1 minute"},"schema":{"@context":"https:\/\/schema.org","@graph":[{"@type":"WebPage","@id":"https:\/\/academiakineperineo.com\/reeducarea-perineala-pediatrica\/","url":"https:\/\/academiakineperineo.com\/reeducarea-perineala-pediatrica\/","name":"Kinetoterapia la copiii cu afectiuni urinare -Romania- Kineperineo","isPartOf":{"@id":"https:\/\/academiakineperineo.com\/#website"},"primaryImageOfPage":{"@id":"https:\/\/academiakineperineo.com\/reeducarea-perineala-pediatrica\/#primaryimage"},"image":{"@id":"https:\/\/academiakineperineo.com\/reeducarea-perineala-pediatrica\/#primaryimage"},"thumbnailUrl":"https:\/\/academiakineperineo.com\/wp-content\/uploads\/2024\/09\/image23.jpg","datePublished":"2024-09-24T17:29:27+00:00","dateModified":"2025-01-14T16:26:48+00:00","description":"Kinetoterapia la copiii cu afectiuni urinare, pierderi urinare, incontinenta, enurezis nocturn (pipi in pat) -Romania- Kineperineo","breadcrumb":{"@id":"https:\/\/academiakineperineo.com\/reeducarea-perineala-pediatrica\/#breadcrumb"},"inLanguage":"fr-FR","potentialAction":[{"@type":"ReadAction","target":["https:\/\/academiakineperineo.com\/reeducarea-perineala-pediatrica\/"]}]},{"@type":"ImageObject","inLanguage":"fr-FR","@id":"https:\/\/academiakineperineo.com\/reeducarea-perineala-pediatrica\/#primaryimage","url":"https:\/\/academiakineperineo.com\/wp-content\/uploads\/2024\/09\/image23.jpg","contentUrl":"https:\/\/academiakineperineo.com\/wp-content\/uploads\/2024\/09\/image23.jpg","width":1114,"height":742},{"@type":"BreadcrumbList","@id":"https:\/\/academiakineperineo.com\/reeducarea-perineala-pediatrica\/#breadcrumb","itemListElement":[{"@type":"ListItem","position":1,"name":"Home","item":"https:\/\/academiakineperineo.com\/"},{"@type":"ListItem","position":2,"name":"Reeducarea perineal\u0103 pediatric\u0103"}]},{"@type":"WebSite","@id":"https:\/\/academiakineperineo.com\/#website","url":"https:\/\/academiakineperineo.com\/","name":"Acad\u00e9mie Kin\u00e9p\u00e9rin\u00e9o","description":"Kinetoterapia planseului pelvin in Romania","publisher":{"@id":"https:\/\/academiakineperineo.com\/#organization"},"potentialAction":[{"@type":"SearchAction","target":{"@type":"EntryPoint","urlTemplate":"https:\/\/academiakineperineo.com\/?s={search_term_string}"},"query-input":{"@type":"PropertyValueSpecification","valueRequired":true,"valueName":"search_term_string"}}],"inLanguage":"fr-FR"},{"@type":"Organization","@id":"https:\/\/academiakineperineo.com\/#organization","name":"Acad\u00e9mie Kin\u00e9p\u00e9rin\u00e9o","url":"https:\/\/academiakineperineo.com\/","logo":{"@type":"ImageObject","inLanguage":"fr-FR","@id":"https:\/\/academiakineperineo.com\/#\/schema\/logo\/image\/","url":"https:\/\/academiakineperineo.com\/wp-content\/uploads\/2024\/08\/LOGO_BLACK.png","contentUrl":"https:\/\/academiakineperineo.com\/wp-content\/uploads\/2024\/08\/LOGO_BLACK.png","width":2301,"height":493,"caption":"Academia Kineperineo"},"image":{"@id":"https:\/\/academiakineperineo.com\/#\/schema\/logo\/image\/"},"sameAs":["https:\/\/www.facebook.com\/share\/1A6mhUrj5T\/?mibextid=wwXIfr","https:\/\/www.instagram.com\/academiakineperineo\/profilecard\/?igsh=cmtkZHg3dml2ZGFr"]}]}},"_links":{"self":[{"href":"https:\/\/academiakineperineo.com\/fr\/wp-json\/wp\/v2\/pages\/1000","targetHints":{"allow":["GET"]}}],"collection":[{"href":"https:\/\/academiakineperineo.com\/fr\/wp-json\/wp\/v2\/pages"}],"about":[{"href":"https:\/\/academiakineperineo.com\/fr\/wp-json\/wp\/v2\/types\/page"}],"author":[{"embeddable":true,"href":"https:\/\/academiakineperineo.com\/fr\/wp-json\/wp\/v2\/users\/15"}],"replies":[{"embeddable":true,"href":"https:\/\/academiakineperineo.com\/fr\/wp-json\/wp\/v2\/comments?post=1000"}],"version-history":[{"count":4,"href":"https:\/\/academiakineperineo.com\/fr\/wp-json\/wp\/v2\/pages\/1000\/revisions"}],"predecessor-version":[{"id":1005,"href":"https:\/\/academiakineperineo.com\/fr\/wp-json\/wp\/v2\/pages\/1000\/revisions\/1005"}],"wp:featuredmedia":[{"embeddable":true,"href":"https:\/\/academiakineperineo.com\/fr\/wp-json\/wp\/v2\/media\/1001"}],"wp:attachment":[{"href":"https:\/\/academiakineperineo.com\/fr\/wp-json\/wp\/v2\/media?parent=1000"}],"curies":[{"name":"wp","href":"https:\/\/api.w.org\/{rel}","templated":true}]}}